{"id":2,"date":"2017-04-07T12:35:36","date_gmt":"2017-04-07T10:35:36","guid":{"rendered":"https:\/\/syndicoop.fr\/a2s\/?page_id=2"},"modified":"2017-04-07T14:48:34","modified_gmt":"2017-04-07T12:48:34","slug":"contact","status":"publish","type":"page","link":"https:\/\/syndicoop.fr\/a2s\/contact\/","title":{"rendered":"Contact"},"content":{"rendered":"<p>L&rsquo;A2S est r\u00e9dig\u00e9e par la direction nationale de l&rsquo;Ugict-CGT<\/p>\n<p>Pour nous contacter \u00e9crivez \u00e0 sec.general@ugict.cgt.fr<\/p>\n","protected":false},"excerpt":{"rendered":"<p>L&rsquo;A2S est r\u00e9dig\u00e9e par la direction nationale de l&rsquo;Ugict-CGT Pour nous contacter \u00e9crivez \u00e0 sec.general@ugict.cgt.fr<\/p>\n","protected":false},"author":1,"featured_media":0,"parent":0,"menu_order":0,"comment_status":"closed","ping_status":"closed","template":"","meta":{"footnotes":""},"class_list":["post-2","page","type-page","status-publish","hentry"],"_links":{"self":[{"href":"https:\/\/syndicoop.fr\/a2s\/wp-json\/wp\/v2\/pages\/2","targetHints":{"allow":["GET"]}}],"collection":[{"href":"https:\/\/syndicoop.fr\/a2s\/wp-json\/wp\/v2\/pages"}],"about":[{"href":"https:\/\/syndicoop.fr\/a2s\/wp-json\/wp\/v2\/types\/page"}],"author":[{"embeddable":true,"href":"https:\/\/syndicoop.fr\/a2s\/wp-json\/wp\/v2\/users\/1"}],"replies":[{"embeddable":true,"href":"https:\/\/syndicoop.fr\/a2s\/wp-json\/wp\/v2\/comments?post=2"}],"version-history":[{"count":0,"href":"https:\/\/syndicoop.fr\/a2s\/wp-json\/wp\/v2\/pages\/2\/revisions"}],"wp:attachment":[{"href":"https:\/\/syndicoop.fr\/a2s\/wp-json\/wp\/v2\/media?parent=2"}],"curies":[{"name":"wp","href":"https:\/\/api.w.org\/{rel}","templated":true}]}}