{"id":15,"date":"2019-10-07T15:36:49","date_gmt":"2019-10-07T13:36:49","guid":{"rendered":"https:\/\/syndicoop.fr\/evaluation\/?page_id=15"},"modified":"2019-10-22T12:32:16","modified_gmt":"2019-10-22T10:32:16","slug":"si-je-ne-suis-pas-daccord-avec-les-conditions-et-ou-le-contenu-de-lentretien-annuel-devaluation-que-dois-je-faire-et-quel-dispositif-de-recours","status":"publish","type":"page","link":"https:\/\/syndicoop.fr\/evaluation\/evalue\/si-je-ne-suis-pas-daccord-avec-les-conditions-et-ou-le-contenu-de-lentretien-annuel-devaluation-que-dois-je-faire-et-quel-dispositif-de-recours\/","title":{"rendered":"Si je ne suis pas d\u2019accord avec les conditions et\/ou le contenu de l\u2019entretien annuel d\u2019\u00e9valuation, que dois-je faire et quel dispositif de recours ?"},"content":{"rendered":"<p>Si votre entretien ne se passe pas de fa\u00e7on constructive, courtoise ou objective, vous \u00eates en droit de ne pas signer votre entretien, en mentionnant toutefois vos r\u00e9serves, critiques, et ce qui motive votre refus de signature. Vous ne validerez ainsi que vos commentaires.<br \/>\nVous pouvez \u00e9galement noter \u00ab j\u2019ai pris connaissance des objectifs qui m\u2019ont \u00e9t\u00e9 assign\u00e9s \u00bb avant votre signature, cela indique que vous connaissez vos objectifs, mais que vous ne porterez pas d\u2019avis sur leur atteinte. Cette pression \u00ab psychologique \u00bb de signer ce document est dans la droite ligne patronale du passage d\u2019un contrat de subordination \u00e0 un contrat commercial et vous engage individuellement.<\/p>\n<p>L\u2019\u00e9valuation destin\u00e9e non seulement \u00e0 \u00e9valuer le salari\u00e9, mais aussi \u00e0 lui faire prendre des engagements de rendement et d\u2019efficacit\u00e9 avec une obligation de r\u00e9sultats est un changement important des conditions de travail (TGI Rouen, ref., 15 oct. 2009 RG n\u00b0 09\/00502).<\/p>\n<p>Dans le cadre de \u00ab l\u2019accompagnement individuel \u00bb des salari\u00e9s par les repr\u00e9sentants du personnel, tout salari\u00e9 peut rencontrer un \u00e9lu ou un d\u00e9l\u00e9gu\u00e9 syndical afin que ce dernier porte la r\u00e9clamation individuelle du salari\u00e9 dans le cadre d\u2019une rencontre avec le responsable hi\u00e9rarchique du salari\u00e9 au sujet de ce qui s\u2019est pass\u00e9 lors de l\u2019entretien.<\/p>\n<p>Il est g\u00e9n\u00e9ralement important de revenir sur l\u2019entretien \u00e0 chaud sans trop attendre, pour un d\u00e9briefing le plus efficace possible. La finalit\u00e9 et la pertinence de ces entretiens font g\u00e9n\u00e9ralement entrevoir les objectifs et les d\u00e9rives des dispositifs d\u2019\u00e9valuation.<\/p>\n<p>&nbsp;<\/p>\n<p><span class=\"focus\"><strong>Focus fonction publique<\/strong> <\/span><span class=\"focus\">Le fonctionnaire peut demander la r\u00e9vision du compte rendu de l\u2019entretien professionnel \u00e0 son autorit\u00e9 hi\u00e9rarchique dans les 15 jours francs suivant sa notification.<br \/>\nL\u2019autorit\u00e9 hi\u00e9rarchique a 15 jours francs pour r\u00e9pondre \u00e0 partir de la date de r\u00e9ception de la demande de r\u00e9vision. En cas de r\u00e9ponse d\u00e9favorable, le fonctionnaire peut saisir la CAP (Commission administrative paritaire) dans le mois suivant la notification de la r\u00e9ponse. Apr\u00e8s avis de la CAP, l\u2019autorit\u00e9 hi\u00e9rarchique communique au fonctionnaire le compte rendu d\u00e9finitif de l\u2019entretien et le verse \u00e0 son dossier. <\/span><span class=\"focus\">Le compte-rendu d\u2019entretien peut \u00e9galement faire l\u2019objet d\u2019un recours contentieux devant le tribunal administratif.<\/span><\/p>\n","protected":false},"excerpt":{"rendered":"<p>Si votre entretien ne se passe pas de fa\u00e7on constructive, courtoise ou objective, vous \u00eates en droit de ne pas signer votre entretien, en mentionnant toutefois vos r\u00e9serves, critiques, et ce qui motive votre refus de signature. Vous ne validerez ainsi que vos commentaires. Vous pouvez \u00e9galement noter \u00ab j\u2019ai pris connaissance des objectifs qui [&hellip;]<\/p>\n","protected":false},"author":1,"featured_media":177,"parent":6,"menu_order":11,"comment_status":"closed","ping_status":"closed","template":"","meta":{"footnotes":""},"class_list":["post-15","page","type-page","status-publish","has-post-thumbnail","hentry"],"yoast_head":"<!-- This site is optimized with the Yoast SEO plugin v26.3 - https:\/\/yoast.com\/wordpress\/plugins\/seo\/ -->\n<title>Si je ne suis pas d\u2019accord avec les conditions et\/ou le contenu de l\u2019entretien annuel d\u2019\u00e9valuation, que dois-je faire et quel dispositif de recours ? - Guide pratique de l&#039;entretien d&#039;\u00e9valuation<\/title>\n<meta name=\"robots\" content=\"index, follow, max-snippet:-1, max-image-preview:large, max-video-preview:-1\" \/>\n<link rel=\"canonical\" href=\"https:\/\/syndicoop.fr\/evaluation\/evalue\/si-je-ne-suis-pas-daccord-avec-les-conditions-et-ou-le-contenu-de-lentretien-annuel-devaluation-que-dois-je-faire-et-quel-dispositif-de-recours\/\" \/>\n<meta property=\"og:locale\" content=\"fr_FR\" \/>\n<meta property=\"og:type\" content=\"article\" \/>\n<meta property=\"og:title\" content=\"Si je ne suis pas d\u2019accord avec les conditions et\/ou le contenu de l\u2019entretien annuel d\u2019\u00e9valuation, que dois-je faire et quel dispositif de recours ? - Guide pratique de l&#039;entretien d&#039;\u00e9valuation\" \/>\n<meta property=\"og:description\" content=\"Si votre entretien ne se passe pas de fa\u00e7on constructive, courtoise ou objective, vous \u00eates en droit de ne pas signer votre entretien, en mentionnant toutefois vos r\u00e9serves, critiques, et ce qui motive votre refus de signature. Vous ne validerez ainsi que vos commentaires. Vous pouvez \u00e9galement noter \u00ab j\u2019ai pris connaissance des objectifs qui [&hellip;]\" \/>\n<meta property=\"og:url\" content=\"https:\/\/syndicoop.fr\/evaluation\/evalue\/si-je-ne-suis-pas-daccord-avec-les-conditions-et-ou-le-contenu-de-lentretien-annuel-devaluation-que-dois-je-faire-et-quel-dispositif-de-recours\/\" \/>\n<meta property=\"og:site_name\" content=\"Guide pratique de l&#039;entretien d&#039;\u00e9valuation\" \/>\n<meta property=\"article:publisher\" content=\"https:\/\/www.facebook.com\/UGICT\/\" \/>\n<meta property=\"article:modified_time\" content=\"2019-10-22T10:32:16+00:00\" \/>\n<meta property=\"og:image\" content=\"https:\/\/syndicoop.fr\/evaluation\/wp-content\/uploads\/sites\/40\/2019\/10\/Fiche-Evalue-11-Facebook-1200x630.jpg\" \/>\n\t<meta property=\"og:image:width\" content=\"2048\" \/>\n\t<meta property=\"og:image:height\" content=\"1075\" \/>\n\t<meta property=\"og:image:type\" content=\"image\/jpeg\" \/>\n<meta name=\"twitter:card\" content=\"summary_large_image\" \/>\n<meta name=\"twitter:site\" content=\"@CGTCadresTechs\" \/>\n<meta name=\"twitter:label1\" content=\"Dur\u00e9e de lecture estim\u00e9e\" \/>\n\t<meta name=\"twitter:data1\" content=\"2 minutes\" \/>\n<script type=\"application\/ld+json\" class=\"yoast-schema-graph\">{\"@context\":\"https:\/\/schema.org\",\"@graph\":[{\"@type\":\"WebPage\",\"@id\":\"https:\/\/syndicoop.fr\/evaluation\/evalue\/si-je-ne-suis-pas-daccord-avec-les-conditions-et-ou-le-contenu-de-lentretien-annuel-devaluation-que-dois-je-faire-et-quel-dispositif-de-recours\/\",\"url\":\"https:\/\/syndicoop.fr\/evaluation\/evalue\/si-je-ne-suis-pas-daccord-avec-les-conditions-et-ou-le-contenu-de-lentretien-annuel-devaluation-que-dois-je-faire-et-quel-dispositif-de-recours\/\",\"name\":\"Si je ne suis pas d\u2019accord avec les conditions et\/ou le contenu de l\u2019entretien annuel d\u2019\u00e9valuation, que dois-je faire et quel dispositif de recours ? - Guide pratique de l&#039;entretien d&#039;\u00e9valuation\",\"isPartOf\":{\"@id\":\"https:\/\/syndicoop.fr\/evaluation\/#website\"},\"primaryImageOfPage\":{\"@id\":\"https:\/\/syndicoop.fr\/evaluation\/evalue\/si-je-ne-suis-pas-daccord-avec-les-conditions-et-ou-le-contenu-de-lentretien-annuel-devaluation-que-dois-je-faire-et-quel-dispositif-de-recours\/#primaryimage\"},\"image\":{\"@id\":\"https:\/\/syndicoop.fr\/evaluation\/evalue\/si-je-ne-suis-pas-daccord-avec-les-conditions-et-ou-le-contenu-de-lentretien-annuel-devaluation-que-dois-je-faire-et-quel-dispositif-de-recours\/#primaryimage\"},\"thumbnailUrl\":\"https:\/\/syndicoop.fr\/evaluation\/wp-content\/uploads\/sites\/40\/2019\/10\/Fiche-Evalue-11-Facebook-1200x630.jpg\",\"datePublished\":\"2019-10-07T13:36:49+00:00\",\"dateModified\":\"2019-10-22T10:32:16+00:00\",\"breadcrumb\":{\"@id\":\"https:\/\/syndicoop.fr\/evaluation\/evalue\/si-je-ne-suis-pas-daccord-avec-les-conditions-et-ou-le-contenu-de-lentretien-annuel-devaluation-que-dois-je-faire-et-quel-dispositif-de-recours\/#breadcrumb\"},\"inLanguage\":\"fr-FR\",\"potentialAction\":[{\"@type\":\"ReadAction\",\"target\":[\"https:\/\/syndicoop.fr\/evaluation\/evalue\/si-je-ne-suis-pas-daccord-avec-les-conditions-et-ou-le-contenu-de-lentretien-annuel-devaluation-que-dois-je-faire-et-quel-dispositif-de-recours\/\"]}]},{\"@type\":\"ImageObject\",\"inLanguage\":\"fr-FR\",\"@id\":\"https:\/\/syndicoop.fr\/evaluation\/evalue\/si-je-ne-suis-pas-daccord-avec-les-conditions-et-ou-le-contenu-de-lentretien-annuel-devaluation-que-dois-je-faire-et-quel-dispositif-de-recours\/#primaryimage\",\"url\":\"https:\/\/syndicoop.fr\/evaluation\/wp-content\/uploads\/sites\/40\/2019\/10\/Fiche-Evalue-11-Facebook-1200x630.jpg\",\"contentUrl\":\"https:\/\/syndicoop.fr\/evaluation\/wp-content\/uploads\/sites\/40\/2019\/10\/Fiche-Evalue-11-Facebook-1200x630.jpg\",\"width\":2048,\"height\":1075},{\"@type\":\"BreadcrumbList\",\"@id\":\"https:\/\/syndicoop.fr\/evaluation\/evalue\/si-je-ne-suis-pas-daccord-avec-les-conditions-et-ou-le-contenu-de-lentretien-annuel-devaluation-que-dois-je-faire-et-quel-dispositif-de-recours\/#breadcrumb\",\"itemListElement\":[{\"@type\":\"ListItem\",\"position\":1,\"name\":\"Accueil\",\"item\":\"https:\/\/syndicoop.fr\/evaluation\/\"},{\"@type\":\"ListItem\",\"position\":2,\"name\":\"Je suis \u00e9valu\u00e9\u00b7e\",\"item\":\"https:\/\/syndicoop.fr\/evaluation\/evalue\/\"},{\"@type\":\"ListItem\",\"position\":3,\"name\":\"Si je ne suis pas d\u2019accord avec les conditions et\/ou le contenu de l\u2019entretien annuel d\u2019\u00e9valuation, que dois-je faire et quel dispositif de recours&#160;?\"}]},{\"@type\":\"WebSite\",\"@id\":\"https:\/\/syndicoop.fr\/evaluation\/#website\",\"url\":\"https:\/\/syndicoop.fr\/evaluation\/\",\"name\":\"Guide pratique de l&#039;entretien d&#039;\u00e9valuation\",\"description\":\"Avec Syndicoop, plateforme syndicale et coop\u00e9rative\",\"potentialAction\":[{\"@type\":\"SearchAction\",\"target\":{\"@type\":\"EntryPoint\",\"urlTemplate\":\"https:\/\/syndicoop.fr\/evaluation\/?s={search_term_string}\"},\"query-input\":{\"@type\":\"PropertyValueSpecification\",\"valueRequired\":true,\"valueName\":\"search_term_string\"}}],\"inLanguage\":\"fr-FR\"}]}<\/script>\n<!-- \/ Yoast SEO plugin. -->","yoast_head_json":{"title":"Si je ne suis pas d\u2019accord avec les conditions et\/ou le contenu de l\u2019entretien annuel d\u2019\u00e9valuation, que dois-je faire et quel dispositif de recours ? - Guide pratique de l&#039;entretien d&#039;\u00e9valuation","robots":{"index":"index","follow":"follow","max-snippet":"max-snippet:-1","max-image-preview":"max-image-preview:large","max-video-preview":"max-video-preview:-1"},"canonical":"https:\/\/syndicoop.fr\/evaluation\/evalue\/si-je-ne-suis-pas-daccord-avec-les-conditions-et-ou-le-contenu-de-lentretien-annuel-devaluation-que-dois-je-faire-et-quel-dispositif-de-recours\/","og_locale":"fr_FR","og_type":"article","og_title":"Si je ne suis pas d\u2019accord avec les conditions et\/ou le contenu de l\u2019entretien annuel d\u2019\u00e9valuation, que dois-je faire et quel dispositif de recours ? - Guide pratique de l&#039;entretien d&#039;\u00e9valuation","og_description":"Si votre entretien ne se passe pas de fa\u00e7on constructive, courtoise ou objective, vous \u00eates en droit de ne pas signer votre entretien, en mentionnant toutefois vos r\u00e9serves, critiques, et ce qui motive votre refus de signature. Vous ne validerez ainsi que vos commentaires. Vous pouvez \u00e9galement noter \u00ab j\u2019ai pris connaissance des objectifs qui [&hellip;]","og_url":"https:\/\/syndicoop.fr\/evaluation\/evalue\/si-je-ne-suis-pas-daccord-avec-les-conditions-et-ou-le-contenu-de-lentretien-annuel-devaluation-que-dois-je-faire-et-quel-dispositif-de-recours\/","og_site_name":"Guide pratique de l&#039;entretien d&#039;\u00e9valuation","article_publisher":"https:\/\/www.facebook.com\/UGICT\/","article_modified_time":"2019-10-22T10:32:16+00:00","og_image":[{"width":2048,"height":1075,"url":"https:\/\/syndicoop.fr\/evaluation\/wp-content\/uploads\/sites\/40\/2019\/10\/Fiche-Evalue-11-Facebook-1200x630.jpg","type":"image\/jpeg"}],"twitter_card":"summary_large_image","twitter_site":"@CGTCadresTechs","twitter_misc":{"Dur\u00e9e de lecture estim\u00e9e":"2 minutes"},"schema":{"@context":"https:\/\/schema.org","@graph":[{"@type":"WebPage","@id":"https:\/\/syndicoop.fr\/evaluation\/evalue\/si-je-ne-suis-pas-daccord-avec-les-conditions-et-ou-le-contenu-de-lentretien-annuel-devaluation-que-dois-je-faire-et-quel-dispositif-de-recours\/","url":"https:\/\/syndicoop.fr\/evaluation\/evalue\/si-je-ne-suis-pas-daccord-avec-les-conditions-et-ou-le-contenu-de-lentretien-annuel-devaluation-que-dois-je-faire-et-quel-dispositif-de-recours\/","name":"Si je ne suis pas d\u2019accord avec les conditions et\/ou le contenu de l\u2019entretien annuel d\u2019\u00e9valuation, que dois-je faire et quel dispositif de recours ? - Guide pratique de l&#039;entretien d&#039;\u00e9valuation","isPartOf":{"@id":"https:\/\/syndicoop.fr\/evaluation\/#website"},"primaryImageOfPage":{"@id":"https:\/\/syndicoop.fr\/evaluation\/evalue\/si-je-ne-suis-pas-daccord-avec-les-conditions-et-ou-le-contenu-de-lentretien-annuel-devaluation-que-dois-je-faire-et-quel-dispositif-de-recours\/#primaryimage"},"image":{"@id":"https:\/\/syndicoop.fr\/evaluation\/evalue\/si-je-ne-suis-pas-daccord-avec-les-conditions-et-ou-le-contenu-de-lentretien-annuel-devaluation-que-dois-je-faire-et-quel-dispositif-de-recours\/#primaryimage"},"thumbnailUrl":"https:\/\/syndicoop.fr\/evaluation\/wp-content\/uploads\/sites\/40\/2019\/10\/Fiche-Evalue-11-Facebook-1200x630.jpg","datePublished":"2019-10-07T13:36:49+00:00","dateModified":"2019-10-22T10:32:16+00:00","breadcrumb":{"@id":"https:\/\/syndicoop.fr\/evaluation\/evalue\/si-je-ne-suis-pas-daccord-avec-les-conditions-et-ou-le-contenu-de-lentretien-annuel-devaluation-que-dois-je-faire-et-quel-dispositif-de-recours\/#breadcrumb"},"inLanguage":"fr-FR","potentialAction":[{"@type":"ReadAction","target":["https:\/\/syndicoop.fr\/evaluation\/evalue\/si-je-ne-suis-pas-daccord-avec-les-conditions-et-ou-le-contenu-de-lentretien-annuel-devaluation-que-dois-je-faire-et-quel-dispositif-de-recours\/"]}]},{"@type":"ImageObject","inLanguage":"fr-FR","@id":"https:\/\/syndicoop.fr\/evaluation\/evalue\/si-je-ne-suis-pas-daccord-avec-les-conditions-et-ou-le-contenu-de-lentretien-annuel-devaluation-que-dois-je-faire-et-quel-dispositif-de-recours\/#primaryimage","url":"https:\/\/syndicoop.fr\/evaluation\/wp-content\/uploads\/sites\/40\/2019\/10\/Fiche-Evalue-11-Facebook-1200x630.jpg","contentUrl":"https:\/\/syndicoop.fr\/evaluation\/wp-content\/uploads\/sites\/40\/2019\/10\/Fiche-Evalue-11-Facebook-1200x630.jpg","width":2048,"height":1075},{"@type":"BreadcrumbList","@id":"https:\/\/syndicoop.fr\/evaluation\/evalue\/si-je-ne-suis-pas-daccord-avec-les-conditions-et-ou-le-contenu-de-lentretien-annuel-devaluation-que-dois-je-faire-et-quel-dispositif-de-recours\/#breadcrumb","itemListElement":[{"@type":"ListItem","position":1,"name":"Accueil","item":"https:\/\/syndicoop.fr\/evaluation\/"},{"@type":"ListItem","position":2,"name":"Je suis \u00e9valu\u00e9\u00b7e","item":"https:\/\/syndicoop.fr\/evaluation\/evalue\/"},{"@type":"ListItem","position":3,"name":"Si je ne suis pas d\u2019accord avec les conditions et\/ou le contenu de l\u2019entretien annuel d\u2019\u00e9valuation, que dois-je faire et quel dispositif de recours&#160;?"}]},{"@type":"WebSite","@id":"https:\/\/syndicoop.fr\/evaluation\/#website","url":"https:\/\/syndicoop.fr\/evaluation\/","name":"Guide pratique de l&#039;entretien d&#039;\u00e9valuation","description":"Avec Syndicoop, plateforme syndicale et coop\u00e9rative","potentialAction":[{"@type":"SearchAction","target":{"@type":"EntryPoint","urlTemplate":"https:\/\/syndicoop.fr\/evaluation\/?s={search_term_string}"},"query-input":{"@type":"PropertyValueSpecification","valueRequired":true,"valueName":"search_term_string"}}],"inLanguage":"fr-FR"}]}},"_links":{"self":[{"href":"https:\/\/syndicoop.fr\/evaluation\/wp-json\/wp\/v2\/pages\/15","targetHints":{"allow":["GET"]}}],"collection":[{"href":"https:\/\/syndicoop.fr\/evaluation\/wp-json\/wp\/v2\/pages"}],"about":[{"href":"https:\/\/syndicoop.fr\/evaluation\/wp-json\/wp\/v2\/types\/page"}],"author":[{"embeddable":true,"href":"https:\/\/syndicoop.fr\/evaluation\/wp-json\/wp\/v2\/users\/1"}],"replies":[{"embeddable":true,"href":"https:\/\/syndicoop.fr\/evaluation\/wp-json\/wp\/v2\/comments?post=15"}],"version-history":[{"count":0,"href":"https:\/\/syndicoop.fr\/evaluation\/wp-json\/wp\/v2\/pages\/15\/revisions"}],"up":[{"embeddable":true,"href":"https:\/\/syndicoop.fr\/evaluation\/wp-json\/wp\/v2\/pages\/6"}],"wp:featuredmedia":[{"embeddable":true,"href":"https:\/\/syndicoop.fr\/evaluation\/wp-json\/wp\/v2\/media\/177"}],"wp:attachment":[{"href":"https:\/\/syndicoop.fr\/evaluation\/wp-json\/wp\/v2\/media?parent=15"}],"curies":[{"name":"wp","href":"https:\/\/api.w.org\/{rel}","templated":true}]}}