{"id":21,"date":"2019-10-07T15:38:00","date_gmt":"2019-10-07T13:38:00","guid":{"rendered":"https:\/\/syndicoop.fr\/evaluation\/?page_id=21"},"modified":"2019-10-22T12:31:15","modified_gmt":"2019-10-22T10:31:15","slug":"comment-justifier-la-non-atteinte-des-objectifs","status":"publish","type":"page","link":"https:\/\/syndicoop.fr\/evaluation\/evalue\/comment-justifier-la-non-atteinte-des-objectifs\/","title":{"rendered":"Comment justifier la non atteinte des objectifs ?"},"content":{"rendered":"<p>Les objectifs doivent avoir \u00e9t\u00e9 d\u00e9finis de fa\u00e7on claire, mesurable, avec des moyens associ\u00e9s et agr\u00e9\u00e9s entre le salari\u00e9 et son manager.<\/p>\n<p>Les facteurs pouvant expliquer la non atteinte d\u2019objectifs sont multiples et doivent \u00eatre directement appr\u00e9ci\u00e9s par rapport au contexte de leur d\u00e9finition, les conditions de leur r\u00e9alisation, et les \u00e9v\u00e8nements tiers qui ont pu intervenir durant l\u2019ex\u00e9cution du travail.<\/p>\n<p>Ainsi, des objectifs :<br \/>\n\u2022 difficilement mesurables,<br \/>\n\u2022 manifestement irr\u00e9alistes au regard des moyens dont dispose le salari\u00e9,<br \/>\n\u2022 pas compr\u00e9hensibles ou pas clairs,<br \/>\n\u2022 en nombre excessif, privent le salari\u00e9 d\u2019autonomie d\u2019organisation notamment,<br \/>\n\u2022 induisant une surcharge de travail implicite,<br \/>\n\u2022 pas partag\u00e9s..<br \/>\n.\u2028&#8230; sont contestables et justifient pleinement les r\u00e9serves qui doivent \u00eatre faites en s\u2019appuyant sur ces diff\u00e9rents \u00e9l\u00e9ments.<\/p>\n<p>En cas de contribution \u00e0 un projet sous la responsabilit\u00e9 d\u2019une autre personne qui n\u2019est pas le manager hi\u00e9rarchique (organisation matricielle), il est important de mentionner cet \u00e9tat de fait et de demander \u00e0 ce que cette situation soit prise en compte. Cette personne tierce peut utilement contribuer \u00e0 l\u2019\u00e9valuation.<\/p>\n<p><span class=\"focus\"><strong>L\u2019exemple de la SNCF<\/strong> <\/span><span class=\"focus\">De nombreuses missions d\u00e9coulent de d\u00e9l\u00e9gations successives. Il est essentiel de se rem\u00e9morer quelques principes fondamentaux, notamment (mais pas uniquement) dans les m\u00e9tiers touchant \u00e0 la s\u00e9curit\u00e9.\u2028Par exemple, dans le domaine ferroviaire, mais qui est riche d\u2019enseignements pour toutes autres d\u00e9l\u00e9gations de pouvoir et donc de responsabilit\u00e9 juridique et p\u00e9nale : Le RG 010 (management g\u00e9n\u00e9ral de la s\u00e9curit\u00e9 de l\u2019exploitation ferroviaire \u00e0 la SNCF) pr\u00e9cise que : \u00ab Quel que soit l\u2019\u00e9chelon, un d\u00e9l\u00e9gataire doit disposer de la comp\u00e9tence, de l\u2019autorit\u00e9 et des moyens indispensables \u00e0 l\u2019exercice de sa mission. Une d\u00e9l\u00e9gation ne peut \u00eatre consentie que dans le cadre d\u2019une relation hi\u00e9rarchique. Elle est formalis\u00e9e dans les documents d\u2019organisation des entit\u00e9s concern\u00e9es, ou, en cas de besoin, dans un document sp\u00e9cifique pr\u00e9cisant ses conditions d\u2019exercice. L\u2019autorit\u00e9 d\u00e9l\u00e9gante s\u2019assure, pendant toute la dur\u00e9e de sa validit\u00e9, que la d\u00e9l\u00e9gation qu\u2019elle a consentie est exerc\u00e9e conform\u00e9ment \u00e0 ces conditions. Un processus de bouclage explicite est d\u00e9fini et mis en oeuvre \u00e0 cet effet \u00bb.<\/span><span class=\"focus\">Lorsque le titulaire d\u2019une d\u00e9l\u00e9gation estime ne plus \u00eatre en mesure de l\u2019assumer, il en informe aussit\u00f4t l\u2019autorit\u00e9 qui a proc\u00e9d\u00e9 \u00e0 cette d\u00e9l\u00e9gation. \u00bb<\/span><span class=\"focus\">L\u2019entretien individuel annuel est un moment privil\u00e9gi\u00e9 pour aborder cette question, faire prendre acte des conditions de ces d\u00e9l\u00e9gations, de leur nature et leur p\u00e9rim\u00e8tre, qui structurent, voire contraignent votre quotidien professionnel. C\u2019est aussi le bon moment pour les remettre en question si n\u00e9cessaire.<\/span><\/p>\n","protected":false},"excerpt":{"rendered":"<p>Les objectifs doivent avoir \u00e9t\u00e9 d\u00e9finis de fa\u00e7on claire, mesurable, avec des moyens associ\u00e9s et agr\u00e9\u00e9s entre le salari\u00e9 et son manager. Les facteurs pouvant expliquer la non atteinte d\u2019objectifs sont multiples et doivent \u00eatre directement appr\u00e9ci\u00e9s par rapport au contexte de leur d\u00e9finition, les conditions de leur r\u00e9alisation, et les \u00e9v\u00e8nements tiers qui ont [&hellip;]<\/p>\n","protected":false},"author":1,"featured_media":173,"parent":6,"menu_order":8,"comment_status":"closed","ping_status":"closed","template":"","meta":{"footnotes":""},"class_list":["post-21","page","type-page","status-publish","has-post-thumbnail","hentry"],"yoast_head":"<!-- This site is optimized with the Yoast SEO plugin v26.3 - https:\/\/yoast.com\/wordpress\/plugins\/seo\/ -->\n<title>Comment justifier la non atteinte des objectifs ? - Guide pratique de l&#039;entretien d&#039;\u00e9valuation<\/title>\n<meta name=\"robots\" content=\"index, follow, max-snippet:-1, max-image-preview:large, max-video-preview:-1\" \/>\n<link rel=\"canonical\" href=\"https:\/\/syndicoop.fr\/evaluation\/evalue\/comment-justifier-la-non-atteinte-des-objectifs\/\" \/>\n<meta property=\"og:locale\" content=\"fr_FR\" \/>\n<meta property=\"og:type\" content=\"article\" \/>\n<meta property=\"og:title\" content=\"Comment justifier la non atteinte des objectifs ? - Guide pratique de l&#039;entretien d&#039;\u00e9valuation\" \/>\n<meta property=\"og:description\" content=\"Les objectifs doivent avoir \u00e9t\u00e9 d\u00e9finis de fa\u00e7on claire, mesurable, avec des moyens associ\u00e9s et agr\u00e9\u00e9s entre le salari\u00e9 et son manager. Les facteurs pouvant expliquer la non atteinte d\u2019objectifs sont multiples et doivent \u00eatre directement appr\u00e9ci\u00e9s par rapport au contexte de leur d\u00e9finition, les conditions de leur r\u00e9alisation, et les \u00e9v\u00e8nements tiers qui ont [&hellip;]\" \/>\n<meta property=\"og:url\" content=\"https:\/\/syndicoop.fr\/evaluation\/evalue\/comment-justifier-la-non-atteinte-des-objectifs\/\" \/>\n<meta property=\"og:site_name\" content=\"Guide pratique de l&#039;entretien d&#039;\u00e9valuation\" \/>\n<meta property=\"article:publisher\" content=\"https:\/\/www.facebook.com\/UGICT\/\" \/>\n<meta property=\"article:modified_time\" content=\"2019-10-22T10:31:15+00:00\" \/>\n<meta property=\"og:image\" content=\"https:\/\/syndicoop.fr\/evaluation\/wp-content\/uploads\/sites\/40\/2019\/10\/Fiche-Evalue-08-Facebook-1200x630.jpg\" \/>\n\t<meta property=\"og:image:width\" content=\"2048\" \/>\n\t<meta property=\"og:image:height\" content=\"1075\" \/>\n\t<meta property=\"og:image:type\" content=\"image\/jpeg\" \/>\n<meta name=\"twitter:card\" content=\"summary_large_image\" \/>\n<meta name=\"twitter:site\" content=\"@CGTCadresTechs\" \/>\n<meta name=\"twitter:label1\" content=\"Dur\u00e9e de lecture estim\u00e9e\" \/>\n\t<meta name=\"twitter:data1\" content=\"2 minutes\" \/>\n<script type=\"application\/ld+json\" class=\"yoast-schema-graph\">{\"@context\":\"https:\/\/schema.org\",\"@graph\":[{\"@type\":\"WebPage\",\"@id\":\"https:\/\/syndicoop.fr\/evaluation\/evalue\/comment-justifier-la-non-atteinte-des-objectifs\/\",\"url\":\"https:\/\/syndicoop.fr\/evaluation\/evalue\/comment-justifier-la-non-atteinte-des-objectifs\/\",\"name\":\"Comment justifier la non atteinte des objectifs ? - Guide pratique de l&#039;entretien d&#039;\u00e9valuation\",\"isPartOf\":{\"@id\":\"https:\/\/syndicoop.fr\/evaluation\/#website\"},\"primaryImageOfPage\":{\"@id\":\"https:\/\/syndicoop.fr\/evaluation\/evalue\/comment-justifier-la-non-atteinte-des-objectifs\/#primaryimage\"},\"image\":{\"@id\":\"https:\/\/syndicoop.fr\/evaluation\/evalue\/comment-justifier-la-non-atteinte-des-objectifs\/#primaryimage\"},\"thumbnailUrl\":\"https:\/\/syndicoop.fr\/evaluation\/wp-content\/uploads\/sites\/40\/2019\/10\/Fiche-Evalue-08-Facebook-1200x630.jpg\",\"datePublished\":\"2019-10-07T13:38:00+00:00\",\"dateModified\":\"2019-10-22T10:31:15+00:00\",\"breadcrumb\":{\"@id\":\"https:\/\/syndicoop.fr\/evaluation\/evalue\/comment-justifier-la-non-atteinte-des-objectifs\/#breadcrumb\"},\"inLanguage\":\"fr-FR\",\"potentialAction\":[{\"@type\":\"ReadAction\",\"target\":[\"https:\/\/syndicoop.fr\/evaluation\/evalue\/comment-justifier-la-non-atteinte-des-objectifs\/\"]}]},{\"@type\":\"ImageObject\",\"inLanguage\":\"fr-FR\",\"@id\":\"https:\/\/syndicoop.fr\/evaluation\/evalue\/comment-justifier-la-non-atteinte-des-objectifs\/#primaryimage\",\"url\":\"https:\/\/syndicoop.fr\/evaluation\/wp-content\/uploads\/sites\/40\/2019\/10\/Fiche-Evalue-08-Facebook-1200x630.jpg\",\"contentUrl\":\"https:\/\/syndicoop.fr\/evaluation\/wp-content\/uploads\/sites\/40\/2019\/10\/Fiche-Evalue-08-Facebook-1200x630.jpg\",\"width\":2048,\"height\":1075},{\"@type\":\"BreadcrumbList\",\"@id\":\"https:\/\/syndicoop.fr\/evaluation\/evalue\/comment-justifier-la-non-atteinte-des-objectifs\/#breadcrumb\",\"itemListElement\":[{\"@type\":\"ListItem\",\"position\":1,\"name\":\"Accueil\",\"item\":\"https:\/\/syndicoop.fr\/evaluation\/\"},{\"@type\":\"ListItem\",\"position\":2,\"name\":\"Je suis \u00e9valu\u00e9\u00b7e\",\"item\":\"https:\/\/syndicoop.fr\/evaluation\/evalue\/\"},{\"@type\":\"ListItem\",\"position\":3,\"name\":\"Comment justifier la non atteinte des objectifs&#160;?\"}]},{\"@type\":\"WebSite\",\"@id\":\"https:\/\/syndicoop.fr\/evaluation\/#website\",\"url\":\"https:\/\/syndicoop.fr\/evaluation\/\",\"name\":\"Guide pratique de l&#039;entretien d&#039;\u00e9valuation\",\"description\":\"Avec Syndicoop, plateforme syndicale et coop\u00e9rative\",\"potentialAction\":[{\"@type\":\"SearchAction\",\"target\":{\"@type\":\"EntryPoint\",\"urlTemplate\":\"https:\/\/syndicoop.fr\/evaluation\/?s={search_term_string}\"},\"query-input\":{\"@type\":\"PropertyValueSpecification\",\"valueRequired\":true,\"valueName\":\"search_term_string\"}}],\"inLanguage\":\"fr-FR\"}]}<\/script>\n<!-- \/ Yoast SEO plugin. -->","yoast_head_json":{"title":"Comment justifier la non atteinte des objectifs ? - Guide pratique de l&#039;entretien d&#039;\u00e9valuation","robots":{"index":"index","follow":"follow","max-snippet":"max-snippet:-1","max-image-preview":"max-image-preview:large","max-video-preview":"max-video-preview:-1"},"canonical":"https:\/\/syndicoop.fr\/evaluation\/evalue\/comment-justifier-la-non-atteinte-des-objectifs\/","og_locale":"fr_FR","og_type":"article","og_title":"Comment justifier la non atteinte des objectifs ? - Guide pratique de l&#039;entretien d&#039;\u00e9valuation","og_description":"Les objectifs doivent avoir \u00e9t\u00e9 d\u00e9finis de fa\u00e7on claire, mesurable, avec des moyens associ\u00e9s et agr\u00e9\u00e9s entre le salari\u00e9 et son manager. Les facteurs pouvant expliquer la non atteinte d\u2019objectifs sont multiples et doivent \u00eatre directement appr\u00e9ci\u00e9s par rapport au contexte de leur d\u00e9finition, les conditions de leur r\u00e9alisation, et les \u00e9v\u00e8nements tiers qui ont [&hellip;]","og_url":"https:\/\/syndicoop.fr\/evaluation\/evalue\/comment-justifier-la-non-atteinte-des-objectifs\/","og_site_name":"Guide pratique de l&#039;entretien d&#039;\u00e9valuation","article_publisher":"https:\/\/www.facebook.com\/UGICT\/","article_modified_time":"2019-10-22T10:31:15+00:00","og_image":[{"width":2048,"height":1075,"url":"https:\/\/syndicoop.fr\/evaluation\/wp-content\/uploads\/sites\/40\/2019\/10\/Fiche-Evalue-08-Facebook-1200x630.jpg","type":"image\/jpeg"}],"twitter_card":"summary_large_image","twitter_site":"@CGTCadresTechs","twitter_misc":{"Dur\u00e9e de lecture estim\u00e9e":"2 minutes"},"schema":{"@context":"https:\/\/schema.org","@graph":[{"@type":"WebPage","@id":"https:\/\/syndicoop.fr\/evaluation\/evalue\/comment-justifier-la-non-atteinte-des-objectifs\/","url":"https:\/\/syndicoop.fr\/evaluation\/evalue\/comment-justifier-la-non-atteinte-des-objectifs\/","name":"Comment justifier la non atteinte des objectifs ? - Guide pratique de l&#039;entretien d&#039;\u00e9valuation","isPartOf":{"@id":"https:\/\/syndicoop.fr\/evaluation\/#website"},"primaryImageOfPage":{"@id":"https:\/\/syndicoop.fr\/evaluation\/evalue\/comment-justifier-la-non-atteinte-des-objectifs\/#primaryimage"},"image":{"@id":"https:\/\/syndicoop.fr\/evaluation\/evalue\/comment-justifier-la-non-atteinte-des-objectifs\/#primaryimage"},"thumbnailUrl":"https:\/\/syndicoop.fr\/evaluation\/wp-content\/uploads\/sites\/40\/2019\/10\/Fiche-Evalue-08-Facebook-1200x630.jpg","datePublished":"2019-10-07T13:38:00+00:00","dateModified":"2019-10-22T10:31:15+00:00","breadcrumb":{"@id":"https:\/\/syndicoop.fr\/evaluation\/evalue\/comment-justifier-la-non-atteinte-des-objectifs\/#breadcrumb"},"inLanguage":"fr-FR","potentialAction":[{"@type":"ReadAction","target":["https:\/\/syndicoop.fr\/evaluation\/evalue\/comment-justifier-la-non-atteinte-des-objectifs\/"]}]},{"@type":"ImageObject","inLanguage":"fr-FR","@id":"https:\/\/syndicoop.fr\/evaluation\/evalue\/comment-justifier-la-non-atteinte-des-objectifs\/#primaryimage","url":"https:\/\/syndicoop.fr\/evaluation\/wp-content\/uploads\/sites\/40\/2019\/10\/Fiche-Evalue-08-Facebook-1200x630.jpg","contentUrl":"https:\/\/syndicoop.fr\/evaluation\/wp-content\/uploads\/sites\/40\/2019\/10\/Fiche-Evalue-08-Facebook-1200x630.jpg","width":2048,"height":1075},{"@type":"BreadcrumbList","@id":"https:\/\/syndicoop.fr\/evaluation\/evalue\/comment-justifier-la-non-atteinte-des-objectifs\/#breadcrumb","itemListElement":[{"@type":"ListItem","position":1,"name":"Accueil","item":"https:\/\/syndicoop.fr\/evaluation\/"},{"@type":"ListItem","position":2,"name":"Je suis \u00e9valu\u00e9\u00b7e","item":"https:\/\/syndicoop.fr\/evaluation\/evalue\/"},{"@type":"ListItem","position":3,"name":"Comment justifier la non atteinte des objectifs&#160;?"}]},{"@type":"WebSite","@id":"https:\/\/syndicoop.fr\/evaluation\/#website","url":"https:\/\/syndicoop.fr\/evaluation\/","name":"Guide pratique de l&#039;entretien d&#039;\u00e9valuation","description":"Avec Syndicoop, plateforme syndicale et coop\u00e9rative","potentialAction":[{"@type":"SearchAction","target":{"@type":"EntryPoint","urlTemplate":"https:\/\/syndicoop.fr\/evaluation\/?s={search_term_string}"},"query-input":{"@type":"PropertyValueSpecification","valueRequired":true,"valueName":"search_term_string"}}],"inLanguage":"fr-FR"}]}},"_links":{"self":[{"href":"https:\/\/syndicoop.fr\/evaluation\/wp-json\/wp\/v2\/pages\/21","targetHints":{"allow":["GET"]}}],"collection":[{"href":"https:\/\/syndicoop.fr\/evaluation\/wp-json\/wp\/v2\/pages"}],"about":[{"href":"https:\/\/syndicoop.fr\/evaluation\/wp-json\/wp\/v2\/types\/page"}],"author":[{"embeddable":true,"href":"https:\/\/syndicoop.fr\/evaluation\/wp-json\/wp\/v2\/users\/1"}],"replies":[{"embeddable":true,"href":"https:\/\/syndicoop.fr\/evaluation\/wp-json\/wp\/v2\/comments?post=21"}],"version-history":[{"count":0,"href":"https:\/\/syndicoop.fr\/evaluation\/wp-json\/wp\/v2\/pages\/21\/revisions"}],"up":[{"embeddable":true,"href":"https:\/\/syndicoop.fr\/evaluation\/wp-json\/wp\/v2\/pages\/6"}],"wp:featuredmedia":[{"embeddable":true,"href":"https:\/\/syndicoop.fr\/evaluation\/wp-json\/wp\/v2\/media\/173"}],"wp:attachment":[{"href":"https:\/\/syndicoop.fr\/evaluation\/wp-json\/wp\/v2\/media?parent=21"}],"curies":[{"name":"wp","href":"https:\/\/api.w.org\/{rel}","templated":true}]}}