{"id":29,"date":"2019-10-07T15:39:12","date_gmt":"2019-10-07T13:39:12","guid":{"rendered":"https:\/\/syndicoop.fr\/evaluation\/?page_id=29"},"modified":"2019-10-22T12:21:26","modified_gmt":"2019-10-22T10:21:26","slug":"comment-se-preparer-a-lentretien-annuel-devaluation","status":"publish","type":"page","link":"https:\/\/syndicoop.fr\/evaluation\/evalue\/comment-se-preparer-a-lentretien-annuel-devaluation\/","title":{"rendered":"Comment se pr\u00e9parer \u00e0 l\u2019entretien annuel d\u2019\u00e9valuation ?"},"content":{"rendered":"<p>Une pr\u00e9paration aux entretiens est essentielle. Il est n\u00e9cessaire pour les salari\u00e9s de s\u2019emparer de leur \u00e9valuation, c\u2019est-\u00e0-dire de s\u2019interroger sur ce qui doit \u00eatre \u00e9valu\u00e9 ou non et de s\u2019interroger sur ses propres objectifs. \u00c0 partir de l\u2019entretien de l\u2019ann\u00e9e pr\u00e9c\u00e9dente se pr\u00e9parer \u00e0 argumenter et \u00e0 interroger le hi\u00e9rarchique sur les moyens manquants \u00e0 la bonne r\u00e9alisation de ces objectifs. D\u2019une mani\u00e8re g\u00e9n\u00e9rale, l\u2019atteinte ou non des objectifs peut et doit s\u2019appr\u00e9cier c\u00f4t\u00e9 \u00e9valu\u00e9 et c\u00f4t\u00e9 \u00e9valuateur.<\/p>\n<p>Il est utile de r\u00e9diger avant l\u2019entretien toutes ses remarques et propositions d\u2019am\u00e9lioration afin de bien les aborder pendant l\u2019entretien et de les faire inscrire \u00e9ventuellement sur le compte rendu. Prenez donc le temps de reprendre le compte rendu pr\u00e9c\u00e9dent et faites votre propre bilan opposable \u00e0 celui qui sera \u00e9tabli en face \u00e0 face :<br \/>\n\u2022 Listez les points que vous souhaitez valoriser.<br \/>\n\u2022 Si vous craignez des points faibles, pr\u00e9parez votre argumentation, en particulier les \u00e9ventuels manques de moyens ou les difficult\u00e9s qui vous d\u00e9passent (hors du champ de votre responsabilit\u00e9).<br \/>\n\u2022 Faites la diff\u00e9rence entre des obligations de moyens (qu\u2019il est normal d\u2019exiger d\u2019un salari\u00e9) et des obligations de r\u00e9sultats (ceux qui reviennent \u00e0 l\u2019entreprise toute enti\u00e8re). L\u2019id\u00e9al, c\u2019est de nourrir cette liste au cours de l\u2019ann\u00e9e. Par exemple, en notant pr\u00e9cis\u00e9ment la r\u00e9alit\u00e9 des carences, comme l\u2019absence d\u2019un adjoint ou d\u2019un assistant.<br \/>\n\u2022 Interrogez-vous sur la pond\u00e9ration entre les diff\u00e9rents crit\u00e8res de l\u2019\u00e9valuation.<\/p>\n<p>Ce travail est d\u2019autant plus efficace s\u2019il est conduit collectivement en r\u00e9int\u00e9grant le r\u00f4le du salari\u00e9 dans son collectif de travail. Cela doit vous permettre de mieux r\u00e9pondre \u00e0 ce qui rel\u00e8ve de vos activit\u00e9s par rapport \u00e0 des crit\u00e8res qui pourraient \u00eatre consid\u00e9r\u00e9s comme subjectifs ou qui m\u00e9riteraient d\u2019\u00eatre pond\u00e9r\u00e9s au regard de vos conditions de travail et des moyens allou\u00e9s.<\/p>\n<p>La pr\u00e9paration collective avec vos coll\u00e8gues et\/ou des d\u00e9l\u00e9gu\u00e9s CGT permet aussi de retrouver des espaces o\u00f9 les salari\u00e9s peuvent aborder leurs contradictions, sans qu\u2019elles soient utilis\u00e9es pour les opposer contre eux-m\u00eames.<\/p>\n<p>L\u2019approche collective pr\u00e9sente aussi la vertu de partager sa vision du travail, ses craintes et les probl\u00e8mes rencontr\u00e9s. Le regard des autres peut s\u2019av\u00e9rer constructeur tant dans la formulation de son activit\u00e9 que dans l\u2019appr\u00e9ciation de son propre r\u00f4le dans l\u2019entreprise ou le service. L\u2019approche collective des difficult\u00e9s et des conditions de travail permet tr\u00e8s souvent une analyse bien plus pertinente et pr\u00e9sente aussi l\u2019int\u00e9r\u00eat d\u2019\u00eatre partag\u00e9e par l\u2019ensemble du groupe de travail ce qui en renforce l\u2019impact aupr\u00e8s de la hi\u00e9rarchie.<\/p>\n<p>&gt; Selon l\u2019article L.1222-3 du Code du travail : \u00ab <strong>le salari\u00e9 est express\u00e9ment inform\u00e9, pr\u00e9alablement \u00e0 leur mise en \u0153uvre, des m\u00e9thodes et techniques d\u2019\u00e9valuation professionnelles mises en \u0153uvre \u00e0 son \u00e9gard<\/strong> \u00bb.<\/p>\n<p>Cette information doit \u00eatre explicite, d\u00e9taill\u00e9e et compl\u00e8te, s\u2019agissant notamment de l\u2019utilisation qui sera faite des \u00e9l\u00e9ments d\u2019\u00e9valuation. Souvent les entreprises \u00e9ditent deux \u00abguides de l\u2019\u00e9valuation\u00bb, l\u2019un destin\u00e9 aux salari\u00e9s \u00ab\u00e9valuables\u00bb, l\u2019autre aux managers charg\u00e9s d\u2019\u00e9valuer.<\/p>\n","protected":false},"excerpt":{"rendered":"<p>Une pr\u00e9paration aux entretiens est essentielle. Il est n\u00e9cessaire pour les salari\u00e9s de s\u2019emparer de leur \u00e9valuation, c\u2019est-\u00e0-dire de s\u2019interroger sur ce qui doit \u00eatre \u00e9valu\u00e9 ou non et de s\u2019interroger sur ses propres objectifs. \u00c0 partir de l\u2019entretien de l\u2019ann\u00e9e pr\u00e9c\u00e9dente se pr\u00e9parer \u00e0 argumenter et \u00e0 interroger le hi\u00e9rarchique sur les moyens manquants [&hellip;]<\/p>\n","protected":false},"author":1,"featured_media":169,"parent":6,"menu_order":4,"comment_status":"closed","ping_status":"closed","template":"","meta":{"footnotes":""},"class_list":["post-29","page","type-page","status-publish","has-post-thumbnail","hentry"],"yoast_head":"<!-- This site is optimized with the Yoast SEO plugin v26.3 - https:\/\/yoast.com\/wordpress\/plugins\/seo\/ -->\n<title>Comment se pr\u00e9parer \u00e0 l\u2019entretien annuel d\u2019\u00e9valuation ? - Guide pratique de l&#039;entretien d&#039;\u00e9valuation<\/title>\n<meta name=\"robots\" content=\"index, follow, max-snippet:-1, max-image-preview:large, max-video-preview:-1\" \/>\n<link rel=\"canonical\" href=\"https:\/\/syndicoop.fr\/evaluation\/evalue\/comment-se-preparer-a-lentretien-annuel-devaluation\/\" \/>\n<meta property=\"og:locale\" content=\"fr_FR\" \/>\n<meta property=\"og:type\" content=\"article\" \/>\n<meta property=\"og:title\" content=\"Comment se pr\u00e9parer \u00e0 l\u2019entretien annuel d\u2019\u00e9valuation ? - Guide pratique de l&#039;entretien d&#039;\u00e9valuation\" \/>\n<meta property=\"og:description\" content=\"Une pr\u00e9paration aux entretiens est essentielle. Il est n\u00e9cessaire pour les salari\u00e9s de s\u2019emparer de leur \u00e9valuation, c\u2019est-\u00e0-dire de s\u2019interroger sur ce qui doit \u00eatre \u00e9valu\u00e9 ou non et de s\u2019interroger sur ses propres objectifs. \u00c0 partir de l\u2019entretien de l\u2019ann\u00e9e pr\u00e9c\u00e9dente se pr\u00e9parer \u00e0 argumenter et \u00e0 interroger le hi\u00e9rarchique sur les moyens manquants [&hellip;]\" \/>\n<meta property=\"og:url\" content=\"https:\/\/syndicoop.fr\/evaluation\/evalue\/comment-se-preparer-a-lentretien-annuel-devaluation\/\" \/>\n<meta property=\"og:site_name\" content=\"Guide pratique de l&#039;entretien d&#039;\u00e9valuation\" \/>\n<meta property=\"article:publisher\" content=\"https:\/\/www.facebook.com\/UGICT\/\" \/>\n<meta property=\"article:modified_time\" content=\"2019-10-22T10:21:26+00:00\" \/>\n<meta property=\"og:image\" content=\"https:\/\/syndicoop.fr\/evaluation\/wp-content\/uploads\/sites\/40\/2019\/10\/Fiche-Evalue-04-Facebook-1200x630.jpg\" \/>\n\t<meta property=\"og:image:width\" content=\"2048\" \/>\n\t<meta property=\"og:image:height\" content=\"1075\" \/>\n\t<meta property=\"og:image:type\" content=\"image\/jpeg\" \/>\n<meta name=\"twitter:card\" content=\"summary_large_image\" \/>\n<meta name=\"twitter:site\" content=\"@CGTCadresTechs\" \/>\n<meta name=\"twitter:label1\" content=\"Dur\u00e9e de lecture estim\u00e9e\" \/>\n\t<meta name=\"twitter:data1\" content=\"3 minutes\" \/>\n<script type=\"application\/ld+json\" class=\"yoast-schema-graph\">{\"@context\":\"https:\/\/schema.org\",\"@graph\":[{\"@type\":\"WebPage\",\"@id\":\"https:\/\/syndicoop.fr\/evaluation\/evalue\/comment-se-preparer-a-lentretien-annuel-devaluation\/\",\"url\":\"https:\/\/syndicoop.fr\/evaluation\/evalue\/comment-se-preparer-a-lentretien-annuel-devaluation\/\",\"name\":\"Comment se pr\u00e9parer \u00e0 l\u2019entretien annuel d\u2019\u00e9valuation ? - Guide pratique de l&#039;entretien d&#039;\u00e9valuation\",\"isPartOf\":{\"@id\":\"https:\/\/syndicoop.fr\/evaluation\/#website\"},\"primaryImageOfPage\":{\"@id\":\"https:\/\/syndicoop.fr\/evaluation\/evalue\/comment-se-preparer-a-lentretien-annuel-devaluation\/#primaryimage\"},\"image\":{\"@id\":\"https:\/\/syndicoop.fr\/evaluation\/evalue\/comment-se-preparer-a-lentretien-annuel-devaluation\/#primaryimage\"},\"thumbnailUrl\":\"https:\/\/syndicoop.fr\/evaluation\/wp-content\/uploads\/sites\/40\/2019\/10\/Fiche-Evalue-04-Facebook-1200x630.jpg\",\"datePublished\":\"2019-10-07T13:39:12+00:00\",\"dateModified\":\"2019-10-22T10:21:26+00:00\",\"breadcrumb\":{\"@id\":\"https:\/\/syndicoop.fr\/evaluation\/evalue\/comment-se-preparer-a-lentretien-annuel-devaluation\/#breadcrumb\"},\"inLanguage\":\"fr-FR\",\"potentialAction\":[{\"@type\":\"ReadAction\",\"target\":[\"https:\/\/syndicoop.fr\/evaluation\/evalue\/comment-se-preparer-a-lentretien-annuel-devaluation\/\"]}]},{\"@type\":\"ImageObject\",\"inLanguage\":\"fr-FR\",\"@id\":\"https:\/\/syndicoop.fr\/evaluation\/evalue\/comment-se-preparer-a-lentretien-annuel-devaluation\/#primaryimage\",\"url\":\"https:\/\/syndicoop.fr\/evaluation\/wp-content\/uploads\/sites\/40\/2019\/10\/Fiche-Evalue-04-Facebook-1200x630.jpg\",\"contentUrl\":\"https:\/\/syndicoop.fr\/evaluation\/wp-content\/uploads\/sites\/40\/2019\/10\/Fiche-Evalue-04-Facebook-1200x630.jpg\",\"width\":2048,\"height\":1075},{\"@type\":\"BreadcrumbList\",\"@id\":\"https:\/\/syndicoop.fr\/evaluation\/evalue\/comment-se-preparer-a-lentretien-annuel-devaluation\/#breadcrumb\",\"itemListElement\":[{\"@type\":\"ListItem\",\"position\":1,\"name\":\"Accueil\",\"item\":\"https:\/\/syndicoop.fr\/evaluation\/\"},{\"@type\":\"ListItem\",\"position\":2,\"name\":\"Je suis \u00e9valu\u00e9\u00b7e\",\"item\":\"https:\/\/syndicoop.fr\/evaluation\/evalue\/\"},{\"@type\":\"ListItem\",\"position\":3,\"name\":\"Comment se pr\u00e9parer \u00e0 l\u2019entretien annuel d\u2019\u00e9valuation&#160;?\"}]},{\"@type\":\"WebSite\",\"@id\":\"https:\/\/syndicoop.fr\/evaluation\/#website\",\"url\":\"https:\/\/syndicoop.fr\/evaluation\/\",\"name\":\"Guide pratique de l&#039;entretien d&#039;\u00e9valuation\",\"description\":\"Avec Syndicoop, plateforme syndicale et coop\u00e9rative\",\"potentialAction\":[{\"@type\":\"SearchAction\",\"target\":{\"@type\":\"EntryPoint\",\"urlTemplate\":\"https:\/\/syndicoop.fr\/evaluation\/?s={search_term_string}\"},\"query-input\":{\"@type\":\"PropertyValueSpecification\",\"valueRequired\":true,\"valueName\":\"search_term_string\"}}],\"inLanguage\":\"fr-FR\"}]}<\/script>\n<!-- \/ Yoast SEO plugin. -->","yoast_head_json":{"title":"Comment se pr\u00e9parer \u00e0 l\u2019entretien annuel d\u2019\u00e9valuation ? - Guide pratique de l&#039;entretien d&#039;\u00e9valuation","robots":{"index":"index","follow":"follow","max-snippet":"max-snippet:-1","max-image-preview":"max-image-preview:large","max-video-preview":"max-video-preview:-1"},"canonical":"https:\/\/syndicoop.fr\/evaluation\/evalue\/comment-se-preparer-a-lentretien-annuel-devaluation\/","og_locale":"fr_FR","og_type":"article","og_title":"Comment se pr\u00e9parer \u00e0 l\u2019entretien annuel d\u2019\u00e9valuation ? - Guide pratique de l&#039;entretien d&#039;\u00e9valuation","og_description":"Une pr\u00e9paration aux entretiens est essentielle. Il est n\u00e9cessaire pour les salari\u00e9s de s\u2019emparer de leur \u00e9valuation, c\u2019est-\u00e0-dire de s\u2019interroger sur ce qui doit \u00eatre \u00e9valu\u00e9 ou non et de s\u2019interroger sur ses propres objectifs. \u00c0 partir de l\u2019entretien de l\u2019ann\u00e9e pr\u00e9c\u00e9dente se pr\u00e9parer \u00e0 argumenter et \u00e0 interroger le hi\u00e9rarchique sur les moyens manquants [&hellip;]","og_url":"https:\/\/syndicoop.fr\/evaluation\/evalue\/comment-se-preparer-a-lentretien-annuel-devaluation\/","og_site_name":"Guide pratique de l&#039;entretien d&#039;\u00e9valuation","article_publisher":"https:\/\/www.facebook.com\/UGICT\/","article_modified_time":"2019-10-22T10:21:26+00:00","og_image":[{"width":2048,"height":1075,"url":"https:\/\/syndicoop.fr\/evaluation\/wp-content\/uploads\/sites\/40\/2019\/10\/Fiche-Evalue-04-Facebook-1200x630.jpg","type":"image\/jpeg"}],"twitter_card":"summary_large_image","twitter_site":"@CGTCadresTechs","twitter_misc":{"Dur\u00e9e de lecture estim\u00e9e":"3 minutes"},"schema":{"@context":"https:\/\/schema.org","@graph":[{"@type":"WebPage","@id":"https:\/\/syndicoop.fr\/evaluation\/evalue\/comment-se-preparer-a-lentretien-annuel-devaluation\/","url":"https:\/\/syndicoop.fr\/evaluation\/evalue\/comment-se-preparer-a-lentretien-annuel-devaluation\/","name":"Comment se pr\u00e9parer \u00e0 l\u2019entretien annuel d\u2019\u00e9valuation ? - Guide pratique de l&#039;entretien d&#039;\u00e9valuation","isPartOf":{"@id":"https:\/\/syndicoop.fr\/evaluation\/#website"},"primaryImageOfPage":{"@id":"https:\/\/syndicoop.fr\/evaluation\/evalue\/comment-se-preparer-a-lentretien-annuel-devaluation\/#primaryimage"},"image":{"@id":"https:\/\/syndicoop.fr\/evaluation\/evalue\/comment-se-preparer-a-lentretien-annuel-devaluation\/#primaryimage"},"thumbnailUrl":"https:\/\/syndicoop.fr\/evaluation\/wp-content\/uploads\/sites\/40\/2019\/10\/Fiche-Evalue-04-Facebook-1200x630.jpg","datePublished":"2019-10-07T13:39:12+00:00","dateModified":"2019-10-22T10:21:26+00:00","breadcrumb":{"@id":"https:\/\/syndicoop.fr\/evaluation\/evalue\/comment-se-preparer-a-lentretien-annuel-devaluation\/#breadcrumb"},"inLanguage":"fr-FR","potentialAction":[{"@type":"ReadAction","target":["https:\/\/syndicoop.fr\/evaluation\/evalue\/comment-se-preparer-a-lentretien-annuel-devaluation\/"]}]},{"@type":"ImageObject","inLanguage":"fr-FR","@id":"https:\/\/syndicoop.fr\/evaluation\/evalue\/comment-se-preparer-a-lentretien-annuel-devaluation\/#primaryimage","url":"https:\/\/syndicoop.fr\/evaluation\/wp-content\/uploads\/sites\/40\/2019\/10\/Fiche-Evalue-04-Facebook-1200x630.jpg","contentUrl":"https:\/\/syndicoop.fr\/evaluation\/wp-content\/uploads\/sites\/40\/2019\/10\/Fiche-Evalue-04-Facebook-1200x630.jpg","width":2048,"height":1075},{"@type":"BreadcrumbList","@id":"https:\/\/syndicoop.fr\/evaluation\/evalue\/comment-se-preparer-a-lentretien-annuel-devaluation\/#breadcrumb","itemListElement":[{"@type":"ListItem","position":1,"name":"Accueil","item":"https:\/\/syndicoop.fr\/evaluation\/"},{"@type":"ListItem","position":2,"name":"Je suis \u00e9valu\u00e9\u00b7e","item":"https:\/\/syndicoop.fr\/evaluation\/evalue\/"},{"@type":"ListItem","position":3,"name":"Comment se pr\u00e9parer \u00e0 l\u2019entretien annuel d\u2019\u00e9valuation&#160;?"}]},{"@type":"WebSite","@id":"https:\/\/syndicoop.fr\/evaluation\/#website","url":"https:\/\/syndicoop.fr\/evaluation\/","name":"Guide pratique de l&#039;entretien d&#039;\u00e9valuation","description":"Avec Syndicoop, plateforme syndicale et coop\u00e9rative","potentialAction":[{"@type":"SearchAction","target":{"@type":"EntryPoint","urlTemplate":"https:\/\/syndicoop.fr\/evaluation\/?s={search_term_string}"},"query-input":{"@type":"PropertyValueSpecification","valueRequired":true,"valueName":"search_term_string"}}],"inLanguage":"fr-FR"}]}},"_links":{"self":[{"href":"https:\/\/syndicoop.fr\/evaluation\/wp-json\/wp\/v2\/pages\/29","targetHints":{"allow":["GET"]}}],"collection":[{"href":"https:\/\/syndicoop.fr\/evaluation\/wp-json\/wp\/v2\/pages"}],"about":[{"href":"https:\/\/syndicoop.fr\/evaluation\/wp-json\/wp\/v2\/types\/page"}],"author":[{"embeddable":true,"href":"https:\/\/syndicoop.fr\/evaluation\/wp-json\/wp\/v2\/users\/1"}],"replies":[{"embeddable":true,"href":"https:\/\/syndicoop.fr\/evaluation\/wp-json\/wp\/v2\/comments?post=29"}],"version-history":[{"count":0,"href":"https:\/\/syndicoop.fr\/evaluation\/wp-json\/wp\/v2\/pages\/29\/revisions"}],"up":[{"embeddable":true,"href":"https:\/\/syndicoop.fr\/evaluation\/wp-json\/wp\/v2\/pages\/6"}],"wp:featuredmedia":[{"embeddable":true,"href":"https:\/\/syndicoop.fr\/evaluation\/wp-json\/wp\/v2\/media\/169"}],"wp:attachment":[{"href":"https:\/\/syndicoop.fr\/evaluation\/wp-json\/wp\/v2\/media?parent=29"}],"curies":[{"name":"wp","href":"https:\/\/api.w.org\/{rel}","templated":true}]}}