{"id":35,"date":"2019-10-07T15:40:07","date_gmt":"2019-10-07T13:40:07","guid":{"rendered":"https:\/\/syndicoop.fr\/evaluation\/?page_id=35"},"modified":"2019-10-22T12:20:25","modified_gmt":"2019-10-22T10:20:25","slug":"quest-ce-que-levaluation","status":"publish","type":"page","link":"https:\/\/syndicoop.fr\/evaluation\/evalue\/quest-ce-que-levaluation\/","title":{"rendered":"Qu\u2019est-ce que l\u2019\u00e9valuation ?"},"content":{"rendered":"<p class=\"p1\">L\u2019\u00e9valuation, au sens g\u00e9n\u00e9ral, renvoie au management mis en place par les directions. Les enjeux de l\u2019\u00e9valuation pour la direction portent sur :<\/p>\n<p class=\"p1\">\u2022 la d\u00e9finition des<span class=\"Apple-converted-space\">\u00a0 <\/span>missions et de l\u2019organisation du travail (concernant les cadres dirigeants, il s\u2019agit de l\u2019\u00e9laboration de la lettre de mission),<\/p>\n<p class=\"p1\">\u2022 la codification des comportements selon des normes ou des \u00ab valeurs \u00bb propres \u00e0 l\u2019entreprise ou l\u2019administration,<\/p>\n<p class=\"p1\">\u2022 le pilotage et la \u00ab ma\u00eetrise \u00bb des politiques indemnitaires (primes, r\u00e9mun\u00e9rations variables),<\/p>\n<p class=\"p1\">\u2022 la gestion de l\u2019\u00e9volution des emplois et leur co\u00fbt pour \u00ab ma\u00eetriser \u00bb la masse salariale.<\/p>\n<p class=\"p3\"><b>Attention, l\u2019\u00e9valuation est encadre par le loi, et l\u2019employeur ne peut pas faire n\u2019importe quoi !<\/b><\/p>\n<p class=\"p1\"><span class=\"s1\">Les informations demand\u00e9es \u00e0 un salari\u00e9, sous quelle que forme que ce soit, ne peuvent avoir comme finalit\u00e9 que d\u2019appr\u00e9cier ses aptitudes professionnelles. Ces informations doivent pr\u00e9senter un lien direct et n\u00e9cessaire avec l\u2019\u00e9valuation de ses aptitudes (Code du travail, art. L. 1222.2). Aucun \u00e9l\u00e9ment en rapport avec la vie priv\u00e9e du salari\u00e9 ne peut \u00eatre collect\u00e9. En cas d\u2019utilisation de \u00ab zones commentaires \u00bb, les appr\u00e9ciations y figurant doivent \u00eatre pertinentes, ad\u00e9quates, non excessives et purement objectives. Aucun commentaire subjectif, outrancier, voire insultant ne peut y figurer (fiche pratique de la CNIL, 11 mai 2011).<\/span><\/p>\n<p>&nbsp;<\/p>\n<p><strong><span class=\"focus\">L&rsquo;Ugict-CGT agit pour :<br \/>\n<\/span><\/strong><span class=\"focus\"><span class=\"s1\"><b>1.<\/b><\/span><b> <\/b>Une \u00e9valuation collective des objectifs par service, qui doit s\u2019accompagner d\u2019une discussion sur les incidences pr\u00e9visibles et les moyens n\u00e9cessaires.<br \/>\n<\/span><span class=\"focus\"><span class=\"s1\"><b>2.<\/b><\/span><b> <\/b>La mise en place de garanties dans le processus d\u2019\u00e9valuation du travail (transparence, possibilit\u00e9 de recours).<br \/>\n<\/span><span class=\"focus\"><span class=\"s1\"><b>3.<\/b><\/span><b> <\/b>La prise en compte de la dimension collective du travail dans les \u00e9valuations et la reconnaissance de l\u2019apport individuel dans ce contexte afin de maintenir la coh\u00e9sion du collectif de travail.<br \/>\n<\/span><span class=\"focus\"><span class=\"s1\"><b>4.<\/b><\/span><b> <\/b>En cas de d\u00e9saccord avec les objectifs fix\u00e9s, le recours aupr\u00e8s d\u2019une instance professionnelle, bas\u00e9e sur le collectif de travail, en pr\u00e9sence des repr\u00e9sentants du personnel.<br \/>\n<\/span><span class=\"focus\"><span class=\"s1\"><b>5.<\/b><\/span><b> <\/b>La reconnaissance des \u00ab comp\u00e9tences \u00bb par un management et une \u00e9valuation professionnelle qui restaure la valeur et le sens du travail, les qualifications et l\u2019\u00e9thique professionnelle.<\/span><\/p>\n","protected":false},"excerpt":{"rendered":"<p>L\u2019\u00e9valuation, au sens g\u00e9n\u00e9ral, renvoie au management mis en place par les directions. Les enjeux de l\u2019\u00e9valuation pour la direction portent sur : \u2022 la d\u00e9finition des\u00a0 missions et de l\u2019organisation du travail (concernant les cadres dirigeants, il s\u2019agit de l\u2019\u00e9laboration de la lettre de mission), \u2022 la codification des comportements selon des normes ou [&hellip;]<\/p>\n","protected":false},"author":1,"featured_media":165,"parent":6,"menu_order":1,"comment_status":"closed","ping_status":"closed","template":"","meta":{"footnotes":""},"class_list":["post-35","page","type-page","status-publish","has-post-thumbnail","hentry"],"yoast_head":"<!-- This site is optimized with the Yoast SEO plugin v26.3 - https:\/\/yoast.com\/wordpress\/plugins\/seo\/ -->\n<title>Qu\u2019est-ce que l\u2019\u00e9valuation ? - Guide pratique de l&#039;entretien d&#039;\u00e9valuation<\/title>\n<meta name=\"robots\" content=\"index, follow, max-snippet:-1, max-image-preview:large, max-video-preview:-1\" \/>\n<link rel=\"canonical\" href=\"https:\/\/syndicoop.fr\/evaluation\/evalue\/quest-ce-que-levaluation\/\" \/>\n<meta property=\"og:locale\" content=\"fr_FR\" \/>\n<meta property=\"og:type\" content=\"article\" \/>\n<meta property=\"og:title\" content=\"Qu\u2019est-ce que l\u2019\u00e9valuation ? - Guide pratique de l&#039;entretien d&#039;\u00e9valuation\" \/>\n<meta property=\"og:description\" content=\"L\u2019\u00e9valuation, au sens g\u00e9n\u00e9ral, renvoie au management mis en place par les directions. Les enjeux de l\u2019\u00e9valuation pour la direction portent sur : \u2022 la d\u00e9finition des\u00a0 missions et de l\u2019organisation du travail (concernant les cadres dirigeants, il s\u2019agit de l\u2019\u00e9laboration de la lettre de mission), \u2022 la codification des comportements selon des normes ou [&hellip;]\" \/>\n<meta property=\"og:url\" content=\"https:\/\/syndicoop.fr\/evaluation\/evalue\/quest-ce-que-levaluation\/\" \/>\n<meta property=\"og:site_name\" content=\"Guide pratique de l&#039;entretien d&#039;\u00e9valuation\" \/>\n<meta property=\"article:publisher\" content=\"https:\/\/www.facebook.com\/UGICT\/\" \/>\n<meta property=\"article:modified_time\" content=\"2019-10-22T10:20:25+00:00\" \/>\n<meta property=\"og:image\" content=\"https:\/\/syndicoop.fr\/evaluation\/wp-content\/uploads\/sites\/40\/2019\/10\/Fiche-Evalue-01-Facebook-1200x630.jpg\" \/>\n\t<meta property=\"og:image:width\" content=\"2048\" \/>\n\t<meta property=\"og:image:height\" content=\"1075\" \/>\n\t<meta property=\"og:image:type\" content=\"image\/jpeg\" \/>\n<meta name=\"twitter:card\" content=\"summary_large_image\" \/>\n<meta name=\"twitter:site\" content=\"@CGTCadresTechs\" \/>\n<meta name=\"twitter:label1\" content=\"Dur\u00e9e de lecture estim\u00e9e\" \/>\n\t<meta name=\"twitter:data1\" content=\"2 minutes\" \/>\n<script type=\"application\/ld+json\" class=\"yoast-schema-graph\">{\"@context\":\"https:\/\/schema.org\",\"@graph\":[{\"@type\":\"WebPage\",\"@id\":\"https:\/\/syndicoop.fr\/evaluation\/evalue\/quest-ce-que-levaluation\/\",\"url\":\"https:\/\/syndicoop.fr\/evaluation\/evalue\/quest-ce-que-levaluation\/\",\"name\":\"Qu\u2019est-ce que l\u2019\u00e9valuation ? - Guide pratique de l&#039;entretien d&#039;\u00e9valuation\",\"isPartOf\":{\"@id\":\"https:\/\/syndicoop.fr\/evaluation\/#website\"},\"primaryImageOfPage\":{\"@id\":\"https:\/\/syndicoop.fr\/evaluation\/evalue\/quest-ce-que-levaluation\/#primaryimage\"},\"image\":{\"@id\":\"https:\/\/syndicoop.fr\/evaluation\/evalue\/quest-ce-que-levaluation\/#primaryimage\"},\"thumbnailUrl\":\"https:\/\/syndicoop.fr\/evaluation\/wp-content\/uploads\/sites\/40\/2019\/10\/Fiche-Evalue-01-Facebook-1200x630.jpg\",\"datePublished\":\"2019-10-07T13:40:07+00:00\",\"dateModified\":\"2019-10-22T10:20:25+00:00\",\"breadcrumb\":{\"@id\":\"https:\/\/syndicoop.fr\/evaluation\/evalue\/quest-ce-que-levaluation\/#breadcrumb\"},\"inLanguage\":\"fr-FR\",\"potentialAction\":[{\"@type\":\"ReadAction\",\"target\":[\"https:\/\/syndicoop.fr\/evaluation\/evalue\/quest-ce-que-levaluation\/\"]}]},{\"@type\":\"ImageObject\",\"inLanguage\":\"fr-FR\",\"@id\":\"https:\/\/syndicoop.fr\/evaluation\/evalue\/quest-ce-que-levaluation\/#primaryimage\",\"url\":\"https:\/\/syndicoop.fr\/evaluation\/wp-content\/uploads\/sites\/40\/2019\/10\/Fiche-Evalue-01-Facebook-1200x630.jpg\",\"contentUrl\":\"https:\/\/syndicoop.fr\/evaluation\/wp-content\/uploads\/sites\/40\/2019\/10\/Fiche-Evalue-01-Facebook-1200x630.jpg\",\"width\":2048,\"height\":1075},{\"@type\":\"BreadcrumbList\",\"@id\":\"https:\/\/syndicoop.fr\/evaluation\/evalue\/quest-ce-que-levaluation\/#breadcrumb\",\"itemListElement\":[{\"@type\":\"ListItem\",\"position\":1,\"name\":\"Accueil\",\"item\":\"https:\/\/syndicoop.fr\/evaluation\/\"},{\"@type\":\"ListItem\",\"position\":2,\"name\":\"Je suis \u00e9valu\u00e9\u00b7e\",\"item\":\"https:\/\/syndicoop.fr\/evaluation\/evalue\/\"},{\"@type\":\"ListItem\",\"position\":3,\"name\":\"Qu\u2019est-ce que l\u2019\u00e9valuation&#160;?\"}]},{\"@type\":\"WebSite\",\"@id\":\"https:\/\/syndicoop.fr\/evaluation\/#website\",\"url\":\"https:\/\/syndicoop.fr\/evaluation\/\",\"name\":\"Guide pratique de l&#039;entretien d&#039;\u00e9valuation\",\"description\":\"Avec Syndicoop, plateforme syndicale et coop\u00e9rative\",\"potentialAction\":[{\"@type\":\"SearchAction\",\"target\":{\"@type\":\"EntryPoint\",\"urlTemplate\":\"https:\/\/syndicoop.fr\/evaluation\/?s={search_term_string}\"},\"query-input\":{\"@type\":\"PropertyValueSpecification\",\"valueRequired\":true,\"valueName\":\"search_term_string\"}}],\"inLanguage\":\"fr-FR\"}]}<\/script>\n<!-- \/ Yoast SEO plugin. -->","yoast_head_json":{"title":"Qu\u2019est-ce que l\u2019\u00e9valuation ? - Guide pratique de l&#039;entretien d&#039;\u00e9valuation","robots":{"index":"index","follow":"follow","max-snippet":"max-snippet:-1","max-image-preview":"max-image-preview:large","max-video-preview":"max-video-preview:-1"},"canonical":"https:\/\/syndicoop.fr\/evaluation\/evalue\/quest-ce-que-levaluation\/","og_locale":"fr_FR","og_type":"article","og_title":"Qu\u2019est-ce que l\u2019\u00e9valuation ? - Guide pratique de l&#039;entretien d&#039;\u00e9valuation","og_description":"L\u2019\u00e9valuation, au sens g\u00e9n\u00e9ral, renvoie au management mis en place par les directions. Les enjeux de l\u2019\u00e9valuation pour la direction portent sur : \u2022 la d\u00e9finition des\u00a0 missions et de l\u2019organisation du travail (concernant les cadres dirigeants, il s\u2019agit de l\u2019\u00e9laboration de la lettre de mission), \u2022 la codification des comportements selon des normes ou [&hellip;]","og_url":"https:\/\/syndicoop.fr\/evaluation\/evalue\/quest-ce-que-levaluation\/","og_site_name":"Guide pratique de l&#039;entretien d&#039;\u00e9valuation","article_publisher":"https:\/\/www.facebook.com\/UGICT\/","article_modified_time":"2019-10-22T10:20:25+00:00","og_image":[{"width":2048,"height":1075,"url":"https:\/\/syndicoop.fr\/evaluation\/wp-content\/uploads\/sites\/40\/2019\/10\/Fiche-Evalue-01-Facebook-1200x630.jpg","type":"image\/jpeg"}],"twitter_card":"summary_large_image","twitter_site":"@CGTCadresTechs","twitter_misc":{"Dur\u00e9e de lecture estim\u00e9e":"2 minutes"},"schema":{"@context":"https:\/\/schema.org","@graph":[{"@type":"WebPage","@id":"https:\/\/syndicoop.fr\/evaluation\/evalue\/quest-ce-que-levaluation\/","url":"https:\/\/syndicoop.fr\/evaluation\/evalue\/quest-ce-que-levaluation\/","name":"Qu\u2019est-ce que l\u2019\u00e9valuation ? - Guide pratique de l&#039;entretien d&#039;\u00e9valuation","isPartOf":{"@id":"https:\/\/syndicoop.fr\/evaluation\/#website"},"primaryImageOfPage":{"@id":"https:\/\/syndicoop.fr\/evaluation\/evalue\/quest-ce-que-levaluation\/#primaryimage"},"image":{"@id":"https:\/\/syndicoop.fr\/evaluation\/evalue\/quest-ce-que-levaluation\/#primaryimage"},"thumbnailUrl":"https:\/\/syndicoop.fr\/evaluation\/wp-content\/uploads\/sites\/40\/2019\/10\/Fiche-Evalue-01-Facebook-1200x630.jpg","datePublished":"2019-10-07T13:40:07+00:00","dateModified":"2019-10-22T10:20:25+00:00","breadcrumb":{"@id":"https:\/\/syndicoop.fr\/evaluation\/evalue\/quest-ce-que-levaluation\/#breadcrumb"},"inLanguage":"fr-FR","potentialAction":[{"@type":"ReadAction","target":["https:\/\/syndicoop.fr\/evaluation\/evalue\/quest-ce-que-levaluation\/"]}]},{"@type":"ImageObject","inLanguage":"fr-FR","@id":"https:\/\/syndicoop.fr\/evaluation\/evalue\/quest-ce-que-levaluation\/#primaryimage","url":"https:\/\/syndicoop.fr\/evaluation\/wp-content\/uploads\/sites\/40\/2019\/10\/Fiche-Evalue-01-Facebook-1200x630.jpg","contentUrl":"https:\/\/syndicoop.fr\/evaluation\/wp-content\/uploads\/sites\/40\/2019\/10\/Fiche-Evalue-01-Facebook-1200x630.jpg","width":2048,"height":1075},{"@type":"BreadcrumbList","@id":"https:\/\/syndicoop.fr\/evaluation\/evalue\/quest-ce-que-levaluation\/#breadcrumb","itemListElement":[{"@type":"ListItem","position":1,"name":"Accueil","item":"https:\/\/syndicoop.fr\/evaluation\/"},{"@type":"ListItem","position":2,"name":"Je suis \u00e9valu\u00e9\u00b7e","item":"https:\/\/syndicoop.fr\/evaluation\/evalue\/"},{"@type":"ListItem","position":3,"name":"Qu\u2019est-ce que l\u2019\u00e9valuation&#160;?"}]},{"@type":"WebSite","@id":"https:\/\/syndicoop.fr\/evaluation\/#website","url":"https:\/\/syndicoop.fr\/evaluation\/","name":"Guide pratique de l&#039;entretien d&#039;\u00e9valuation","description":"Avec Syndicoop, plateforme syndicale et coop\u00e9rative","potentialAction":[{"@type":"SearchAction","target":{"@type":"EntryPoint","urlTemplate":"https:\/\/syndicoop.fr\/evaluation\/?s={search_term_string}"},"query-input":{"@type":"PropertyValueSpecification","valueRequired":true,"valueName":"search_term_string"}}],"inLanguage":"fr-FR"}]}},"_links":{"self":[{"href":"https:\/\/syndicoop.fr\/evaluation\/wp-json\/wp\/v2\/pages\/35","targetHints":{"allow":["GET"]}}],"collection":[{"href":"https:\/\/syndicoop.fr\/evaluation\/wp-json\/wp\/v2\/pages"}],"about":[{"href":"https:\/\/syndicoop.fr\/evaluation\/wp-json\/wp\/v2\/types\/page"}],"author":[{"embeddable":true,"href":"https:\/\/syndicoop.fr\/evaluation\/wp-json\/wp\/v2\/users\/1"}],"replies":[{"embeddable":true,"href":"https:\/\/syndicoop.fr\/evaluation\/wp-json\/wp\/v2\/comments?post=35"}],"version-history":[{"count":0,"href":"https:\/\/syndicoop.fr\/evaluation\/wp-json\/wp\/v2\/pages\/35\/revisions"}],"up":[{"embeddable":true,"href":"https:\/\/syndicoop.fr\/evaluation\/wp-json\/wp\/v2\/pages\/6"}],"wp:featuredmedia":[{"embeddable":true,"href":"https:\/\/syndicoop.fr\/evaluation\/wp-json\/wp\/v2\/media\/165"}],"wp:attachment":[{"href":"https:\/\/syndicoop.fr\/evaluation\/wp-json\/wp\/v2\/media?parent=35"}],"curies":[{"name":"wp","href":"https:\/\/api.w.org\/{rel}","templated":true}]}}