{"id":5,"date":"2019-10-07T15:28:50","date_gmt":"2019-10-07T13:28:50","guid":{"rendered":"https:\/\/syndicoop.fr\/evaluation\/?page_id=5"},"modified":"2019-10-22T12:33:11","modified_gmt":"2019-10-22T10:33:11","slug":"suis-je-oblige%c2%b7e-daccepter-toutes-les-modalites-dentretien-que-lon-me-propose","status":"publish","type":"page","link":"https:\/\/syndicoop.fr\/evaluation\/evalue\/suis-je-oblige%c2%b7e-daccepter-toutes-les-modalites-dentretien-que-lon-me-propose\/","title":{"rendered":"Suis-je oblig\u00e9\u00b7e d\u2019accepter toutes les modalit\u00e9s d\u2019entretien que l\u2019on me propose ?"},"content":{"rendered":"<p>\u2022 L\u2019entretien annuel d\u2019\u00e9valuation doit \u00eatre r\u00e9alis\u00e9 pendant les heures de travail. Quand cela n\u2019est pas possible, cela peut se faire en dehors du temps de travail et ce temps pass\u00e9 en entretien doit \u00eatre r\u00e9mun\u00e9r\u00e9 en heures suppl\u00e9mentaires, ou r\u00e9cup\u00e9r\u00e9.<br \/>\n\u2022 Les entretiens d\u2019\u00e9valuation \u00e0 distance sont \u00e0 proscrire : le contact \u00ab humain \u00bb, en visuel, direct, doit affirmer son primat sur la technologie.<br \/>\n\u2022 Par ailleurs, l\u2019entretien doit se faire dans une langue maitris\u00e9e par l\u2019\u00e9valu\u00e9 et l\u2019\u00e9valuateur.<\/p>\n<p>Le salari\u00e9 doit \u00eatre inform\u00e9, pr\u00e9alablement \u00e0 leur mise en \u0153uvre, des m\u00e9thodes et techniques d\u2019\u00e9valuation utilis\u00e9es \u00e0 son \u00e9gard (Code du travail, art. L. 1222-3), ainsi que de l\u2019identit\u00e9 du responsable, de la finalit\u00e9 poursuivie, du caract\u00e8re obligatoire ou facultatif des r\u00e9ponses, des cons\u00e9quences d\u2019un d\u00e9faut de r\u00e9ponse, ainsi que des destinataires des informations recueillies (fiche pratique de la Cnil, 11 mai 2011).<\/p>\n","protected":false},"excerpt":{"rendered":"<p>\u2022 L\u2019entretien annuel d\u2019\u00e9valuation doit \u00eatre r\u00e9alis\u00e9 pendant les heures de travail. Quand cela n\u2019est pas possible, cela peut se faire en dehors du temps de travail et ce temps pass\u00e9 en entretien doit \u00eatre r\u00e9mun\u00e9r\u00e9 en heures suppl\u00e9mentaires, ou r\u00e9cup\u00e9r\u00e9. \u2022 Les entretiens d\u2019\u00e9valuation \u00e0 distance sont \u00e0 proscrire : le contact \u00ab humain [&hellip;]<\/p>\n","protected":false},"author":1,"featured_media":182,"parent":6,"menu_order":15,"comment_status":"closed","ping_status":"closed","template":"","meta":{"footnotes":""},"class_list":["post-5","page","type-page","status-publish","has-post-thumbnail","hentry"],"yoast_head":"<!-- This site is optimized with the Yoast SEO plugin v26.3 - https:\/\/yoast.com\/wordpress\/plugins\/seo\/ -->\n<title>Suis-je oblig\u00e9\u00b7e d\u2019accepter toutes les modalit\u00e9s d\u2019entretien que l\u2019on me propose ? - Guide pratique de l&#039;entretien d&#039;\u00e9valuation<\/title>\n<meta name=\"robots\" content=\"index, follow, max-snippet:-1, max-image-preview:large, max-video-preview:-1\" \/>\n<link rel=\"canonical\" href=\"https:\/\/syndicoop.fr\/evaluation\/evalue\/suis-je-oblige\u00b7e-daccepter-toutes-les-modalites-dentretien-que-lon-me-propose\/\" \/>\n<meta property=\"og:locale\" content=\"fr_FR\" \/>\n<meta property=\"og:type\" content=\"article\" \/>\n<meta property=\"og:title\" content=\"Suis-je oblig\u00e9\u00b7e d\u2019accepter toutes les modalit\u00e9s d\u2019entretien que l\u2019on me propose ? - Guide pratique de l&#039;entretien d&#039;\u00e9valuation\" \/>\n<meta property=\"og:description\" content=\"\u2022 L\u2019entretien annuel d\u2019\u00e9valuation doit \u00eatre r\u00e9alis\u00e9 pendant les heures de travail. Quand cela n\u2019est pas possible, cela peut se faire en dehors du temps de travail et ce temps pass\u00e9 en entretien doit \u00eatre r\u00e9mun\u00e9r\u00e9 en heures suppl\u00e9mentaires, ou r\u00e9cup\u00e9r\u00e9. \u2022 Les entretiens d\u2019\u00e9valuation \u00e0 distance sont \u00e0 proscrire : le contact \u00ab humain [&hellip;]\" \/>\n<meta property=\"og:url\" content=\"https:\/\/syndicoop.fr\/evaluation\/evalue\/suis-je-oblige\u00b7e-daccepter-toutes-les-modalites-dentretien-que-lon-me-propose\/\" \/>\n<meta property=\"og:site_name\" content=\"Guide pratique de l&#039;entretien d&#039;\u00e9valuation\" \/>\n<meta property=\"article:publisher\" content=\"https:\/\/www.facebook.com\/UGICT\/\" \/>\n<meta property=\"article:modified_time\" content=\"2019-10-22T10:33:11+00:00\" \/>\n<meta property=\"og:image\" content=\"https:\/\/syndicoop.fr\/evaluation\/wp-content\/uploads\/sites\/40\/2019\/10\/Fiche-Evalue-15-Facebook-1200x630.jpg\" \/>\n\t<meta property=\"og:image:width\" content=\"2048\" \/>\n\t<meta property=\"og:image:height\" content=\"1075\" \/>\n\t<meta property=\"og:image:type\" content=\"image\/jpeg\" \/>\n<meta name=\"twitter:card\" content=\"summary_large_image\" \/>\n<meta name=\"twitter:site\" content=\"@CGTCadresTechs\" \/>\n<meta name=\"twitter:label1\" content=\"Dur\u00e9e de lecture estim\u00e9e\" \/>\n\t<meta name=\"twitter:data1\" content=\"1 minute\" \/>\n<script type=\"application\/ld+json\" class=\"yoast-schema-graph\">{\"@context\":\"https:\/\/schema.org\",\"@graph\":[{\"@type\":\"WebPage\",\"@id\":\"https:\/\/syndicoop.fr\/evaluation\/evalue\/suis-je-oblige%c2%b7e-daccepter-toutes-les-modalites-dentretien-que-lon-me-propose\/\",\"url\":\"https:\/\/syndicoop.fr\/evaluation\/evalue\/suis-je-oblige%c2%b7e-daccepter-toutes-les-modalites-dentretien-que-lon-me-propose\/\",\"name\":\"Suis-je oblig\u00e9\u00b7e d\u2019accepter toutes les modalit\u00e9s d\u2019entretien que l\u2019on me propose ? - Guide pratique de l&#039;entretien d&#039;\u00e9valuation\",\"isPartOf\":{\"@id\":\"https:\/\/syndicoop.fr\/evaluation\/#website\"},\"primaryImageOfPage\":{\"@id\":\"https:\/\/syndicoop.fr\/evaluation\/evalue\/suis-je-oblige%c2%b7e-daccepter-toutes-les-modalites-dentretien-que-lon-me-propose\/#primaryimage\"},\"image\":{\"@id\":\"https:\/\/syndicoop.fr\/evaluation\/evalue\/suis-je-oblige%c2%b7e-daccepter-toutes-les-modalites-dentretien-que-lon-me-propose\/#primaryimage\"},\"thumbnailUrl\":\"https:\/\/syndicoop.fr\/evaluation\/wp-content\/uploads\/sites\/40\/2019\/10\/Fiche-Evalue-15-Facebook-1200x630.jpg\",\"datePublished\":\"2019-10-07T13:28:50+00:00\",\"dateModified\":\"2019-10-22T10:33:11+00:00\",\"breadcrumb\":{\"@id\":\"https:\/\/syndicoop.fr\/evaluation\/evalue\/suis-je-oblige%c2%b7e-daccepter-toutes-les-modalites-dentretien-que-lon-me-propose\/#breadcrumb\"},\"inLanguage\":\"fr-FR\",\"potentialAction\":[{\"@type\":\"ReadAction\",\"target\":[\"https:\/\/syndicoop.fr\/evaluation\/evalue\/suis-je-oblige%c2%b7e-daccepter-toutes-les-modalites-dentretien-que-lon-me-propose\/\"]}]},{\"@type\":\"ImageObject\",\"inLanguage\":\"fr-FR\",\"@id\":\"https:\/\/syndicoop.fr\/evaluation\/evalue\/suis-je-oblige%c2%b7e-daccepter-toutes-les-modalites-dentretien-que-lon-me-propose\/#primaryimage\",\"url\":\"https:\/\/syndicoop.fr\/evaluation\/wp-content\/uploads\/sites\/40\/2019\/10\/Fiche-Evalue-15-Facebook-1200x630.jpg\",\"contentUrl\":\"https:\/\/syndicoop.fr\/evaluation\/wp-content\/uploads\/sites\/40\/2019\/10\/Fiche-Evalue-15-Facebook-1200x630.jpg\",\"width\":2048,\"height\":1075},{\"@type\":\"BreadcrumbList\",\"@id\":\"https:\/\/syndicoop.fr\/evaluation\/evalue\/suis-je-oblige%c2%b7e-daccepter-toutes-les-modalites-dentretien-que-lon-me-propose\/#breadcrumb\",\"itemListElement\":[{\"@type\":\"ListItem\",\"position\":1,\"name\":\"Accueil\",\"item\":\"https:\/\/syndicoop.fr\/evaluation\/\"},{\"@type\":\"ListItem\",\"position\":2,\"name\":\"Je suis \u00e9valu\u00e9\u00b7e\",\"item\":\"https:\/\/syndicoop.fr\/evaluation\/evalue\/\"},{\"@type\":\"ListItem\",\"position\":3,\"name\":\"Suis-je oblig\u00e9\u00b7e d\u2019accepter toutes les modalit\u00e9s d\u2019entretien que l\u2019on me propose&#160;?\"}]},{\"@type\":\"WebSite\",\"@id\":\"https:\/\/syndicoop.fr\/evaluation\/#website\",\"url\":\"https:\/\/syndicoop.fr\/evaluation\/\",\"name\":\"Guide pratique de l&#039;entretien d&#039;\u00e9valuation\",\"description\":\"Avec Syndicoop, plateforme syndicale et coop\u00e9rative\",\"potentialAction\":[{\"@type\":\"SearchAction\",\"target\":{\"@type\":\"EntryPoint\",\"urlTemplate\":\"https:\/\/syndicoop.fr\/evaluation\/?s={search_term_string}\"},\"query-input\":{\"@type\":\"PropertyValueSpecification\",\"valueRequired\":true,\"valueName\":\"search_term_string\"}}],\"inLanguage\":\"fr-FR\"}]}<\/script>\n<!-- \/ Yoast SEO plugin. -->","yoast_head_json":{"title":"Suis-je oblig\u00e9\u00b7e d\u2019accepter toutes les modalit\u00e9s d\u2019entretien que l\u2019on me propose ? - Guide pratique de l&#039;entretien d&#039;\u00e9valuation","robots":{"index":"index","follow":"follow","max-snippet":"max-snippet:-1","max-image-preview":"max-image-preview:large","max-video-preview":"max-video-preview:-1"},"canonical":"https:\/\/syndicoop.fr\/evaluation\/evalue\/suis-je-oblige\u00b7e-daccepter-toutes-les-modalites-dentretien-que-lon-me-propose\/","og_locale":"fr_FR","og_type":"article","og_title":"Suis-je oblig\u00e9\u00b7e d\u2019accepter toutes les modalit\u00e9s d\u2019entretien que l\u2019on me propose ? - Guide pratique de l&#039;entretien d&#039;\u00e9valuation","og_description":"\u2022 L\u2019entretien annuel d\u2019\u00e9valuation doit \u00eatre r\u00e9alis\u00e9 pendant les heures de travail. Quand cela n\u2019est pas possible, cela peut se faire en dehors du temps de travail et ce temps pass\u00e9 en entretien doit \u00eatre r\u00e9mun\u00e9r\u00e9 en heures suppl\u00e9mentaires, ou r\u00e9cup\u00e9r\u00e9. \u2022 Les entretiens d\u2019\u00e9valuation \u00e0 distance sont \u00e0 proscrire : le contact \u00ab humain [&hellip;]","og_url":"https:\/\/syndicoop.fr\/evaluation\/evalue\/suis-je-oblige\u00b7e-daccepter-toutes-les-modalites-dentretien-que-lon-me-propose\/","og_site_name":"Guide pratique de l&#039;entretien d&#039;\u00e9valuation","article_publisher":"https:\/\/www.facebook.com\/UGICT\/","article_modified_time":"2019-10-22T10:33:11+00:00","og_image":[{"width":2048,"height":1075,"url":"https:\/\/syndicoop.fr\/evaluation\/wp-content\/uploads\/sites\/40\/2019\/10\/Fiche-Evalue-15-Facebook-1200x630.jpg","type":"image\/jpeg"}],"twitter_card":"summary_large_image","twitter_site":"@CGTCadresTechs","twitter_misc":{"Dur\u00e9e de lecture estim\u00e9e":"1 minute"},"schema":{"@context":"https:\/\/schema.org","@graph":[{"@type":"WebPage","@id":"https:\/\/syndicoop.fr\/evaluation\/evalue\/suis-je-oblige%c2%b7e-daccepter-toutes-les-modalites-dentretien-que-lon-me-propose\/","url":"https:\/\/syndicoop.fr\/evaluation\/evalue\/suis-je-oblige%c2%b7e-daccepter-toutes-les-modalites-dentretien-que-lon-me-propose\/","name":"Suis-je oblig\u00e9\u00b7e d\u2019accepter toutes les modalit\u00e9s d\u2019entretien que l\u2019on me propose ? - Guide pratique de l&#039;entretien d&#039;\u00e9valuation","isPartOf":{"@id":"https:\/\/syndicoop.fr\/evaluation\/#website"},"primaryImageOfPage":{"@id":"https:\/\/syndicoop.fr\/evaluation\/evalue\/suis-je-oblige%c2%b7e-daccepter-toutes-les-modalites-dentretien-que-lon-me-propose\/#primaryimage"},"image":{"@id":"https:\/\/syndicoop.fr\/evaluation\/evalue\/suis-je-oblige%c2%b7e-daccepter-toutes-les-modalites-dentretien-que-lon-me-propose\/#primaryimage"},"thumbnailUrl":"https:\/\/syndicoop.fr\/evaluation\/wp-content\/uploads\/sites\/40\/2019\/10\/Fiche-Evalue-15-Facebook-1200x630.jpg","datePublished":"2019-10-07T13:28:50+00:00","dateModified":"2019-10-22T10:33:11+00:00","breadcrumb":{"@id":"https:\/\/syndicoop.fr\/evaluation\/evalue\/suis-je-oblige%c2%b7e-daccepter-toutes-les-modalites-dentretien-que-lon-me-propose\/#breadcrumb"},"inLanguage":"fr-FR","potentialAction":[{"@type":"ReadAction","target":["https:\/\/syndicoop.fr\/evaluation\/evalue\/suis-je-oblige%c2%b7e-daccepter-toutes-les-modalites-dentretien-que-lon-me-propose\/"]}]},{"@type":"ImageObject","inLanguage":"fr-FR","@id":"https:\/\/syndicoop.fr\/evaluation\/evalue\/suis-je-oblige%c2%b7e-daccepter-toutes-les-modalites-dentretien-que-lon-me-propose\/#primaryimage","url":"https:\/\/syndicoop.fr\/evaluation\/wp-content\/uploads\/sites\/40\/2019\/10\/Fiche-Evalue-15-Facebook-1200x630.jpg","contentUrl":"https:\/\/syndicoop.fr\/evaluation\/wp-content\/uploads\/sites\/40\/2019\/10\/Fiche-Evalue-15-Facebook-1200x630.jpg","width":2048,"height":1075},{"@type":"BreadcrumbList","@id":"https:\/\/syndicoop.fr\/evaluation\/evalue\/suis-je-oblige%c2%b7e-daccepter-toutes-les-modalites-dentretien-que-lon-me-propose\/#breadcrumb","itemListElement":[{"@type":"ListItem","position":1,"name":"Accueil","item":"https:\/\/syndicoop.fr\/evaluation\/"},{"@type":"ListItem","position":2,"name":"Je suis \u00e9valu\u00e9\u00b7e","item":"https:\/\/syndicoop.fr\/evaluation\/evalue\/"},{"@type":"ListItem","position":3,"name":"Suis-je oblig\u00e9\u00b7e d\u2019accepter toutes les modalit\u00e9s d\u2019entretien que l\u2019on me propose&#160;?"}]},{"@type":"WebSite","@id":"https:\/\/syndicoop.fr\/evaluation\/#website","url":"https:\/\/syndicoop.fr\/evaluation\/","name":"Guide pratique de l&#039;entretien d&#039;\u00e9valuation","description":"Avec Syndicoop, plateforme syndicale et coop\u00e9rative","potentialAction":[{"@type":"SearchAction","target":{"@type":"EntryPoint","urlTemplate":"https:\/\/syndicoop.fr\/evaluation\/?s={search_term_string}"},"query-input":{"@type":"PropertyValueSpecification","valueRequired":true,"valueName":"search_term_string"}}],"inLanguage":"fr-FR"}]}},"_links":{"self":[{"href":"https:\/\/syndicoop.fr\/evaluation\/wp-json\/wp\/v2\/pages\/5","targetHints":{"allow":["GET"]}}],"collection":[{"href":"https:\/\/syndicoop.fr\/evaluation\/wp-json\/wp\/v2\/pages"}],"about":[{"href":"https:\/\/syndicoop.fr\/evaluation\/wp-json\/wp\/v2\/types\/page"}],"author":[{"embeddable":true,"href":"https:\/\/syndicoop.fr\/evaluation\/wp-json\/wp\/v2\/users\/1"}],"replies":[{"embeddable":true,"href":"https:\/\/syndicoop.fr\/evaluation\/wp-json\/wp\/v2\/comments?post=5"}],"version-history":[{"count":0,"href":"https:\/\/syndicoop.fr\/evaluation\/wp-json\/wp\/v2\/pages\/5\/revisions"}],"up":[{"embeddable":true,"href":"https:\/\/syndicoop.fr\/evaluation\/wp-json\/wp\/v2\/pages\/6"}],"wp:featuredmedia":[{"embeddable":true,"href":"https:\/\/syndicoop.fr\/evaluation\/wp-json\/wp\/v2\/media\/182"}],"wp:attachment":[{"href":"https:\/\/syndicoop.fr\/evaluation\/wp-json\/wp\/v2\/media?parent=5"}],"curies":[{"name":"wp","href":"https:\/\/api.w.org\/{rel}","templated":true}]}}