{"id":55,"date":"2019-10-07T15:42:52","date_gmt":"2019-10-07T13:42:52","guid":{"rendered":"https:\/\/syndicoop.fr\/evaluation\/?page_id=55"},"modified":"2019-10-07T16:15:44","modified_gmt":"2019-10-07T14:15:44","slug":"pourquoi-ce-guide","status":"publish","type":"page","link":"https:\/\/syndicoop.fr\/evaluation\/evalue\/pourquoi-ce-guide\/","title":{"rendered":"Pourquoi ce guide ?"},"content":{"rendered":"<p class=\"p1\">Pour les salari\u00e9\u00b7es, l\u2019entretien d\u2019\u00e9valuation renvoie \u00e0 la juste reconnaissance de leur implication, de la qualit\u00e9 de leur travail, et d\u00e9termine aussi le sens de leur engagement professionnel.<\/p>\n<p class=\"p1\">Pour les employeurs, l\u2019\u00e9valuation est de plus en plus utilis\u00e9e pour imposer aux salari\u00e9\u00b7e\u00b7s l\u2019atteinte d\u2019objectifs &#8211; souvent chiffr\u00e9s &#8211; d\u00e9connect\u00e9s de leur professionnalisme et de leur travail r\u00e9el. Ses r\u00e9sultats servent \u00e0 individualiser la r\u00e9mun\u00e9ration (part variable, augmentation annuelle, &#8230;). Ainsi, l\u2019entretien d\u2019\u00e9valuation, au lieu de reconna\u00eetre l\u2019apport dans le travail, est d\u00e9tourn\u00e9, et sert d\u2019outil pour individualiser les collectifs de travail et imposer le \u201cWall Street Management\u201d, le management par les co\u00fbts.<\/p>\n<p class=\"p1\">L\u2019entretien d\u2019\u00e9valuation est un sujet particuli\u00e8rement d\u00e9licat pour les ing\u00e9s, cadres et techs qui peuvent parfois passer alternativement d\u2019\u00e9valu\u00e9 \u00e0 \u00e9valuateur. Car \u00e0 l\u2019image des outils d\u2019\u00e9valuation, les m\u00e9thodes d\u2019\u00e9valuation sont de plus en plus standardis\u00e9es et \u00e9loign\u00e9es de la prise en compte de la r\u00e9alit\u00e9 des conditions d\u2019exercice professionnel.<\/p>\n<p class=\"p1\">Nous souhaitons que ce guide aide \u00e0 recentrer l\u2019\u00e9valuation autour des vraies questions \u00e0 se poser afin<span class=\"Apple-converted-space\">\u00a0 <\/span>d\u2019ouvrir des pistes pour donner du sens \u00e0 l\u2019\u00e9valuation professionnelle et en faire un v\u00e9ritable outil permettant la reconnaissance professionnelle.<\/p>\n<p class=\"p1\">Nous esp\u00e9rons dans cette perspective que vous pourrez aussi aller au-del\u00e0 et imposer collectivement des crit\u00e8res et des m\u00e9thodes d\u2019\u00e9valuation bas\u00e9es sur vos attentes. Pour l\u2019Ugict-CGT, l\u2019\u00e9valuation individuelle professionnelle est un \u00e9l\u00e9ment important pour r\u00e9nover les m\u00e9thodes manag\u00e9riales et promouvoir un management respectueux des femmes et des hommes dans les entreprises et les administrations.<\/p>\n<p class=\"p1\">Ce guide a deux versants (une partie pour les \u00e9valuateurs et \u00e9valuatrices, et une seconde pour les \u00e9valu\u00e9\u00b7e\u00b7s) est con\u00e7u sous forme de fiches r\u00e9pondant aux questions clefs de cet exercice qu\u2019est l\u2019entretien d\u2019\u00e9valuation. Il vise \u00e0 r\u00e9tablir une certaine \u00e9thique dans le contenu de ces entretiens d\u2019\u00e9valuation en formulant des conseils \u00e0 la fois aux \u00e9valu\u00e9\u00b7es et aux \u00e9valuateur\u00b7trices.<\/p>\n<p class=\"p1\">Bonne appropriation !<\/p>\n<table class=\"t1\" style=\"height: 952px;\" cellspacing=\"0\" cellpadding=\"0\">\n<tbody>\n<tr style=\"height: 56px;\">\n<td class=\"td1\" style=\"height: 56px;\" valign=\"top\"><\/td>\n<td class=\"td1\" style=\"height: 56px;\" valign=\"top\">\n<p class=\"p2\"><span class=\"s1\">\u00c9dito : pourquoi ce guide ?<\/span><\/p>\n<\/td>\n<\/tr>\n<tr style=\"height: 56px;\">\n<td class=\"td1\" style=\"height: 56px;\" valign=\"top\">\n<p class=\"p3\"><span class=\"s2\">1<\/span><\/p>\n<\/td>\n<td class=\"td1\" style=\"height: 56px;\" valign=\"top\">\n<p class=\"p4\"><a href=\"https:\/\/syndicoop.fr\/evaluation\/evalue\/quest-ce-que-levaluation\/\"><span class=\"s1\">Qu\u2019est-ce que l\u2019\u00e9valuation ?<\/span><\/a><\/p>\n<\/td>\n<\/tr>\n<tr style=\"height: 56px;\">\n<td class=\"td1\" style=\"height: 56px;\" valign=\"top\">\n<p class=\"p3\"><span class=\"s2\">2<\/span><\/p>\n<\/td>\n<td class=\"td1\" style=\"height: 56px;\" valign=\"top\">\n<p class=\"p4\"><a href=\"https:\/\/syndicoop.fr\/evaluation\/evalue\/quelle-est-la-difference-entre-lentretien-annuel-devaluation-lentretien-professionnel-et-lentretien-forfait-jours\/\"><span class=\"s1\">Quelle est la diff\u00e9rence entre l\u2019entretien annuel d\u2019\u00e9valuation, l\u2019entretien professionnel et l\u2019entretien forfait jours ?<\/span><\/a><\/p>\n<\/td>\n<\/tr>\n<tr style=\"height: 56px;\">\n<td class=\"td1\" style=\"height: 56px;\" valign=\"top\">\n<p class=\"p2\"><span class=\"s1\"><b>Conseils pour l\u2019\u00e9valu\u00e9\u00b7e<\/b><\/span><\/p>\n<\/td>\n<\/tr>\n<tr style=\"height: 56px;\">\n<td class=\"td1\" style=\"height: 56px;\" valign=\"top\">\n<p class=\"p3\"><span class=\"s2\">3<\/span><\/p>\n<\/td>\n<td class=\"td1\" style=\"height: 56px;\" valign=\"top\">\n<p class=\"p4\"><a href=\"https:\/\/syndicoop.fr\/evaluation\/evalue\/puis-je-refuser-lentretien-annuel-devaluation\/\"><span class=\"s1\">Puis-je refuser l\u2019entretien annuel d\u2019\u00e9valuation ?<\/span><\/a><\/p>\n<\/td>\n<\/tr>\n<tr style=\"height: 56px;\">\n<td class=\"td1\" style=\"height: 56px;\" valign=\"top\">\n<p class=\"p3\"><span class=\"s2\">4<\/span><\/p>\n<\/td>\n<td class=\"td1\" style=\"height: 56px;\" valign=\"top\">\n<p class=\"p4\"><span class=\"s1\"><a href=\"https:\/\/syndicoop.fr\/evaluation\/evalue\/comment-se-preparer-a-lentretien-annuel-devaluation\/\">Comment se pr\u00e9parer \u00e0 l\u2019entretien annuel d\u2019\u00e9valuation ?<\/a> <\/span><\/p>\n<\/td>\n<\/tr>\n<tr style=\"height: 56px;\">\n<td class=\"td1\" style=\"height: 56px;\" valign=\"top\">\n<p class=\"p3\"><span class=\"s2\">5<\/span><\/p>\n<\/td>\n<td class=\"td1\" style=\"height: 56px;\" valign=\"top\">\n<p class=\"p4\"><a href=\"https:\/\/syndicoop.fr\/evaluation\/evalue\/quelle-attitude-adopter-par-rapport-a-lauto-evaluation-et-aux-projets-rh\/\"><span class=\"s1\">Quelle attitude adopter par rapport \u00e0 l\u2019auto-\u00e9valuation et aux progiciels RH ?<\/span><\/a><\/p>\n<\/td>\n<\/tr>\n<tr style=\"height: 56px;\">\n<td class=\"td1\" style=\"height: 56px;\" valign=\"top\">\n<p class=\"p3\"><span class=\"s2\">6<\/span><\/p>\n<\/td>\n<td class=\"td1\" style=\"height: 56px;\" valign=\"top\">\n<p class=\"p4\"><a href=\"https:\/\/syndicoop.fr\/evaluation\/evalue\/sur-quoi-porte-lentretien-annuel-devaluation\/\"><span class=\"s1\">Sur quoi porte l\u2019entretien annuel d\u2019\u00e9valuation (crit\u00e8res professionnels et\/ou comportementaux) ?<\/span><\/a><\/p>\n<\/td>\n<\/tr>\n<tr style=\"height: 56px;\">\n<td class=\"td1\" style=\"height: 56px;\" valign=\"top\">\n<p class=\"p3\"><span class=\"s2\">7<\/span><\/p>\n<\/td>\n<td class=\"td1\" style=\"height: 56px;\" valign=\"top\">\n<p class=\"p4\"><a href=\"https:\/\/syndicoop.fr\/evaluation\/evalue\/comment-mon-travail-est-il-pris-en-compte-dans-le-cadre-du-collectif-de-travail\/\"><span class=\"s3\">Comment mon travail est-il pris en compte dans le cadre du collectif de travail ?<\/span><\/a><\/p>\n<\/td>\n<\/tr>\n<tr style=\"height: 56px;\">\n<td class=\"td1\" style=\"height: 56px;\" valign=\"top\">\n<p class=\"p3\"><span class=\"s2\">8<\/span><\/p>\n<\/td>\n<td class=\"td1\" style=\"height: 56px;\" valign=\"top\">\n<p class=\"p4\"><a href=\"https:\/\/syndicoop.fr\/evaluation\/evalue\/comment-justifier-la-non-atteinte-des-objectifs\/\"><span class=\"s1\">Comment justifier la non-atteinte des objectifs ?<\/span><\/a><\/p>\n<\/td>\n<\/tr>\n<tr style=\"height: 56px;\">\n<td class=\"td1\" style=\"height: 56px;\" valign=\"top\">\n<p class=\"p3\"><span class=\"s2\">9<\/span><\/p>\n<\/td>\n<td class=\"td1\" style=\"height: 56px;\" valign=\"top\">\n<p class=\"p4\"><a href=\"https:\/\/syndicoop.fr\/evaluation\/evalue\/comment-sont-pris-en-compte-les-temps-partiels-et-les-absences\/\"><span class=\"s1\">Comment sont pris en compte les temps partiels et les absences (cong\u00e9s maladie, maternit\u00e9, d\u00e9tachements syndicaux et associatifs, etc.) ?<\/span><\/a><\/p>\n<\/td>\n<\/tr>\n<tr style=\"height: 56px;\">\n<td class=\"td1\" style=\"height: 56px;\" valign=\"top\">\n<p class=\"p3\"><span class=\"s2\">10<\/span><\/p>\n<\/td>\n<td class=\"td1\" style=\"height: 56px;\" valign=\"top\">\n<p class=\"p4\"><a href=\"https:\/\/syndicoop.fr\/evaluation\/evalue\/une-evaluation-insuffisante-peut-elle-justifier-des-sanctions-allant-jusquau-licenciement\/\"><span class=\"s1\">Une \u00e9valuation insuffisante peut-elle justifier des sanctions allant jusqu\u2019au licenciement ?<\/span><\/a><\/p>\n<\/td>\n<\/tr>\n<tr style=\"height: 56px;\">\n<td class=\"td1\" style=\"height: 56px;\" valign=\"top\">\n<p class=\"p3\"><span class=\"s2\">11<\/span><\/p>\n<\/td>\n<td class=\"td1\" style=\"height: 56px;\" valign=\"top\">\n<p class=\"p4\"><a href=\"https:\/\/syndicoop.fr\/evaluation\/evalue\/si-je-ne-suis-pas-daccord-avec-les-conditions-et-ou-le-contenu-de-lentretien-annuel-devaluation-que-dois-je-faire-et-quel-dispositif-de-recours\/\"><span class=\"s1\">Si je ne suis pas d\u2019accord avec les conditions et\/ou le contenu de<span class=\"Apple-converted-space\">\u00a0 <\/span>l\u2019entretien annuel d\u2019\u00e9valuation, que dois-je faire et quel dispositif de recours ?<\/span><\/a><\/p>\n<\/td>\n<\/tr>\n<tr style=\"height: 56px;\">\n<td class=\"td1\" style=\"height: 56px;\" valign=\"top\">\n<p class=\"p3\"><span class=\"s2\">12<\/span><\/p>\n<\/td>\n<td class=\"td1\" style=\"height: 56px;\" valign=\"top\">\n<p class=\"p4\"><a href=\"https:\/\/syndicoop.fr\/evaluation\/evalue\/lentretien-annuel-devaluation-se-passe-mal-quelle-attitude-adopter\/\"><span class=\"s1\">L\u2019entretien annuel d\u2019\u00e9valuation se passe mal, quelle attitude adopter ?<\/span><\/a><\/p>\n<\/td>\n<\/tr>\n<tr style=\"height: 56px;\">\n<td class=\"td1\" style=\"height: 56px;\" valign=\"top\">\n<p class=\"p3\"><span class=\"s2\">13<\/span><\/p>\n<\/td>\n<td class=\"td1\" style=\"height: 56px;\" valign=\"top\">\n<p class=\"p4\"><a href=\"https:\/\/syndicoop.fr\/evaluation\/evalue\/je-ne-suis-pas-daccord-avec-le-contenu-de-lentretien-annuel-devaluation-dois-je-le-signer\/\"><span class=\"s3\">Je ne suis pas d\u2019accord avec le contenu de l\u2019entretien annuel d\u2019\u00e9valuation, dois-je le signer ?<\/span><\/a><\/p>\n<\/td>\n<\/tr>\n<tr style=\"height: 56px;\">\n<td class=\"td1\" style=\"height: 56px;\" valign=\"top\">\n<p class=\"p3\"><span class=\"s2\">14<\/span><\/p>\n<\/td>\n<td class=\"td1\" style=\"height: 56px;\" valign=\"top\">\n<p class=\"p4\"><a href=\"https:\/\/syndicoop.fr\/evaluation\/evalue\/le-contenu-des-entretiens-annuels-doit-il-rester-confidentiel\/\"><span class=\"s1\">Le contenu des entretiens annuels doit-il rester confidentiel ?<\/span><\/a><\/p>\n<\/td>\n<\/tr>\n<tr style=\"height: 56px;\">\n<td class=\"td1\" style=\"height: 56px;\" valign=\"top\">\n<p class=\"p3\"><span class=\"s2\">15<\/span><\/p>\n<\/td>\n<td class=\"td1\" style=\"height: 56px;\" valign=\"top\">\n<p class=\"p4\"><a href=\"https:\/\/syndicoop.fr\/evaluation\/evalue\/suis-je-oblige%c2%b7e-daccepter-toutes-les-modalites-dentretien-que-lon-me-propose\/\"><span class=\"s3\">Suis-je oblig\u00e9\u00b7e d\u2019accepter toutes les modalit\u00e9s d\u2019entretien que l\u2019on me propose ?<\/span><\/a><\/p>\n<\/td>\n<\/tr>\n<\/tbody>\n<\/table>\n","protected":false},"excerpt":{"rendered":"<p>Pour les salari\u00e9\u00b7es, l\u2019entretien d\u2019\u00e9valuation renvoie \u00e0 la juste reconnaissance de leur implication, de la qualit\u00e9 de leur travail, et d\u00e9termine aussi le sens de leur engagement professionnel. Pour les employeurs, l\u2019\u00e9valuation est de plus en plus utilis\u00e9e pour imposer aux salari\u00e9\u00b7e\u00b7s l\u2019atteinte d\u2019objectifs &#8211; souvent chiffr\u00e9s &#8211; d\u00e9connect\u00e9s de leur professionnalisme et de leur [&hellip;]<\/p>\n","protected":false},"author":1,"featured_media":0,"parent":6,"menu_order":0,"comment_status":"closed","ping_status":"closed","template":"","meta":{"footnotes":""},"class_list":["post-55","page","type-page","status-publish","hentry"],"yoast_head":"<!-- This site is optimized with the Yoast SEO plugin v26.3 - https:\/\/yoast.com\/wordpress\/plugins\/seo\/ -->\n<title>Pourquoi ce guide ? - Guide pratique de l&#039;entretien d&#039;\u00e9valuation<\/title>\n<meta name=\"robots\" content=\"index, follow, max-snippet:-1, max-image-preview:large, max-video-preview:-1\" \/>\n<link rel=\"canonical\" href=\"https:\/\/syndicoop.fr\/evaluation\/evalue\/pourquoi-ce-guide\/\" \/>\n<meta property=\"og:locale\" content=\"fr_FR\" \/>\n<meta property=\"og:type\" content=\"article\" \/>\n<meta property=\"og:title\" content=\"Pourquoi ce guide ? - Guide pratique de l&#039;entretien d&#039;\u00e9valuation\" \/>\n<meta property=\"og:description\" content=\"Pour les salari\u00e9\u00b7es, l\u2019entretien d\u2019\u00e9valuation renvoie \u00e0 la juste reconnaissance de leur implication, de la qualit\u00e9 de leur travail, et d\u00e9termine aussi le sens de leur engagement professionnel. Pour les employeurs, l\u2019\u00e9valuation est de plus en plus utilis\u00e9e pour imposer aux salari\u00e9\u00b7e\u00b7s l\u2019atteinte d\u2019objectifs &#8211; souvent chiffr\u00e9s &#8211; d\u00e9connect\u00e9s de leur professionnalisme et de leur [&hellip;]\" \/>\n<meta property=\"og:url\" content=\"https:\/\/syndicoop.fr\/evaluation\/evalue\/pourquoi-ce-guide\/\" \/>\n<meta property=\"og:site_name\" content=\"Guide pratique de l&#039;entretien d&#039;\u00e9valuation\" \/>\n<meta property=\"article:publisher\" content=\"https:\/\/www.facebook.com\/UGICT\/\" \/>\n<meta property=\"article:modified_time\" content=\"2019-10-07T14:15:44+00:00\" \/>\n<meta property=\"og:image\" content=\"https:\/\/syndicoop.fr\/evaluation\/wp-content\/uploads\/sites\/40\/2019\/10\/sarah-noltner-4U3d6u_p-fE-unsplash.jpg\" \/>\n\t<meta property=\"og:image:width\" content=\"2048\" \/>\n\t<meta property=\"og:image:height\" content=\"1365\" \/>\n\t<meta property=\"og:image:type\" content=\"image\/jpeg\" \/>\n<meta name=\"twitter:card\" content=\"summary_large_image\" \/>\n<meta name=\"twitter:site\" content=\"@CGTCadresTechs\" \/>\n<meta name=\"twitter:label1\" content=\"Dur\u00e9e de lecture estim\u00e9e\" \/>\n\t<meta name=\"twitter:data1\" content=\"3 minutes\" \/>\n<script type=\"application\/ld+json\" class=\"yoast-schema-graph\">{\"@context\":\"https:\/\/schema.org\",\"@graph\":[{\"@type\":\"WebPage\",\"@id\":\"https:\/\/syndicoop.fr\/evaluation\/evalue\/pourquoi-ce-guide\/\",\"url\":\"https:\/\/syndicoop.fr\/evaluation\/evalue\/pourquoi-ce-guide\/\",\"name\":\"Pourquoi ce guide ? - Guide pratique de l&#039;entretien d&#039;\u00e9valuation\",\"isPartOf\":{\"@id\":\"https:\/\/syndicoop.fr\/evaluation\/#website\"},\"datePublished\":\"2019-10-07T13:42:52+00:00\",\"dateModified\":\"2019-10-07T14:15:44+00:00\",\"breadcrumb\":{\"@id\":\"https:\/\/syndicoop.fr\/evaluation\/evalue\/pourquoi-ce-guide\/#breadcrumb\"},\"inLanguage\":\"fr-FR\",\"potentialAction\":[{\"@type\":\"ReadAction\",\"target\":[\"https:\/\/syndicoop.fr\/evaluation\/evalue\/pourquoi-ce-guide\/\"]}]},{\"@type\":\"BreadcrumbList\",\"@id\":\"https:\/\/syndicoop.fr\/evaluation\/evalue\/pourquoi-ce-guide\/#breadcrumb\",\"itemListElement\":[{\"@type\":\"ListItem\",\"position\":1,\"name\":\"Accueil\",\"item\":\"https:\/\/syndicoop.fr\/evaluation\/\"},{\"@type\":\"ListItem\",\"position\":2,\"name\":\"Je suis \u00e9valu\u00e9\u00b7e\",\"item\":\"https:\/\/syndicoop.fr\/evaluation\/evalue\/\"},{\"@type\":\"ListItem\",\"position\":3,\"name\":\"Pourquoi ce guide&#160;?\"}]},{\"@type\":\"WebSite\",\"@id\":\"https:\/\/syndicoop.fr\/evaluation\/#website\",\"url\":\"https:\/\/syndicoop.fr\/evaluation\/\",\"name\":\"Guide pratique de l&#039;entretien d&#039;\u00e9valuation\",\"description\":\"Avec Syndicoop, plateforme syndicale et coop\u00e9rative\",\"potentialAction\":[{\"@type\":\"SearchAction\",\"target\":{\"@type\":\"EntryPoint\",\"urlTemplate\":\"https:\/\/syndicoop.fr\/evaluation\/?s={search_term_string}\"},\"query-input\":{\"@type\":\"PropertyValueSpecification\",\"valueRequired\":true,\"valueName\":\"search_term_string\"}}],\"inLanguage\":\"fr-FR\"}]}<\/script>\n<!-- \/ Yoast SEO plugin. -->","yoast_head_json":{"title":"Pourquoi ce guide ? - Guide pratique de l&#039;entretien d&#039;\u00e9valuation","robots":{"index":"index","follow":"follow","max-snippet":"max-snippet:-1","max-image-preview":"max-image-preview:large","max-video-preview":"max-video-preview:-1"},"canonical":"https:\/\/syndicoop.fr\/evaluation\/evalue\/pourquoi-ce-guide\/","og_locale":"fr_FR","og_type":"article","og_title":"Pourquoi ce guide ? - Guide pratique de l&#039;entretien d&#039;\u00e9valuation","og_description":"Pour les salari\u00e9\u00b7es, l\u2019entretien d\u2019\u00e9valuation renvoie \u00e0 la juste reconnaissance de leur implication, de la qualit\u00e9 de leur travail, et d\u00e9termine aussi le sens de leur engagement professionnel. Pour les employeurs, l\u2019\u00e9valuation est de plus en plus utilis\u00e9e pour imposer aux salari\u00e9\u00b7e\u00b7s l\u2019atteinte d\u2019objectifs &#8211; souvent chiffr\u00e9s &#8211; d\u00e9connect\u00e9s de leur professionnalisme et de leur [&hellip;]","og_url":"https:\/\/syndicoop.fr\/evaluation\/evalue\/pourquoi-ce-guide\/","og_site_name":"Guide pratique de l&#039;entretien d&#039;\u00e9valuation","article_publisher":"https:\/\/www.facebook.com\/UGICT\/","article_modified_time":"2019-10-07T14:15:44+00:00","og_image":[{"width":2048,"height":1365,"url":"https:\/\/syndicoop.fr\/evaluation\/wp-content\/uploads\/sites\/40\/2019\/10\/sarah-noltner-4U3d6u_p-fE-unsplash.jpg","type":"image\/jpeg"}],"twitter_card":"summary_large_image","twitter_site":"@CGTCadresTechs","twitter_misc":{"Dur\u00e9e de lecture estim\u00e9e":"3 minutes"},"schema":{"@context":"https:\/\/schema.org","@graph":[{"@type":"WebPage","@id":"https:\/\/syndicoop.fr\/evaluation\/evalue\/pourquoi-ce-guide\/","url":"https:\/\/syndicoop.fr\/evaluation\/evalue\/pourquoi-ce-guide\/","name":"Pourquoi ce guide ? - Guide pratique de l&#039;entretien d&#039;\u00e9valuation","isPartOf":{"@id":"https:\/\/syndicoop.fr\/evaluation\/#website"},"datePublished":"2019-10-07T13:42:52+00:00","dateModified":"2019-10-07T14:15:44+00:00","breadcrumb":{"@id":"https:\/\/syndicoop.fr\/evaluation\/evalue\/pourquoi-ce-guide\/#breadcrumb"},"inLanguage":"fr-FR","potentialAction":[{"@type":"ReadAction","target":["https:\/\/syndicoop.fr\/evaluation\/evalue\/pourquoi-ce-guide\/"]}]},{"@type":"BreadcrumbList","@id":"https:\/\/syndicoop.fr\/evaluation\/evalue\/pourquoi-ce-guide\/#breadcrumb","itemListElement":[{"@type":"ListItem","position":1,"name":"Accueil","item":"https:\/\/syndicoop.fr\/evaluation\/"},{"@type":"ListItem","position":2,"name":"Je suis \u00e9valu\u00e9\u00b7e","item":"https:\/\/syndicoop.fr\/evaluation\/evalue\/"},{"@type":"ListItem","position":3,"name":"Pourquoi ce guide&#160;?"}]},{"@type":"WebSite","@id":"https:\/\/syndicoop.fr\/evaluation\/#website","url":"https:\/\/syndicoop.fr\/evaluation\/","name":"Guide pratique de l&#039;entretien d&#039;\u00e9valuation","description":"Avec Syndicoop, plateforme syndicale et coop\u00e9rative","potentialAction":[{"@type":"SearchAction","target":{"@type":"EntryPoint","urlTemplate":"https:\/\/syndicoop.fr\/evaluation\/?s={search_term_string}"},"query-input":{"@type":"PropertyValueSpecification","valueRequired":true,"valueName":"search_term_string"}}],"inLanguage":"fr-FR"}]}},"_links":{"self":[{"href":"https:\/\/syndicoop.fr\/evaluation\/wp-json\/wp\/v2\/pages\/55","targetHints":{"allow":["GET"]}}],"collection":[{"href":"https:\/\/syndicoop.fr\/evaluation\/wp-json\/wp\/v2\/pages"}],"about":[{"href":"https:\/\/syndicoop.fr\/evaluation\/wp-json\/wp\/v2\/types\/page"}],"author":[{"embeddable":true,"href":"https:\/\/syndicoop.fr\/evaluation\/wp-json\/wp\/v2\/users\/1"}],"replies":[{"embeddable":true,"href":"https:\/\/syndicoop.fr\/evaluation\/wp-json\/wp\/v2\/comments?post=55"}],"version-history":[{"count":0,"href":"https:\/\/syndicoop.fr\/evaluation\/wp-json\/wp\/v2\/pages\/55\/revisions"}],"up":[{"embeddable":true,"href":"https:\/\/syndicoop.fr\/evaluation\/wp-json\/wp\/v2\/pages\/6"}],"wp:attachment":[{"href":"https:\/\/syndicoop.fr\/evaluation\/wp-json\/wp\/v2\/media?parent=55"}],"curies":[{"name":"wp","href":"https:\/\/api.w.org\/{rel}","templated":true}]}}