{"id":60,"date":"2019-10-07T15:51:59","date_gmt":"2019-10-07T13:51:59","guid":{"rendered":"https:\/\/syndicoop.fr\/evaluation\/?page_id=60"},"modified":"2019-10-07T16:07:39","modified_gmt":"2019-10-07T14:07:39","slug":"ugict-cgt","status":"publish","type":"page","link":"https:\/\/syndicoop.fr\/evaluation\/evaluateur-evaluatrice\/ugict-cgt\/","title":{"rendered":"Management &#8211; L\u2019Ugict-CGT, un espace d\u2019\u00e9change et de formation"},"content":{"rendered":"<p class=\"p1\"><span class=\"s1\">L\u2019Ugict-CGT propose \u00e0 l\u2019encadrement des espaces d\u2019\u00e9change et de construction de solutions pertinentes et adapt\u00e9es \u00e0 l\u2019activit\u00e9 du management de proximit\u00e9.<\/span><\/p>\n<p class=\"p1\"><span class=\"s1\">Elle dispense deux formations sur le management :<\/span><\/p>\n<p class=\"p1\"><span class=\"s1\">\u2022 \u00ab Comprendre les d\u00e9terminants de l\u2019entreprise et du management \u00bb \u00e0 l\u2019Institut du Travail de Strasbourg.<\/span><\/p>\n<p class=\"p1\"><span class=\"s1\">\u2022 \u00ab Construire le management alternatif \u00bb au centre de formation Beno\u00eet Frachon de la CGT.<\/span><\/p>\n<p class=\"p1\"><span class=\"s1\">L\u2019Ugict-CGT, cr\u00e9\u00e9e en 1963, est la structure interprofessionnelle dont s\u2019est dot\u00e9e la CGT pour rassembler les ICT. <\/span><\/p>\n<p class=\"p1\"><span class=\"s1\">Elle permet aux 80 000 Ing\u00e9s, Cadres et Techs syndiqu\u00e9\u00b7e\u00b7s \u00e0 la CGT et affili\u00e9\u00b7e\u00b7s \u00e0 l\u2019Ugict-CGT de d\u00e9finir leurs revendications et de d\u00e9cider de leurs actions, elle contribue \u00e0 la construction des convergences et des solidarit\u00e9s entre les diff\u00e9rentes cat\u00e9gories de salari\u00e9\u00b7e\u00b7s. <\/span><\/p>\n<p class=\"p1\"><span class=\"s1\">L\u2019Ugict-CGT traite de th\u00e9matiques telles que le droit \u00e0 la d\u00e9connexion, la reconnaissance des qualifications, la transformation num\u00e9rique, le management alternatif ou le r\u00f4le contributif de l\u2019encadrement. <\/span><\/p>\n<p class=\"p1\"><span class=\"s1\">C\u2019est ce qui la diff\u00e9rencie des organisations cat\u00e9gorielles ou corporatistes qui se concentrent sur une frange du salariat et des besoins, au risque de cr\u00e9er des oppositions entres les diff\u00e9rentes composantes du salariat.<\/span><\/p>\n<h2>Suivez-nous :<\/h2>\n<ul>\n<li>sur <a href=\"http:\/\/www.ugict.cgt.fr\/\" target=\"_blank\" rel=\"noopener\">ugict.cgt.fr<\/a><\/li>\n<li>sur <a href=\"https:\/\/www.facebook.com\/UGICT\" target=\"_blank\" rel=\"noopener\">facebook<\/a><\/li>\n<li>sur <a href=\"https:\/\/twitter.com\/cgtcadrestechs\" target=\"_blank\" rel=\"noopener\">twitter<\/a><\/li>\n<li>sur <a href=\"https:\/\/www.instagram.com\/ugictcgt\/\" target=\"_blank\" rel=\"noopener\">Instagram<\/a><\/li>\n<li>sur <a href=\"https:\/\/www.linkedin.com\/company\/9494241\/\" target=\"_blank\" rel=\"noopener\">Linkedin<\/a><\/li>\n<li>sur <a href=\"https:\/\/www.youtube.com\/channel\/UCbbxjs1iSBtIPzS0IGF9tvg\" target=\"_blank\" rel=\"noopener\">Youtube<\/a><\/li>\n<\/ul>\n","protected":false},"excerpt":{"rendered":"<p>L\u2019Ugict-CGT propose \u00e0 l\u2019encadrement des espaces d\u2019\u00e9change et de construction de solutions pertinentes et adapt\u00e9es \u00e0 l\u2019activit\u00e9 du management de proximit\u00e9. Elle dispense deux formations sur le management : \u2022 \u00ab Comprendre les d\u00e9terminants de l\u2019entreprise et du management \u00bb \u00e0 l\u2019Institut du Travail de Strasbourg. \u2022 \u00ab Construire le management alternatif \u00bb au centre [&hellip;]<\/p>\n","protected":false},"author":1,"featured_media":0,"parent":53,"menu_order":0,"comment_status":"closed","ping_status":"closed","template":"","meta":{"footnotes":""},"class_list":["post-60","page","type-page","status-publish","hentry"],"yoast_head":"<!-- This site is optimized with the Yoast SEO plugin v26.3 - https:\/\/yoast.com\/wordpress\/plugins\/seo\/ -->\n<title>Management - L\u2019Ugict-CGT, un espace d\u2019\u00e9change et de formation - Guide pratique de l&#039;entretien d&#039;\u00e9valuation<\/title>\n<meta name=\"robots\" content=\"index, follow, max-snippet:-1, max-image-preview:large, max-video-preview:-1\" \/>\n<link rel=\"canonical\" href=\"https:\/\/syndicoop.fr\/evaluation\/evaluateur-evaluatrice\/ugict-cgt\/\" \/>\n<meta property=\"og:locale\" content=\"fr_FR\" \/>\n<meta property=\"og:type\" content=\"article\" \/>\n<meta property=\"og:title\" content=\"Management - L\u2019Ugict-CGT, un espace d\u2019\u00e9change et de formation - Guide pratique de l&#039;entretien d&#039;\u00e9valuation\" \/>\n<meta property=\"og:description\" content=\"L\u2019Ugict-CGT propose \u00e0 l\u2019encadrement des espaces d\u2019\u00e9change et de construction de solutions pertinentes et adapt\u00e9es \u00e0 l\u2019activit\u00e9 du management de proximit\u00e9. Elle dispense deux formations sur le management : \u2022 \u00ab Comprendre les d\u00e9terminants de l\u2019entreprise et du management \u00bb \u00e0 l\u2019Institut du Travail de Strasbourg. \u2022 \u00ab Construire le management alternatif \u00bb au centre [&hellip;]\" \/>\n<meta property=\"og:url\" content=\"https:\/\/syndicoop.fr\/evaluation\/evaluateur-evaluatrice\/ugict-cgt\/\" \/>\n<meta property=\"og:site_name\" content=\"Guide pratique de l&#039;entretien d&#039;\u00e9valuation\" \/>\n<meta property=\"article:publisher\" content=\"https:\/\/www.facebook.com\/UGICT\/\" \/>\n<meta property=\"article:modified_time\" content=\"2019-10-07T14:07:39+00:00\" \/>\n<meta property=\"og:image\" content=\"https:\/\/syndicoop.fr\/evaluation\/wp-content\/uploads\/sites\/40\/2019\/10\/sarah-noltner-4U3d6u_p-fE-unsplash.jpg\" \/>\n\t<meta property=\"og:image:width\" content=\"2048\" \/>\n\t<meta property=\"og:image:height\" content=\"1365\" \/>\n\t<meta property=\"og:image:type\" content=\"image\/jpeg\" \/>\n<meta name=\"twitter:card\" content=\"summary_large_image\" \/>\n<meta name=\"twitter:site\" content=\"@CGTCadresTechs\" \/>\n<meta name=\"twitter:label1\" content=\"Dur\u00e9e de lecture estim\u00e9e\" \/>\n\t<meta name=\"twitter:data1\" content=\"1 minute\" \/>\n<script type=\"application\/ld+json\" class=\"yoast-schema-graph\">{\"@context\":\"https:\/\/schema.org\",\"@graph\":[{\"@type\":\"WebPage\",\"@id\":\"https:\/\/syndicoop.fr\/evaluation\/evaluateur-evaluatrice\/ugict-cgt\/\",\"url\":\"https:\/\/syndicoop.fr\/evaluation\/evaluateur-evaluatrice\/ugict-cgt\/\",\"name\":\"Management - L\u2019Ugict-CGT, un espace d\u2019\u00e9change et de formation - Guide pratique de l&#039;entretien d&#039;\u00e9valuation\",\"isPartOf\":{\"@id\":\"https:\/\/syndicoop.fr\/evaluation\/#website\"},\"datePublished\":\"2019-10-07T13:51:59+00:00\",\"dateModified\":\"2019-10-07T14:07:39+00:00\",\"breadcrumb\":{\"@id\":\"https:\/\/syndicoop.fr\/evaluation\/evaluateur-evaluatrice\/ugict-cgt\/#breadcrumb\"},\"inLanguage\":\"fr-FR\",\"potentialAction\":[{\"@type\":\"ReadAction\",\"target\":[\"https:\/\/syndicoop.fr\/evaluation\/evaluateur-evaluatrice\/ugict-cgt\/\"]}]},{\"@type\":\"BreadcrumbList\",\"@id\":\"https:\/\/syndicoop.fr\/evaluation\/evaluateur-evaluatrice\/ugict-cgt\/#breadcrumb\",\"itemListElement\":[{\"@type\":\"ListItem\",\"position\":1,\"name\":\"Accueil\",\"item\":\"https:\/\/syndicoop.fr\/evaluation\/\"},{\"@type\":\"ListItem\",\"position\":2,\"name\":\"Je suis \u00e9valuateur \/ \u00e9valuatrice\",\"item\":\"https:\/\/syndicoop.fr\/evaluation\/evaluateur-evaluatrice\/\"},{\"@type\":\"ListItem\",\"position\":3,\"name\":\"Management &#8211; L\u2019Ugict-CGT, un espace d\u2019\u00e9change et de formation\"}]},{\"@type\":\"WebSite\",\"@id\":\"https:\/\/syndicoop.fr\/evaluation\/#website\",\"url\":\"https:\/\/syndicoop.fr\/evaluation\/\",\"name\":\"Guide pratique de l&#039;entretien d&#039;\u00e9valuation\",\"description\":\"Avec Syndicoop, plateforme syndicale et coop\u00e9rative\",\"potentialAction\":[{\"@type\":\"SearchAction\",\"target\":{\"@type\":\"EntryPoint\",\"urlTemplate\":\"https:\/\/syndicoop.fr\/evaluation\/?s={search_term_string}\"},\"query-input\":{\"@type\":\"PropertyValueSpecification\",\"valueRequired\":true,\"valueName\":\"search_term_string\"}}],\"inLanguage\":\"fr-FR\"}]}<\/script>\n<!-- \/ Yoast SEO plugin. -->","yoast_head_json":{"title":"Management - L\u2019Ugict-CGT, un espace d\u2019\u00e9change et de formation - Guide pratique de l&#039;entretien d&#039;\u00e9valuation","robots":{"index":"index","follow":"follow","max-snippet":"max-snippet:-1","max-image-preview":"max-image-preview:large","max-video-preview":"max-video-preview:-1"},"canonical":"https:\/\/syndicoop.fr\/evaluation\/evaluateur-evaluatrice\/ugict-cgt\/","og_locale":"fr_FR","og_type":"article","og_title":"Management - L\u2019Ugict-CGT, un espace d\u2019\u00e9change et de formation - Guide pratique de l&#039;entretien d&#039;\u00e9valuation","og_description":"L\u2019Ugict-CGT propose \u00e0 l\u2019encadrement des espaces d\u2019\u00e9change et de construction de solutions pertinentes et adapt\u00e9es \u00e0 l\u2019activit\u00e9 du management de proximit\u00e9. Elle dispense deux formations sur le management : \u2022 \u00ab Comprendre les d\u00e9terminants de l\u2019entreprise et du management \u00bb \u00e0 l\u2019Institut du Travail de Strasbourg. \u2022 \u00ab Construire le management alternatif \u00bb au centre [&hellip;]","og_url":"https:\/\/syndicoop.fr\/evaluation\/evaluateur-evaluatrice\/ugict-cgt\/","og_site_name":"Guide pratique de l&#039;entretien d&#039;\u00e9valuation","article_publisher":"https:\/\/www.facebook.com\/UGICT\/","article_modified_time":"2019-10-07T14:07:39+00:00","og_image":[{"width":2048,"height":1365,"url":"https:\/\/syndicoop.fr\/evaluation\/wp-content\/uploads\/sites\/40\/2019\/10\/sarah-noltner-4U3d6u_p-fE-unsplash.jpg","type":"image\/jpeg"}],"twitter_card":"summary_large_image","twitter_site":"@CGTCadresTechs","twitter_misc":{"Dur\u00e9e de lecture estim\u00e9e":"1 minute"},"schema":{"@context":"https:\/\/schema.org","@graph":[{"@type":"WebPage","@id":"https:\/\/syndicoop.fr\/evaluation\/evaluateur-evaluatrice\/ugict-cgt\/","url":"https:\/\/syndicoop.fr\/evaluation\/evaluateur-evaluatrice\/ugict-cgt\/","name":"Management - L\u2019Ugict-CGT, un espace d\u2019\u00e9change et de formation - Guide pratique de l&#039;entretien d&#039;\u00e9valuation","isPartOf":{"@id":"https:\/\/syndicoop.fr\/evaluation\/#website"},"datePublished":"2019-10-07T13:51:59+00:00","dateModified":"2019-10-07T14:07:39+00:00","breadcrumb":{"@id":"https:\/\/syndicoop.fr\/evaluation\/evaluateur-evaluatrice\/ugict-cgt\/#breadcrumb"},"inLanguage":"fr-FR","potentialAction":[{"@type":"ReadAction","target":["https:\/\/syndicoop.fr\/evaluation\/evaluateur-evaluatrice\/ugict-cgt\/"]}]},{"@type":"BreadcrumbList","@id":"https:\/\/syndicoop.fr\/evaluation\/evaluateur-evaluatrice\/ugict-cgt\/#breadcrumb","itemListElement":[{"@type":"ListItem","position":1,"name":"Accueil","item":"https:\/\/syndicoop.fr\/evaluation\/"},{"@type":"ListItem","position":2,"name":"Je suis \u00e9valuateur \/ \u00e9valuatrice","item":"https:\/\/syndicoop.fr\/evaluation\/evaluateur-evaluatrice\/"},{"@type":"ListItem","position":3,"name":"Management &#8211; L\u2019Ugict-CGT, un espace d\u2019\u00e9change et de formation"}]},{"@type":"WebSite","@id":"https:\/\/syndicoop.fr\/evaluation\/#website","url":"https:\/\/syndicoop.fr\/evaluation\/","name":"Guide pratique de l&#039;entretien d&#039;\u00e9valuation","description":"Avec Syndicoop, plateforme syndicale et coop\u00e9rative","potentialAction":[{"@type":"SearchAction","target":{"@type":"EntryPoint","urlTemplate":"https:\/\/syndicoop.fr\/evaluation\/?s={search_term_string}"},"query-input":{"@type":"PropertyValueSpecification","valueRequired":true,"valueName":"search_term_string"}}],"inLanguage":"fr-FR"}]}},"_links":{"self":[{"href":"https:\/\/syndicoop.fr\/evaluation\/wp-json\/wp\/v2\/pages\/60","targetHints":{"allow":["GET"]}}],"collection":[{"href":"https:\/\/syndicoop.fr\/evaluation\/wp-json\/wp\/v2\/pages"}],"about":[{"href":"https:\/\/syndicoop.fr\/evaluation\/wp-json\/wp\/v2\/types\/page"}],"author":[{"embeddable":true,"href":"https:\/\/syndicoop.fr\/evaluation\/wp-json\/wp\/v2\/users\/1"}],"replies":[{"embeddable":true,"href":"https:\/\/syndicoop.fr\/evaluation\/wp-json\/wp\/v2\/comments?post=60"}],"version-history":[{"count":0,"href":"https:\/\/syndicoop.fr\/evaluation\/wp-json\/wp\/v2\/pages\/60\/revisions"}],"up":[{"embeddable":true,"href":"https:\/\/syndicoop.fr\/evaluation\/wp-json\/wp\/v2\/pages\/53"}],"wp:attachment":[{"href":"https:\/\/syndicoop.fr\/evaluation\/wp-json\/wp\/v2\/media?parent=60"}],"curies":[{"name":"wp","href":"https:\/\/api.w.org\/{rel}","templated":true}]}}