{"id":64,"date":"2019-10-07T15:54:57","date_gmt":"2019-10-07T13:54:57","guid":{"rendered":"https:\/\/syndicoop.fr\/evaluation\/?page_id=64"},"modified":"2019-10-08T15:42:59","modified_gmt":"2019-10-08T13:42:59","slug":"comment-donner-du-sens-a-lentretien-annuel-devaluation-et-en-faire-un-outil-de-reconnaissance-et-damelioration-du-collectif-de-travail","status":"publish","type":"page","link":"https:\/\/syndicoop.fr\/evaluation\/evaluateur-evaluatrice\/comment-donner-du-sens-a-lentretien-annuel-devaluation-et-en-faire-un-outil-de-reconnaissance-et-damelioration-du-collectif-de-travail\/","title":{"rendered":"Comment donner du sens \u00e0 l\u2019entretien annuel d\u2019\u00e9valuation et en faire un outil de reconnaissance et d\u2019am\u00e9lioration du collectif de travail ?"},"content":{"rendered":"<p>Bien souvent, pris entre les contraintes des indicateurs de pilotage et les r\u00e9alit\u00e9s du terrain, le manager peut, \u00e0 l\u2019occasion de la p\u00e9riode d\u2019entretien annuel, redonner du sens \u00e0 son r\u00f4le, \u00e0 la finalit\u00e9 de l\u2019activit\u00e9 de son \u00e9quipe et ainsi offrir du sens au travail collectif (et \u00e0 la relation avec le salari\u00e9). \u00c0 ce titre, les objectifs fix\u00e9s par l\u2019\u00e9valuateur pour l\u2019ann\u00e9e \u00e0 venir doivent int\u00e9grer la dimension du travail r\u00e9el sans se limiter \u00e0 sa seule dimension productive.<\/p>\n<h2>\nQu\u2019est-ce qui est essentiel dans l\u2019entretien d\u2019\u00e9valuation ?<\/h2>\n<p>L\u2019encadrant doit garder \u00e0 l\u2019esprit l\u2019int\u00e9r\u00eat de l\u2019entretien annuel d\u2019\u00e9valuation dans sa pratique manag\u00e9riale. Les r\u00e9flexions sur le travail doivent faire l\u2019objet de discussions fr\u00e9quentes avec les salari\u00e9s, tant dans les aspects positifs que correctifs. En ce sens, il est souhaitable de r\u00e9aliser des entretiens interm\u00e9diaires. Cela permet de redonner tout son sens \u00e0 l\u2019entretien annuel, qui doit reprendre l\u2019int\u00e9gralit\u00e9 des r\u00e9alisations de la p\u00e9riode et non pas seulement les derniers faits.<\/p>\n<p>L\u2019encadrant est seul \u00e0 \u00e9valuer uniquement sur la base des crit\u00e8res professionnels. L\u2019aptitude professionnelle \u00e9tant \u00e9valu\u00e9e, cela sous-entend que l\u2019\u00e9valuateur connaisse le m\u00e9tier de l\u2019\u00e9valu\u00e9.<\/p>\n<p>Parler am\u00e9lioration de la qualit\u00e9 du travail, c\u2019est favoriser le succ\u00e8s de toute l\u2019\u00e9quipe et favoriser les \u00e9volutions professionnelles. Favoriser l\u2019\u00e9volution professionnelle permet plus d\u2019investissement professionnel. Dans ce domaine \u00e9galement, le dialogue est primordial pour entendre et valoriser les aspirations des salari\u00e9s. L\u2019entretien annuel d\u2019\u00e9valuation doit \u00eatre un outil d\u2019accompagnement de la progression professionnelle de chaque salari\u00e9.<\/p>\n<h2>\nAborder la reconnaissance lors de l\u2019entretien individuel<\/h2>\n<p>Contraint par les politiques de r\u00e9mun\u00e9ration de l\u2019entreprise, le manager n\u2019a pas tous les pouvoirs, loin de l\u00e0, en mati\u00e8re d\u2019augmentation salariale, de reclassement professionnel ou de prime de performance. Cependant le manager peut faire des propositions pour reconna\u00eetre le travail r\u00e9alis\u00e9.<\/p>\n<p>L\u2019entretien individuel permet aussi au manager d\u2019avoir un retour sur sa pratique manag\u00e9riale. Le dialogue permet \u00e0 chacun de progresser. R\u00e9ussir un entretien, c\u2019est r\u00e9ussir \u00e0 partager son contenu, sans arri\u00e8re- pens\u00e9e ou non-dit. Le dialogue doit \u00eatre b\u00e2ti sur des \u00e9l\u00e9ments factuels et mesurables et dans une dynamique constructive.<\/p>\n<p>La prise en compte des remarques du salari\u00e9 est obligatoire. L\u2019ensemble doit lui \u00eatre envoy\u00e9 dans les jours qui suivent pour le maintien de la relation de confiance.<\/p>\n","protected":false},"excerpt":{"rendered":"<p>Bien souvent, pris entre les contraintes des indicateurs de pilotage et les r\u00e9alit\u00e9s du terrain, le manager peut, \u00e0 l\u2019occasion de la p\u00e9riode d\u2019entretien annuel, redonner du sens \u00e0 son r\u00f4le, \u00e0 la finalit\u00e9 de l\u2019activit\u00e9 de son \u00e9quipe et ainsi offrir du sens au travail collectif (et \u00e0 la relation avec le salari\u00e9). \u00c0 [&hellip;]<\/p>\n","protected":false},"author":1,"featured_media":0,"parent":53,"menu_order":7,"comment_status":"closed","ping_status":"closed","template":"","meta":{"footnotes":""},"class_list":["post-64","page","type-page","status-publish","hentry"],"yoast_head":"<!-- This site is optimized with the Yoast SEO plugin v26.3 - https:\/\/yoast.com\/wordpress\/plugins\/seo\/ -->\n<title>Comment donner du sens \u00e0 l\u2019entretien annuel d\u2019\u00e9valuation et en faire un outil de reconnaissance et d\u2019am\u00e9lioration du collectif de travail ? - Guide pratique de l&#039;entretien d&#039;\u00e9valuation<\/title>\n<meta name=\"robots\" content=\"index, follow, max-snippet:-1, max-image-preview:large, max-video-preview:-1\" \/>\n<link rel=\"canonical\" href=\"https:\/\/syndicoop.fr\/evaluation\/evaluateur-evaluatrice\/comment-donner-du-sens-a-lentretien-annuel-devaluation-et-en-faire-un-outil-de-reconnaissance-et-damelioration-du-collectif-de-travail\/\" \/>\n<meta property=\"og:locale\" content=\"fr_FR\" \/>\n<meta property=\"og:type\" content=\"article\" \/>\n<meta property=\"og:title\" content=\"Comment donner du sens \u00e0 l\u2019entretien annuel d\u2019\u00e9valuation et en faire un outil de reconnaissance et d\u2019am\u00e9lioration du collectif de travail ? - Guide pratique de l&#039;entretien d&#039;\u00e9valuation\" \/>\n<meta property=\"og:description\" content=\"Bien souvent, pris entre les contraintes des indicateurs de pilotage et les r\u00e9alit\u00e9s du terrain, le manager peut, \u00e0 l\u2019occasion de la p\u00e9riode d\u2019entretien annuel, redonner du sens \u00e0 son r\u00f4le, \u00e0 la finalit\u00e9 de l\u2019activit\u00e9 de son \u00e9quipe et ainsi offrir du sens au travail collectif (et \u00e0 la relation avec le salari\u00e9). \u00c0 [&hellip;]\" \/>\n<meta property=\"og:url\" content=\"https:\/\/syndicoop.fr\/evaluation\/evaluateur-evaluatrice\/comment-donner-du-sens-a-lentretien-annuel-devaluation-et-en-faire-un-outil-de-reconnaissance-et-damelioration-du-collectif-de-travail\/\" \/>\n<meta property=\"og:site_name\" content=\"Guide pratique de l&#039;entretien d&#039;\u00e9valuation\" \/>\n<meta property=\"article:publisher\" content=\"https:\/\/www.facebook.com\/UGICT\/\" \/>\n<meta property=\"article:modified_time\" content=\"2019-10-08T13:42:59+00:00\" \/>\n<meta property=\"og:image\" content=\"https:\/\/syndicoop.fr\/evaluation\/wp-content\/uploads\/sites\/40\/2019\/10\/sarah-noltner-4U3d6u_p-fE-unsplash.jpg\" \/>\n\t<meta property=\"og:image:width\" content=\"2048\" \/>\n\t<meta property=\"og:image:height\" content=\"1365\" \/>\n\t<meta property=\"og:image:type\" content=\"image\/jpeg\" \/>\n<meta name=\"twitter:card\" content=\"summary_large_image\" \/>\n<meta name=\"twitter:site\" content=\"@CGTCadresTechs\" \/>\n<meta name=\"twitter:label1\" content=\"Dur\u00e9e de lecture estim\u00e9e\" \/>\n\t<meta name=\"twitter:data1\" content=\"2 minutes\" \/>\n<script type=\"application\/ld+json\" class=\"yoast-schema-graph\">{\"@context\":\"https:\/\/schema.org\",\"@graph\":[{\"@type\":\"WebPage\",\"@id\":\"https:\/\/syndicoop.fr\/evaluation\/evaluateur-evaluatrice\/comment-donner-du-sens-a-lentretien-annuel-devaluation-et-en-faire-un-outil-de-reconnaissance-et-damelioration-du-collectif-de-travail\/\",\"url\":\"https:\/\/syndicoop.fr\/evaluation\/evaluateur-evaluatrice\/comment-donner-du-sens-a-lentretien-annuel-devaluation-et-en-faire-un-outil-de-reconnaissance-et-damelioration-du-collectif-de-travail\/\",\"name\":\"Comment donner du sens \u00e0 l\u2019entretien annuel d\u2019\u00e9valuation et en faire un outil de reconnaissance et d\u2019am\u00e9lioration du collectif de travail ? - Guide pratique de l&#039;entretien d&#039;\u00e9valuation\",\"isPartOf\":{\"@id\":\"https:\/\/syndicoop.fr\/evaluation\/#website\"},\"datePublished\":\"2019-10-07T13:54:57+00:00\",\"dateModified\":\"2019-10-08T13:42:59+00:00\",\"breadcrumb\":{\"@id\":\"https:\/\/syndicoop.fr\/evaluation\/evaluateur-evaluatrice\/comment-donner-du-sens-a-lentretien-annuel-devaluation-et-en-faire-un-outil-de-reconnaissance-et-damelioration-du-collectif-de-travail\/#breadcrumb\"},\"inLanguage\":\"fr-FR\",\"potentialAction\":[{\"@type\":\"ReadAction\",\"target\":[\"https:\/\/syndicoop.fr\/evaluation\/evaluateur-evaluatrice\/comment-donner-du-sens-a-lentretien-annuel-devaluation-et-en-faire-un-outil-de-reconnaissance-et-damelioration-du-collectif-de-travail\/\"]}]},{\"@type\":\"BreadcrumbList\",\"@id\":\"https:\/\/syndicoop.fr\/evaluation\/evaluateur-evaluatrice\/comment-donner-du-sens-a-lentretien-annuel-devaluation-et-en-faire-un-outil-de-reconnaissance-et-damelioration-du-collectif-de-travail\/#breadcrumb\",\"itemListElement\":[{\"@type\":\"ListItem\",\"position\":1,\"name\":\"Accueil\",\"item\":\"https:\/\/syndicoop.fr\/evaluation\/\"},{\"@type\":\"ListItem\",\"position\":2,\"name\":\"Je suis \u00e9valuateur \/ \u00e9valuatrice\",\"item\":\"https:\/\/syndicoop.fr\/evaluation\/evaluateur-evaluatrice\/\"},{\"@type\":\"ListItem\",\"position\":3,\"name\":\"Comment donner du sens \u00e0 l\u2019entretien annuel d\u2019\u00e9valuation et en faire un outil de reconnaissance et d\u2019am\u00e9lioration du collectif de travail&#160;?\"}]},{\"@type\":\"WebSite\",\"@id\":\"https:\/\/syndicoop.fr\/evaluation\/#website\",\"url\":\"https:\/\/syndicoop.fr\/evaluation\/\",\"name\":\"Guide pratique de l&#039;entretien d&#039;\u00e9valuation\",\"description\":\"Avec Syndicoop, plateforme syndicale et coop\u00e9rative\",\"potentialAction\":[{\"@type\":\"SearchAction\",\"target\":{\"@type\":\"EntryPoint\",\"urlTemplate\":\"https:\/\/syndicoop.fr\/evaluation\/?s={search_term_string}\"},\"query-input\":{\"@type\":\"PropertyValueSpecification\",\"valueRequired\":true,\"valueName\":\"search_term_string\"}}],\"inLanguage\":\"fr-FR\"}]}<\/script>\n<!-- \/ Yoast SEO plugin. -->","yoast_head_json":{"title":"Comment donner du sens \u00e0 l\u2019entretien annuel d\u2019\u00e9valuation et en faire un outil de reconnaissance et d\u2019am\u00e9lioration du collectif de travail ? - Guide pratique de l&#039;entretien d&#039;\u00e9valuation","robots":{"index":"index","follow":"follow","max-snippet":"max-snippet:-1","max-image-preview":"max-image-preview:large","max-video-preview":"max-video-preview:-1"},"canonical":"https:\/\/syndicoop.fr\/evaluation\/evaluateur-evaluatrice\/comment-donner-du-sens-a-lentretien-annuel-devaluation-et-en-faire-un-outil-de-reconnaissance-et-damelioration-du-collectif-de-travail\/","og_locale":"fr_FR","og_type":"article","og_title":"Comment donner du sens \u00e0 l\u2019entretien annuel d\u2019\u00e9valuation et en faire un outil de reconnaissance et d\u2019am\u00e9lioration du collectif de travail ? - Guide pratique de l&#039;entretien d&#039;\u00e9valuation","og_description":"Bien souvent, pris entre les contraintes des indicateurs de pilotage et les r\u00e9alit\u00e9s du terrain, le manager peut, \u00e0 l\u2019occasion de la p\u00e9riode d\u2019entretien annuel, redonner du sens \u00e0 son r\u00f4le, \u00e0 la finalit\u00e9 de l\u2019activit\u00e9 de son \u00e9quipe et ainsi offrir du sens au travail collectif (et \u00e0 la relation avec le salari\u00e9). \u00c0 [&hellip;]","og_url":"https:\/\/syndicoop.fr\/evaluation\/evaluateur-evaluatrice\/comment-donner-du-sens-a-lentretien-annuel-devaluation-et-en-faire-un-outil-de-reconnaissance-et-damelioration-du-collectif-de-travail\/","og_site_name":"Guide pratique de l&#039;entretien d&#039;\u00e9valuation","article_publisher":"https:\/\/www.facebook.com\/UGICT\/","article_modified_time":"2019-10-08T13:42:59+00:00","og_image":[{"width":2048,"height":1365,"url":"https:\/\/syndicoop.fr\/evaluation\/wp-content\/uploads\/sites\/40\/2019\/10\/sarah-noltner-4U3d6u_p-fE-unsplash.jpg","type":"image\/jpeg"}],"twitter_card":"summary_large_image","twitter_site":"@CGTCadresTechs","twitter_misc":{"Dur\u00e9e de lecture estim\u00e9e":"2 minutes"},"schema":{"@context":"https:\/\/schema.org","@graph":[{"@type":"WebPage","@id":"https:\/\/syndicoop.fr\/evaluation\/evaluateur-evaluatrice\/comment-donner-du-sens-a-lentretien-annuel-devaluation-et-en-faire-un-outil-de-reconnaissance-et-damelioration-du-collectif-de-travail\/","url":"https:\/\/syndicoop.fr\/evaluation\/evaluateur-evaluatrice\/comment-donner-du-sens-a-lentretien-annuel-devaluation-et-en-faire-un-outil-de-reconnaissance-et-damelioration-du-collectif-de-travail\/","name":"Comment donner du sens \u00e0 l\u2019entretien annuel d\u2019\u00e9valuation et en faire un outil de reconnaissance et d\u2019am\u00e9lioration du collectif de travail ? - Guide pratique de l&#039;entretien d&#039;\u00e9valuation","isPartOf":{"@id":"https:\/\/syndicoop.fr\/evaluation\/#website"},"datePublished":"2019-10-07T13:54:57+00:00","dateModified":"2019-10-08T13:42:59+00:00","breadcrumb":{"@id":"https:\/\/syndicoop.fr\/evaluation\/evaluateur-evaluatrice\/comment-donner-du-sens-a-lentretien-annuel-devaluation-et-en-faire-un-outil-de-reconnaissance-et-damelioration-du-collectif-de-travail\/#breadcrumb"},"inLanguage":"fr-FR","potentialAction":[{"@type":"ReadAction","target":["https:\/\/syndicoop.fr\/evaluation\/evaluateur-evaluatrice\/comment-donner-du-sens-a-lentretien-annuel-devaluation-et-en-faire-un-outil-de-reconnaissance-et-damelioration-du-collectif-de-travail\/"]}]},{"@type":"BreadcrumbList","@id":"https:\/\/syndicoop.fr\/evaluation\/evaluateur-evaluatrice\/comment-donner-du-sens-a-lentretien-annuel-devaluation-et-en-faire-un-outil-de-reconnaissance-et-damelioration-du-collectif-de-travail\/#breadcrumb","itemListElement":[{"@type":"ListItem","position":1,"name":"Accueil","item":"https:\/\/syndicoop.fr\/evaluation\/"},{"@type":"ListItem","position":2,"name":"Je suis \u00e9valuateur \/ \u00e9valuatrice","item":"https:\/\/syndicoop.fr\/evaluation\/evaluateur-evaluatrice\/"},{"@type":"ListItem","position":3,"name":"Comment donner du sens \u00e0 l\u2019entretien annuel d\u2019\u00e9valuation et en faire un outil de reconnaissance et d\u2019am\u00e9lioration du collectif de travail&#160;?"}]},{"@type":"WebSite","@id":"https:\/\/syndicoop.fr\/evaluation\/#website","url":"https:\/\/syndicoop.fr\/evaluation\/","name":"Guide pratique de l&#039;entretien d&#039;\u00e9valuation","description":"Avec Syndicoop, plateforme syndicale et coop\u00e9rative","potentialAction":[{"@type":"SearchAction","target":{"@type":"EntryPoint","urlTemplate":"https:\/\/syndicoop.fr\/evaluation\/?s={search_term_string}"},"query-input":{"@type":"PropertyValueSpecification","valueRequired":true,"valueName":"search_term_string"}}],"inLanguage":"fr-FR"}]}},"_links":{"self":[{"href":"https:\/\/syndicoop.fr\/evaluation\/wp-json\/wp\/v2\/pages\/64","targetHints":{"allow":["GET"]}}],"collection":[{"href":"https:\/\/syndicoop.fr\/evaluation\/wp-json\/wp\/v2\/pages"}],"about":[{"href":"https:\/\/syndicoop.fr\/evaluation\/wp-json\/wp\/v2\/types\/page"}],"author":[{"embeddable":true,"href":"https:\/\/syndicoop.fr\/evaluation\/wp-json\/wp\/v2\/users\/1"}],"replies":[{"embeddable":true,"href":"https:\/\/syndicoop.fr\/evaluation\/wp-json\/wp\/v2\/comments?post=64"}],"version-history":[{"count":0,"href":"https:\/\/syndicoop.fr\/evaluation\/wp-json\/wp\/v2\/pages\/64\/revisions"}],"up":[{"embeddable":true,"href":"https:\/\/syndicoop.fr\/evaluation\/wp-json\/wp\/v2\/pages\/53"}],"wp:attachment":[{"href":"https:\/\/syndicoop.fr\/evaluation\/wp-json\/wp\/v2\/media?parent=64"}],"curies":[{"name":"wp","href":"https:\/\/api.w.org\/{rel}","templated":true}]}}