{"id":66,"date":"2019-10-07T15:55:12","date_gmt":"2019-10-07T13:55:12","guid":{"rendered":"https:\/\/syndicoop.fr\/evaluation\/?page_id=66"},"modified":"2019-10-22T10:57:42","modified_gmt":"2019-10-22T08:57:42","slug":"progiciels-de-gestion-rh-et-evaluation-quels-retours-dexperience","status":"publish","type":"page","link":"https:\/\/syndicoop.fr\/evaluation\/evaluateur-evaluatrice\/progiciels-de-gestion-rh-et-evaluation-quels-retours-dexperience\/","title":{"rendered":"Progiciels de gestion RH et \u00e9valuation : quels retours d\u2019exp\u00e9rience ?"},"content":{"rendered":"<h2>D\u00e9rives et \u00e9cueils constat\u00e9s<\/h2>\n<p>Lors de l\u2019introduction d\u2019un progiciel RH qui int\u00e8gre les entretiens d\u2019\u00e9valuation, on constate souvent les \u00e9cueils ou d\u00e9rives suivants :<\/p>\n<p>\u2022 Pour utiliser les nouveaux progiciels, les managers ne b\u00e9n\u00e9ficient que d\u2019un tutoriel pour se former. Outre que ce type d\u2019accompagnement ne favorise pas une bonne appropriation de l\u2019outil, aucun temps n\u2019est d\u00e9di\u00e9 sp\u00e9cifiquement \u00e0 cette formation.<br \/>\n\u2022 Ils peuvent \u00eatre davantage contraints par l\u2019outil informatique que par le support papier (par exemple, avec l\u2019obligation de valider chaque \u00e9cran pour passer au suivant). De ce fait, cela ne laisse plus aucune libert\u00e9 aux managers d\u2019aborder les diff\u00e9rentes \u00e9tapes de l\u2019entretien dans l\u2019ordre qu\u2019ils souhaitent, dans la mesure o\u00f9 l\u2019impasse ne peut \u00eatre faite sur aucun item. Cela peut s\u2019av\u00e9rer d\u00e9licat pour certains items, notamment lorsqu\u2019il s\u2019agit d\u2019\u00e9valuer les comp\u00e9tences comportementales (savoir-\u00eatre&#8230;) dont les d\u00e9finitions sont largement sujettes \u00e0 caution, voire carr\u00e9ment subjectives pour d\u2019autres (avec un support papier, les managers peuvent ne pas \u00e9valuer certaines comp\u00e9tences).<br \/>\n\u2022 Certains managers de proximit\u00e9 sont mal \u00e0 l\u2019aise avec les progiciels RH. Ils rapportent que cela p\u00e9nalise l\u2019\u00e9change dans la mesure o\u00f9 l\u2019outil se situe en interface entre eux et leur collaborateur. L\u2019outil, contraignant, tend ainsi \u00e0 se substituer au dialogue. Il devient une fin et non un moyen ; la personne \u00e9valu\u00e9e doit \u00e0 tout prix rentrer dans des cases. Ce n\u2019est plus l\u2019\u00eatre humain qui utilise l\u2019outil, mais le contraire : f\u00e2cheux !<\/p>\n<h2>Quelles recommandations ?<\/h2>\n<p>\u2022 Le progiciel RH doit \u00eatre con\u00e7u de telle mani\u00e8re que les managers qui vont l\u2019utiliser ne soient pas li\u00e9s par des formats informatiques r\u00e9ducteurs. La souplesse dans le param\u00e9trage doit laisser des marges de man\u0153uvre lors de la retranscription post entretien.<br \/>\n\u2022 D\u00e8s lors, associer avec la DRH, les managers de proximit\u00e9, aux concepteurs des progiciels RH afin que ces derniers ne soient pas d\u00e9connect\u00e9s des r\u00e9alit\u00e9s propres \u00e0 l\u2019entreprise et au contexte donn\u00e9. (Ceci afin d\u2019\u00e9viter que ces progiciels RH ne se comportent comme des planeurs \u00bb &#8211; Marie-Anne Dujarier -).<br \/>\n\u2022 L\u2019outil num\u00e9rique ne doit \u00eatre qu\u2019une \u00ab chambre d\u2019enregistrement \u00bb et non le guide qui d\u00e9termine le comportement des acteurs ; il s\u2019agit \u00ab d\u2019oublier \u00bb cet outil durant l\u2019entretien, il ne doit pas en \u00eatre le fil conducteur.<br \/>\n\u2022 (R\u00e9)introduire des proc\u00e9dures (r\u00e9unions r\u00e9guli\u00e8res et cadenc\u00e9es dans le temps) au profit du collectif, ce qui signifie, planifier du temps d\u2019\u00e9change en direct avec l\u2019ensemble de ses collaborateurs.<br \/>\n\u2022 Pour \u00e9valuer le travail et limiter les d\u00e9g\u00e2ts du fonctionnement \u00ab en silo \u00bb, &#8211; chaque manager avec sa surcharge de travail peut se sentir tr\u00e8s seul -, favoriser des rencontres soit en direct, soit en utilisant le num\u00e9rique (visio conf\u00e9rences) entre managers d\u2019une m\u00eame entit\u00e9 ou d\u2019entit\u00e9s d\u2019une m\u00eame entreprise diss\u00e9min\u00e9es g\u00e9ographiquement, afin d\u2019\u00e9changer sur leur v\u00e9cu, partager leurs exp\u00e9riences ou leurs difficult\u00e9s dans leur acte de management, \u00e9laborer ensemble des solutions etc. : briser l\u2019isolement.<br \/>\n\u2022 Il s\u2019agit enfin de cr\u00e9er des espaces de d\u00e9lib\u00e9ration, mais cette fois-ci horizontaux, avec ses pairs &#8211; car beaucoup de managers appartenant \u00e0 la m\u00eame soci\u00e9t\u00e9 ne se conna\u00eessent pas (ils font souvent connaissance lors de journ\u00e9e de formation !) et s\u2019aper\u00e7oivent qu\u2019ils ont un fond commun de probl\u00e8mes : organisationnels et humains, les deux \u00e9tant fortement corr\u00e9l\u00e9s.<\/p>\n","protected":false},"excerpt":{"rendered":"<p>D\u00e9rives et \u00e9cueils constat\u00e9s Lors de l\u2019introduction d\u2019un progiciel RH qui int\u00e8gre les entretiens d\u2019\u00e9valuation, on constate souvent les \u00e9cueils ou d\u00e9rives suivants : \u2022 Pour utiliser les nouveaux progiciels, les managers ne b\u00e9n\u00e9ficient que d\u2019un tutoriel pour se former. Outre que ce type d\u2019accompagnement ne favorise pas une bonne appropriation de l\u2019outil, aucun temps [&hellip;]<\/p>\n","protected":false},"author":1,"featured_media":164,"parent":53,"menu_order":6,"comment_status":"closed","ping_status":"closed","template":"","meta":{"footnotes":""},"class_list":["post-66","page","type-page","status-publish","has-post-thumbnail","hentry"],"yoast_head":"<!-- This site is optimized with the Yoast SEO plugin v26.3 - https:\/\/yoast.com\/wordpress\/plugins\/seo\/ -->\n<title>Progiciels de gestion RH et \u00e9valuation : quels retours d\u2019exp\u00e9rience ? - Guide pratique de l&#039;entretien d&#039;\u00e9valuation<\/title>\n<meta name=\"robots\" content=\"index, follow, max-snippet:-1, max-image-preview:large, max-video-preview:-1\" \/>\n<link rel=\"canonical\" href=\"https:\/\/syndicoop.fr\/evaluation\/evaluateur-evaluatrice\/progiciels-de-gestion-rh-et-evaluation-quels-retours-dexperience\/\" \/>\n<meta property=\"og:locale\" content=\"fr_FR\" \/>\n<meta property=\"og:type\" content=\"article\" \/>\n<meta property=\"og:title\" content=\"Progiciels de gestion RH et \u00e9valuation : quels retours d\u2019exp\u00e9rience ? - Guide pratique de l&#039;entretien d&#039;\u00e9valuation\" \/>\n<meta property=\"og:description\" content=\"D\u00e9rives et \u00e9cueils constat\u00e9s Lors de l\u2019introduction d\u2019un progiciel RH qui int\u00e8gre les entretiens d\u2019\u00e9valuation, on constate souvent les \u00e9cueils ou d\u00e9rives suivants : \u2022 Pour utiliser les nouveaux progiciels, les managers ne b\u00e9n\u00e9ficient que d\u2019un tutoriel pour se former. Outre que ce type d\u2019accompagnement ne favorise pas une bonne appropriation de l\u2019outil, aucun temps [&hellip;]\" \/>\n<meta property=\"og:url\" content=\"https:\/\/syndicoop.fr\/evaluation\/evaluateur-evaluatrice\/progiciels-de-gestion-rh-et-evaluation-quels-retours-dexperience\/\" \/>\n<meta property=\"og:site_name\" content=\"Guide pratique de l&#039;entretien d&#039;\u00e9valuation\" \/>\n<meta property=\"article:publisher\" content=\"https:\/\/www.facebook.com\/UGICT\/\" \/>\n<meta property=\"article:modified_time\" content=\"2019-10-22T08:57:42+00:00\" \/>\n<meta property=\"og:image\" content=\"https:\/\/syndicoop.fr\/evaluation\/wp-content\/uploads\/sites\/40\/2019\/10\/Fiche-Evaluateur-07-Facebook-1200x630.jpg\" \/>\n\t<meta property=\"og:image:width\" content=\"2048\" \/>\n\t<meta property=\"og:image:height\" content=\"1075\" \/>\n\t<meta property=\"og:image:type\" content=\"image\/jpeg\" \/>\n<meta name=\"twitter:card\" content=\"summary_large_image\" \/>\n<meta name=\"twitter:site\" content=\"@CGTCadresTechs\" \/>\n<meta name=\"twitter:label1\" content=\"Dur\u00e9e de lecture estim\u00e9e\" \/>\n\t<meta name=\"twitter:data1\" content=\"3 minutes\" \/>\n<script type=\"application\/ld+json\" class=\"yoast-schema-graph\">{\"@context\":\"https:\/\/schema.org\",\"@graph\":[{\"@type\":\"WebPage\",\"@id\":\"https:\/\/syndicoop.fr\/evaluation\/evaluateur-evaluatrice\/progiciels-de-gestion-rh-et-evaluation-quels-retours-dexperience\/\",\"url\":\"https:\/\/syndicoop.fr\/evaluation\/evaluateur-evaluatrice\/progiciels-de-gestion-rh-et-evaluation-quels-retours-dexperience\/\",\"name\":\"Progiciels de gestion RH et \u00e9valuation : quels retours d\u2019exp\u00e9rience ? - Guide pratique de l&#039;entretien d&#039;\u00e9valuation\",\"isPartOf\":{\"@id\":\"https:\/\/syndicoop.fr\/evaluation\/#website\"},\"primaryImageOfPage\":{\"@id\":\"https:\/\/syndicoop.fr\/evaluation\/evaluateur-evaluatrice\/progiciels-de-gestion-rh-et-evaluation-quels-retours-dexperience\/#primaryimage\"},\"image\":{\"@id\":\"https:\/\/syndicoop.fr\/evaluation\/evaluateur-evaluatrice\/progiciels-de-gestion-rh-et-evaluation-quels-retours-dexperience\/#primaryimage\"},\"thumbnailUrl\":\"https:\/\/syndicoop.fr\/evaluation\/wp-content\/uploads\/sites\/40\/2019\/10\/Fiche-Evaluateur-07-Facebook-1200x630.jpg\",\"datePublished\":\"2019-10-07T13:55:12+00:00\",\"dateModified\":\"2019-10-22T08:57:42+00:00\",\"breadcrumb\":{\"@id\":\"https:\/\/syndicoop.fr\/evaluation\/evaluateur-evaluatrice\/progiciels-de-gestion-rh-et-evaluation-quels-retours-dexperience\/#breadcrumb\"},\"inLanguage\":\"fr-FR\",\"potentialAction\":[{\"@type\":\"ReadAction\",\"target\":[\"https:\/\/syndicoop.fr\/evaluation\/evaluateur-evaluatrice\/progiciels-de-gestion-rh-et-evaluation-quels-retours-dexperience\/\"]}]},{\"@type\":\"ImageObject\",\"inLanguage\":\"fr-FR\",\"@id\":\"https:\/\/syndicoop.fr\/evaluation\/evaluateur-evaluatrice\/progiciels-de-gestion-rh-et-evaluation-quels-retours-dexperience\/#primaryimage\",\"url\":\"https:\/\/syndicoop.fr\/evaluation\/wp-content\/uploads\/sites\/40\/2019\/10\/Fiche-Evaluateur-07-Facebook-1200x630.jpg\",\"contentUrl\":\"https:\/\/syndicoop.fr\/evaluation\/wp-content\/uploads\/sites\/40\/2019\/10\/Fiche-Evaluateur-07-Facebook-1200x630.jpg\",\"width\":2048,\"height\":1075},{\"@type\":\"BreadcrumbList\",\"@id\":\"https:\/\/syndicoop.fr\/evaluation\/evaluateur-evaluatrice\/progiciels-de-gestion-rh-et-evaluation-quels-retours-dexperience\/#breadcrumb\",\"itemListElement\":[{\"@type\":\"ListItem\",\"position\":1,\"name\":\"Accueil\",\"item\":\"https:\/\/syndicoop.fr\/evaluation\/\"},{\"@type\":\"ListItem\",\"position\":2,\"name\":\"Je suis \u00e9valuateur \/ \u00e9valuatrice\",\"item\":\"https:\/\/syndicoop.fr\/evaluation\/evaluateur-evaluatrice\/\"},{\"@type\":\"ListItem\",\"position\":3,\"name\":\"Progiciels de gestion RH et \u00e9valuation&#160;: quels retours d\u2019exp\u00e9rience&#160;?\"}]},{\"@type\":\"WebSite\",\"@id\":\"https:\/\/syndicoop.fr\/evaluation\/#website\",\"url\":\"https:\/\/syndicoop.fr\/evaluation\/\",\"name\":\"Guide pratique de l&#039;entretien d&#039;\u00e9valuation\",\"description\":\"Avec Syndicoop, plateforme syndicale et coop\u00e9rative\",\"potentialAction\":[{\"@type\":\"SearchAction\",\"target\":{\"@type\":\"EntryPoint\",\"urlTemplate\":\"https:\/\/syndicoop.fr\/evaluation\/?s={search_term_string}\"},\"query-input\":{\"@type\":\"PropertyValueSpecification\",\"valueRequired\":true,\"valueName\":\"search_term_string\"}}],\"inLanguage\":\"fr-FR\"}]}<\/script>\n<!-- \/ Yoast SEO plugin. -->","yoast_head_json":{"title":"Progiciels de gestion RH et \u00e9valuation : quels retours d\u2019exp\u00e9rience ? - Guide pratique de l&#039;entretien d&#039;\u00e9valuation","robots":{"index":"index","follow":"follow","max-snippet":"max-snippet:-1","max-image-preview":"max-image-preview:large","max-video-preview":"max-video-preview:-1"},"canonical":"https:\/\/syndicoop.fr\/evaluation\/evaluateur-evaluatrice\/progiciels-de-gestion-rh-et-evaluation-quels-retours-dexperience\/","og_locale":"fr_FR","og_type":"article","og_title":"Progiciels de gestion RH et \u00e9valuation : quels retours d\u2019exp\u00e9rience ? - Guide pratique de l&#039;entretien d&#039;\u00e9valuation","og_description":"D\u00e9rives et \u00e9cueils constat\u00e9s Lors de l\u2019introduction d\u2019un progiciel RH qui int\u00e8gre les entretiens d\u2019\u00e9valuation, on constate souvent les \u00e9cueils ou d\u00e9rives suivants : \u2022 Pour utiliser les nouveaux progiciels, les managers ne b\u00e9n\u00e9ficient que d\u2019un tutoriel pour se former. Outre que ce type d\u2019accompagnement ne favorise pas une bonne appropriation de l\u2019outil, aucun temps [&hellip;]","og_url":"https:\/\/syndicoop.fr\/evaluation\/evaluateur-evaluatrice\/progiciels-de-gestion-rh-et-evaluation-quels-retours-dexperience\/","og_site_name":"Guide pratique de l&#039;entretien d&#039;\u00e9valuation","article_publisher":"https:\/\/www.facebook.com\/UGICT\/","article_modified_time":"2019-10-22T08:57:42+00:00","og_image":[{"width":2048,"height":1075,"url":"https:\/\/syndicoop.fr\/evaluation\/wp-content\/uploads\/sites\/40\/2019\/10\/Fiche-Evaluateur-07-Facebook-1200x630.jpg","type":"image\/jpeg"}],"twitter_card":"summary_large_image","twitter_site":"@CGTCadresTechs","twitter_misc":{"Dur\u00e9e de lecture estim\u00e9e":"3 minutes"},"schema":{"@context":"https:\/\/schema.org","@graph":[{"@type":"WebPage","@id":"https:\/\/syndicoop.fr\/evaluation\/evaluateur-evaluatrice\/progiciels-de-gestion-rh-et-evaluation-quels-retours-dexperience\/","url":"https:\/\/syndicoop.fr\/evaluation\/evaluateur-evaluatrice\/progiciels-de-gestion-rh-et-evaluation-quels-retours-dexperience\/","name":"Progiciels de gestion RH et \u00e9valuation : quels retours d\u2019exp\u00e9rience ? - Guide pratique de l&#039;entretien d&#039;\u00e9valuation","isPartOf":{"@id":"https:\/\/syndicoop.fr\/evaluation\/#website"},"primaryImageOfPage":{"@id":"https:\/\/syndicoop.fr\/evaluation\/evaluateur-evaluatrice\/progiciels-de-gestion-rh-et-evaluation-quels-retours-dexperience\/#primaryimage"},"image":{"@id":"https:\/\/syndicoop.fr\/evaluation\/evaluateur-evaluatrice\/progiciels-de-gestion-rh-et-evaluation-quels-retours-dexperience\/#primaryimage"},"thumbnailUrl":"https:\/\/syndicoop.fr\/evaluation\/wp-content\/uploads\/sites\/40\/2019\/10\/Fiche-Evaluateur-07-Facebook-1200x630.jpg","datePublished":"2019-10-07T13:55:12+00:00","dateModified":"2019-10-22T08:57:42+00:00","breadcrumb":{"@id":"https:\/\/syndicoop.fr\/evaluation\/evaluateur-evaluatrice\/progiciels-de-gestion-rh-et-evaluation-quels-retours-dexperience\/#breadcrumb"},"inLanguage":"fr-FR","potentialAction":[{"@type":"ReadAction","target":["https:\/\/syndicoop.fr\/evaluation\/evaluateur-evaluatrice\/progiciels-de-gestion-rh-et-evaluation-quels-retours-dexperience\/"]}]},{"@type":"ImageObject","inLanguage":"fr-FR","@id":"https:\/\/syndicoop.fr\/evaluation\/evaluateur-evaluatrice\/progiciels-de-gestion-rh-et-evaluation-quels-retours-dexperience\/#primaryimage","url":"https:\/\/syndicoop.fr\/evaluation\/wp-content\/uploads\/sites\/40\/2019\/10\/Fiche-Evaluateur-07-Facebook-1200x630.jpg","contentUrl":"https:\/\/syndicoop.fr\/evaluation\/wp-content\/uploads\/sites\/40\/2019\/10\/Fiche-Evaluateur-07-Facebook-1200x630.jpg","width":2048,"height":1075},{"@type":"BreadcrumbList","@id":"https:\/\/syndicoop.fr\/evaluation\/evaluateur-evaluatrice\/progiciels-de-gestion-rh-et-evaluation-quels-retours-dexperience\/#breadcrumb","itemListElement":[{"@type":"ListItem","position":1,"name":"Accueil","item":"https:\/\/syndicoop.fr\/evaluation\/"},{"@type":"ListItem","position":2,"name":"Je suis \u00e9valuateur \/ \u00e9valuatrice","item":"https:\/\/syndicoop.fr\/evaluation\/evaluateur-evaluatrice\/"},{"@type":"ListItem","position":3,"name":"Progiciels de gestion RH et \u00e9valuation&#160;: quels retours d\u2019exp\u00e9rience&#160;?"}]},{"@type":"WebSite","@id":"https:\/\/syndicoop.fr\/evaluation\/#website","url":"https:\/\/syndicoop.fr\/evaluation\/","name":"Guide pratique de l&#039;entretien d&#039;\u00e9valuation","description":"Avec Syndicoop, plateforme syndicale et coop\u00e9rative","potentialAction":[{"@type":"SearchAction","target":{"@type":"EntryPoint","urlTemplate":"https:\/\/syndicoop.fr\/evaluation\/?s={search_term_string}"},"query-input":{"@type":"PropertyValueSpecification","valueRequired":true,"valueName":"search_term_string"}}],"inLanguage":"fr-FR"}]}},"_links":{"self":[{"href":"https:\/\/syndicoop.fr\/evaluation\/wp-json\/wp\/v2\/pages\/66","targetHints":{"allow":["GET"]}}],"collection":[{"href":"https:\/\/syndicoop.fr\/evaluation\/wp-json\/wp\/v2\/pages"}],"about":[{"href":"https:\/\/syndicoop.fr\/evaluation\/wp-json\/wp\/v2\/types\/page"}],"author":[{"embeddable":true,"href":"https:\/\/syndicoop.fr\/evaluation\/wp-json\/wp\/v2\/users\/1"}],"replies":[{"embeddable":true,"href":"https:\/\/syndicoop.fr\/evaluation\/wp-json\/wp\/v2\/comments?post=66"}],"version-history":[{"count":0,"href":"https:\/\/syndicoop.fr\/evaluation\/wp-json\/wp\/v2\/pages\/66\/revisions"}],"up":[{"embeddable":true,"href":"https:\/\/syndicoop.fr\/evaluation\/wp-json\/wp\/v2\/pages\/53"}],"wp:featuredmedia":[{"embeddable":true,"href":"https:\/\/syndicoop.fr\/evaluation\/wp-json\/wp\/v2\/media\/164"}],"wp:attachment":[{"href":"https:\/\/syndicoop.fr\/evaluation\/wp-json\/wp\/v2\/media?parent=66"}],"curies":[{"name":"wp","href":"https:\/\/api.w.org\/{rel}","templated":true}]}}