{"id":74,"date":"2019-10-07T15:56:15","date_gmt":"2019-10-07T13:56:15","guid":{"rendered":"https:\/\/syndicoop.fr\/evaluation\/?page_id=74"},"modified":"2019-10-22T10:57:23","modified_gmt":"2019-10-22T08:57:23","slug":"puis-je-me-former-en-tant-quevaluateur-a-lexercice-de-levaluation","status":"publish","type":"page","link":"https:\/\/syndicoop.fr\/evaluation\/evaluateur-evaluatrice\/puis-je-me-former-en-tant-quevaluateur-a-lexercice-de-levaluation\/","title":{"rendered":"Puis-je me former en tant qu\u2019\u00e9valuateur \u00e0 l\u2019exercice de l\u2019\u00e9valuation ?"},"content":{"rendered":"<div class=\"page\" title=\"Page 31\">\n<div class=\"section\">\n<div class=\"layoutArea\">\n<div class=\"column\">\n<p>C\u2019est un des \u00e9cueils majeurs auxquels sont confront\u00e9s les e\u0301valuateurs. Les directions ont une conception \u00e9troite de l\u2019\u00e9valuation, qui vise \u00e0 l\u2019enfermer dans un exercice purement technique. Alors qu\u2019en r\u00e9alite\u0301, il s\u2019agit d\u2019avoir un e\u0301change sur la qualit\u00e9 du travail r\u00e9alis\u00e9 en le situant par rapport \u00e0 l\u2019ensemble de l\u2019environnement du travail et des interactions li\u00e9es aux conditions d\u2019exercice professionnelle. Cela explique pourquoi cette vision r\u00e9ductrice de l\u2019\u00e9valuation des directions se traduit par la mise en place de progiciels de gestion RH qui int\u00e8grent les entretiens d\u2019e\u0301valuation (voir question n\u00b021).<\/p>\n<p>Afin d\u2019\u00eatre en condition favorable pour r\u00e9aliser les entretiens d\u2019\u00e9valuation, il est souhaitable d\u2019avoir des espaces de d\u00e9lib\u00e9ration pour favoriser les rencontres entre services, entre pairs, et des temps de formation. Ces \u00e9changes peuvent permettre de construire des bonnes pratiques communes entre managers pour chaque \u00e9quipe sans e\u0302tre \u00ab hors sol \u00bb.<\/p>\n<p><strong>Le manager doit s\u2019interroger sur la d\u00e9finition et le sens du travail. En annexe de ce guide, vous trouverez des r\u00e9f\u00e9rences litt\u00e9raire et sociologique. Des formations professionnelles et syndicales peuvent \u00e9galement aider \u00e0 comprendre les diff\u00e9rents volets de l\u2019\u00e9valuation du travail.<\/strong><\/p>\n<\/div>\n<\/div>\n<\/div>\n<\/div>\n","protected":false},"excerpt":{"rendered":"<p>C\u2019est un des \u00e9cueils majeurs auxquels sont confront\u00e9s les e\u0301valuateurs. Les directions ont une conception \u00e9troite de l\u2019\u00e9valuation, qui vise \u00e0 l\u2019enfermer dans un exercice purement technique. Alors qu\u2019en r\u00e9alite\u0301, il s\u2019agit d\u2019avoir un e\u0301change sur la qualit\u00e9 du travail r\u00e9alis\u00e9 en le situant par rapport \u00e0 l\u2019ensemble de l\u2019environnement du travail et des interactions [&hellip;]<\/p>\n","protected":false},"author":1,"featured_media":159,"parent":53,"menu_order":2,"comment_status":"closed","ping_status":"closed","template":"","meta":{"footnotes":""},"class_list":["post-74","page","type-page","status-publish","has-post-thumbnail","hentry"],"yoast_head":"<!-- This site is optimized with the Yoast SEO plugin v26.3 - https:\/\/yoast.com\/wordpress\/plugins\/seo\/ -->\n<title>Puis-je me former en tant qu\u2019\u00e9valuateur \u00e0 l\u2019exercice de l\u2019\u00e9valuation ? - Guide pratique de l&#039;entretien d&#039;\u00e9valuation<\/title>\n<meta name=\"robots\" content=\"index, follow, max-snippet:-1, max-image-preview:large, max-video-preview:-1\" \/>\n<link rel=\"canonical\" href=\"https:\/\/syndicoop.fr\/evaluation\/evaluateur-evaluatrice\/puis-je-me-former-en-tant-quevaluateur-a-lexercice-de-levaluation\/\" \/>\n<meta property=\"og:locale\" content=\"fr_FR\" \/>\n<meta property=\"og:type\" content=\"article\" \/>\n<meta property=\"og:title\" content=\"Puis-je me former en tant qu\u2019\u00e9valuateur \u00e0 l\u2019exercice de l\u2019\u00e9valuation ? - Guide pratique de l&#039;entretien d&#039;\u00e9valuation\" \/>\n<meta property=\"og:description\" content=\"C\u2019est un des \u00e9cueils majeurs auxquels sont confront\u00e9s les e\u0301valuateurs. Les directions ont une conception \u00e9troite de l\u2019\u00e9valuation, qui vise \u00e0 l\u2019enfermer dans un exercice purement technique. Alors qu\u2019en r\u00e9alite\u0301, il s\u2019agit d\u2019avoir un e\u0301change sur la qualit\u00e9 du travail r\u00e9alis\u00e9 en le situant par rapport \u00e0 l\u2019ensemble de l\u2019environnement du travail et des interactions [&hellip;]\" \/>\n<meta property=\"og:url\" content=\"https:\/\/syndicoop.fr\/evaluation\/evaluateur-evaluatrice\/puis-je-me-former-en-tant-quevaluateur-a-lexercice-de-levaluation\/\" \/>\n<meta property=\"og:site_name\" content=\"Guide pratique de l&#039;entretien d&#039;\u00e9valuation\" \/>\n<meta property=\"article:publisher\" content=\"https:\/\/www.facebook.com\/UGICT\/\" \/>\n<meta property=\"article:modified_time\" content=\"2019-10-22T08:57:23+00:00\" \/>\n<meta property=\"og:image\" content=\"https:\/\/syndicoop.fr\/evaluation\/wp-content\/uploads\/sites\/40\/2019\/10\/Fiche-Evaluateur-02-Facebook-1200x630.jpg\" \/>\n\t<meta property=\"og:image:width\" content=\"2048\" \/>\n\t<meta property=\"og:image:height\" content=\"1075\" \/>\n\t<meta property=\"og:image:type\" content=\"image\/jpeg\" \/>\n<meta name=\"twitter:card\" content=\"summary_large_image\" \/>\n<meta name=\"twitter:site\" content=\"@CGTCadresTechs\" \/>\n<meta name=\"twitter:label1\" content=\"Dur\u00e9e de lecture estim\u00e9e\" \/>\n\t<meta name=\"twitter:data1\" content=\"1 minute\" \/>\n<script type=\"application\/ld+json\" class=\"yoast-schema-graph\">{\"@context\":\"https:\/\/schema.org\",\"@graph\":[{\"@type\":\"WebPage\",\"@id\":\"https:\/\/syndicoop.fr\/evaluation\/evaluateur-evaluatrice\/puis-je-me-former-en-tant-quevaluateur-a-lexercice-de-levaluation\/\",\"url\":\"https:\/\/syndicoop.fr\/evaluation\/evaluateur-evaluatrice\/puis-je-me-former-en-tant-quevaluateur-a-lexercice-de-levaluation\/\",\"name\":\"Puis-je me former en tant qu\u2019\u00e9valuateur \u00e0 l\u2019exercice de l\u2019\u00e9valuation ? - Guide pratique de l&#039;entretien d&#039;\u00e9valuation\",\"isPartOf\":{\"@id\":\"https:\/\/syndicoop.fr\/evaluation\/#website\"},\"primaryImageOfPage\":{\"@id\":\"https:\/\/syndicoop.fr\/evaluation\/evaluateur-evaluatrice\/puis-je-me-former-en-tant-quevaluateur-a-lexercice-de-levaluation\/#primaryimage\"},\"image\":{\"@id\":\"https:\/\/syndicoop.fr\/evaluation\/evaluateur-evaluatrice\/puis-je-me-former-en-tant-quevaluateur-a-lexercice-de-levaluation\/#primaryimage\"},\"thumbnailUrl\":\"https:\/\/syndicoop.fr\/evaluation\/wp-content\/uploads\/sites\/40\/2019\/10\/Fiche-Evaluateur-02-Facebook-1200x630.jpg\",\"datePublished\":\"2019-10-07T13:56:15+00:00\",\"dateModified\":\"2019-10-22T08:57:23+00:00\",\"breadcrumb\":{\"@id\":\"https:\/\/syndicoop.fr\/evaluation\/evaluateur-evaluatrice\/puis-je-me-former-en-tant-quevaluateur-a-lexercice-de-levaluation\/#breadcrumb\"},\"inLanguage\":\"fr-FR\",\"potentialAction\":[{\"@type\":\"ReadAction\",\"target\":[\"https:\/\/syndicoop.fr\/evaluation\/evaluateur-evaluatrice\/puis-je-me-former-en-tant-quevaluateur-a-lexercice-de-levaluation\/\"]}]},{\"@type\":\"ImageObject\",\"inLanguage\":\"fr-FR\",\"@id\":\"https:\/\/syndicoop.fr\/evaluation\/evaluateur-evaluatrice\/puis-je-me-former-en-tant-quevaluateur-a-lexercice-de-levaluation\/#primaryimage\",\"url\":\"https:\/\/syndicoop.fr\/evaluation\/wp-content\/uploads\/sites\/40\/2019\/10\/Fiche-Evaluateur-02-Facebook-1200x630.jpg\",\"contentUrl\":\"https:\/\/syndicoop.fr\/evaluation\/wp-content\/uploads\/sites\/40\/2019\/10\/Fiche-Evaluateur-02-Facebook-1200x630.jpg\",\"width\":2048,\"height\":1075},{\"@type\":\"BreadcrumbList\",\"@id\":\"https:\/\/syndicoop.fr\/evaluation\/evaluateur-evaluatrice\/puis-je-me-former-en-tant-quevaluateur-a-lexercice-de-levaluation\/#breadcrumb\",\"itemListElement\":[{\"@type\":\"ListItem\",\"position\":1,\"name\":\"Accueil\",\"item\":\"https:\/\/syndicoop.fr\/evaluation\/\"},{\"@type\":\"ListItem\",\"position\":2,\"name\":\"Je suis \u00e9valuateur \/ \u00e9valuatrice\",\"item\":\"https:\/\/syndicoop.fr\/evaluation\/evaluateur-evaluatrice\/\"},{\"@type\":\"ListItem\",\"position\":3,\"name\":\"Puis-je me former en tant qu\u2019\u00e9valuateur \u00e0 l\u2019exercice de l\u2019\u00e9valuation&#160;?\"}]},{\"@type\":\"WebSite\",\"@id\":\"https:\/\/syndicoop.fr\/evaluation\/#website\",\"url\":\"https:\/\/syndicoop.fr\/evaluation\/\",\"name\":\"Guide pratique de l&#039;entretien d&#039;\u00e9valuation\",\"description\":\"Avec Syndicoop, plateforme syndicale et coop\u00e9rative\",\"potentialAction\":[{\"@type\":\"SearchAction\",\"target\":{\"@type\":\"EntryPoint\",\"urlTemplate\":\"https:\/\/syndicoop.fr\/evaluation\/?s={search_term_string}\"},\"query-input\":{\"@type\":\"PropertyValueSpecification\",\"valueRequired\":true,\"valueName\":\"search_term_string\"}}],\"inLanguage\":\"fr-FR\"}]}<\/script>\n<!-- \/ Yoast SEO plugin. -->","yoast_head_json":{"title":"Puis-je me former en tant qu\u2019\u00e9valuateur \u00e0 l\u2019exercice de l\u2019\u00e9valuation ? - Guide pratique de l&#039;entretien d&#039;\u00e9valuation","robots":{"index":"index","follow":"follow","max-snippet":"max-snippet:-1","max-image-preview":"max-image-preview:large","max-video-preview":"max-video-preview:-1"},"canonical":"https:\/\/syndicoop.fr\/evaluation\/evaluateur-evaluatrice\/puis-je-me-former-en-tant-quevaluateur-a-lexercice-de-levaluation\/","og_locale":"fr_FR","og_type":"article","og_title":"Puis-je me former en tant qu\u2019\u00e9valuateur \u00e0 l\u2019exercice de l\u2019\u00e9valuation ? - Guide pratique de l&#039;entretien d&#039;\u00e9valuation","og_description":"C\u2019est un des \u00e9cueils majeurs auxquels sont confront\u00e9s les e\u0301valuateurs. Les directions ont une conception \u00e9troite de l\u2019\u00e9valuation, qui vise \u00e0 l\u2019enfermer dans un exercice purement technique. Alors qu\u2019en r\u00e9alite\u0301, il s\u2019agit d\u2019avoir un e\u0301change sur la qualit\u00e9 du travail r\u00e9alis\u00e9 en le situant par rapport \u00e0 l\u2019ensemble de l\u2019environnement du travail et des interactions [&hellip;]","og_url":"https:\/\/syndicoop.fr\/evaluation\/evaluateur-evaluatrice\/puis-je-me-former-en-tant-quevaluateur-a-lexercice-de-levaluation\/","og_site_name":"Guide pratique de l&#039;entretien d&#039;\u00e9valuation","article_publisher":"https:\/\/www.facebook.com\/UGICT\/","article_modified_time":"2019-10-22T08:57:23+00:00","og_image":[{"width":2048,"height":1075,"url":"https:\/\/syndicoop.fr\/evaluation\/wp-content\/uploads\/sites\/40\/2019\/10\/Fiche-Evaluateur-02-Facebook-1200x630.jpg","type":"image\/jpeg"}],"twitter_card":"summary_large_image","twitter_site":"@CGTCadresTechs","twitter_misc":{"Dur\u00e9e de lecture estim\u00e9e":"1 minute"},"schema":{"@context":"https:\/\/schema.org","@graph":[{"@type":"WebPage","@id":"https:\/\/syndicoop.fr\/evaluation\/evaluateur-evaluatrice\/puis-je-me-former-en-tant-quevaluateur-a-lexercice-de-levaluation\/","url":"https:\/\/syndicoop.fr\/evaluation\/evaluateur-evaluatrice\/puis-je-me-former-en-tant-quevaluateur-a-lexercice-de-levaluation\/","name":"Puis-je me former en tant qu\u2019\u00e9valuateur \u00e0 l\u2019exercice de l\u2019\u00e9valuation ? - Guide pratique de l&#039;entretien d&#039;\u00e9valuation","isPartOf":{"@id":"https:\/\/syndicoop.fr\/evaluation\/#website"},"primaryImageOfPage":{"@id":"https:\/\/syndicoop.fr\/evaluation\/evaluateur-evaluatrice\/puis-je-me-former-en-tant-quevaluateur-a-lexercice-de-levaluation\/#primaryimage"},"image":{"@id":"https:\/\/syndicoop.fr\/evaluation\/evaluateur-evaluatrice\/puis-je-me-former-en-tant-quevaluateur-a-lexercice-de-levaluation\/#primaryimage"},"thumbnailUrl":"https:\/\/syndicoop.fr\/evaluation\/wp-content\/uploads\/sites\/40\/2019\/10\/Fiche-Evaluateur-02-Facebook-1200x630.jpg","datePublished":"2019-10-07T13:56:15+00:00","dateModified":"2019-10-22T08:57:23+00:00","breadcrumb":{"@id":"https:\/\/syndicoop.fr\/evaluation\/evaluateur-evaluatrice\/puis-je-me-former-en-tant-quevaluateur-a-lexercice-de-levaluation\/#breadcrumb"},"inLanguage":"fr-FR","potentialAction":[{"@type":"ReadAction","target":["https:\/\/syndicoop.fr\/evaluation\/evaluateur-evaluatrice\/puis-je-me-former-en-tant-quevaluateur-a-lexercice-de-levaluation\/"]}]},{"@type":"ImageObject","inLanguage":"fr-FR","@id":"https:\/\/syndicoop.fr\/evaluation\/evaluateur-evaluatrice\/puis-je-me-former-en-tant-quevaluateur-a-lexercice-de-levaluation\/#primaryimage","url":"https:\/\/syndicoop.fr\/evaluation\/wp-content\/uploads\/sites\/40\/2019\/10\/Fiche-Evaluateur-02-Facebook-1200x630.jpg","contentUrl":"https:\/\/syndicoop.fr\/evaluation\/wp-content\/uploads\/sites\/40\/2019\/10\/Fiche-Evaluateur-02-Facebook-1200x630.jpg","width":2048,"height":1075},{"@type":"BreadcrumbList","@id":"https:\/\/syndicoop.fr\/evaluation\/evaluateur-evaluatrice\/puis-je-me-former-en-tant-quevaluateur-a-lexercice-de-levaluation\/#breadcrumb","itemListElement":[{"@type":"ListItem","position":1,"name":"Accueil","item":"https:\/\/syndicoop.fr\/evaluation\/"},{"@type":"ListItem","position":2,"name":"Je suis \u00e9valuateur \/ \u00e9valuatrice","item":"https:\/\/syndicoop.fr\/evaluation\/evaluateur-evaluatrice\/"},{"@type":"ListItem","position":3,"name":"Puis-je me former en tant qu\u2019\u00e9valuateur \u00e0 l\u2019exercice de l\u2019\u00e9valuation&#160;?"}]},{"@type":"WebSite","@id":"https:\/\/syndicoop.fr\/evaluation\/#website","url":"https:\/\/syndicoop.fr\/evaluation\/","name":"Guide pratique de l&#039;entretien d&#039;\u00e9valuation","description":"Avec Syndicoop, plateforme syndicale et coop\u00e9rative","potentialAction":[{"@type":"SearchAction","target":{"@type":"EntryPoint","urlTemplate":"https:\/\/syndicoop.fr\/evaluation\/?s={search_term_string}"},"query-input":{"@type":"PropertyValueSpecification","valueRequired":true,"valueName":"search_term_string"}}],"inLanguage":"fr-FR"}]}},"_links":{"self":[{"href":"https:\/\/syndicoop.fr\/evaluation\/wp-json\/wp\/v2\/pages\/74","targetHints":{"allow":["GET"]}}],"collection":[{"href":"https:\/\/syndicoop.fr\/evaluation\/wp-json\/wp\/v2\/pages"}],"about":[{"href":"https:\/\/syndicoop.fr\/evaluation\/wp-json\/wp\/v2\/types\/page"}],"author":[{"embeddable":true,"href":"https:\/\/syndicoop.fr\/evaluation\/wp-json\/wp\/v2\/users\/1"}],"replies":[{"embeddable":true,"href":"https:\/\/syndicoop.fr\/evaluation\/wp-json\/wp\/v2\/comments?post=74"}],"version-history":[{"count":0,"href":"https:\/\/syndicoop.fr\/evaluation\/wp-json\/wp\/v2\/pages\/74\/revisions"}],"up":[{"embeddable":true,"href":"https:\/\/syndicoop.fr\/evaluation\/wp-json\/wp\/v2\/pages\/53"}],"wp:featuredmedia":[{"embeddable":true,"href":"https:\/\/syndicoop.fr\/evaluation\/wp-json\/wp\/v2\/media\/159"}],"wp:attachment":[{"href":"https:\/\/syndicoop.fr\/evaluation\/wp-json\/wp\/v2\/media?parent=74"}],"curies":[{"name":"wp","href":"https:\/\/api.w.org\/{rel}","templated":true}]}}