{"id":78,"date":"2019-10-07T15:57:06","date_gmt":"2019-10-07T13:57:06","guid":{"rendered":"https:\/\/syndicoop.fr\/evaluation\/?page_id=78"},"modified":"2019-10-07T16:12:55","modified_gmt":"2019-10-07T14:12:55","slug":"conseils","status":"publish","type":"page","link":"https:\/\/syndicoop.fr\/evaluation\/evaluateur-evaluatrice\/conseils\/","title":{"rendered":"Conseils pour l\u2019\u00e9valuateur"},"content":{"rendered":"<p class=\"p1\">L\u2019entretien d\u2019\u00e9valuation n\u2019est pas un exercice neutre. Il n\u00e9cessite d\u2019\u00eatre form\u00e9 et de savoir ma\u00eetriser le verbal utilis\u00e9 afin d\u2019\u00e9viter de se transformer involontairement en \u00ab maltraitant \u00bb. Il est n\u00e9cessaire aussi de veiller \u00e0 ce que les conditions de r\u00e9alisation de l\u2019entretien soient r\u00e9unies des deux c\u00f4t\u00e9s : disponibilit\u00e9 le jour du rendez-vous, temps de pr\u00e9paration suffisant, connaissance des \u00e9l\u00e9ments ou documents utilis\u00e9s, etc. Durant l\u2019entretien l\u2019\u00e9change doit \u00eatre constructif, il est important de maintenir une relation de confiance, et de rester sur le factuel. L\u2019objet de l\u2019entretien d\u2019\u00e9valuation est l\u2019appr\u00e9ciation du travail, pas de la personne.<\/p>\n<p class=\"p1\">Les \u00e9volutions r\u00e9centes du monde de travail ont men\u00e9 \u00e0 l\u2019\u00e9mergence d\u2019une nouvelle classe de risques, les risques psycho sociaux ou \u00ab RPS \u00bb.<\/p>\n<p class=\"p1\"><span class=\"s1\">La d\u00e9finition qu\u2019a donn\u00e9 le coll\u00e8ge d\u2019expertise sur le suivi des RPS mis en place par le ministre du Travail , issu du \u00ab rapport Gollac \u00bb est la suivante : \u00ab <i>les risques pour la sant\u00e9 mentale, physique et sociale, engendr\u00e9s par les conditions d\u2019emploi et les facteurs organisationnels et relationnels susceptibles d\u2019interagir avec le fonctionnement mental <\/i>\u00bb.<\/span><\/p>\n<p class=\"p1\">Cette d\u00e9finition est celle qui a \u00e9t\u00e9 retenue par l\u2019accord sur la pr\u00e9vention des RPS dans la fonction publique le 22 octobre 2013.<\/p>\n<p class=\"p1\">L\u2019entretien d\u2019\u00e9valuation est le moment o\u00f9 se cristallisent tous ces facteurs. En tant qu\u2019\u00e9valuateur, il faut donc y \u00eatre extr\u00eamement vigilant.<\/p>\n<p class=\"p1\">Comme l\u2019impose la r\u00e8glementation, les risques psycho sociaux doivent \u00eatre pris en compte au m\u00eame titre que les autres risques professionnels. Il est n\u00e9cessaire de les \u00e9valuer, de planifier des mesures de pr\u00e9vention adapt\u00e9es et de donner la priorit\u00e9 aux mesures collectives suceptibles d\u2019\u00e9viter le risque le plus en amont possible.<\/p>\n<p>&nbsp;<\/p>\n<h2>Sommaire<\/h2>\n<table class=\"t1\" cellspacing=\"0\" cellpadding=\"0\">\n<tbody>\n<tr>\n<td class=\"td1\" style=\"width: 14px;\" valign=\"top\">\n<p class=\"p1\"><span class=\"s1\">1.<\/span><\/p>\n<\/td>\n<td class=\"td1\" style=\"width: 973px;\" valign=\"top\">\n<p class=\"p2\"><span class=\"s2\"><a href=\"https:\/\/syndicoop.fr\/evaluation\/evaluateur-evaluatrice\/comment-se-preparer-a-faire-passer-un-entretien-annuel-devaluation\/\">\u00a0Comment se pr\u00e9parer \u00e0 faire passer un entretien annuel d\u2019\u00e9valuation ?<\/a> <\/span><\/p>\n<\/td>\n<\/tr>\n<tr>\n<td class=\"td1\" style=\"width: 14px;\" valign=\"top\">\n<p class=\"p1\"><span class=\"s1\">2.<\/span><\/p>\n<\/td>\n<td class=\"td1\" style=\"width: 973px;\" valign=\"top\">\n<p class=\"p2\"><a href=\"https:\/\/syndicoop.fr\/evaluation\/evaluateur-evaluatrice\/puis-je-me-former-en-tant-quevaluateur-a-lexercice-de-levaluation\/\"><span class=\"s2\">\u00a0Puis-je me former en tant qu\u2019\u00e9valuateur \u00e0 l\u2019exercice de l\u2019\u00e9valuation ?<\/span><\/a><\/p>\n<\/td>\n<\/tr>\n<tr>\n<td class=\"td1\" style=\"width: 14px;\" valign=\"top\">\n<p class=\"p1\"><span class=\"s1\">3.<\/span><\/p>\n<\/td>\n<td class=\"td1\" style=\"width: 973px;\" valign=\"top\">\n<p class=\"p2\"><a href=\"https:\/\/syndicoop.fr\/evaluation\/evaluateur-evaluatrice\/dois-je-accepter-les-quotas-de-niveau-de-notation-pour-mes-collaborateurs\/\"><span class=\"s2\">\u00a0Dois-je accepter les quotas de niveau de notation pour les salari\u00e9\u00b7e\u00b7s ou les fonctionnaires que je dois \u00e9valuer ?<\/span><\/a><\/p>\n<\/td>\n<\/tr>\n<tr>\n<td class=\"td1\" style=\"width: 14px;\" valign=\"top\">\n<p class=\"p1\"><span class=\"s1\">4.<\/span><\/p>\n<\/td>\n<td class=\"td1\" style=\"width: 973px;\" valign=\"top\">\n<p class=\"p2\"><a href=\"https:\/\/syndicoop.fr\/evaluation\/evaluateur-evaluatrice\/mon-superieur-hierarchique-revoit-a-la-baisse-mes-notations-que-puis-je-faire\/\"><span class=\"s2\">\u00a0Mon sup\u00e9rieur hi\u00e9rarchique revoit \u00e0 la baisse mes notations, que puis-je faire ?<\/span><\/a><\/p>\n<\/td>\n<\/tr>\n<tr>\n<td class=\"td1\" style=\"width: 14px;\" valign=\"top\">\n<p class=\"p1\"><span class=\"s1\">5.<\/span><\/p>\n<\/td>\n<td class=\"td1\" style=\"width: 973px;\" valign=\"top\">\n<p class=\"p2\"><span class=\"s2\"><a href=\"https:\/\/syndicoop.fr\/evaluation\/evaluateur-evaluatrice\/comment-apprehender-une-evaluation-a-360-degres\/\">\u00a0Comment appr\u00e9hender une \u00e9valuation \u00e0 360 degr\u00e9s ?<\/a> <\/span><\/p>\n<\/td>\n<\/tr>\n<tr>\n<td class=\"td1\" style=\"width: 14px;\" valign=\"top\">\n<p class=\"p1\"><span class=\"s1\">6.<\/span><\/p>\n<\/td>\n<td class=\"td1\" style=\"width: 973px;\" valign=\"top\">\n<p class=\"p2\"><a href=\"https:\/\/syndicoop.fr\/evaluation\/evaluateur-evaluatrice\/progiciels-de-gestion-rh-et-evaluation-quels-retours-dexperience\/\"><span class=\"s2\">\u00a0Progiciels de gestion RH et \u00e9valuation : quels retours d\u2019exp\u00e9rience ?<\/span><\/a><\/p>\n<\/td>\n<\/tr>\n<tr>\n<td class=\"td1\" style=\"width: 14px;\" valign=\"top\">\n<p class=\"p1\"><span class=\"s1\">7.<\/span><\/p>\n<\/td>\n<td class=\"td1\" style=\"width: 973px;\" valign=\"top\">\n<p class=\"p2\"><a href=\"https:\/\/syndicoop.fr\/evaluation\/evaluateur-evaluatrice\/comment-donner-du-sens-a-lentretien-annuel-devaluation-et-en-faire-un-outil-de-reconnaissance-et-damelioration-du-collectif-de-travail\/\"><span class=\"s2\">\u00a0Comment donner du sens \u00e0 l\u2019entretien annuel d\u2019\u00e9valuation et en faire un outil de reconnaissance et d\u2019am\u00e9lioration du collectif de travail ?<\/span><\/a><\/p>\n<\/td>\n<\/tr>\n<\/tbody>\n<\/table>\n<p>&nbsp;<\/p>\n","protected":false},"excerpt":{"rendered":"<p>L\u2019entretien d\u2019\u00e9valuation n\u2019est pas un exercice neutre. Il n\u00e9cessite d\u2019\u00eatre form\u00e9 et de savoir ma\u00eetriser le verbal utilis\u00e9 afin d\u2019\u00e9viter de se transformer involontairement en \u00ab maltraitant \u00bb. Il est n\u00e9cessaire aussi de veiller \u00e0 ce que les conditions de r\u00e9alisation de l\u2019entretien soient r\u00e9unies des deux c\u00f4t\u00e9s : disponibilit\u00e9 le jour du rendez-vous, temps [&hellip;]<\/p>\n","protected":false},"author":1,"featured_media":0,"parent":53,"menu_order":0,"comment_status":"closed","ping_status":"closed","template":"","meta":{"footnotes":""},"class_list":["post-78","page","type-page","status-publish","hentry"],"yoast_head":"<!-- This site is optimized with the Yoast SEO plugin v26.3 - https:\/\/yoast.com\/wordpress\/plugins\/seo\/ -->\n<title>Conseils pour l\u2019\u00e9valuateur - Guide pratique de l&#039;entretien d&#039;\u00e9valuation<\/title>\n<meta name=\"robots\" content=\"index, follow, max-snippet:-1, max-image-preview:large, max-video-preview:-1\" \/>\n<link rel=\"canonical\" href=\"https:\/\/syndicoop.fr\/evaluation\/evaluateur-evaluatrice\/conseils\/\" \/>\n<meta property=\"og:locale\" content=\"fr_FR\" \/>\n<meta property=\"og:type\" content=\"article\" \/>\n<meta property=\"og:title\" content=\"Conseils pour l\u2019\u00e9valuateur - Guide pratique de l&#039;entretien d&#039;\u00e9valuation\" \/>\n<meta property=\"og:description\" content=\"L\u2019entretien d\u2019\u00e9valuation n\u2019est pas un exercice neutre. Il n\u00e9cessite d\u2019\u00eatre form\u00e9 et de savoir ma\u00eetriser le verbal utilis\u00e9 afin d\u2019\u00e9viter de se transformer involontairement en \u00ab maltraitant \u00bb. Il est n\u00e9cessaire aussi de veiller \u00e0 ce que les conditions de r\u00e9alisation de l\u2019entretien soient r\u00e9unies des deux c\u00f4t\u00e9s : disponibilit\u00e9 le jour du rendez-vous, temps [&hellip;]\" \/>\n<meta property=\"og:url\" content=\"https:\/\/syndicoop.fr\/evaluation\/evaluateur-evaluatrice\/conseils\/\" \/>\n<meta property=\"og:site_name\" content=\"Guide pratique de l&#039;entretien d&#039;\u00e9valuation\" \/>\n<meta property=\"article:publisher\" content=\"https:\/\/www.facebook.com\/UGICT\/\" \/>\n<meta property=\"article:modified_time\" content=\"2019-10-07T14:12:55+00:00\" \/>\n<meta property=\"og:image\" content=\"https:\/\/syndicoop.fr\/evaluation\/wp-content\/uploads\/sites\/40\/2019\/10\/sarah-noltner-4U3d6u_p-fE-unsplash.jpg\" \/>\n\t<meta property=\"og:image:width\" content=\"2048\" \/>\n\t<meta property=\"og:image:height\" content=\"1365\" \/>\n\t<meta property=\"og:image:type\" content=\"image\/jpeg\" \/>\n<meta name=\"twitter:card\" content=\"summary_large_image\" \/>\n<meta name=\"twitter:site\" content=\"@CGTCadresTechs\" \/>\n<meta name=\"twitter:label1\" content=\"Dur\u00e9e de lecture estim\u00e9e\" \/>\n\t<meta name=\"twitter:data1\" content=\"2 minutes\" \/>\n<script type=\"application\/ld+json\" class=\"yoast-schema-graph\">{\"@context\":\"https:\/\/schema.org\",\"@graph\":[{\"@type\":\"WebPage\",\"@id\":\"https:\/\/syndicoop.fr\/evaluation\/evaluateur-evaluatrice\/conseils\/\",\"url\":\"https:\/\/syndicoop.fr\/evaluation\/evaluateur-evaluatrice\/conseils\/\",\"name\":\"Conseils pour l\u2019\u00e9valuateur - Guide pratique de l&#039;entretien d&#039;\u00e9valuation\",\"isPartOf\":{\"@id\":\"https:\/\/syndicoop.fr\/evaluation\/#website\"},\"datePublished\":\"2019-10-07T13:57:06+00:00\",\"dateModified\":\"2019-10-07T14:12:55+00:00\",\"breadcrumb\":{\"@id\":\"https:\/\/syndicoop.fr\/evaluation\/evaluateur-evaluatrice\/conseils\/#breadcrumb\"},\"inLanguage\":\"fr-FR\",\"potentialAction\":[{\"@type\":\"ReadAction\",\"target\":[\"https:\/\/syndicoop.fr\/evaluation\/evaluateur-evaluatrice\/conseils\/\"]}]},{\"@type\":\"BreadcrumbList\",\"@id\":\"https:\/\/syndicoop.fr\/evaluation\/evaluateur-evaluatrice\/conseils\/#breadcrumb\",\"itemListElement\":[{\"@type\":\"ListItem\",\"position\":1,\"name\":\"Accueil\",\"item\":\"https:\/\/syndicoop.fr\/evaluation\/\"},{\"@type\":\"ListItem\",\"position\":2,\"name\":\"Je suis \u00e9valuateur \/ \u00e9valuatrice\",\"item\":\"https:\/\/syndicoop.fr\/evaluation\/evaluateur-evaluatrice\/\"},{\"@type\":\"ListItem\",\"position\":3,\"name\":\"Conseils pour l\u2019\u00e9valuateur\"}]},{\"@type\":\"WebSite\",\"@id\":\"https:\/\/syndicoop.fr\/evaluation\/#website\",\"url\":\"https:\/\/syndicoop.fr\/evaluation\/\",\"name\":\"Guide pratique de l&#039;entretien d&#039;\u00e9valuation\",\"description\":\"Avec Syndicoop, plateforme syndicale et coop\u00e9rative\",\"potentialAction\":[{\"@type\":\"SearchAction\",\"target\":{\"@type\":\"EntryPoint\",\"urlTemplate\":\"https:\/\/syndicoop.fr\/evaluation\/?s={search_term_string}\"},\"query-input\":{\"@type\":\"PropertyValueSpecification\",\"valueRequired\":true,\"valueName\":\"search_term_string\"}}],\"inLanguage\":\"fr-FR\"}]}<\/script>\n<!-- \/ Yoast SEO plugin. -->","yoast_head_json":{"title":"Conseils pour l\u2019\u00e9valuateur - Guide pratique de l&#039;entretien d&#039;\u00e9valuation","robots":{"index":"index","follow":"follow","max-snippet":"max-snippet:-1","max-image-preview":"max-image-preview:large","max-video-preview":"max-video-preview:-1"},"canonical":"https:\/\/syndicoop.fr\/evaluation\/evaluateur-evaluatrice\/conseils\/","og_locale":"fr_FR","og_type":"article","og_title":"Conseils pour l\u2019\u00e9valuateur - Guide pratique de l&#039;entretien d&#039;\u00e9valuation","og_description":"L\u2019entretien d\u2019\u00e9valuation n\u2019est pas un exercice neutre. Il n\u00e9cessite d\u2019\u00eatre form\u00e9 et de savoir ma\u00eetriser le verbal utilis\u00e9 afin d\u2019\u00e9viter de se transformer involontairement en \u00ab maltraitant \u00bb. Il est n\u00e9cessaire aussi de veiller \u00e0 ce que les conditions de r\u00e9alisation de l\u2019entretien soient r\u00e9unies des deux c\u00f4t\u00e9s : disponibilit\u00e9 le jour du rendez-vous, temps [&hellip;]","og_url":"https:\/\/syndicoop.fr\/evaluation\/evaluateur-evaluatrice\/conseils\/","og_site_name":"Guide pratique de l&#039;entretien d&#039;\u00e9valuation","article_publisher":"https:\/\/www.facebook.com\/UGICT\/","article_modified_time":"2019-10-07T14:12:55+00:00","og_image":[{"width":2048,"height":1365,"url":"https:\/\/syndicoop.fr\/evaluation\/wp-content\/uploads\/sites\/40\/2019\/10\/sarah-noltner-4U3d6u_p-fE-unsplash.jpg","type":"image\/jpeg"}],"twitter_card":"summary_large_image","twitter_site":"@CGTCadresTechs","twitter_misc":{"Dur\u00e9e de lecture estim\u00e9e":"2 minutes"},"schema":{"@context":"https:\/\/schema.org","@graph":[{"@type":"WebPage","@id":"https:\/\/syndicoop.fr\/evaluation\/evaluateur-evaluatrice\/conseils\/","url":"https:\/\/syndicoop.fr\/evaluation\/evaluateur-evaluatrice\/conseils\/","name":"Conseils pour l\u2019\u00e9valuateur - Guide pratique de l&#039;entretien d&#039;\u00e9valuation","isPartOf":{"@id":"https:\/\/syndicoop.fr\/evaluation\/#website"},"datePublished":"2019-10-07T13:57:06+00:00","dateModified":"2019-10-07T14:12:55+00:00","breadcrumb":{"@id":"https:\/\/syndicoop.fr\/evaluation\/evaluateur-evaluatrice\/conseils\/#breadcrumb"},"inLanguage":"fr-FR","potentialAction":[{"@type":"ReadAction","target":["https:\/\/syndicoop.fr\/evaluation\/evaluateur-evaluatrice\/conseils\/"]}]},{"@type":"BreadcrumbList","@id":"https:\/\/syndicoop.fr\/evaluation\/evaluateur-evaluatrice\/conseils\/#breadcrumb","itemListElement":[{"@type":"ListItem","position":1,"name":"Accueil","item":"https:\/\/syndicoop.fr\/evaluation\/"},{"@type":"ListItem","position":2,"name":"Je suis \u00e9valuateur \/ \u00e9valuatrice","item":"https:\/\/syndicoop.fr\/evaluation\/evaluateur-evaluatrice\/"},{"@type":"ListItem","position":3,"name":"Conseils pour l\u2019\u00e9valuateur"}]},{"@type":"WebSite","@id":"https:\/\/syndicoop.fr\/evaluation\/#website","url":"https:\/\/syndicoop.fr\/evaluation\/","name":"Guide pratique de l&#039;entretien d&#039;\u00e9valuation","description":"Avec Syndicoop, plateforme syndicale et coop\u00e9rative","potentialAction":[{"@type":"SearchAction","target":{"@type":"EntryPoint","urlTemplate":"https:\/\/syndicoop.fr\/evaluation\/?s={search_term_string}"},"query-input":{"@type":"PropertyValueSpecification","valueRequired":true,"valueName":"search_term_string"}}],"inLanguage":"fr-FR"}]}},"_links":{"self":[{"href":"https:\/\/syndicoop.fr\/evaluation\/wp-json\/wp\/v2\/pages\/78","targetHints":{"allow":["GET"]}}],"collection":[{"href":"https:\/\/syndicoop.fr\/evaluation\/wp-json\/wp\/v2\/pages"}],"about":[{"href":"https:\/\/syndicoop.fr\/evaluation\/wp-json\/wp\/v2\/types\/page"}],"author":[{"embeddable":true,"href":"https:\/\/syndicoop.fr\/evaluation\/wp-json\/wp\/v2\/users\/1"}],"replies":[{"embeddable":true,"href":"https:\/\/syndicoop.fr\/evaluation\/wp-json\/wp\/v2\/comments?post=78"}],"version-history":[{"count":0,"href":"https:\/\/syndicoop.fr\/evaluation\/wp-json\/wp\/v2\/pages\/78\/revisions"}],"up":[{"embeddable":true,"href":"https:\/\/syndicoop.fr\/evaluation\/wp-json\/wp\/v2\/pages\/53"}],"wp:attachment":[{"href":"https:\/\/syndicoop.fr\/evaluation\/wp-json\/wp\/v2\/media?parent=78"}],"curies":[{"name":"wp","href":"https:\/\/api.w.org\/{rel}","templated":true}]}}