{"id":328,"date":"2015-04-20T18:39:34","date_gmt":"2015-04-20T16:39:34","guid":{"rendered":"http:\/\/fomm.reference-syndicale.fr\/?page_id=15"},"modified":"2025-04-16T18:34:00","modified_gmt":"2025-04-16T16:34:00","slug":"contact","status":"publish","type":"page","link":"https:\/\/syndicoop.fr\/fomm\/contact\/","title":{"rendered":"Nous contacter"},"content":{"rendered":"<p>&nbsp;<\/p>\n<h3><span class=\"author\" style=\"font-size: 18pt\">F\u00e9d\u00e9ration des Officiers de la Marine Marchande CGT<\/span><\/h3>\n<address>Cercle Franklin<br \/>\n119 Cours de La R\u00e9publique<br \/>\n76 600 LE HAVRE<\/address>\n<address>(33) 02.35.25.03.42 administration aux heures de bureau<\/address>\n<address>fedeoffmarmarugict.cgt<span class=\"\">@orange.f<\/span><span class=\"\">r<\/span><\/address>\n<address><em>Secr\u00e9taire G\u00e9n\u00e9ral :\u00a0Emmanuel CHALARD<\/em><\/address>\n<address><em>(33) 06.85.83.24.58<\/em><\/address>\n<address><em><span class=\"\">echalard@gmail.com<\/span><\/em><\/address>\n<address>\u00a0<\/address>\n<address><strong>Tr\u00e9sorier<\/strong> : Ronan \/ Ga\u00e9tan MICHEL : <a href=\"mailto:treso.fomm@gmx.com\" target=\"_blank\" rel=\"noopener\">tresor.fomm<span class=\"atwho-query\">@gmx.com<\/span><\/a><\/address>\n<h4 style=\"text-align: left\"><span style=\"font-size: 10pt\"><strong><span style=\"text-decoration: underline\">ITF &amp; R\u00e9f\u00e9rent Harc\u00e8lement<\/span> : <\/strong><\/span><strong><a href=\"mailto:harcelement.fomm.CGT@gmail.com\"><em>harcelement.fomm.CGT@gmail.com<\/em><\/a><\/strong><\/h4>\n<h3><span style=\"font-size: 18pt\"><strong><span class=\"author\">Les syndicats :<\/span><\/strong><\/span><\/h3>\n<p><strong>Nantes \/ Saint Nazaire \/ Bretagne\u00a0:<\/strong><\/p>\n<p><strong>Syndicat des officiers de la marine\u00a0marchande UGICT CGT<\/strong><br \/>\n<em>1\u00a0place de la gare de l&rsquo;Etat<\/em><br \/>\n<em>Case postale 1<\/em><br \/>\n<em>44276 NANTES cedex 2<\/em><br \/>\n<em>(33) 0626583101<\/em><br \/>\n<a href=\"mailto:syndoffcgtnantes@gmail.com\"><em>syndoffcgtnantes@gmail.com<\/em><\/a><\/p>\n<p><strong>Le Havre :<\/strong><\/p>\n<p><strong>Syndicat des officiers de la marine\u00a0marchande UGICT CGT<\/strong><br \/>\n<em>119 cours de la R\u00e9publique<\/em><br \/>\n<em>76600 LE HAVRE<\/em><br \/>\n<em>(33) 02.35.25.03.42 administration aux heures de bureau<\/em><br \/>\n<a href=\"mailto:ugictcgtofficiers.syndicathavre@orange.fr\"><em>ugictcgtofficiers.syndicathavre@orange.fr<\/em><\/a><\/p>\n<p><strong>Marseille :<\/strong><\/p>\n<p><strong>Syndicat des officiers de la marine marchande UGICT CGT<\/strong><\/p>\n<p><em>25 Rue Duverger<\/em><br \/>\n<em>13OO2 Marseille<\/em><\/p>\n<p><em>(33) 02.35.25.03.42 administration aux heures de bureau<\/em><br \/>\n<a href=\"mailto:offcgtmarseille@gmail.com\"><em>offcgtmarseille@gmail.com<\/em><\/a><\/p>\n<p><strong>Marseille FOS <\/strong><em>(Boluda)<\/em><\/p>\n<p>2 rue de la R\u00e9publique &#8211; BP 5011+<br \/>\n13528 PORT DE BOUC CEDEX<\/p>\n<p><strong>La R\u00e9union :<\/strong><\/p>\n<p><em>Syndicat CGT des marins du port<\/em><br \/>\n<em>15 lot de la colline Pichette<\/em><br \/>\n<em>97419 LA POSSESSION \/ LA REUNION<\/em><br \/>\n<em>(33) 02.62.44.98.79<\/em><br \/>\n<a href=\"mailto:jack.rica@orange.fr\"><em>jack.rica@orange.fr<\/em><\/a><\/p>\n<h3><span style=\"font-size: 18pt\"><strong><span class=\"author\">Les coordinations :<\/span><\/strong><\/span><\/h3>\n<p style=\"text-align: left\"><span style=\"font-size: 10pt\"><strong><span style=\"text-decoration: underline\">Remorquage<\/span> : <\/strong><em>Matthieu PORCHER<\/em><\/span><\/p>\n<p style=\"text-align: left\"><a href=\"mailto:porcheradm@gmail.com\"><span style=\"font-size: 10pt\"><em>porcheradm@gmail.com<br \/>\n<\/em><\/span><\/a><\/p>\n<p><strong style=\"font-size: 10pt\"><span style=\"text-decoration: underline\">Grands Ports Maritimes<\/span> : <\/strong><em style=\"font-size: 10pt\">Fanny CROAJOU<\/em><\/p>\n<div class=\"layoutArea\">\n<div class=\"column\">\n<p><span style=\"font-size: 10pt\"><em><a href=\"mailto:f.croajou@nantes.port.fr\">f.croajou@nantes.port.fr<\/a> <\/em><\/span><\/p>\n<p><span style=\"font-size: 10pt\"><strong><span style=\"text-decoration: underline\">Offshore<\/span> : <\/strong><em>Brice BUSSY<\/em><\/span><\/p>\n<p><a href=\"mailto:bricebussy@gmail.com\"><span style=\"font-size: 10pt\"><em>bricebussy@gmail.com<\/em><\/span><\/a><\/p>\n<p><span style=\"font-size: 10pt\"><strong><span style=\"text-decoration: underline\">Long Court<\/span> : <\/strong><em>Simon-Clovis HYVERNAT<\/em><\/span><\/p>\n<p><a href=\"mailto:ugictcgt-off-hyvernat@orange.fr\"><span style=\"font-size: 10pt\"><em>ugictcgt-off-hyvernat@orange.fr<\/em><\/span><\/a><\/p>\n<p><span style=\"font-size: 10pt\"><strong><span style=\"text-decoration: underline\">Ferries<\/span> : <\/strong><em>Ludovic FATOU<\/em><\/span><\/p>\n<p><a href=\"mailto:ludovic.fatou@orange.fr\"><span style=\"font-size: 10pt\"><em>ludovic.fatou@orange.fr<\/em><\/span><\/a><\/p>\n<p><span style=\"font-size: 10pt\"><strong><span style=\"text-decoration: underline\">Phares &amp; Balises<\/span> : <\/strong><em>Benjamin HAUVESPRE<\/em><\/span><\/p>\n<p><a href=\"mailto:benjamin.hauvespre@developpement-durable.gouv.fr\"><span style=\"font-size: 10pt\"><em>benjamin.hauvespre@developpement-durable.gouv.fr<\/em><\/span><\/a><\/p>\n<p><span style=\"font-size: 10pt\"><strong><span style=\"text-decoration: underline\"> GASPE<\/span> : <\/strong><em>Gaetan MICHEL<\/em><strong>\/<\/strong><em>Emmanuel CHALARD<\/em><\/span><\/p>\n<p><span style=\"font-size: 10pt\"><em><span class=\"\"><a href=\"mailto:gaetan240680@hotmail.com\">gaetan240680@hotmail.com<\/a> \/ <a href=\"mailto:echalard@gmail.com\">echalard@gmail.com<\/a><\/span><\/em><\/span><\/p>\n<\/div>\n<\/div>\n","protected":false},"excerpt":{"rendered":"<p>&nbsp; F\u00e9d\u00e9ration des Officiers de la Marine Marchande CGT Cercle Franklin 119 Cours de La R\u00e9publique 76 600 LE HAVRE (33) 02.35.25.03.42 administration aux heures de bureau fedeoffmarmarugict.cgt@orange.fr Secr\u00e9taire G\u00e9n\u00e9ral :\u00a0Emmanuel CHALARD (33) 06.85.83.24.58 echalard@gmail.com \u00a0 Tr\u00e9sorier : Ronan \/ Ga\u00e9tan MICHEL : tresor.fomm@gmx.com ITF &amp; R\u00e9f\u00e9rent Harc\u00e8lement : harcelement.fomm.CGT@gmail.com Les syndicats : Nantes \/ [&hellip;]<\/p>\n","protected":false},"author":1,"featured_media":0,"parent":0,"menu_order":0,"comment_status":"closed","ping_status":"closed","template":"","meta":{"_acf_changed":false,"footnotes":""},"class_list":["post-328","page","type-page","status-publish","hentry"],"acf":[],"yoast_head":"<!-- This site is optimized with the Yoast SEO plugin v26.3 - https:\/\/yoast.com\/wordpress\/plugins\/seo\/ -->\n<title>Nous contacter - Officiers de la Marine Marchande - Ugict-CGT<\/title>\n<meta name=\"robots\" content=\"index, follow, max-snippet:-1, max-image-preview:large, max-video-preview:-1\" \/>\n<link rel=\"canonical\" href=\"https:\/\/syndicoop.fr\/fomm\/contact\/\" \/>\n<meta name=\"twitter:label1\" content=\"Dur\u00e9e de lecture estim\u00e9e\" \/>\n\t<meta name=\"twitter:data1\" content=\"2 minutes\" \/>\n<script type=\"application\/ld+json\" class=\"yoast-schema-graph\">{\"@context\":\"https:\/\/schema.org\",\"@graph\":[{\"@type\":\"WebPage\",\"@id\":\"https:\/\/syndicoop.fr\/fomm\/contact\/\",\"url\":\"https:\/\/syndicoop.fr\/fomm\/contact\/\",\"name\":\"Nous contacter - Officiers de la Marine Marchande - Ugict-CGT\",\"isPartOf\":{\"@id\":\"https:\/\/syndicoop.fr\/fomm\/#website\"},\"datePublished\":\"2015-04-20T16:39:34+00:00\",\"dateModified\":\"2025-04-16T16:34:00+00:00\",\"breadcrumb\":{\"@id\":\"https:\/\/syndicoop.fr\/fomm\/contact\/#breadcrumb\"},\"inLanguage\":\"fr-FR\",\"potentialAction\":[{\"@type\":\"ReadAction\",\"target\":[\"https:\/\/syndicoop.fr\/fomm\/contact\/\"]}]},{\"@type\":\"BreadcrumbList\",\"@id\":\"https:\/\/syndicoop.fr\/fomm\/contact\/#breadcrumb\",\"itemListElement\":[{\"@type\":\"ListItem\",\"position\":1,\"name\":\"Accueil\",\"item\":\"https:\/\/syndicoop.fr\/fomm\/\"},{\"@type\":\"ListItem\",\"position\":2,\"name\":\"Nous contacter\"}]},{\"@type\":\"WebSite\",\"@id\":\"https:\/\/syndicoop.fr\/fomm\/#website\",\"url\":\"https:\/\/syndicoop.fr\/fomm\/\",\"name\":\"Officiers de la Marine Marchande - Ugict-CGT\",\"description\":\"F\u00e9d\u00e9ration CGT des Officiers de la Marine Marchande - FOMM CGT\",\"potentialAction\":[{\"@type\":\"SearchAction\",\"target\":{\"@type\":\"EntryPoint\",\"urlTemplate\":\"https:\/\/syndicoop.fr\/fomm\/?s={search_term_string}\"},\"query-input\":{\"@type\":\"PropertyValueSpecification\",\"valueRequired\":true,\"valueName\":\"search_term_string\"}}],\"inLanguage\":\"fr-FR\"}]}<\/script>\n<!-- \/ Yoast SEO plugin. -->","yoast_head_json":{"title":"Nous contacter - Officiers de la Marine Marchande - Ugict-CGT","robots":{"index":"index","follow":"follow","max-snippet":"max-snippet:-1","max-image-preview":"max-image-preview:large","max-video-preview":"max-video-preview:-1"},"canonical":"https:\/\/syndicoop.fr\/fomm\/contact\/","twitter_misc":{"Dur\u00e9e de lecture estim\u00e9e":"2 minutes"},"schema":{"@context":"https:\/\/schema.org","@graph":[{"@type":"WebPage","@id":"https:\/\/syndicoop.fr\/fomm\/contact\/","url":"https:\/\/syndicoop.fr\/fomm\/contact\/","name":"Nous contacter - Officiers de la Marine Marchande - Ugict-CGT","isPartOf":{"@id":"https:\/\/syndicoop.fr\/fomm\/#website"},"datePublished":"2015-04-20T16:39:34+00:00","dateModified":"2025-04-16T16:34:00+00:00","breadcrumb":{"@id":"https:\/\/syndicoop.fr\/fomm\/contact\/#breadcrumb"},"inLanguage":"fr-FR","potentialAction":[{"@type":"ReadAction","target":["https:\/\/syndicoop.fr\/fomm\/contact\/"]}]},{"@type":"BreadcrumbList","@id":"https:\/\/syndicoop.fr\/fomm\/contact\/#breadcrumb","itemListElement":[{"@type":"ListItem","position":1,"name":"Accueil","item":"https:\/\/syndicoop.fr\/fomm\/"},{"@type":"ListItem","position":2,"name":"Nous contacter"}]},{"@type":"WebSite","@id":"https:\/\/syndicoop.fr\/fomm\/#website","url":"https:\/\/syndicoop.fr\/fomm\/","name":"Officiers de la Marine Marchande - Ugict-CGT","description":"F\u00e9d\u00e9ration CGT des Officiers de la Marine Marchande - FOMM CGT","potentialAction":[{"@type":"SearchAction","target":{"@type":"EntryPoint","urlTemplate":"https:\/\/syndicoop.fr\/fomm\/?s={search_term_string}"},"query-input":{"@type":"PropertyValueSpecification","valueRequired":true,"valueName":"search_term_string"}}],"inLanguage":"fr-FR"}]}},"_links":{"self":[{"href":"https:\/\/syndicoop.fr\/fomm\/wp-json\/wp\/v2\/pages\/328","targetHints":{"allow":["GET"]}}],"collection":[{"href":"https:\/\/syndicoop.fr\/fomm\/wp-json\/wp\/v2\/pages"}],"about":[{"href":"https:\/\/syndicoop.fr\/fomm\/wp-json\/wp\/v2\/types\/page"}],"author":[{"embeddable":true,"href":"https:\/\/syndicoop.fr\/fomm\/wp-json\/wp\/v2\/users\/1"}],"replies":[{"embeddable":true,"href":"https:\/\/syndicoop.fr\/fomm\/wp-json\/wp\/v2\/comments?post=328"}],"version-history":[{"count":0,"href":"https:\/\/syndicoop.fr\/fomm\/wp-json\/wp\/v2\/pages\/328\/revisions"}],"wp:attachment":[{"href":"https:\/\/syndicoop.fr\/fomm\/wp-json\/wp\/v2\/media?parent=328"}],"curies":[{"name":"wp","href":"https:\/\/api.w.org\/{rel}","templated":true}]}}