{"id":123,"date":"2015-08-23T20:58:08","date_gmt":"2015-08-23T18:58:08","guid":{"rendered":"http:\/\/theme.ridianur.com\/brehoh\/?page_id=123"},"modified":"2019-05-22T17:04:06","modified_gmt":"2019-05-22T15:04:06","slug":"home-custom-layout","status":"publish","type":"page","link":"https:\/\/syndicoop.fr\/ia\/","title":{"rendered":"Accueil &#8211; O\u00f9 va l&rsquo;intelligence artificielle ? Un colloque CGT"},"content":{"rendered":"","protected":false},"excerpt":{"rendered":"","protected":false},"author":1,"featured_media":0,"parent":0,"menu_order":0,"comment_status":"closed","ping_status":"closed","template":"homepage-custom-layout.php","meta":{"_acf_changed":false,"footnotes":""},"class_list":["post-123","page","type-page","status-publish","hentry"],"acf":[],"yoast_head":"<!-- This site is optimized with the Yoast SEO plugin v26.3 - https:\/\/yoast.com\/wordpress\/plugins\/seo\/ -->\n<title>O\u00f9 va l&#039;intelligence artificielle ? - Actes du colloque CGT<\/title>\n<meta name=\"description\" content=\"Retrouvez ici le d\u00e9tail des interventions, les actes, documents, et contenus de la journ\u00e9e sur l&#039;I.A, organis\u00e9 par la CGT le 6 novembre 2018, \u00e0 Montreuil.\" \/>\n<meta name=\"robots\" content=\"index, follow, max-snippet:-1, max-image-preview:large, max-video-preview:-1\" \/>\n<link rel=\"canonical\" href=\"https:\/\/syndicoop.fr\/ia\/\" \/>\n<meta property=\"og:locale\" content=\"fr_FR\" \/>\n<meta property=\"og:type\" content=\"article\" \/>\n<meta property=\"og:title\" content=\"O\u00f9 va l&#039;intelligence artificielle ? - Actes du colloque CGT\" \/>\n<meta property=\"og:description\" content=\"Retrouvez ici le d\u00e9tail des interventions, les actes, documents, et contenus de la journ\u00e9e sur l&#039;I.A, organis\u00e9 par la CGT le 6 novembre 2018, \u00e0 Montreuil.\" \/>\n<meta property=\"og:url\" content=\"https:\/\/syndicoop.fr\/ia\/\" \/>\n<meta property=\"og:site_name\" content=\"O\u00f9 va l&#039;intelligence artificielle\" \/>\n<meta property=\"article:modified_time\" content=\"2019-05-22T15:04:06+00:00\" \/>\n<meta property=\"og:image\" content=\"https:\/\/syndicoop.fr\/ia\/wp-content\/uploads\/sites\/36\/2019\/05\/documents-1200x667.jpg\" \/>\n\t<meta property=\"og:image:width\" content=\"1200\" \/>\n\t<meta property=\"og:image:height\" content=\"667\" \/>\n\t<meta property=\"og:image:type\" content=\"image\/jpeg\" \/>\n<meta name=\"twitter:card\" content=\"summary_large_image\" \/>\n<script type=\"application\/ld+json\" class=\"yoast-schema-graph\">{\"@context\":\"https:\/\/schema.org\",\"@graph\":[{\"@type\":\"WebPage\",\"@id\":\"https:\/\/syndicoop.fr\/ia\/\",\"url\":\"https:\/\/syndicoop.fr\/ia\/\",\"name\":\"O\u00f9 va l'intelligence artificielle ? - Actes du colloque CGT\",\"isPartOf\":{\"@id\":\"https:\/\/syndicoop.fr\/ia\/#website\"},\"datePublished\":\"2015-08-23T18:58:08+00:00\",\"dateModified\":\"2019-05-22T15:04:06+00:00\",\"description\":\"Retrouvez ici le d\u00e9tail des interventions, les actes, documents, et contenus de la journ\u00e9e sur l'I.A, organis\u00e9 par la CGT le 6 novembre 2018, \u00e0 Montreuil.\",\"breadcrumb\":{\"@id\":\"https:\/\/syndicoop.fr\/ia\/#breadcrumb\"},\"inLanguage\":\"fr-FR\",\"potentialAction\":[{\"@type\":\"ReadAction\",\"target\":[\"https:\/\/syndicoop.fr\/ia\/\"]}]},{\"@type\":\"BreadcrumbList\",\"@id\":\"https:\/\/syndicoop.fr\/ia\/#breadcrumb\",\"itemListElement\":[{\"@type\":\"ListItem\",\"position\":1,\"name\":\"Accueil\",\"item\":\"https:\/\/syndicoop.fr\/ia\/\"},{\"@type\":\"ListItem\",\"position\":2,\"name\":\"Accueil &#8211; O\u00f9 va l&#8217;intelligence artificielle ? Un colloque CGT\"}]},{\"@type\":\"WebSite\",\"@id\":\"https:\/\/syndicoop.fr\/ia\/#website\",\"url\":\"https:\/\/syndicoop.fr\/ia\/\",\"name\":\"O\u00f9 va l&#039;intelligence artificielle\",\"description\":\"Un site utilisant Syndicoop - la plateforme syndicale et coop\u00e9rative\",\"potentialAction\":[{\"@type\":\"SearchAction\",\"target\":{\"@type\":\"EntryPoint\",\"urlTemplate\":\"https:\/\/syndicoop.fr\/ia\/?s={search_term_string}\"},\"query-input\":{\"@type\":\"PropertyValueSpecification\",\"valueRequired\":true,\"valueName\":\"search_term_string\"}}],\"inLanguage\":\"fr-FR\"}]}<\/script>\n<!-- \/ Yoast SEO plugin. -->","yoast_head_json":{"title":"O\u00f9 va l'intelligence artificielle ? - Actes du colloque CGT","description":"Retrouvez ici le d\u00e9tail des interventions, les actes, documents, et contenus de la journ\u00e9e sur l'I.A, organis\u00e9 par la CGT le 6 novembre 2018, \u00e0 Montreuil.","robots":{"index":"index","follow":"follow","max-snippet":"max-snippet:-1","max-image-preview":"max-image-preview:large","max-video-preview":"max-video-preview:-1"},"canonical":"https:\/\/syndicoop.fr\/ia\/","og_locale":"fr_FR","og_type":"article","og_title":"O\u00f9 va l'intelligence artificielle ? - Actes du colloque CGT","og_description":"Retrouvez ici le d\u00e9tail des interventions, les actes, documents, et contenus de la journ\u00e9e sur l'I.A, organis\u00e9 par la CGT le 6 novembre 2018, \u00e0 Montreuil.","og_url":"https:\/\/syndicoop.fr\/ia\/","og_site_name":"O\u00f9 va l&#039;intelligence artificielle","article_modified_time":"2019-05-22T15:04:06+00:00","og_image":[{"width":1200,"height":667,"url":"https:\/\/syndicoop.fr\/ia\/wp-content\/uploads\/sites\/36\/2019\/05\/documents-1200x667.jpg","type":"image\/jpeg"}],"twitter_card":"summary_large_image","schema":{"@context":"https:\/\/schema.org","@graph":[{"@type":"WebPage","@id":"https:\/\/syndicoop.fr\/ia\/","url":"https:\/\/syndicoop.fr\/ia\/","name":"O\u00f9 va l'intelligence artificielle ? - Actes du colloque CGT","isPartOf":{"@id":"https:\/\/syndicoop.fr\/ia\/#website"},"datePublished":"2015-08-23T18:58:08+00:00","dateModified":"2019-05-22T15:04:06+00:00","description":"Retrouvez ici le d\u00e9tail des interventions, les actes, documents, et contenus de la journ\u00e9e sur l'I.A, organis\u00e9 par la CGT le 6 novembre 2018, \u00e0 Montreuil.","breadcrumb":{"@id":"https:\/\/syndicoop.fr\/ia\/#breadcrumb"},"inLanguage":"fr-FR","potentialAction":[{"@type":"ReadAction","target":["https:\/\/syndicoop.fr\/ia\/"]}]},{"@type":"BreadcrumbList","@id":"https:\/\/syndicoop.fr\/ia\/#breadcrumb","itemListElement":[{"@type":"ListItem","position":1,"name":"Accueil","item":"https:\/\/syndicoop.fr\/ia\/"},{"@type":"ListItem","position":2,"name":"Accueil &#8211; O\u00f9 va l&#8217;intelligence artificielle ? Un colloque CGT"}]},{"@type":"WebSite","@id":"https:\/\/syndicoop.fr\/ia\/#website","url":"https:\/\/syndicoop.fr\/ia\/","name":"O\u00f9 va l&#039;intelligence artificielle","description":"Un site utilisant Syndicoop - la plateforme syndicale et coop\u00e9rative","potentialAction":[{"@type":"SearchAction","target":{"@type":"EntryPoint","urlTemplate":"https:\/\/syndicoop.fr\/ia\/?s={search_term_string}"},"query-input":{"@type":"PropertyValueSpecification","valueRequired":true,"valueName":"search_term_string"}}],"inLanguage":"fr-FR"}]}},"_links":{"self":[{"href":"https:\/\/syndicoop.fr\/ia\/wp-json\/wp\/v2\/pages\/123","targetHints":{"allow":["GET"]}}],"collection":[{"href":"https:\/\/syndicoop.fr\/ia\/wp-json\/wp\/v2\/pages"}],"about":[{"href":"https:\/\/syndicoop.fr\/ia\/wp-json\/wp\/v2\/types\/page"}],"author":[{"embeddable":true,"href":"https:\/\/syndicoop.fr\/ia\/wp-json\/wp\/v2\/users\/1"}],"replies":[{"embeddable":true,"href":"https:\/\/syndicoop.fr\/ia\/wp-json\/wp\/v2\/comments?post=123"}],"version-history":[{"count":0,"href":"https:\/\/syndicoop.fr\/ia\/wp-json\/wp\/v2\/pages\/123\/revisions"}],"wp:attachment":[{"href":"https:\/\/syndicoop.fr\/ia\/wp-json\/wp\/v2\/media?parent=123"}],"curies":[{"name":"wp","href":"https:\/\/api.w.org\/{rel}","templated":true}]}}