{"id":293,"date":"2020-03-26T17:27:34","date_gmt":"2020-03-26T16:27:34","guid":{"rendered":"https:\/\/syndicoop.fr\/ia\/?page_id=293"},"modified":"2021-06-14T12:21:34","modified_gmt":"2021-06-14T10:21:34","slug":"guide","status":"publish","type":"page","link":"https:\/\/syndicoop.fr\/ia\/guide\/","title":{"rendered":"Accueil &#8211; Guide sur l&rsquo;Intelligence artificielle"},"content":{"rendered":"<p style=\"text-align: center;\"><em><span style=\"color: #999999;\">Intelligence artificielle et algorithme : pour quelle \u00ab robolution \u00bb ?<\/span><\/em><\/p>\n<p>&nbsp;<\/p>\n<h3 style=\"text-align: center;\"><a class=\"dl_button\" href=\"https:\/\/syndicoop.fr\/ia\/wp-content\/uploads\/sites\/36\/2021\/06\/Guide_Intelligence_Artificielle-AT_2020.pdf\" target=\"_blank\" rel=\"noopener\">T\u00e9l\u00e9charger le guide\u00a0en version papier couleur.<\/a><\/h3>\n<p style=\"text-align: center;\">(<em>Version optimis\u00e9e pour une impression en haute qualit\u00e9<\/em>)<\/p>\n<h3 style=\"text-align: center;\"><a class=\"dl_button\" href=\"https:\/\/syndicoop.fr\/ia\/wp-content\/uploads\/sites\/36\/2021\/06\/Guide_Intelligence_Artificielle-V_LightNB.pdf\" target=\"_blank\" rel=\"noopener\">T\u00e9l\u00e9charger le guide\u00a0en version papier noir et blanc.<\/a><\/h3>\n<p style=\"text-align: center;\">(<em>Version optimis\u00e9e pour une impression ne n\u00e9cessitant que peu d&rsquo;encre<\/em>)<\/p>\n<h3 style=\"text-align: center;\"><a class=\"dl_button\" href=\"https:\/\/syndicoop.fr\/ia\/wp-content\/uploads\/sites\/36\/2021\/06\/Guide_Intelligence_Artificielle-V_ScreenBook.pdf\" target=\"_blank\" rel=\"noopener\">T\u00e9l\u00e9charger le guide en version num\u00e9rique.<\/a><\/h3>\n<p style=\"text-align: center;\">(<em>Version optimis\u00e9e pour la lecture sur tablette ou PC<\/em>).<\/p>\n<p>&nbsp;<\/p>\n<p>&nbsp;<\/p>\n<h2 style=\"text-align: center;\">Ou acc\u00e9dez directement au contenu int\u00e9gral du guide en navigant sur ce site.<\/h2>\n<p>&nbsp;<\/p>\n<h6 style=\"text-align: center;\">|\u00a0\u00a0\u00a0\u00a0 <strong><a href=\"https:\/\/syndicoop.fr\/ia\/intelligence-artificielle-algorithme\/guide-intelligence-artificielle\/\"><strong>Introduction : IA, notre affaire \u00e0 tous. &gt;&gt;&gt;<\/strong><\/a><\/strong><\/h6>\n<h2><\/h2>\n<p>&nbsp;<\/p>\n<p>&nbsp;<\/p>\n<h4>Vous pouvez \u00e9galement consulter les autres guides de <strong><a href=\"http:\/\/www.ugict.cgt.fr\/\" target=\"_blank\" rel=\"noopener\">l&rsquo;Ugict-CGT<\/a><\/strong> via la plateforme <strong><a href=\"https:\/\/syndicoop.fr\/\" target=\"_blank\" rel=\"noopener\">Syndicoop<\/a><\/strong> ou avec les liens ci-dessous :<\/h4>\n<p><a href=\"https:\/\/guideteletravail.fr\/\" target=\"_blank\" rel=\"noopener\"><em><strong>Guide pour n\u00e9gocier le t\u00e9l\u00e9travail.<\/strong><\/em><\/a><\/p>\n<p><a href=\"https:\/\/droitaladeconnexion.info\/\" target=\"_blank\" rel=\"noopener\"><em><strong>Guide du droit \u00e0 la d\u00e9connexion.<\/strong><\/em><\/a><\/p>\n<p>&nbsp;<\/p>\n<p>&nbsp;<\/p>\n<p>&nbsp;<\/p>\n<p>&nbsp;<\/p>\n","protected":false},"excerpt":{"rendered":"<p>Intelligence artificielle et algorithme : pour quelle \u00ab robolution \u00bb ? &nbsp; T\u00e9l\u00e9charger le guide\u00a0en version papier couleur. (Version optimis\u00e9e pour une impression en haute qualit\u00e9) T\u00e9l\u00e9charger le guide\u00a0en version papier noir et blanc. (Version optimis\u00e9e pour une impression ne n\u00e9cessitant que peu d&rsquo;encre) T\u00e9l\u00e9charger le guide en version num\u00e9rique. (Version optimis\u00e9e pour la lecture sur tablette ou PC). &nbsp; &hellip;<\/p>\n","protected":false},"author":1,"featured_media":676,"parent":0,"menu_order":0,"comment_status":"closed","ping_status":"closed","template":"","meta":{"_acf_changed":false,"footnotes":""},"class_list":["post-293","page","type-page","status-publish","has-post-thumbnail","hentry"],"acf":[],"yoast_head":"<!-- This site is optimized with the Yoast SEO plugin v26.3 - https:\/\/yoast.com\/wordpress\/plugins\/seo\/ -->\n<title>Intelligence artificielle et algorithme : pour quelle robolution ? - Ugict-CGT<\/title>\n<meta name=\"description\" content=\"Intelligence artificielle et algorithme : pour quelle \u00ab robolution \u00bb ? Un guide propos\u00e9 par l&#039;Ugict-CGT afin de mieux anticiper les enjeux de notre soci\u00e9t\u00e9.\" \/>\n<meta name=\"robots\" content=\"index, follow, max-snippet:-1, max-image-preview:large, max-video-preview:-1\" \/>\n<link rel=\"canonical\" href=\"https:\/\/syndicoop.fr\/ia\/guide\/\" \/>\n<meta property=\"og:locale\" content=\"fr_FR\" \/>\n<meta property=\"og:type\" content=\"article\" \/>\n<meta property=\"og:title\" content=\"Intelligence artificielle et algorithme : pour quelle robolution ? - Ugict-CGT\" \/>\n<meta property=\"og:description\" content=\"Intelligence artificielle et algorithme : pour quelle \u00ab robolution \u00bb ? Un guide propos\u00e9 par l&#039;Ugict-CGT afin de mieux anticiper les enjeux de notre soci\u00e9t\u00e9.\" \/>\n<meta property=\"og:url\" content=\"https:\/\/syndicoop.fr\/ia\/guide\/\" \/>\n<meta property=\"og:site_name\" content=\"O\u00f9 va l&#039;intelligence artificielle\" \/>\n<meta property=\"article:modified_time\" content=\"2021-06-14T10:21:34+00:00\" \/>\n<meta property=\"og:image\" content=\"https:\/\/syndicoop.fr\/ia\/wp-content\/uploads\/sites\/36\/2020\/04\/titre_IA_guide-Antoine_Thibaudeau.jpg\" \/>\n\t<meta property=\"og:image:width\" content=\"1920\" \/>\n\t<meta property=\"og:image:height\" content=\"1080\" \/>\n\t<meta property=\"og:image:type\" content=\"image\/jpeg\" \/>\n<meta name=\"twitter:card\" content=\"summary_large_image\" \/>\n<meta name=\"twitter:label1\" content=\"Dur\u00e9e de lecture estim\u00e9e\" \/>\n\t<meta name=\"twitter:data1\" content=\"1 minute\" \/>\n<script type=\"application\/ld+json\" class=\"yoast-schema-graph\">{\"@context\":\"https:\/\/schema.org\",\"@graph\":[{\"@type\":\"WebPage\",\"@id\":\"https:\/\/syndicoop.fr\/ia\/guide\/\",\"url\":\"https:\/\/syndicoop.fr\/ia\/guide\/\",\"name\":\"Intelligence artificielle et algorithme : pour quelle robolution ? - Ugict-CGT\",\"isPartOf\":{\"@id\":\"https:\/\/syndicoop.fr\/ia\/#website\"},\"primaryImageOfPage\":{\"@id\":\"https:\/\/syndicoop.fr\/ia\/guide\/#primaryimage\"},\"image\":{\"@id\":\"https:\/\/syndicoop.fr\/ia\/guide\/#primaryimage\"},\"thumbnailUrl\":\"https:\/\/syndicoop.fr\/ia\/wp-content\/uploads\/sites\/36\/2020\/04\/titre_IA_guide-Antoine_Thibaudeau.jpg\",\"datePublished\":\"2020-03-26T16:27:34+00:00\",\"dateModified\":\"2021-06-14T10:21:34+00:00\",\"description\":\"Intelligence artificielle et algorithme : pour quelle \u00ab robolution \u00bb ? Un guide propos\u00e9 par l'Ugict-CGT afin de mieux anticiper les enjeux de notre soci\u00e9t\u00e9.\",\"breadcrumb\":{\"@id\":\"https:\/\/syndicoop.fr\/ia\/guide\/#breadcrumb\"},\"inLanguage\":\"fr-FR\",\"potentialAction\":[{\"@type\":\"ReadAction\",\"target\":[\"https:\/\/syndicoop.fr\/ia\/guide\/\"]}]},{\"@type\":\"ImageObject\",\"inLanguage\":\"fr-FR\",\"@id\":\"https:\/\/syndicoop.fr\/ia\/guide\/#primaryimage\",\"url\":\"https:\/\/syndicoop.fr\/ia\/wp-content\/uploads\/sites\/36\/2020\/04\/titre_IA_guide-Antoine_Thibaudeau.jpg\",\"contentUrl\":\"https:\/\/syndicoop.fr\/ia\/wp-content\/uploads\/sites\/36\/2020\/04\/titre_IA_guide-Antoine_Thibaudeau.jpg\",\"width\":1920,\"height\":1080,\"caption\":\"Titre Guide Intelligence artificielle - Antoine Thibaudeau\"},{\"@type\":\"BreadcrumbList\",\"@id\":\"https:\/\/syndicoop.fr\/ia\/guide\/#breadcrumb\",\"itemListElement\":[{\"@type\":\"ListItem\",\"position\":1,\"name\":\"Accueil\",\"item\":\"https:\/\/syndicoop.fr\/ia\/\"},{\"@type\":\"ListItem\",\"position\":2,\"name\":\"Accueil &#8211; Guide sur l&#8217;Intelligence artificielle\"}]},{\"@type\":\"WebSite\",\"@id\":\"https:\/\/syndicoop.fr\/ia\/#website\",\"url\":\"https:\/\/syndicoop.fr\/ia\/\",\"name\":\"O\u00f9 va l&#039;intelligence artificielle\",\"description\":\"Un site utilisant Syndicoop - la plateforme syndicale et coop\u00e9rative\",\"potentialAction\":[{\"@type\":\"SearchAction\",\"target\":{\"@type\":\"EntryPoint\",\"urlTemplate\":\"https:\/\/syndicoop.fr\/ia\/?s={search_term_string}\"},\"query-input\":{\"@type\":\"PropertyValueSpecification\",\"valueRequired\":true,\"valueName\":\"search_term_string\"}}],\"inLanguage\":\"fr-FR\"}]}<\/script>\n<!-- \/ Yoast SEO plugin. -->","yoast_head_json":{"title":"Intelligence artificielle et algorithme : pour quelle robolution ? - Ugict-CGT","description":"Intelligence artificielle et algorithme : pour quelle \u00ab robolution \u00bb ? Un guide propos\u00e9 par l'Ugict-CGT afin de mieux anticiper les enjeux de notre soci\u00e9t\u00e9.","robots":{"index":"index","follow":"follow","max-snippet":"max-snippet:-1","max-image-preview":"max-image-preview:large","max-video-preview":"max-video-preview:-1"},"canonical":"https:\/\/syndicoop.fr\/ia\/guide\/","og_locale":"fr_FR","og_type":"article","og_title":"Intelligence artificielle et algorithme : pour quelle robolution ? - Ugict-CGT","og_description":"Intelligence artificielle et algorithme : pour quelle \u00ab robolution \u00bb ? Un guide propos\u00e9 par l'Ugict-CGT afin de mieux anticiper les enjeux de notre soci\u00e9t\u00e9.","og_url":"https:\/\/syndicoop.fr\/ia\/guide\/","og_site_name":"O\u00f9 va l&#039;intelligence artificielle","article_modified_time":"2021-06-14T10:21:34+00:00","og_image":[{"width":1920,"height":1080,"url":"https:\/\/syndicoop.fr\/ia\/wp-content\/uploads\/sites\/36\/2020\/04\/titre_IA_guide-Antoine_Thibaudeau.jpg","type":"image\/jpeg"}],"twitter_card":"summary_large_image","twitter_misc":{"Dur\u00e9e de lecture estim\u00e9e":"1 minute"},"schema":{"@context":"https:\/\/schema.org","@graph":[{"@type":"WebPage","@id":"https:\/\/syndicoop.fr\/ia\/guide\/","url":"https:\/\/syndicoop.fr\/ia\/guide\/","name":"Intelligence artificielle et algorithme : pour quelle robolution ? - Ugict-CGT","isPartOf":{"@id":"https:\/\/syndicoop.fr\/ia\/#website"},"primaryImageOfPage":{"@id":"https:\/\/syndicoop.fr\/ia\/guide\/#primaryimage"},"image":{"@id":"https:\/\/syndicoop.fr\/ia\/guide\/#primaryimage"},"thumbnailUrl":"https:\/\/syndicoop.fr\/ia\/wp-content\/uploads\/sites\/36\/2020\/04\/titre_IA_guide-Antoine_Thibaudeau.jpg","datePublished":"2020-03-26T16:27:34+00:00","dateModified":"2021-06-14T10:21:34+00:00","description":"Intelligence artificielle et algorithme : pour quelle \u00ab robolution \u00bb ? Un guide propos\u00e9 par l'Ugict-CGT afin de mieux anticiper les enjeux de notre soci\u00e9t\u00e9.","breadcrumb":{"@id":"https:\/\/syndicoop.fr\/ia\/guide\/#breadcrumb"},"inLanguage":"fr-FR","potentialAction":[{"@type":"ReadAction","target":["https:\/\/syndicoop.fr\/ia\/guide\/"]}]},{"@type":"ImageObject","inLanguage":"fr-FR","@id":"https:\/\/syndicoop.fr\/ia\/guide\/#primaryimage","url":"https:\/\/syndicoop.fr\/ia\/wp-content\/uploads\/sites\/36\/2020\/04\/titre_IA_guide-Antoine_Thibaudeau.jpg","contentUrl":"https:\/\/syndicoop.fr\/ia\/wp-content\/uploads\/sites\/36\/2020\/04\/titre_IA_guide-Antoine_Thibaudeau.jpg","width":1920,"height":1080,"caption":"Titre Guide Intelligence artificielle - Antoine Thibaudeau"},{"@type":"BreadcrumbList","@id":"https:\/\/syndicoop.fr\/ia\/guide\/#breadcrumb","itemListElement":[{"@type":"ListItem","position":1,"name":"Accueil","item":"https:\/\/syndicoop.fr\/ia\/"},{"@type":"ListItem","position":2,"name":"Accueil &#8211; Guide sur l&#8217;Intelligence artificielle"}]},{"@type":"WebSite","@id":"https:\/\/syndicoop.fr\/ia\/#website","url":"https:\/\/syndicoop.fr\/ia\/","name":"O\u00f9 va l&#039;intelligence artificielle","description":"Un site utilisant Syndicoop - la plateforme syndicale et coop\u00e9rative","potentialAction":[{"@type":"SearchAction","target":{"@type":"EntryPoint","urlTemplate":"https:\/\/syndicoop.fr\/ia\/?s={search_term_string}"},"query-input":{"@type":"PropertyValueSpecification","valueRequired":true,"valueName":"search_term_string"}}],"inLanguage":"fr-FR"}]}},"_links":{"self":[{"href":"https:\/\/syndicoop.fr\/ia\/wp-json\/wp\/v2\/pages\/293","targetHints":{"allow":["GET"]}}],"collection":[{"href":"https:\/\/syndicoop.fr\/ia\/wp-json\/wp\/v2\/pages"}],"about":[{"href":"https:\/\/syndicoop.fr\/ia\/wp-json\/wp\/v2\/types\/page"}],"author":[{"embeddable":true,"href":"https:\/\/syndicoop.fr\/ia\/wp-json\/wp\/v2\/users\/1"}],"replies":[{"embeddable":true,"href":"https:\/\/syndicoop.fr\/ia\/wp-json\/wp\/v2\/comments?post=293"}],"version-history":[{"count":0,"href":"https:\/\/syndicoop.fr\/ia\/wp-json\/wp\/v2\/pages\/293\/revisions"}],"wp:featuredmedia":[{"embeddable":true,"href":"https:\/\/syndicoop.fr\/ia\/wp-json\/wp\/v2\/media\/676"}],"wp:attachment":[{"href":"https:\/\/syndicoop.fr\/ia\/wp-json\/wp\/v2\/media?parent=293"}],"curies":[{"name":"wp","href":"https:\/\/api.w.org\/{rel}","templated":true}]}}