{"id":364,"date":"2020-03-29T16:16:04","date_gmt":"2020-03-29T14:16:04","guid":{"rendered":"https:\/\/syndicoop.fr\/ia\/?page_id=364"},"modified":"2020-04-10T11:05:28","modified_gmt":"2020-04-10T09:05:28","slug":"ia-et-societe-conclusion","status":"publish","type":"page","link":"https:\/\/syndicoop.fr\/ia\/guide\/ia-et-societe-conclusion\/","title":{"rendered":"Conclusion &#8211; IA et soci\u00e9t\u00e9 : robot \u00e9cris-moi une loi\u00a0!"},"content":{"rendered":"<p style=\"text-align: center\"><span style=\"color: #999999\"><em>IA et soci\u00e9t\u00e9 : robot \u00e9cris-moi une loi\u00a0!<\/em><\/span><\/p>\n<p>&nbsp;<\/p>\n<h2>Conclusion<\/h2>\n<p>&nbsp;<\/p>\n<p><strong>Les sujets abord\u00e9s pr\u00e9c\u00e9demment montrent que la conception, les conditions de mise en place, et l\u2019utilisation des dispositifs IA n\u00e9cessitent un v\u00e9ritable d\u00e9bat soci\u00e9tal. <\/strong>C\u2019est l\u2019occasion dans notre soci\u00e9t\u00e9 de revitaliser notre d\u00e9mocratie en p\u00e9ril, et de revoir profond\u00e9ment les relations sociales et le dialogue social en entreprise et dans l\u2019administration qui sont en panne aujourd&rsquo;hui.<\/p>\n<p>&nbsp;<\/p>\n<p><strong>La d\u00e9mocratie ne se d\u00e9cr\u00e8te pas par ordonnances.<\/strong> Elle a besoin des corps interm\u00e9diaires et des syndicats pour pouvoir exister. A l\u2019entreprise, comme dans l\u2019administration, il est n\u00e9cessaire de r\u00e9tablir les moyens pour un dialogue de qualit\u00e9 qui rompt avec les pratiques actuelles entre directions et syndicats, mais aussi l\u2019occasion d\u2019\u00e9largir le d\u00e9bat avec d&rsquo;autres acteurs comme les sous-traitants, les fournisseurs, les pouvoirs publics, les collectivit\u00e9s territoriales, les universit\u00e9s et les organismes de formations.<\/p>\n<p>&nbsp;<\/p>\n<p><strong>Le travail, dans toutes ses dimensions, \u00e9claire sur les sujets \u00e0 traiter pour r\u00e9pondre aux d\u00e9fis sociaux et environnementaux, et constitue en m\u00eame temps un puissant levier pour orienter les \u00e9volutions.<\/strong> C\u2019est en mobilisant les nouvelles technologies pour r\u00e9ussir la transition social-\u00e9cologique que l\u2019on donne du sens \u00e0 l\u2019usage de ces technologies et aux \u00e9volutions elles-m\u00eames. Le num\u00e9rique avec toutes ses d\u00e9clinaisons (IA, objets connect\u00e9s, blockchain, puce RFID, etc.) permet aujourd\u2019hui d\u2019obtenir la tra\u00e7abilit\u00e9 de l\u2019activit\u00e9 des entreprises sur les conditions sociales et environnementales de fabrication des services et des produits manufactur\u00e9s. C\u2019est un moyen efficace pour \u00e9tablir une cartographie de l\u2019empreinte social-\u00e9cologique sur toute la chaine de fabrication et de valeur. Sa mise en \u0153uvre permettrait d\u2019inscrire l\u2019activit\u00e9 des entreprises dans un cercle vertueux, car la mise en visibilit\u00e9 des pratiques de moins disant-social et \u00e9cologique faciliterait l\u2019intervention de syndicats, ONG, et citoyens.<\/p>\n<p>&nbsp;<\/p>\n<blockquote>\n<h3 style=\"text-align: left\">Ainsi, tant que l\u2019humain aura \u00e0 programmer les algorithmes, fournir les datas, et interpr\u00e9ter les r\u00e9sultats statistiques, il sera toujours possible d\u2019injecter les codes humains au code informatique\u00a0; et de donner ainsi du sens aux d\u00e9veloppements technologiques gr\u00e2ce \u00e0 d\u2019irrempla\u00e7ables\u2026 Humains !<\/h3>\n<\/blockquote>\n<p>&nbsp;<\/p>\n<p>&nbsp;<\/p>\n<p>&nbsp;<\/p>\n<h3 style=\"text-align: left\"><span style=\"color: #808080\">Vous pouvez aussi voir les autres guides Ugict-CGT :<\/span><\/h3>\n<p style=\"text-align: left\"><a href=\"https:\/\/guideteletravail.fr\/\" target=\"_blank\" rel=\"noopener\"><em><strong>Guide pour n\u00e9gocier le t\u00e9l\u00e9travail.<\/strong><\/em><\/a><\/p>\n<p style=\"text-align: left\"><a href=\"https:\/\/droitaladeconnexion.info\/\" target=\"_blank\" rel=\"noopener\"><em><strong>Guide du droit \u00e0 la d\u00e9connexion.<\/strong><\/em><\/a><\/p>\n<p>&nbsp;<\/p>\n<h3><span style=\"color: #808080\">Et \u00e9galement nous suivre sur les r\u00e9seaux sociaux !<\/span><\/h3>\n<p>&nbsp;<\/p>\n<p>&nbsp;<\/p>\n<h6 style=\"text-align: center\"><a href=\"https:\/\/syndicoop.fr\/ia\/intelligence-artificielle-algorithme\/propositions-ugict-cgt\/\">&lt;&lt;&lt; 5 \u2013 Synth\u00e8se des propositions Ugict-CGT<\/a> \u00a0\u00a0\u00a0 |\u00a0\u00a0\u00a0\u00a0 <a href=\"https:\/\/syndicoop.fr\/ia\/intelligence-artificielle-algorithme\/\">Retourner \u00e0 l&rsquo;accueil &gt;&gt;&gt;<\/a><\/h6>\n","protected":false},"excerpt":{"rendered":"<p>IA et soci\u00e9t\u00e9 : robot \u00e9cris-moi une loi\u00a0! &nbsp; Conclusion &nbsp; Les sujets abord\u00e9s pr\u00e9c\u00e9demment montrent que la conception, les conditions de mise en place, et l\u2019utilisation des dispositifs IA n\u00e9cessitent un v\u00e9ritable d\u00e9bat soci\u00e9tal. C\u2019est l\u2019occasion dans notre soci\u00e9t\u00e9 de revitaliser notre d\u00e9mocratie en p\u00e9ril, et de revoir profond\u00e9ment les relations sociales et le dialogue social en entreprise et &hellip;<\/p>\n","protected":false},"author":1,"featured_media":497,"parent":293,"menu_order":7,"comment_status":"closed","ping_status":"closed","template":"","meta":{"_acf_changed":false,"footnotes":""},"class_list":["post-364","page","type-page","status-publish","has-post-thumbnail","hentry"],"acf":[],"yoast_head":"<!-- This site is optimized with the Yoast SEO plugin v26.3 - https:\/\/yoast.com\/wordpress\/plugins\/seo\/ -->\n<title>IA et soci\u00e9t\u00e9 : Robot \u00e9cris-moi une loi - Guide sur l&#039;Intelligence artificielle.<\/title>\n<meta name=\"description\" content=\"La conclusion du guide Ugict-CGT \u00ab Intelligence artificielle &amp; algorithme, pour quelle robolution ? \u00bb, un livre autour de la place de l&#039;IA dans la soci\u00e9t\u00e9.\" \/>\n<meta name=\"robots\" content=\"index, follow, max-snippet:-1, max-image-preview:large, max-video-preview:-1\" \/>\n<link rel=\"canonical\" href=\"https:\/\/syndicoop.fr\/ia\/guide\/ia-et-societe-conclusion\/\" \/>\n<meta property=\"og:locale\" content=\"fr_FR\" \/>\n<meta property=\"og:type\" content=\"article\" \/>\n<meta property=\"og:title\" content=\"IA et soci\u00e9t\u00e9 : Robot \u00e9cris-moi une loi - Guide sur l&#039;Intelligence artificielle.\" \/>\n<meta property=\"og:description\" content=\"La conclusion du guide Ugict-CGT \u00ab Intelligence artificielle &amp; algorithme, pour quelle robolution ? \u00bb, un livre autour de la place de l&#039;IA dans la soci\u00e9t\u00e9.\" \/>\n<meta property=\"og:url\" content=\"https:\/\/syndicoop.fr\/ia\/guide\/ia-et-societe-conclusion\/\" \/>\n<meta property=\"og:site_name\" content=\"O\u00f9 va l&#039;intelligence artificielle\" \/>\n<meta property=\"article:modified_time\" content=\"2020-04-10T09:05:28+00:00\" \/>\n<meta property=\"og:image\" content=\"https:\/\/syndicoop.fr\/ia\/wp-content\/uploads\/sites\/36\/2020\/04\/photo-neons_fils_reflets-clem_onojeghuo.jpg\" \/>\n\t<meta property=\"og:image:width\" content=\"1920\" \/>\n\t<meta property=\"og:image:height\" content=\"1080\" \/>\n\t<meta property=\"og:image:type\" content=\"image\/jpeg\" \/>\n<meta name=\"twitter:card\" content=\"summary_large_image\" \/>\n<meta name=\"twitter:label1\" content=\"Dur\u00e9e de lecture estim\u00e9e\" \/>\n\t<meta name=\"twitter:data1\" content=\"2 minutes\" \/>\n<script type=\"application\/ld+json\" class=\"yoast-schema-graph\">{\"@context\":\"https:\/\/schema.org\",\"@graph\":[{\"@type\":\"WebPage\",\"@id\":\"https:\/\/syndicoop.fr\/ia\/guide\/ia-et-societe-conclusion\/\",\"url\":\"https:\/\/syndicoop.fr\/ia\/guide\/ia-et-societe-conclusion\/\",\"name\":\"IA et soci\u00e9t\u00e9 : Robot \u00e9cris-moi une loi - Guide sur l'Intelligence artificielle.\",\"isPartOf\":{\"@id\":\"https:\/\/syndicoop.fr\/ia\/#website\"},\"primaryImageOfPage\":{\"@id\":\"https:\/\/syndicoop.fr\/ia\/guide\/ia-et-societe-conclusion\/#primaryimage\"},\"image\":{\"@id\":\"https:\/\/syndicoop.fr\/ia\/guide\/ia-et-societe-conclusion\/#primaryimage\"},\"thumbnailUrl\":\"https:\/\/syndicoop.fr\/ia\/wp-content\/uploads\/sites\/36\/2020\/04\/photo-neons_fils_reflets-clem_onojeghuo.jpg\",\"datePublished\":\"2020-03-29T14:16:04+00:00\",\"dateModified\":\"2020-04-10T09:05:28+00:00\",\"description\":\"La conclusion du guide Ugict-CGT \u00ab Intelligence artificielle & algorithme, pour quelle robolution ? \u00bb, un livre autour de la place de l'IA dans la soci\u00e9t\u00e9.\",\"breadcrumb\":{\"@id\":\"https:\/\/syndicoop.fr\/ia\/guide\/ia-et-societe-conclusion\/#breadcrumb\"},\"inLanguage\":\"fr-FR\",\"potentialAction\":[{\"@type\":\"ReadAction\",\"target\":[\"https:\/\/syndicoop.fr\/ia\/guide\/ia-et-societe-conclusion\/\"]}]},{\"@type\":\"ImageObject\",\"inLanguage\":\"fr-FR\",\"@id\":\"https:\/\/syndicoop.fr\/ia\/guide\/ia-et-societe-conclusion\/#primaryimage\",\"url\":\"https:\/\/syndicoop.fr\/ia\/wp-content\/uploads\/sites\/36\/2020\/04\/photo-neons_fils_reflets-clem_onojeghuo.jpg\",\"contentUrl\":\"https:\/\/syndicoop.fr\/ia\/wp-content\/uploads\/sites\/36\/2020\/04\/photo-neons_fils_reflets-clem_onojeghuo.jpg\",\"width\":1920,\"height\":1080,\"caption\":\"Photo de neons avec des reflets - IA et soci\u00e9t\u00e9 - Clem Onojeghuo\"},{\"@type\":\"BreadcrumbList\",\"@id\":\"https:\/\/syndicoop.fr\/ia\/guide\/ia-et-societe-conclusion\/#breadcrumb\",\"itemListElement\":[{\"@type\":\"ListItem\",\"position\":1,\"name\":\"Accueil\",\"item\":\"https:\/\/syndicoop.fr\/ia\/\"},{\"@type\":\"ListItem\",\"position\":2,\"name\":\"Accueil &#8211; Guide sur l&#8217;Intelligence artificielle\",\"item\":\"https:\/\/syndicoop.fr\/ia\/guide\/\"},{\"@type\":\"ListItem\",\"position\":3,\"name\":\"Conclusion &#8211; IA et soci\u00e9t\u00e9 : robot \u00e9cris-moi une loi\u00a0!\"}]},{\"@type\":\"WebSite\",\"@id\":\"https:\/\/syndicoop.fr\/ia\/#website\",\"url\":\"https:\/\/syndicoop.fr\/ia\/\",\"name\":\"O\u00f9 va l&#039;intelligence artificielle\",\"description\":\"Un site utilisant Syndicoop - la plateforme syndicale et coop\u00e9rative\",\"potentialAction\":[{\"@type\":\"SearchAction\",\"target\":{\"@type\":\"EntryPoint\",\"urlTemplate\":\"https:\/\/syndicoop.fr\/ia\/?s={search_term_string}\"},\"query-input\":{\"@type\":\"PropertyValueSpecification\",\"valueRequired\":true,\"valueName\":\"search_term_string\"}}],\"inLanguage\":\"fr-FR\"}]}<\/script>\n<!-- \/ Yoast SEO plugin. -->","yoast_head_json":{"title":"IA et soci\u00e9t\u00e9 : Robot \u00e9cris-moi une loi - Guide sur l'Intelligence artificielle.","description":"La conclusion du guide Ugict-CGT \u00ab Intelligence artificielle & algorithme, pour quelle robolution ? \u00bb, un livre autour de la place de l'IA dans la soci\u00e9t\u00e9.","robots":{"index":"index","follow":"follow","max-snippet":"max-snippet:-1","max-image-preview":"max-image-preview:large","max-video-preview":"max-video-preview:-1"},"canonical":"https:\/\/syndicoop.fr\/ia\/guide\/ia-et-societe-conclusion\/","og_locale":"fr_FR","og_type":"article","og_title":"IA et soci\u00e9t\u00e9 : Robot \u00e9cris-moi une loi - Guide sur l'Intelligence artificielle.","og_description":"La conclusion du guide Ugict-CGT \u00ab Intelligence artificielle & algorithme, pour quelle robolution ? \u00bb, un livre autour de la place de l'IA dans la soci\u00e9t\u00e9.","og_url":"https:\/\/syndicoop.fr\/ia\/guide\/ia-et-societe-conclusion\/","og_site_name":"O\u00f9 va l&#039;intelligence artificielle","article_modified_time":"2020-04-10T09:05:28+00:00","og_image":[{"width":1920,"height":1080,"url":"https:\/\/syndicoop.fr\/ia\/wp-content\/uploads\/sites\/36\/2020\/04\/photo-neons_fils_reflets-clem_onojeghuo.jpg","type":"image\/jpeg"}],"twitter_card":"summary_large_image","twitter_misc":{"Dur\u00e9e de lecture estim\u00e9e":"2 minutes"},"schema":{"@context":"https:\/\/schema.org","@graph":[{"@type":"WebPage","@id":"https:\/\/syndicoop.fr\/ia\/guide\/ia-et-societe-conclusion\/","url":"https:\/\/syndicoop.fr\/ia\/guide\/ia-et-societe-conclusion\/","name":"IA et soci\u00e9t\u00e9 : Robot \u00e9cris-moi une loi - Guide sur l'Intelligence artificielle.","isPartOf":{"@id":"https:\/\/syndicoop.fr\/ia\/#website"},"primaryImageOfPage":{"@id":"https:\/\/syndicoop.fr\/ia\/guide\/ia-et-societe-conclusion\/#primaryimage"},"image":{"@id":"https:\/\/syndicoop.fr\/ia\/guide\/ia-et-societe-conclusion\/#primaryimage"},"thumbnailUrl":"https:\/\/syndicoop.fr\/ia\/wp-content\/uploads\/sites\/36\/2020\/04\/photo-neons_fils_reflets-clem_onojeghuo.jpg","datePublished":"2020-03-29T14:16:04+00:00","dateModified":"2020-04-10T09:05:28+00:00","description":"La conclusion du guide Ugict-CGT \u00ab Intelligence artificielle & algorithme, pour quelle robolution ? \u00bb, un livre autour de la place de l'IA dans la soci\u00e9t\u00e9.","breadcrumb":{"@id":"https:\/\/syndicoop.fr\/ia\/guide\/ia-et-societe-conclusion\/#breadcrumb"},"inLanguage":"fr-FR","potentialAction":[{"@type":"ReadAction","target":["https:\/\/syndicoop.fr\/ia\/guide\/ia-et-societe-conclusion\/"]}]},{"@type":"ImageObject","inLanguage":"fr-FR","@id":"https:\/\/syndicoop.fr\/ia\/guide\/ia-et-societe-conclusion\/#primaryimage","url":"https:\/\/syndicoop.fr\/ia\/wp-content\/uploads\/sites\/36\/2020\/04\/photo-neons_fils_reflets-clem_onojeghuo.jpg","contentUrl":"https:\/\/syndicoop.fr\/ia\/wp-content\/uploads\/sites\/36\/2020\/04\/photo-neons_fils_reflets-clem_onojeghuo.jpg","width":1920,"height":1080,"caption":"Photo de neons avec des reflets - IA et soci\u00e9t\u00e9 - Clem Onojeghuo"},{"@type":"BreadcrumbList","@id":"https:\/\/syndicoop.fr\/ia\/guide\/ia-et-societe-conclusion\/#breadcrumb","itemListElement":[{"@type":"ListItem","position":1,"name":"Accueil","item":"https:\/\/syndicoop.fr\/ia\/"},{"@type":"ListItem","position":2,"name":"Accueil &#8211; Guide sur l&#8217;Intelligence artificielle","item":"https:\/\/syndicoop.fr\/ia\/guide\/"},{"@type":"ListItem","position":3,"name":"Conclusion &#8211; IA et soci\u00e9t\u00e9 : robot \u00e9cris-moi une loi\u00a0!"}]},{"@type":"WebSite","@id":"https:\/\/syndicoop.fr\/ia\/#website","url":"https:\/\/syndicoop.fr\/ia\/","name":"O\u00f9 va l&#039;intelligence artificielle","description":"Un site utilisant Syndicoop - la plateforme syndicale et coop\u00e9rative","potentialAction":[{"@type":"SearchAction","target":{"@type":"EntryPoint","urlTemplate":"https:\/\/syndicoop.fr\/ia\/?s={search_term_string}"},"query-input":{"@type":"PropertyValueSpecification","valueRequired":true,"valueName":"search_term_string"}}],"inLanguage":"fr-FR"}]}},"_links":{"self":[{"href":"https:\/\/syndicoop.fr\/ia\/wp-json\/wp\/v2\/pages\/364","targetHints":{"allow":["GET"]}}],"collection":[{"href":"https:\/\/syndicoop.fr\/ia\/wp-json\/wp\/v2\/pages"}],"about":[{"href":"https:\/\/syndicoop.fr\/ia\/wp-json\/wp\/v2\/types\/page"}],"author":[{"embeddable":true,"href":"https:\/\/syndicoop.fr\/ia\/wp-json\/wp\/v2\/users\/1"}],"replies":[{"embeddable":true,"href":"https:\/\/syndicoop.fr\/ia\/wp-json\/wp\/v2\/comments?post=364"}],"version-history":[{"count":0,"href":"https:\/\/syndicoop.fr\/ia\/wp-json\/wp\/v2\/pages\/364\/revisions"}],"up":[{"embeddable":true,"href":"https:\/\/syndicoop.fr\/ia\/wp-json\/wp\/v2\/pages\/293"}],"wp:featuredmedia":[{"embeddable":true,"href":"https:\/\/syndicoop.fr\/ia\/wp-json\/wp\/v2\/media\/497"}],"wp:attachment":[{"href":"https:\/\/syndicoop.fr\/ia\/wp-json\/wp\/v2\/media?parent=364"}],"curies":[{"name":"wp","href":"https:\/\/api.w.org\/{rel}","templated":true}]}}