{"id":366,"date":"2020-03-29T16:16:24","date_gmt":"2020-03-29T14:16:24","guid":{"rendered":"https:\/\/syndicoop.fr\/ia\/?page_id=366"},"modified":"2020-04-09T18:07:10","modified_gmt":"2020-04-09T16:07:10","slug":"guide-intelligence-artificielle","status":"publish","type":"page","link":"https:\/\/syndicoop.fr\/ia\/guide\/guide-intelligence-artificielle\/","title":{"rendered":"Introduction"},"content":{"rendered":"<p style=\"text-align: center\"><span style=\"color: #808080;font-size: 14pt\"><em>Guide sur l&rsquo;intelligence artificielle<\/em><\/span><\/p>\n<p>&nbsp;<\/p>\n<h2>Intelligence artificielle\u00a0: notre affaire \u00e0 toutes et \u00e0 tous<\/h2>\n<p>&nbsp;<\/p>\n<p><strong>Montre connect\u00e9e, syst\u00e8me GPS dans nos voitures, assistants vocaux\u00a0; reconnaissance d\u2019images, de vid\u00e9os, de la voix\u00a0; mod\u00e9lisation num\u00e9rique et maintenance pr\u00e9ventive ; robotique physique et logicielle\u00a0; traduction machine et interface en langage naturel\u2026<\/strong><\/p>\n<p>&nbsp;<\/p>\n<h3>Les syst\u00e8mes IA deviennent de plus en plus pr\u00e9sents dans nos vies et la soci\u00e9t\u00e9.<\/h3>\n<p>Cette omnipr\u00e9sence devrait susciter de profonds questionnements sur l\u2019opacit\u00e9 des algorithmes avec leurs biais in\u00e9vitables, sur l\u2019utilisation des donn\u00e9es massives au regard de la protection de la vie priv\u00e9e\u00a0; ou sur l\u2019usage qui pourraient en \u00eatre fait par des employeurs ou des assureurs, par exemple. Car, comme pour toutes les technologies, de r\u00e9els risques existent avec leur diffusion (reconnaissance faciale, trading algorithmique dans la finance, traitement de donn\u00e9es de patients, etc\u2026) si ces technologies restent confi\u00e9es \u00e0 des sp\u00e9cialistes et exploit\u00e9es sans d\u00e9bat soci\u00e9tal sur leur usage et leur finalit\u00e9.<\/p>\n<p>&nbsp;<\/p>\n<p>Le pilotage de l\u2019activit\u00e9 via les progiciels de gestion int\u00e9gr\u00e9s de type ERP (Enterprise Resource Planning) ou la mise en place de syst\u00e8me IA dans un cadre professionnel modifie la fa\u00e7on d\u2019accomplir son travail.<\/p>\n<p>&nbsp;<\/p>\n<h3>Cela traduit une gouvernance de l\u2019activit\u00e9 professionnelle par les nombres et une hybridation du m\u00e9tier par les donn\u00e9es.<\/h3>\n<p>Ces nouveaux cadres de travail n\u00e9cessitent de repenser les activit\u00e9s et les fa\u00e7ons de travailler.\u00a0 Contrairement aux discours apocalyptiques de certains sur le remplacement des emplois par des robots, le travail ne disparait pas.<\/p>\n<p>Les \u00e9tudes montrent qu\u2019on assiste \u00e0 une transformation, plus ou moins forte, du contenu des emplois avec une tendance \u00e0 l\u2019\u00e9l\u00e9vation du niveau de qualification. D\u00e9velopper la formation et penser les organisations du travail comme apprenantes n\u2019est-ce pas la meilleure fa\u00e7on de construire les \u00e9volutions\u00a0? Un cadre r\u00e9glementaire n\u2019est-il pas \u00e9galement n\u00e9cessaire pour \u00e9viter tout risque de moins disant social\u00a0et \u00e9cologique ? Ce risque s\u2019illustre notamment par la plateformisation de la relation de travail qui exclut ces travailleurs de la protection de la l\u00e9gislation du travail et de la protection sociale, ainsi que le transfert d\u2019activit\u00e9 d\u2019entreprise vers ces plateformes suivant une logique de sous-traitance et de dumping social et environnemental.<\/p>\n<p>&nbsp;<\/p>\n<h3>\u00c0 l\u2019heure de la 5G et des objets connect\u00e9s, de nouveaux d\u00e9fis sociaux et environnementaux pointent.<\/h3>\n<p>Ils n\u00e9cessitent de s\u2019interroger \u00e0 la fois sur les nouvelles prouesses mais aussi sur les nouveaux dangers li\u00e9s \u00e0 ces technologies. Cela pose la question essentielle de garder le contr\u00f4le et de ma\u00eetriser les effets des solutions \u00e0 base d\u2019IA et d\u2019algorithmes sur la soci\u00e9t\u00e9 et le travail au moyen d\u2019un encadrement de leur conception et de leur usage.<\/p>\n<p>&nbsp;<\/p>\n<blockquote>\n<p style=\"text-align: center\"><em>Pour l<a href=\"http:\/\/www.ugict.cgt.fr\/\" target=\"_blank\" rel=\"noopener noreferrer\"><strong>&lsquo;Ugict-CGT<\/strong><\/a> il n\u2019y a pas de d\u00e9terminisme technologique.<\/em><\/p>\n<p>&nbsp;<\/p>\n<p><strong>La \u00ab\u00a0robolution\u00a0\u00bb aura du sens si elle s\u2019inscrit dans une perspective de progr\u00e8s social et environnemental. C\u2019est \u00e0 la soci\u00e9t\u00e9 de d\u00e9cider ce qu\u2019elle en attend. Il s\u2019agit bien d\u2019une question de choix politique.<\/strong><\/p><\/blockquote>\n<p>&nbsp;<\/p>\n<h6 style=\"text-align: center\"><a href=\"https:\/\/syndicoop.fr\/ia\/intelligence-artificielle-algorithme\/\">Accueil &#8211; Guide sur l&rsquo;intelligence artificielle<\/a>\u00a0\u00a0\u00a0\u00a0 |\u00a0\u00a0\u00a0\u00a0 <a href=\"https:\/\/syndicoop.fr\/ia\/intelligence-artificielle-algorithme\/ia-algorithme\/\">1 &#8211; IA. Algorithme : de quoi parle-t-on ?<\/a><\/h6>\n","protected":false},"excerpt":{"rendered":"<p>Guide sur l&rsquo;intelligence artificielle &nbsp; Intelligence artificielle\u00a0: notre affaire \u00e0 toutes et \u00e0 tous &nbsp; Montre connect\u00e9e, syst\u00e8me GPS dans nos voitures, assistants vocaux\u00a0; reconnaissance d\u2019images, de vid\u00e9os, de la voix\u00a0; mod\u00e9lisation num\u00e9rique et maintenance pr\u00e9ventive ; robotique physique et logicielle\u00a0; traduction machine et interface en langage naturel\u2026 &nbsp; Les syst\u00e8mes IA deviennent de plus en plus pr\u00e9sents dans nos &hellip;<\/p>\n","protected":false},"author":1,"featured_media":577,"parent":293,"menu_order":1,"comment_status":"open","ping_status":"closed","template":"","meta":{"_acf_changed":false,"footnotes":""},"class_list":["post-366","page","type-page","status-publish","has-post-thumbnail","hentry"],"acf":[],"yoast_head":"<!-- This site is optimized with the Yoast SEO plugin v26.3 - https:\/\/yoast.com\/wordpress\/plugins\/seo\/ -->\n<title>Guide sur l&#039;Intelligence artificielle Ugict-CGT - Introduction<\/title>\n<meta name=\"description\" content=\"Enjeux de soci\u00e9t\u00e9, activit\u00e9 professionnelle, \u00e9cologie... Ce guide tente d&#039;articuler r\u00e9flexions et propositions sur l&#039;Intelligence artificielle.\" \/>\n<meta name=\"robots\" content=\"index, follow, max-snippet:-1, max-image-preview:large, max-video-preview:-1\" \/>\n<link rel=\"canonical\" href=\"https:\/\/syndicoop.fr\/ia\/guide\/guide-intelligence-artificielle\/\" \/>\n<meta property=\"og:locale\" content=\"fr_FR\" \/>\n<meta property=\"og:type\" content=\"article\" \/>\n<meta property=\"og:title\" content=\"Guide sur l&#039;Intelligence artificielle Ugict-CGT - Introduction\" \/>\n<meta property=\"og:description\" content=\"Enjeux de soci\u00e9t\u00e9, activit\u00e9 professionnelle, \u00e9cologie... Ce guide tente d&#039;articuler r\u00e9flexions et propositions sur l&#039;Intelligence artificielle.\" \/>\n<meta property=\"og:url\" content=\"https:\/\/syndicoop.fr\/ia\/guide\/guide-intelligence-artificielle\/\" \/>\n<meta property=\"og:site_name\" content=\"O\u00f9 va l&#039;intelligence artificielle\" \/>\n<meta property=\"article:modified_time\" content=\"2020-04-09T16:07:10+00:00\" \/>\n<meta property=\"og:image\" content=\"https:\/\/syndicoop.fr\/ia\/wp-content\/uploads\/sites\/36\/2020\/04\/photo-homme_pensif_nuit-prottoy_hassan.jpg\" \/>\n\t<meta property=\"og:image:width\" content=\"1920\" \/>\n\t<meta property=\"og:image:height\" content=\"1080\" \/>\n\t<meta property=\"og:image:type\" content=\"image\/jpeg\" \/>\n<meta name=\"twitter:card\" content=\"summary_large_image\" \/>\n<meta name=\"twitter:label1\" content=\"Dur\u00e9e de lecture estim\u00e9e\" \/>\n\t<meta name=\"twitter:data1\" content=\"3 minutes\" \/>\n<script type=\"application\/ld+json\" class=\"yoast-schema-graph\">{\"@context\":\"https:\/\/schema.org\",\"@graph\":[{\"@type\":\"WebPage\",\"@id\":\"https:\/\/syndicoop.fr\/ia\/guide\/guide-intelligence-artificielle\/\",\"url\":\"https:\/\/syndicoop.fr\/ia\/guide\/guide-intelligence-artificielle\/\",\"name\":\"Guide sur l'Intelligence artificielle Ugict-CGT - Introduction\",\"isPartOf\":{\"@id\":\"https:\/\/syndicoop.fr\/ia\/#website\"},\"primaryImageOfPage\":{\"@id\":\"https:\/\/syndicoop.fr\/ia\/guide\/guide-intelligence-artificielle\/#primaryimage\"},\"image\":{\"@id\":\"https:\/\/syndicoop.fr\/ia\/guide\/guide-intelligence-artificielle\/#primaryimage\"},\"thumbnailUrl\":\"https:\/\/syndicoop.fr\/ia\/wp-content\/uploads\/sites\/36\/2020\/04\/photo-homme_pensif_nuit-prottoy_hassan.jpg\",\"datePublished\":\"2020-03-29T14:16:24+00:00\",\"dateModified\":\"2020-04-09T16:07:10+00:00\",\"description\":\"Enjeux de soci\u00e9t\u00e9, activit\u00e9 professionnelle, \u00e9cologie... Ce guide tente d'articuler r\u00e9flexions et propositions sur l'Intelligence artificielle.\",\"breadcrumb\":{\"@id\":\"https:\/\/syndicoop.fr\/ia\/guide\/guide-intelligence-artificielle\/#breadcrumb\"},\"inLanguage\":\"fr-FR\",\"potentialAction\":[{\"@type\":\"ReadAction\",\"target\":[\"https:\/\/syndicoop.fr\/ia\/guide\/guide-intelligence-artificielle\/\"]}]},{\"@type\":\"ImageObject\",\"inLanguage\":\"fr-FR\",\"@id\":\"https:\/\/syndicoop.fr\/ia\/guide\/guide-intelligence-artificielle\/#primaryimage\",\"url\":\"https:\/\/syndicoop.fr\/ia\/wp-content\/uploads\/sites\/36\/2020\/04\/photo-homme_pensif_nuit-prottoy_hassan.jpg\",\"contentUrl\":\"https:\/\/syndicoop.fr\/ia\/wp-content\/uploads\/sites\/36\/2020\/04\/photo-homme_pensif_nuit-prottoy_hassan.jpg\",\"width\":1920,\"height\":1080,\"caption\":\"Photo homme pensif la nuit - Prottoy Hassan - Guide Intelligence artificielle\"},{\"@type\":\"BreadcrumbList\",\"@id\":\"https:\/\/syndicoop.fr\/ia\/guide\/guide-intelligence-artificielle\/#breadcrumb\",\"itemListElement\":[{\"@type\":\"ListItem\",\"position\":1,\"name\":\"Accueil\",\"item\":\"https:\/\/syndicoop.fr\/ia\/\"},{\"@type\":\"ListItem\",\"position\":2,\"name\":\"Accueil &#8211; Guide sur l&#8217;Intelligence artificielle\",\"item\":\"https:\/\/syndicoop.fr\/ia\/guide\/\"},{\"@type\":\"ListItem\",\"position\":3,\"name\":\"Introduction\"}]},{\"@type\":\"WebSite\",\"@id\":\"https:\/\/syndicoop.fr\/ia\/#website\",\"url\":\"https:\/\/syndicoop.fr\/ia\/\",\"name\":\"O\u00f9 va l&#039;intelligence artificielle\",\"description\":\"Un site utilisant Syndicoop - la plateforme syndicale et coop\u00e9rative\",\"potentialAction\":[{\"@type\":\"SearchAction\",\"target\":{\"@type\":\"EntryPoint\",\"urlTemplate\":\"https:\/\/syndicoop.fr\/ia\/?s={search_term_string}\"},\"query-input\":{\"@type\":\"PropertyValueSpecification\",\"valueRequired\":true,\"valueName\":\"search_term_string\"}}],\"inLanguage\":\"fr-FR\"}]}<\/script>\n<!-- \/ Yoast SEO plugin. -->","yoast_head_json":{"title":"Guide sur l'Intelligence artificielle Ugict-CGT - Introduction","description":"Enjeux de soci\u00e9t\u00e9, activit\u00e9 professionnelle, \u00e9cologie... Ce guide tente d'articuler r\u00e9flexions et propositions sur l'Intelligence artificielle.","robots":{"index":"index","follow":"follow","max-snippet":"max-snippet:-1","max-image-preview":"max-image-preview:large","max-video-preview":"max-video-preview:-1"},"canonical":"https:\/\/syndicoop.fr\/ia\/guide\/guide-intelligence-artificielle\/","og_locale":"fr_FR","og_type":"article","og_title":"Guide sur l'Intelligence artificielle Ugict-CGT - Introduction","og_description":"Enjeux de soci\u00e9t\u00e9, activit\u00e9 professionnelle, \u00e9cologie... Ce guide tente d'articuler r\u00e9flexions et propositions sur l'Intelligence artificielle.","og_url":"https:\/\/syndicoop.fr\/ia\/guide\/guide-intelligence-artificielle\/","og_site_name":"O\u00f9 va l&#039;intelligence artificielle","article_modified_time":"2020-04-09T16:07:10+00:00","og_image":[{"width":1920,"height":1080,"url":"https:\/\/syndicoop.fr\/ia\/wp-content\/uploads\/sites\/36\/2020\/04\/photo-homme_pensif_nuit-prottoy_hassan.jpg","type":"image\/jpeg"}],"twitter_card":"summary_large_image","twitter_misc":{"Dur\u00e9e de lecture estim\u00e9e":"3 minutes"},"schema":{"@context":"https:\/\/schema.org","@graph":[{"@type":"WebPage","@id":"https:\/\/syndicoop.fr\/ia\/guide\/guide-intelligence-artificielle\/","url":"https:\/\/syndicoop.fr\/ia\/guide\/guide-intelligence-artificielle\/","name":"Guide sur l'Intelligence artificielle Ugict-CGT - Introduction","isPartOf":{"@id":"https:\/\/syndicoop.fr\/ia\/#website"},"primaryImageOfPage":{"@id":"https:\/\/syndicoop.fr\/ia\/guide\/guide-intelligence-artificielle\/#primaryimage"},"image":{"@id":"https:\/\/syndicoop.fr\/ia\/guide\/guide-intelligence-artificielle\/#primaryimage"},"thumbnailUrl":"https:\/\/syndicoop.fr\/ia\/wp-content\/uploads\/sites\/36\/2020\/04\/photo-homme_pensif_nuit-prottoy_hassan.jpg","datePublished":"2020-03-29T14:16:24+00:00","dateModified":"2020-04-09T16:07:10+00:00","description":"Enjeux de soci\u00e9t\u00e9, activit\u00e9 professionnelle, \u00e9cologie... Ce guide tente d'articuler r\u00e9flexions et propositions sur l'Intelligence artificielle.","breadcrumb":{"@id":"https:\/\/syndicoop.fr\/ia\/guide\/guide-intelligence-artificielle\/#breadcrumb"},"inLanguage":"fr-FR","potentialAction":[{"@type":"ReadAction","target":["https:\/\/syndicoop.fr\/ia\/guide\/guide-intelligence-artificielle\/"]}]},{"@type":"ImageObject","inLanguage":"fr-FR","@id":"https:\/\/syndicoop.fr\/ia\/guide\/guide-intelligence-artificielle\/#primaryimage","url":"https:\/\/syndicoop.fr\/ia\/wp-content\/uploads\/sites\/36\/2020\/04\/photo-homme_pensif_nuit-prottoy_hassan.jpg","contentUrl":"https:\/\/syndicoop.fr\/ia\/wp-content\/uploads\/sites\/36\/2020\/04\/photo-homme_pensif_nuit-prottoy_hassan.jpg","width":1920,"height":1080,"caption":"Photo homme pensif la nuit - Prottoy Hassan - Guide Intelligence artificielle"},{"@type":"BreadcrumbList","@id":"https:\/\/syndicoop.fr\/ia\/guide\/guide-intelligence-artificielle\/#breadcrumb","itemListElement":[{"@type":"ListItem","position":1,"name":"Accueil","item":"https:\/\/syndicoop.fr\/ia\/"},{"@type":"ListItem","position":2,"name":"Accueil &#8211; Guide sur l&#8217;Intelligence artificielle","item":"https:\/\/syndicoop.fr\/ia\/guide\/"},{"@type":"ListItem","position":3,"name":"Introduction"}]},{"@type":"WebSite","@id":"https:\/\/syndicoop.fr\/ia\/#website","url":"https:\/\/syndicoop.fr\/ia\/","name":"O\u00f9 va l&#039;intelligence artificielle","description":"Un site utilisant Syndicoop - la plateforme syndicale et coop\u00e9rative","potentialAction":[{"@type":"SearchAction","target":{"@type":"EntryPoint","urlTemplate":"https:\/\/syndicoop.fr\/ia\/?s={search_term_string}"},"query-input":{"@type":"PropertyValueSpecification","valueRequired":true,"valueName":"search_term_string"}}],"inLanguage":"fr-FR"}]}},"_links":{"self":[{"href":"https:\/\/syndicoop.fr\/ia\/wp-json\/wp\/v2\/pages\/366","targetHints":{"allow":["GET"]}}],"collection":[{"href":"https:\/\/syndicoop.fr\/ia\/wp-json\/wp\/v2\/pages"}],"about":[{"href":"https:\/\/syndicoop.fr\/ia\/wp-json\/wp\/v2\/types\/page"}],"author":[{"embeddable":true,"href":"https:\/\/syndicoop.fr\/ia\/wp-json\/wp\/v2\/users\/1"}],"replies":[{"embeddable":true,"href":"https:\/\/syndicoop.fr\/ia\/wp-json\/wp\/v2\/comments?post=366"}],"version-history":[{"count":0,"href":"https:\/\/syndicoop.fr\/ia\/wp-json\/wp\/v2\/pages\/366\/revisions"}],"up":[{"embeddable":true,"href":"https:\/\/syndicoop.fr\/ia\/wp-json\/wp\/v2\/pages\/293"}],"wp:featuredmedia":[{"embeddable":true,"href":"https:\/\/syndicoop.fr\/ia\/wp-json\/wp\/v2\/media\/577"}],"wp:attachment":[{"href":"https:\/\/syndicoop.fr\/ia\/wp-json\/wp\/v2\/media?parent=366"}],"curies":[{"name":"wp","href":"https:\/\/api.w.org\/{rel}","templated":true}]}}