{"id":10,"date":"2018-08-19T18:45:55","date_gmt":"2018-08-19T16:45:55","guid":{"rendered":"https:\/\/syndicoop.fr\/kit\/?page_id=10"},"modified":"2020-02-26T15:25:15","modified_gmt":"2020-02-26T14:25:15","slug":"a-propos","status":"publish","type":"page","link":"https:\/\/syndicoop.fr\/kit\/a-propos\/","title":{"rendered":"\u00c0 propos"},"content":{"rendered":"<p class=\"p1\">La syndicalisation de masse<span class=\"Apple-converted-space\">\u00a0 <\/span>des Ing\u00e9nieurs, Cadres, Techniciens et Agents de Ma\u00eetrise (ICTAM) et donc \u00eatre repr\u00e9sentatif de tout le salariat r\u00e9pond \u00e0 un triple enjeu pour la CGT : d\u00e9velopper sa repr\u00e9sentativit\u00e9, transformer les rapports sociaux dans l\u2019entreprise, accro\u00eetre le rapport de force et gagner des droits nouveaux.<\/p>\n<p class=\"p1\">La CGT doit faire face \u00e0 une double \u00e9volution du salariat. Tout d\u2019abord le nombre croissant d\u2019ICTAM, qui repr\u00e9sentent aujourd\u2019hui environ 49 % du salariat (parfois majoritaires dans des professions ou entreprises), d\u00fb aux \u00e9volutions des technologies, \u00e0 l\u2019\u00e9l\u00e9vation g\u00e9n\u00e9rale des qualifications, \u00e0 la sous traitance.<\/p>\n<p class=\"p1\">Hier, les ouvriers-employ\u00e9s, principalement concentr\u00e9s dans les grandes entreprises, sont aujourd\u2019hui majoritairement pr\u00e9sents dans les TPE-PME du fait de l\u2019externalisation de la production. Le mouvement est inverse parmi les ICTAM, globalement concentr\u00e9s dans les grandes entreprises et les si\u00e8ges sociaux.<span class=\"Apple-converted-space\">\u00a0 \u00a0<\/span><\/p>\n<p class=\"p1\">Traditionnellement pr\u00e9sente dans les grandes entreprises, la CGT doit \u00e9tendre son implantation dans les TPE-PME pour retrouver son rayonnement parmi la masse des ouvriers-employ\u00e9s. Dans le m\u00eame temps, elle doit d\u00e9velopper rapidement la syndicalisation des ICTAM pour rester repr\u00e9sentative dans les grandes entreprises. N\u2019oublions pas que ces derni\u00e8res, (si\u00e8ges sociaux, communaut\u00e9s d\u2019agglom\u00e9rations), repr\u00e9sentent aussi des centres strat\u00e9giques d\u00e9cisionnels o\u00f9 la CGT doit \u00eatre la force incontournable.<\/p>\n<p class=\"p1\">Ce kit a pour vocation d\u2019aider les organisations de la CGT dans le d\u00e9ploiement et la structuration de l\u2019activit\u00e9 sp\u00e9cifique en direction des ICTAM. Au regard des r\u00e8gles de repr\u00e9sentativit\u00e9 qui d\u00e9coulent de la loi de 2008 portant notamment sur \u00ab la r\u00e9novation de la d\u00e9mocratie sociale \u00bb, vous trouverez des \u00e9l\u00e9ments vous permettant d\u2019aborder dans les meilleurs conditions les \u00e9lections professionnelles dans les 2<sup>\u00e8me<\/sup> et 3<sup>\u00e8me<\/sup> coll\u00e8ges et\/ou chez les cat\u00e9gories A et B dans les 3 versants de la Fonction Publique.<\/p>\n<p class=\"p1\">Afin d\u2019\u00eatre le plus pertinent, nous avons fait le choix d\u2019\u00e9laborer un outil interactif et \u00e9volutif. Ainsi vous disposez de contenus en ligne facilement accessibles et personnalisables, et la possibilit\u00e9 de cr\u00e9er votre propre bo\u00eete \u00e0 outils sur mesure en fonction de vos besoins.<\/p>\n<p class=\"p1\">L\u2019ambition est de r\u00e9pondre aux attentes des organisations avec des outils facilement accessibles afin qu\u2019elles puissent contribuer au d\u00e9ploiement et au renforcement de la CGT.<\/p>\n<p>Pour plus d&rsquo;infos consultez le <a href=\"http:\/\/www.ugict.cgt.fr\/publications\/guides\/livret-kit\" target=\"_blank\" rel=\"noopener\">Livret de pr\u00e9sentation du kit repr\u00e9sentativit\u00e9<\/a><\/p>\n","protected":false},"excerpt":{"rendered":"<p>La syndicalisation de masse\u00a0 des Ing\u00e9nieurs, Cadres, Techniciens et Agents de Ma\u00eetrise (ICTAM) et donc \u00eatre repr\u00e9sentatif de tout le salariat r\u00e9pond \u00e0 un triple enjeu pour la CGT : d\u00e9velopper sa repr\u00e9sentativit\u00e9, transformer les rapports sociaux dans l\u2019entreprise, accro\u00eetre le rapport de force et gagner des droits nouveaux. La CGT doit faire face \u00e0 [&hellip;]<\/p>\n","protected":false},"author":1,"featured_media":0,"parent":0,"menu_order":0,"comment_status":"open","ping_status":"closed","template":"","meta":{"_acf_changed":false,"footnotes":""},"class_list":["post-10","page","type-page","status-publish","hentry"],"acf":[],"_links":{"self":[{"href":"https:\/\/syndicoop.fr\/kit\/wp-json\/wp\/v2\/pages\/10","targetHints":{"allow":["GET"]}}],"collection":[{"href":"https:\/\/syndicoop.fr\/kit\/wp-json\/wp\/v2\/pages"}],"about":[{"href":"https:\/\/syndicoop.fr\/kit\/wp-json\/wp\/v2\/types\/page"}],"author":[{"embeddable":true,"href":"https:\/\/syndicoop.fr\/kit\/wp-json\/wp\/v2\/users\/1"}],"replies":[{"embeddable":true,"href":"https:\/\/syndicoop.fr\/kit\/wp-json\/wp\/v2\/comments?post=10"}],"version-history":[{"count":0,"href":"https:\/\/syndicoop.fr\/kit\/wp-json\/wp\/v2\/pages\/10\/revisions"}],"wp:attachment":[{"href":"https:\/\/syndicoop.fr\/kit\/wp-json\/wp\/v2\/media?parent=10"}],"curies":[{"name":"wp","href":"https:\/\/api.w.org\/{rel}","templated":true}]}}