{"id":25,"date":"2017-01-05T12:49:46","date_gmt":"2017-01-05T11:49:46","guid":{"rendered":"https:\/\/syndicoop.fr\/mutuelle\/?page_id=25"},"modified":"2017-01-05T12:55:28","modified_gmt":"2017-01-05T11:55:28","slug":"ma-bibliotheque-de-tracts","status":"publish","type":"page","link":"https:\/\/syndicoop.fr\/mutuelle\/visiteur\/ma-bibliotheque-de-tracts\/","title":{"rendered":"Ma biblioth\u00e8que de tracts"},"content":{"rendered":"<h2 style=\"text-align: left;\">En vous connectant \u00e0 <a href=\"https:\/\/syndicoop.fr\/\" target=\"_blank\">syndicoop.fr<\/a>, vous pouvez\u00a0enregistrer\u00a0des tracts dans votre biblioth\u00e8que personnelle au fur et \u00e0 mesure de vos recherches, et conserver ainsi vos tracts\u00a0pr\u00e9f\u00e9r\u00e9s pour plus tard.<\/h2>\n<h2 style=\"text-align: left;\">Aussi, vous pouvez\u00a0publier\u00a0vos propres tracts et avoir acc\u00e8s aux tracts modifiables.<\/h2>\n<h2 style=\"text-align: left;\"><a href=\"https:\/\/syndicoop.fr\/inscription\/\" target=\"_blank\"><strong>Inscription &gt;&gt;&gt;<\/strong><\/a><\/h2>\n<h2 style=\"text-align: left;\"><a href=\"https:\/\/syndicoop.fr\/login\/\" target=\"_blank\"><strong>Connexion &gt;&gt;&gt;<\/strong><\/a><\/h2>\n<!-- The Settings of your sharrre implementation-->\n<script>\n\tjQuery(document).ready(function($) {\n\t\t$('#facebook-25').sharrre({\n\t\t  share: {\n\t\t    facebook: true\n\t\t  },\n\t\t  enableHover: false,\n\t\t  template: '<div class=\"box\"><a class=\"count\" href=\"#\">{total}<\/a><a class=\"share\" href=\"#\">Like<\/a><\/div>',\n\t\t  click: function(api, options){\n\t\t    api.simulateClick();\n\t\t    api.openPopup('facebook');\n\t\t  }\n\t\t});\n\t\t$('#twitter-25').sharrre({\n\t\t  share: {\n\t\t    twitter: true\n\t\t  },\n\t\t  enableHover: false,\n\t\t  template: '<div class=\"box\"><a class=\"count\" href=\"#\">{total}<\/a><a class=\"share\" href=\"#\">Tweet<\/a><\/div>',\n\t\t  enableTracking: true,\n\t\t  click: function(api, options){\n\t\t    api.simulateClick();\n\t\t    api.openPopup('twitter');\n\t\t  }\n\t\t});\n\t$('#linkedin-25').sharrre({\n\t\t  share: {\n\t\t    linkedin: true\n\t\t  },\n\t\t  enableHover: false,\n\t\t  template: '<div class=\"box\"><a class=\"count\" href=\"#\">{total}<\/a><a class=\"share\" href=\"#\">Share<\/a><\/div>',\n\t\t  enableTracking: true,\n\t\t  click: function(api, options){\n\t\t    api.simulateClick();\n\t\t    api.openPopup('linkedin');\n\t\t  }\n\t\t});\n\t});\n<\/script>","protected":false},"excerpt":{"rendered":"<p>En vous connectant \u00e0 syndicoop.fr, vous pouvez\u00a0enregistrer\u00a0des tracts dans votre biblioth\u00e8que personnelle au fur et \u00e0 mesure de vos recherches, et conserver ainsi vos tracts\u00a0pr\u00e9f\u00e9r\u00e9s pour plus tard. Aussi, vous pouvez\u00a0publier\u00a0vos propres tracts et avoir acc\u00e8s aux tracts modifiables. Inscription &gt;&gt;&gt; Connexion &gt;&gt;&gt;<\/p>\n","protected":false},"author":1,"featured_media":0,"parent":17,"menu_order":0,"comment_status":"closed","ping_status":"closed","template":"","meta":{"_acf_changed":false,"footnotes":""},"class_list":["post-25","page","type-page","status-publish","hentry"],"acf":[],"_links":{"self":[{"href":"https:\/\/syndicoop.fr\/mutuelle\/wp-json\/wp\/v2\/pages\/25","targetHints":{"allow":["GET"]}}],"collection":[{"href":"https:\/\/syndicoop.fr\/mutuelle\/wp-json\/wp\/v2\/pages"}],"about":[{"href":"https:\/\/syndicoop.fr\/mutuelle\/wp-json\/wp\/v2\/types\/page"}],"author":[{"embeddable":true,"href":"https:\/\/syndicoop.fr\/mutuelle\/wp-json\/wp\/v2\/users\/1"}],"replies":[{"embeddable":true,"href":"https:\/\/syndicoop.fr\/mutuelle\/wp-json\/wp\/v2\/comments?post=25"}],"version-history":[{"count":0,"href":"https:\/\/syndicoop.fr\/mutuelle\/wp-json\/wp\/v2\/pages\/25\/revisions"}],"up":[{"embeddable":true,"href":"https:\/\/syndicoop.fr\/mutuelle\/wp-json\/wp\/v2\/pages\/17"}],"wp:attachment":[{"href":"https:\/\/syndicoop.fr\/mutuelle\/wp-json\/wp\/v2\/media?parent=25"}],"curies":[{"name":"wp","href":"https:\/\/api.w.org\/{rel}","templated":true}]}}