{"id":8,"date":"2017-01-05T12:41:12","date_gmt":"2017-01-05T11:41:12","guid":{"rendered":"https:\/\/syndicoop.fr\/mutuelle\/?page_id=8"},"modified":"2018-08-28T10:51:37","modified_gmt":"2018-08-28T08:51:37","slug":"aide","status":"publish","type":"page","link":"https:\/\/syndicoop.fr\/mutuelle\/aide\/","title":{"rendered":"Comment \u00e7a marche ?"},"content":{"rendered":"<p><iframe title=\"La Mutuelle de tracts sur syndicoop.fr\" frameborder=\"0\" width=\"500\" height=\"281\" data-src=\"https:\/\/geo.dailymotion.com\/player.html?video=x5849o9&#038;\" allowfullscreen allow=\"autoplay; fullscreen; picture-in-picture; web-share\" src=\"data:image\/svg+xml;base64,PHN2ZyB3aWR0aD0iMSIgaGVpZ2h0PSIxIiB4bWxucz0iaHR0cDovL3d3dy53My5vcmcvMjAwMC9zdmciPjwvc3ZnPg==\" class=\"lazyload\" data-load-mode=\"1\"><\/iframe><\/p>\n<h2>Qu&rsquo;est-ce que la tractoth\u00e8que syndicoop.fr ?<\/h2>\n<p>La tractoth\u00e8que est une biblioth\u00e8que participative de tracts. C&rsquo;est une des nombreuses applications d\u00e9velopp\u00e9es dans le cadre de Syndicoop, une plateforme syndicale et coop\u00e9rative en exp\u00e9rimentation entre l&rsquo;Ugict et d&rsquo;autres organisations de la CGT.<\/p>\n<h2>Qui a acc\u00e8s aux tracts sur cette tractoth\u00e8que ?<\/h2>\n<p>Tous les internautes ont acc\u00e8s \u00e0 cette tractoth\u00e8que participative. Tous les internautes peuvent voir les tracts et les t\u00e9l\u00e9charger en version PDF. En revanche, seuls les\u00a0membres connect\u00e9s \u00e0 syndicoop.fr peuvent obtenir les versions modifiables.<\/p>\n<h2>Qui\u00a0peut charger un fichier sur cette tractoth\u00e8que ?<\/h2>\n<p>Via l&rsquo;onglet \u00ab\u00a0ajouter un tract\u00a0\u00bb, tous les internautes peuvent proposer un fichier, mais les membres de syndicoop.fr peuvent directement publier leur tract, et acc\u00e9der \u00e0 leur biblioth\u00e8que personnalis\u00e9e. Les internautes non connect\u00e9s peuvent nous transmettre un document qui sera publi\u00e9 apr\u00e8s mod\u00e9ration.<\/p>\n<h2>Qui peut utiliser les tracts de la tractoth\u00e8que ?<\/h2>\n<p>Tous les fichiers qui sont mis \u00e0 disposition sur ce site sont utilisables et modifiables par tous les syndicats CGT.<\/p>\n<h2>Pourquoi privil\u00e9gier les fichiers modifiables ?<\/h2>\n<p>Pour \u00e9viter le travail en doublon ! Seuls les responsables syndicaux membres de syndicoop ont acc\u00e8s \u00e0 ces fichiers. Lorsque vous chargez un tract modifiable, la tractoth\u00e8que vous propose \u00e9galement de charger un aper\u00e7u PDF de ce fichier qui sera, lui, accessible\u00a0\u00e0 toutes et tous.<\/p>\n<h2>Qu&rsquo;est ce que la \u00ab\u00a0biblioth\u00e8que personnalis\u00e9e\u00a0\u00bb ?<\/h2>\n<p>Les membres de syndicoop.fr peuvent enregistrer les tracts au fur et \u00e0 mesure de leur navigation. La \u00ab\u00a0biblioth\u00e8que\u00a0\u00bb est un porte documents dans lequel vous retrouverez plus tard tous les tracts que vous avez mis de c\u00f4t\u00e9.<\/p>\n<h2>Comment int\u00e9grer un tract sur Reference-syndicale.fr | 1\u00e8re plateforme de blogs pour les syndicats\u00a0?<\/h2>\n<p>1. Copier le code gr\u00e2ce au bouton \u00ab\u00a0int\u00e9grer sur Reference-syndicale.fr\u00a0\u00bb<br \/>\n2. Cr\u00e9er un article sur ton site, y mettre l\u2019introduction et les contenus souhait\u00e9s<br \/>\n3. Coller le code \u00e0 l\u2019endroit o\u00f9 tu souhaites ins\u00e9rer le tract,<br \/>\n4. \u00a0Publier ton article<\/p>\n<h2>Comment int\u00e9grer un tract sur un\u00a0site web ?<\/h2>\n<p>1. Copier le code gr\u00e2ce au bouton \u00ab\u00a0int\u00e9grer ce tract sur mon site\u00a0\u00bb<br \/>\n2. Cr\u00e9er un article sur ton site, y mettre l\u2019introduction et les contenus souhait\u00e9s<br \/>\n3. Basculer l\u2019\u00e9diteur en mode HTML\/Texte<br \/>\n4. Coller le code \u00e0 l\u2019endroit o\u00f9 tu souhaites ins\u00e9rer le tract<br \/>\n5. re-basculer l\u2019\u00e9diteur en mode Visuel, et publier l\u2019article<\/p>\n<h2>Une question ? Une remarque ?<\/h2>\n<p>Utilisez le formulaire ci-dessous<\/p>\n<!-- The Settings of your sharrre implementation-->\n<script>\n\tjQuery(document).ready(function($) {\n\t\t$('#facebook-8').sharrre({\n\t\t  share: {\n\t\t    facebook: true\n\t\t  },\n\t\t  enableHover: false,\n\t\t  template: '<div class=\"box\"><a class=\"count\" href=\"#\">{total}<\/a><a class=\"share\" href=\"#\">Like<\/a><\/div>',\n\t\t  click: function(api, options){\n\t\t    api.simulateClick();\n\t\t    api.openPopup('facebook');\n\t\t  }\n\t\t});\n\t\t$('#twitter-8').sharrre({\n\t\t  share: {\n\t\t    twitter: true\n\t\t  },\n\t\t  enableHover: false,\n\t\t  template: '<div class=\"box\"><a class=\"count\" href=\"#\">{total}<\/a><a class=\"share\" href=\"#\">Tweet<\/a><\/div>',\n\t\t  enableTracking: true,\n\t\t  click: function(api, options){\n\t\t    api.simulateClick();\n\t\t    api.openPopup('twitter');\n\t\t  }\n\t\t});\n\t$('#linkedin-8').sharrre({\n\t\t  share: {\n\t\t    linkedin: true\n\t\t  },\n\t\t  enableHover: false,\n\t\t  template: '<div class=\"box\"><a class=\"count\" href=\"#\">{total}<\/a><a class=\"share\" href=\"#\">Share<\/a><\/div>',\n\t\t  enableTracking: true,\n\t\t  click: function(api, options){\n\t\t    api.simulateClick();\n\t\t    api.openPopup('linkedin');\n\t\t  }\n\t\t});\n\t});\n<\/script>","protected":false},"excerpt":{"rendered":"<p>Qu&rsquo;est-ce que la tractoth\u00e8que syndicoop.fr ? La tractoth\u00e8que est une biblioth\u00e8que participative de tracts. C&rsquo;est une des nombreuses applications d\u00e9velopp\u00e9es dans le cadre de Syndicoop, une plateforme syndicale et coop\u00e9rative en exp\u00e9rimentation entre l&rsquo;Ugict et d&rsquo;autres organisations de la CGT. Qui a acc\u00e8s aux tracts sur cette tractoth\u00e8que ? Tous les internautes ont acc\u00e8s \u00e0 [&hellip;]<\/p>\n","protected":false},"author":1,"featured_media":281,"parent":0,"menu_order":0,"comment_status":"closed","ping_status":"closed","template":"","meta":{"_acf_changed":false,"footnotes":""},"class_list":["post-8","page","type-page","status-publish","has-post-thumbnail","hentry"],"acf":[],"_links":{"self":[{"href":"https:\/\/syndicoop.fr\/mutuelle\/wp-json\/wp\/v2\/pages\/8","targetHints":{"allow":["GET"]}}],"collection":[{"href":"https:\/\/syndicoop.fr\/mutuelle\/wp-json\/wp\/v2\/pages"}],"about":[{"href":"https:\/\/syndicoop.fr\/mutuelle\/wp-json\/wp\/v2\/types\/page"}],"author":[{"embeddable":true,"href":"https:\/\/syndicoop.fr\/mutuelle\/wp-json\/wp\/v2\/users\/1"}],"replies":[{"embeddable":true,"href":"https:\/\/syndicoop.fr\/mutuelle\/wp-json\/wp\/v2\/comments?post=8"}],"version-history":[{"count":0,"href":"https:\/\/syndicoop.fr\/mutuelle\/wp-json\/wp\/v2\/pages\/8\/revisions"}],"wp:featuredmedia":[{"embeddable":true,"href":"https:\/\/syndicoop.fr\/mutuelle\/wp-json\/wp\/v2\/media\/281"}],"wp:attachment":[{"href":"https:\/\/syndicoop.fr\/mutuelle\/wp-json\/wp\/v2\/media?parent=8"}],"curies":[{"name":"wp","href":"https:\/\/api.w.org\/{rel}","templated":true}]}}