{"id":214,"date":"2013-01-11T20:26:34","date_gmt":"2013-01-11T19:26:34","guid":{"rendered":"http:\/\/ofict.reference-syndicale.fr\/?page_id=214"},"modified":"2023-03-03T15:36:32","modified_gmt":"2023-03-03T14:36:32","slug":"coordonnees-de-lofict-cgt","status":"publish","type":"page","link":"https:\/\/syndicoop.fr\/ofict\/coordonnees-de-lofict-cgt\/","title":{"rendered":"Coordonn\u00e9es de l\u2019OFICT-CGT"},"content":{"rendered":"<p><strong>L\u2019organisation CGT des Ing\u00e9nieurs, Cadres et Technicien-ne-s<\/strong><\/p>\n<p>F\u00e9d\u00e9ration de l\u2019Equipement et de l\u2019Environnement CGT<\/p>\n<p>OFICT- CGT<br \/>\n263, rue de Paris<br \/>\nCase 543<br \/>\n93515 MONTREUIL CEDEX<\/p>\n<p><span style=\"text-decoration: underline\">T\u00e9l<\/span> : 01 55 82 88 85 Fax : 01 48 51 62 50<\/p>\n<p><span style=\"text-decoration: underline\">Email<\/span>\u00a0: ofict.equipement@cgt.fr<\/p>\n<p><span style=\"text-decoration: underline\">Co-secr\u00e9taires g\u00e9n\u00e9rales<\/span> : Isabelle LEPLA et Th\u00e9r\u00e8se HECQ-RIVIERE<\/p>\n<h1><\/h1>\n","protected":false},"excerpt":{"rendered":"<p>L\u2019organisation CGT des Ing\u00e9nieurs, Cadres et Technicien-ne-s F\u00e9d\u00e9ration de l\u2019Equipement et de l\u2019Environnement CGT OFICT- CGT 263, rue de Paris Case 543 93515 MONTREUIL CEDEX T\u00e9l : 01 55 82 88 85 Fax : 01 48 51 62 50 Email\u00a0: ofict.equipement@cgt.fr Co-secr\u00e9taires g\u00e9n\u00e9rales : Isabelle LEPLA et Th\u00e9r\u00e8se HECQ-RIVIERE<\/p>\n","protected":false},"author":351,"featured_media":0,"parent":0,"menu_order":0,"comment_status":"open","ping_status":"closed","template":"","meta":{"_acf_changed":false,"footnotes":""},"class_list":["post-214","page","type-page","status-publish","hentry"],"acf":[],"yoast_head":"<!-- This site is optimized with the Yoast SEO plugin v26.3 - https:\/\/yoast.com\/wordpress\/plugins\/seo\/ -->\n<title>Coordonn\u00e9es de l\u2019OFICT-CGT - OFICT-CGT Equipement-Environnement<\/title>\n<meta name=\"robots\" content=\"index, follow, max-snippet:-1, max-image-preview:large, max-video-preview:-1\" \/>\n<link rel=\"canonical\" href=\"https:\/\/syndicoop.fr\/ofict\/coordonnees-de-lofict-cgt\/\" \/>\n<meta property=\"og:locale\" content=\"fr_FR\" \/>\n<meta property=\"og:type\" content=\"article\" \/>\n<meta property=\"og:title\" content=\"Coordonn\u00e9es de l\u2019OFICT-CGT - OFICT-CGT Equipement-Environnement\" \/>\n<meta property=\"og:description\" content=\"L\u2019organisation CGT des Ing\u00e9nieurs, Cadres et Technicien-ne-s F\u00e9d\u00e9ration de l\u2019Equipement et de l\u2019Environnement CGT OFICT- CGT 263, rue de Paris Case 543 93515 MONTREUIL CEDEX T\u00e9l : 01 55 82 88 85 Fax : 01 48 51 62 50 Email\u00a0: ofict.equipement@cgt.fr Co-secr\u00e9taires g\u00e9n\u00e9rales : Isabelle LEPLA et Th\u00e9r\u00e8se HECQ-RIVIERE\" \/>\n<meta property=\"og:url\" content=\"https:\/\/syndicoop.fr\/ofict\/coordonnees-de-lofict-cgt\/\" \/>\n<meta property=\"og:site_name\" content=\"OFICT-CGT Equipement-Environnement\" \/>\n<meta property=\"article:publisher\" content=\"https:\/\/www.facebook.com\/ofictcgt\" \/>\n<meta property=\"article:modified_time\" content=\"2023-03-03T14:36:32+00:00\" \/>\n<meta name=\"twitter:card\" content=\"summary_large_image\" \/>\n<meta name=\"twitter:site\" content=\"@ofictcgt\" \/>\n<meta name=\"twitter:label1\" content=\"Dur\u00e9e de lecture estim\u00e9e\" \/>\n\t<meta name=\"twitter:data1\" content=\"1 minute\" \/>\n<script type=\"application\/ld+json\" class=\"yoast-schema-graph\">{\"@context\":\"https:\/\/schema.org\",\"@graph\":[{\"@type\":\"WebPage\",\"@id\":\"https:\/\/syndicoop.fr\/ofict\/coordonnees-de-lofict-cgt\/\",\"url\":\"https:\/\/syndicoop.fr\/ofict\/coordonnees-de-lofict-cgt\/\",\"name\":\"Coordonn\u00e9es de l\u2019OFICT-CGT - OFICT-CGT Equipement-Environnement\",\"isPartOf\":{\"@id\":\"https:\/\/syndicoop.fr\/ofict\/#website\"},\"datePublished\":\"2013-01-11T19:26:34+00:00\",\"dateModified\":\"2023-03-03T14:36:32+00:00\",\"breadcrumb\":{\"@id\":\"https:\/\/syndicoop.fr\/ofict\/coordonnees-de-lofict-cgt\/#breadcrumb\"},\"inLanguage\":\"fr-FR\",\"potentialAction\":[{\"@type\":\"ReadAction\",\"target\":[\"https:\/\/syndicoop.fr\/ofict\/coordonnees-de-lofict-cgt\/\"]}]},{\"@type\":\"BreadcrumbList\",\"@id\":\"https:\/\/syndicoop.fr\/ofict\/coordonnees-de-lofict-cgt\/#breadcrumb\",\"itemListElement\":[{\"@type\":\"ListItem\",\"position\":1,\"name\":\"Accueil\",\"item\":\"https:\/\/syndicoop.fr\/ofict\/\"},{\"@type\":\"ListItem\",\"position\":2,\"name\":\"Coordonn\u00e9es de l\u2019OFICT-CGT\"}]},{\"@type\":\"WebSite\",\"@id\":\"https:\/\/syndicoop.fr\/ofict\/#website\",\"url\":\"https:\/\/syndicoop.fr\/ofict\/\",\"name\":\"OFICT-CGT Equipement-Environnement\",\"description\":\"avec Syndicoop.fr, plateforme syndicale et coop\u00e9rative\",\"publisher\":{\"@id\":\"https:\/\/syndicoop.fr\/ofict\/#organization\"},\"potentialAction\":[{\"@type\":\"SearchAction\",\"target\":{\"@type\":\"EntryPoint\",\"urlTemplate\":\"https:\/\/syndicoop.fr\/ofict\/?s={search_term_string}\"},\"query-input\":{\"@type\":\"PropertyValueSpecification\",\"valueRequired\":true,\"valueName\":\"search_term_string\"}}],\"inLanguage\":\"fr-FR\"},{\"@type\":\"Organization\",\"@id\":\"https:\/\/syndicoop.fr\/ofict\/#organization\",\"name\":\"ofict-cgt\",\"url\":\"https:\/\/syndicoop.fr\/ofict\/\",\"logo\":{\"@type\":\"ImageObject\",\"inLanguage\":\"fr-FR\",\"@id\":\"https:\/\/syndicoop.fr\/ofict\/#\/schema\/logo\/image\/\",\"url\":\"https:\/\/syndicoop.fr\/ofict\/wp-content\/uploads\/sites\/21\/2021\/01\/0-Logo-OFICT-couleur-ombre-grand.png\",\"contentUrl\":\"https:\/\/syndicoop.fr\/ofict\/wp-content\/uploads\/sites\/21\/2021\/01\/0-Logo-OFICT-couleur-ombre-grand.png\",\"width\":853,\"height\":626,\"caption\":\"ofict-cgt\"},\"image\":{\"@id\":\"https:\/\/syndicoop.fr\/ofict\/#\/schema\/logo\/image\/\"},\"sameAs\":[\"https:\/\/www.facebook.com\/ofictcgt\",\"https:\/\/x.com\/ofictcgt\",\"https:\/\/www.youtube.com\/channel\/UCuspFuV1HGEF1weXxpWVKtQ\"]}]}<\/script>\n<!-- \/ Yoast SEO plugin. -->","yoast_head_json":{"title":"Coordonn\u00e9es de l\u2019OFICT-CGT - OFICT-CGT Equipement-Environnement","robots":{"index":"index","follow":"follow","max-snippet":"max-snippet:-1","max-image-preview":"max-image-preview:large","max-video-preview":"max-video-preview:-1"},"canonical":"https:\/\/syndicoop.fr\/ofict\/coordonnees-de-lofict-cgt\/","og_locale":"fr_FR","og_type":"article","og_title":"Coordonn\u00e9es de l\u2019OFICT-CGT - OFICT-CGT Equipement-Environnement","og_description":"L\u2019organisation CGT des Ing\u00e9nieurs, Cadres et Technicien-ne-s F\u00e9d\u00e9ration de l\u2019Equipement et de l\u2019Environnement CGT OFICT- CGT 263, rue de Paris Case 543 93515 MONTREUIL CEDEX T\u00e9l : 01 55 82 88 85 Fax : 01 48 51 62 50 Email\u00a0: ofict.equipement@cgt.fr Co-secr\u00e9taires g\u00e9n\u00e9rales : Isabelle LEPLA et Th\u00e9r\u00e8se HECQ-RIVIERE","og_url":"https:\/\/syndicoop.fr\/ofict\/coordonnees-de-lofict-cgt\/","og_site_name":"OFICT-CGT Equipement-Environnement","article_publisher":"https:\/\/www.facebook.com\/ofictcgt","article_modified_time":"2023-03-03T14:36:32+00:00","twitter_card":"summary_large_image","twitter_site":"@ofictcgt","twitter_misc":{"Dur\u00e9e de lecture estim\u00e9e":"1 minute"},"schema":{"@context":"https:\/\/schema.org","@graph":[{"@type":"WebPage","@id":"https:\/\/syndicoop.fr\/ofict\/coordonnees-de-lofict-cgt\/","url":"https:\/\/syndicoop.fr\/ofict\/coordonnees-de-lofict-cgt\/","name":"Coordonn\u00e9es de l\u2019OFICT-CGT - OFICT-CGT Equipement-Environnement","isPartOf":{"@id":"https:\/\/syndicoop.fr\/ofict\/#website"},"datePublished":"2013-01-11T19:26:34+00:00","dateModified":"2023-03-03T14:36:32+00:00","breadcrumb":{"@id":"https:\/\/syndicoop.fr\/ofict\/coordonnees-de-lofict-cgt\/#breadcrumb"},"inLanguage":"fr-FR","potentialAction":[{"@type":"ReadAction","target":["https:\/\/syndicoop.fr\/ofict\/coordonnees-de-lofict-cgt\/"]}]},{"@type":"BreadcrumbList","@id":"https:\/\/syndicoop.fr\/ofict\/coordonnees-de-lofict-cgt\/#breadcrumb","itemListElement":[{"@type":"ListItem","position":1,"name":"Accueil","item":"https:\/\/syndicoop.fr\/ofict\/"},{"@type":"ListItem","position":2,"name":"Coordonn\u00e9es de l\u2019OFICT-CGT"}]},{"@type":"WebSite","@id":"https:\/\/syndicoop.fr\/ofict\/#website","url":"https:\/\/syndicoop.fr\/ofict\/","name":"OFICT-CGT Equipement-Environnement","description":"avec Syndicoop.fr, plateforme syndicale et coop\u00e9rative","publisher":{"@id":"https:\/\/syndicoop.fr\/ofict\/#organization"},"potentialAction":[{"@type":"SearchAction","target":{"@type":"EntryPoint","urlTemplate":"https:\/\/syndicoop.fr\/ofict\/?s={search_term_string}"},"query-input":{"@type":"PropertyValueSpecification","valueRequired":true,"valueName":"search_term_string"}}],"inLanguage":"fr-FR"},{"@type":"Organization","@id":"https:\/\/syndicoop.fr\/ofict\/#organization","name":"ofict-cgt","url":"https:\/\/syndicoop.fr\/ofict\/","logo":{"@type":"ImageObject","inLanguage":"fr-FR","@id":"https:\/\/syndicoop.fr\/ofict\/#\/schema\/logo\/image\/","url":"https:\/\/syndicoop.fr\/ofict\/wp-content\/uploads\/sites\/21\/2021\/01\/0-Logo-OFICT-couleur-ombre-grand.png","contentUrl":"https:\/\/syndicoop.fr\/ofict\/wp-content\/uploads\/sites\/21\/2021\/01\/0-Logo-OFICT-couleur-ombre-grand.png","width":853,"height":626,"caption":"ofict-cgt"},"image":{"@id":"https:\/\/syndicoop.fr\/ofict\/#\/schema\/logo\/image\/"},"sameAs":["https:\/\/www.facebook.com\/ofictcgt","https:\/\/x.com\/ofictcgt","https:\/\/www.youtube.com\/channel\/UCuspFuV1HGEF1weXxpWVKtQ"]}]}},"_links":{"self":[{"href":"https:\/\/syndicoop.fr\/ofict\/wp-json\/wp\/v2\/pages\/214","targetHints":{"allow":["GET"]}}],"collection":[{"href":"https:\/\/syndicoop.fr\/ofict\/wp-json\/wp\/v2\/pages"}],"about":[{"href":"https:\/\/syndicoop.fr\/ofict\/wp-json\/wp\/v2\/types\/page"}],"author":[{"embeddable":true,"href":"https:\/\/syndicoop.fr\/ofict\/wp-json\/wp\/v2\/users\/351"}],"replies":[{"embeddable":true,"href":"https:\/\/syndicoop.fr\/ofict\/wp-json\/wp\/v2\/comments?post=214"}],"version-history":[{"count":0,"href":"https:\/\/syndicoop.fr\/ofict\/wp-json\/wp\/v2\/pages\/214\/revisions"}],"wp:attachment":[{"href":"https:\/\/syndicoop.fr\/ofict\/wp-json\/wp\/v2\/media?parent=214"}],"curies":[{"name":"wp","href":"https:\/\/api.w.org\/{rel}","templated":true}]}}