{"id":363,"date":"2017-03-22T15:01:41","date_gmt":"2017-03-22T14:01:41","guid":{"rendered":"http:\/\/ufictsp.reference-syndicale.fr\/?page_id=363"},"modified":"2017-03-22T15:01:41","modified_gmt":"2017-03-22T14:01:41","slug":"qui-sommes-nous","status":"publish","type":"page","link":"https:\/\/syndicoop.fr\/ufictsp\/qui-sommes-nous\/","title":{"rendered":"Qui sommes-nous ?"},"content":{"rendered":"<p><img decoding=\"async\" class=\"alignnone size-medium wp-image-488 aligncenter lazyload\" data-src=\"http:\/\/ufictsp.reference-syndicale.fr\/files\/2018\/05\/Logoufictnational-300x204.png\" alt=\"\" width=\"300\" height=\"204\" data-srcset=\"https:\/\/syndicoop.fr\/ufictsp\/wp-content\/uploads\/sites\/35\/2018\/05\/Logoufictnational-300x204.png 300w, https:\/\/syndicoop.fr\/ufictsp\/wp-content\/uploads\/sites\/35\/2018\/05\/Logoufictnational.png 684w\" data-sizes=\"(max-width: 300px) 100vw, 300px\" src=\"data:image\/svg+xml;base64,PHN2ZyB3aWR0aD0iMSIgaGVpZ2h0PSIxIiB4bWxucz0iaHR0cDovL3d3dy53My5vcmcvMjAwMC9zdmciPjwvc3ZnPg==\" style=\"--smush-placeholder-width: 300px; --smush-placeholder-aspect-ratio: 300\/204;\" \/><\/p>\n<p><strong>Lire aussi : <a href=\"http:\/\/ufictsp.reference-syndicale.fr\/files\/2018\/05\/LUFICT-CGT-des-services-publics-qui-sommes-nous-Guide-857.pdf\">L&rsquo;UFICT CGT des services publics, qui sommes nous &#8211; Guide 857<\/a><\/strong><\/p>\n<p>&nbsp;<\/p>\n<h2><strong>L\u2019Ufict Cgt des services publics<\/strong><\/h2>\n<p>Les transformations du salariat, l\u2019essor du travail qualifi\u00e9, la r\u00e9alit\u00e9 des \u00ab\u00a0contradictions hi\u00e9rarchiques\u00a0\u00bb ont conduit la Cgt \u00e0 <strong>cr\u00e9er des organisations sp\u00e9cifiques au sein de l\u2019Union G\u00e9n\u00e9rale des Ing\u00e9nieurs Cadres et Techniciens<\/strong> (<a href=\"http:\/\/www.ugict.cgt.fr\/\">Ugict-Cgt<\/a>).<\/p>\n<p>Les convergences d\u2019int\u00e9r\u00eats et d\u2019actions sont indispensables pour transformer la r\u00e9alit\u00e9 sociale.<\/p>\n<p><strong>L\u2019Ufict-Cgt a vocation \u00e0 syndiquer les titulaires et non-titulaires des cat\u00e9gories A et B, agents de ma\u00eetrise (encadrant ou non) et les autres ing\u00e9nieurs, cadres, techniciens et agents de ma\u00eetrise du champ de la <a href=\"https:\/\/www.cgtservicespublics.fr\/\">F\u00e9d\u00e9ration CGT des Services publics<\/a> (Collectivit\u00e9s territoriales et \u00e9tablissements).<\/strong><\/p>\n<p><img decoding=\"async\" class=\"alignnone size-medium wp-image-65 aligncenter lazyload\" data-src=\"http:\/\/ufictsp.reference-syndicale.fr\/files\/2015\/03\/foule-cadres-flou-300x197.jpg\" alt=\"\" width=\"300\" height=\"197\" data-srcset=\"https:\/\/syndicoop.fr\/ufictsp\/wp-content\/uploads\/sites\/35\/2015\/03\/foule-cadres-flou-300x197.jpg 300w, https:\/\/syndicoop.fr\/ufictsp\/wp-content\/uploads\/sites\/35\/2015\/03\/foule-cadres-flou-768x503.jpg 768w, https:\/\/syndicoop.fr\/ufictsp\/wp-content\/uploads\/sites\/35\/2015\/03\/foule-cadres-flou.jpg 1000w\" data-sizes=\"(max-width: 300px) 100vw, 300px\" src=\"data:image\/svg+xml;base64,PHN2ZyB3aWR0aD0iMSIgaGVpZ2h0PSIxIiB4bWxucz0iaHR0cDovL3d3dy53My5vcmcvMjAwMC9zdmciPjwvc3ZnPg==\" style=\"--smush-placeholder-width: 300px; --smush-placeholder-aspect-ratio: 300\/197;\" \/><\/p>\n<p>Syndiqu\u00e9-e-s \u00e0 part enti\u00e8re, ils, elles sont organis\u00e9-e-s en syndicats Ufict-Cgt, en sections syndicales, ou affili\u00e9s \u00e0 l\u2019Ufict dans des syndicats \u00ab\u00a0g\u00e9n\u00e9raux\u00a0\u00bb Cgt.<\/p>\n<p>Cette organisation doit permettre \u00e0 ces salari\u00e9s de d\u00e9battre de leur situation, de d\u00e9cider par et pour eux-m\u00eames.<\/p>\n<h2><strong>\u00a0<\/strong><strong>Une organisation syndicale sp\u00e9cifique pour une activit\u00e9 sp\u00e9cifique diversifi\u00e9e<\/strong><\/h2>\n<p>Les ing\u00e9nieurs, cadres, techniciens et agents de ma\u00eetrise (Ictam), s\u2019ils sont des gestionnaires, des concepteurs, des collaborateurs et des animateurs d\u2019\u00e9quipe, sont des salari\u00e9s et, \u00e0 ce titre, ont des revendications \u00e0 faire entendre.<br \/>\nCes revendications doivent pouvoir \u00eatre port\u00e9es par une organisation syndicale (collectif, section, syndicat&#8230;) la plus \u00e0 m\u00eame de les prendre en charge.<\/p>\n<p>L\u2019Ufict est l\u2019outil dont s\u2019est dot\u00e9 <strong>la <a href=\"https:\/\/www.cgtservicespublics.fr\/\">F\u00e9d\u00e9ration CGT des Services publics <\/a><\/strong>pour r\u00e9pondre \u00e0 cette exigence de la bataille revendicative d\u2019aujourd\u2019hui.<\/p>\n<p>L\u2019Ufict des Services Publics contribue \u00e0 la r\u00e9flexion et \u00e0 l\u2019action des Ictam au sein de notre f\u00e9d\u00e9ration, avec le d\u00e9veloppement des collectifs et de groupes de travail, avec la volont\u00e9 de rechercher les convergences et la coh\u00e9rence entre cat\u00e9gories au niveau f\u00e9d\u00e9ral.<\/p>\n<p><img decoding=\"async\" class=\"alignnone size-medium wp-image-50 aligncenter lazyload\" data-src=\"http:\/\/ufictsp.reference-syndicale.fr\/files\/2014\/09\/signature-cadre-300x253.jpg\" alt=\"\" width=\"300\" height=\"253\" data-srcset=\"https:\/\/syndicoop.fr\/ufictsp\/wp-content\/uploads\/sites\/35\/2014\/09\/signature-cadre-300x253.jpg 300w, https:\/\/syndicoop.fr\/ufictsp\/wp-content\/uploads\/sites\/35\/2014\/09\/signature-cadre-768x647.jpg 768w, https:\/\/syndicoop.fr\/ufictsp\/wp-content\/uploads\/sites\/35\/2014\/09\/signature-cadre.jpg 1000w\" data-sizes=\"(max-width: 300px) 100vw, 300px\" src=\"data:image\/svg+xml;base64,PHN2ZyB3aWR0aD0iMSIgaGVpZ2h0PSIxIiB4bWxucz0iaHR0cDovL3d3dy53My5vcmcvMjAwMC9zdmciPjwvc3ZnPg==\" style=\"--smush-placeholder-width: 300px; --smush-placeholder-aspect-ratio: 300\/253;\" \/><\/p>\n<p>Il en a \u00e9t\u00e9 ainsi en mati\u00e8re de salaires, de grille et de qualification, d\u2019\u00e9valuation &#8211; notation, de la formation initiale d\u2019application, de risque juridique. Nous allons \u00e0 pr\u00e9sent d\u00e9velopper notre activit\u00e9 en direction des agents des conseils g\u00e9n\u00e9raux et r\u00e9gionaux (notamment suite aux transferts de personnels de l\u2019Etat), des cadres de direction&#8230;.<\/p>\n<h2><strong>D\u00e9veloppons l\u2019Ufict<\/strong><\/h2>\n<p>Conjuguer affiliation et structuration d\u2019une organisation sp\u00e9cifique sur le lieu de travail c\u2019est \u00eatre au plus pr\u00e8s des salari\u00e9s. C\u2019est renforcer notre implantation, d\u00e9ployer notre activit\u00e9 revendicative dans toutes les composantes du salariat d\u2019aujourd\u2019hui.<\/p>\n<h3><strong>Rejoindre l&rsquo;Ufict, c&rsquo;est :<\/strong><\/h3>\n<div title=\"Page 1\">\n<div>\n<div title=\"Page 1\">\n<div>\n<div>\n<div>\n<ul>\n<li>Faire corps avec pre\u0300s de 8 000 autres ICTAM de la fonction publique territo- riale qui ont rejoint l\u2019UFICT pour peser ensemble sur le cours de leur vie.<\/li>\n<li>La possibilite\u0301 d\u2019une participation active au large rassemblement capable de faire pre\u0301valoir les inte\u0301re\u0302ts concordants de l\u2019ensemble du monde du travail.<\/li>\n<li>La possibilite\u0301 d\u2019e\u0302tre candidat a\u0300 la participation aux diffe\u0301rentes instances de dialogue social.<\/li>\n<li>Des collectifs de travail pour des r\u00e9flexions partage\u0301es et l\u2019e\u0301laboration de revendications spe\u0301cifiques<\/li>\n<li>Un accueil dans un syndicat qui vous convient.<\/li>\n<li>Recevoir le journal de l\u2019UGICT, Options, a\u0300 l\u2019adresse de votre choix.<\/li>\n<\/ul>\n<p><strong>T\u00e9l\u00e9charger la\u00a0<a href=\"http:\/\/ufictsp.reference-syndicale.fr\/files\/2018\/11\/Plaquette-rejoindre-UFICT.pdf\">Plaquette \u00ab\u00a0Rejoindre l&rsquo;UFICT, c&rsquo;est&#8230;.\u00a0\u00bb<\/a><\/strong><\/p>\n<\/div>\n<\/div>\n<\/div>\n<\/div>\n<\/div>\n<\/div>\n<h3><strong>La F\u00e9d\u00e9ration des Services Publics CGT\u00a0<\/strong><strong>rassemble les personnels des\u00a0:<\/strong><\/h3>\n<ul>\n<li>Services publics territoriaux.<\/li>\n<li>Services d\u00e9partementaux d\u2019incendie et de secours &#8211; SDIS (Sapeurs-pompiers)<\/li>\n<li>Secteurs publics et priv\u00e9s du logement social<\/li>\n<li>Secteurs priv\u00e9s des eaux et de la thanatologie (Pompes fun\u00e8bres)<\/li>\n<\/ul>\n<p>Elle regroupe environ 85 000 adh\u00e9rents, organis\u00e9s en syndicats dans leurs collectivit\u00e9s ou entreprises, pour d\u00e9fendre leurs int\u00e9r\u00eats d\u2019agents et salari\u00e9s du service public, en convergence avec les autres salari\u00e9s, les usagers et les populations.<\/p>\n<p>Pour une d\u00e9fense du Service Public au b\u00e9n\u00e9fice de tous.<\/p>\n<p><img decoding=\"async\" class=\"alignnone size-medium wp-image-117 aligncenter lazyload\" data-src=\"http:\/\/ufictsp.reference-syndicale.fr\/files\/2015\/04\/ordinateur-ferme-300x200.jpg\" alt=\"\" width=\"300\" height=\"200\" data-srcset=\"https:\/\/syndicoop.fr\/ufictsp\/wp-content\/uploads\/sites\/35\/2015\/04\/ordinateur-ferme-300x200.jpg 300w, https:\/\/syndicoop.fr\/ufictsp\/wp-content\/uploads\/sites\/35\/2015\/04\/ordinateur-ferme-768x511.jpg 768w, https:\/\/syndicoop.fr\/ufictsp\/wp-content\/uploads\/sites\/35\/2015\/04\/ordinateur-ferme.jpg 1000w\" data-sizes=\"(max-width: 300px) 100vw, 300px\" src=\"data:image\/svg+xml;base64,PHN2ZyB3aWR0aD0iMSIgaGVpZ2h0PSIxIiB4bWxucz0iaHR0cDovL3d3dy53My5vcmcvMjAwMC9zdmciPjwvc3ZnPg==\" style=\"--smush-placeholder-width: 300px; --smush-placeholder-aspect-ratio: 300\/200;\" \/><\/p>\n<p>Site de la f\u00e9d\u00e9ration CGT des Services publics: <a href=\"https:\/\/www.cgtservicespublics.fr\">https:\/\/www.cgtservicespublics.fr<\/a><\/p>\n<p>Site de l&rsquo;UGICT &#8211; CGT: <a href=\"http:\/\/www.ugict.cgt.fr\/\">http:\/\/www.ugict.cgt.fr\/<\/a><\/p>\n<p>Lire l&rsquo;article: <a href=\"http:\/\/ufictsp.reference-syndicale.fr\/files\/2018\/05\/LUFICT-CGT-des-services-publics-qui-sommes-nous-Guide-857.pdf\">L&rsquo;UFICT CGT des services publics, qui sommes nous &#8211; Guide 857<\/a><\/p>\n<p>&nbsp;<\/p>\n<h3><strong>L&rsquo;Ufict et l&rsquo;Ugict ont \u00e9dit\u00e9 une \u00ab\u00a0charte pour l&rsquo;encadrement\u00a0\u00bb\u00a0<\/strong><\/h3>\n<iframe border=\"0\" class=\"simple_iframe lazyload\" data-src=\"https:\/\/syndicoop.fr\/mutuelle\/tracts\/charte-des-cadres\/\" width=\"600\" height=\"900\" src=\"data:image\/svg+xml;base64,PHN2ZyB3aWR0aD0iMSIgaGVpZ2h0PSIxIiB4bWxucz0iaHR0cDovL3d3dy53My5vcmcvMjAwMC9zdmciPjwvc3ZnPg==\" data-load-mode=\"1\"><\/iframe>\n","protected":false},"excerpt":{"rendered":"<p>Lire aussi : L&rsquo;UFICT CGT des services publics, qui sommes nous &#8211; Guide 857 &nbsp; L\u2019Ufict Cgt des services publics Les transformations du salariat, l\u2019essor du travail qualifi\u00e9, la r\u00e9alit\u00e9 des \u00ab\u00a0contradictions hi\u00e9rarchiques\u00a0\u00bb ont conduit la Cgt \u00e0 cr\u00e9er des organisations sp\u00e9cifiques au sein de l\u2019Union G\u00e9n\u00e9rale des Ing\u00e9nieurs Cadres et Techniciens (Ugict-Cgt). Les convergences [&hellip;]<\/p>\n","protected":false},"author":1,"featured_media":0,"parent":0,"menu_order":0,"comment_status":"closed","ping_status":"closed","template":"","meta":{"_acf_changed":false,"footnotes":""},"class_list":["post-363","page","type-page","status-publish","hentry"],"acf":[],"yoast_head":"<!-- This site is optimized with the Yoast SEO plugin v26.3 - https:\/\/yoast.com\/wordpress\/plugins\/seo\/ -->\n<title>Qui sommes-nous ? - UFICT des services publics<\/title>\n<meta name=\"robots\" content=\"index, follow, max-snippet:-1, max-image-preview:large, max-video-preview:-1\" \/>\n<link rel=\"canonical\" href=\"https:\/\/syndicoop.fr\/ufictsp\/qui-sommes-nous\/\" \/>\n<meta property=\"og:locale\" content=\"fr_FR\" \/>\n<meta property=\"og:type\" content=\"article\" \/>\n<meta property=\"og:title\" content=\"Qui sommes-nous ? - UFICT des services publics\" \/>\n<meta property=\"og:description\" content=\"Lire aussi : L&rsquo;UFICT CGT des services publics, qui sommes nous &#8211; Guide 857 &nbsp; L\u2019Ufict Cgt des services publics Les transformations du salariat, l\u2019essor du travail qualifi\u00e9, la r\u00e9alit\u00e9 des \u00ab\u00a0contradictions hi\u00e9rarchiques\u00a0\u00bb ont conduit la Cgt \u00e0 cr\u00e9er des organisations sp\u00e9cifiques au sein de l\u2019Union G\u00e9n\u00e9rale des Ing\u00e9nieurs Cadres et Techniciens (Ugict-Cgt). Les convergences [&hellip;]\" \/>\n<meta property=\"og:url\" content=\"https:\/\/syndicoop.fr\/ufictsp\/qui-sommes-nous\/\" \/>\n<meta property=\"og:site_name\" content=\"UFICT des services publics\" \/>\n<meta property=\"og:image\" content=\"http:\/\/ufictsp.reference-syndicale.fr\/files\/2018\/05\/Logoufictnational-300x204.png\" \/>\n<meta name=\"twitter:card\" content=\"summary_large_image\" \/>\n<meta name=\"twitter:label1\" content=\"Dur\u00e9e de lecture estim\u00e9e\" \/>\n\t<meta name=\"twitter:data1\" content=\"4 minutes\" \/>\n<script type=\"application\/ld+json\" class=\"yoast-schema-graph\">{\"@context\":\"https:\/\/schema.org\",\"@graph\":[{\"@type\":\"WebPage\",\"@id\":\"https:\/\/syndicoop.fr\/ufictsp\/qui-sommes-nous\/\",\"url\":\"https:\/\/syndicoop.fr\/ufictsp\/qui-sommes-nous\/\",\"name\":\"Qui sommes-nous ? - UFICT des services publics\",\"isPartOf\":{\"@id\":\"https:\/\/syndicoop.fr\/ufictsp\/#website\"},\"primaryImageOfPage\":{\"@id\":\"https:\/\/syndicoop.fr\/ufictsp\/qui-sommes-nous\/#primaryimage\"},\"image\":{\"@id\":\"https:\/\/syndicoop.fr\/ufictsp\/qui-sommes-nous\/#primaryimage\"},\"thumbnailUrl\":\"http:\/\/ufictsp.reference-syndicale.fr\/files\/2018\/05\/Logoufictnational-300x204.png\",\"datePublished\":\"2017-03-22T14:01:41+00:00\",\"breadcrumb\":{\"@id\":\"https:\/\/syndicoop.fr\/ufictsp\/qui-sommes-nous\/#breadcrumb\"},\"inLanguage\":\"fr-FR\",\"potentialAction\":[{\"@type\":\"ReadAction\",\"target\":[\"https:\/\/syndicoop.fr\/ufictsp\/qui-sommes-nous\/\"]}]},{\"@type\":\"ImageObject\",\"inLanguage\":\"fr-FR\",\"@id\":\"https:\/\/syndicoop.fr\/ufictsp\/qui-sommes-nous\/#primaryimage\",\"url\":\"http:\/\/ufictsp.reference-syndicale.fr\/files\/2018\/05\/Logoufictnational-300x204.png\",\"contentUrl\":\"http:\/\/ufictsp.reference-syndicale.fr\/files\/2018\/05\/Logoufictnational-300x204.png\"},{\"@type\":\"BreadcrumbList\",\"@id\":\"https:\/\/syndicoop.fr\/ufictsp\/qui-sommes-nous\/#breadcrumb\",\"itemListElement\":[{\"@type\":\"ListItem\",\"position\":1,\"name\":\"Accueil\",\"item\":\"https:\/\/syndicoop.fr\/ufictsp\/\"},{\"@type\":\"ListItem\",\"position\":2,\"name\":\"Qui sommes-nous&#160;?\"}]},{\"@type\":\"WebSite\",\"@id\":\"https:\/\/syndicoop.fr\/ufictsp\/#website\",\"url\":\"https:\/\/syndicoop.fr\/ufictsp\/\",\"name\":\"UFICT CGT des services publics\",\"description\":\"Avec Syndicoop - la plateforme syndicale et coop\u00e9rative\",\"publisher\":{\"@id\":\"https:\/\/syndicoop.fr\/ufictsp\/#organization\"},\"potentialAction\":[{\"@type\":\"SearchAction\",\"target\":{\"@type\":\"EntryPoint\",\"urlTemplate\":\"https:\/\/syndicoop.fr\/ufictsp\/?s={search_term_string}\"},\"query-input\":{\"@type\":\"PropertyValueSpecification\",\"valueRequired\":true,\"valueName\":\"search_term_string\"}}],\"inLanguage\":\"fr-FR\"},{\"@type\":\"Organization\",\"@id\":\"https:\/\/syndicoop.fr\/ufictsp\/#organization\",\"name\":\"UFICT CGT des Services publics\",\"url\":\"https:\/\/syndicoop.fr\/ufictsp\/\",\"logo\":{\"@type\":\"ImageObject\",\"inLanguage\":\"fr-FR\",\"@id\":\"https:\/\/syndicoop.fr\/ufictsp\/#\/schema\/logo\/image\/\",\"url\":\"https:\/\/syndicoop.fr\/ufictsp\/wp-content\/uploads\/sites\/35\/2019\/12\/Logoufictnational.png\",\"contentUrl\":\"https:\/\/syndicoop.fr\/ufictsp\/wp-content\/uploads\/sites\/35\/2019\/12\/Logoufictnational.png\",\"width\":684,\"height\":464,\"caption\":\"UFICT CGT des Services publics\"},\"image\":{\"@id\":\"https:\/\/syndicoop.fr\/ufictsp\/#\/schema\/logo\/image\/\"}}]}<\/script>\n<!-- \/ Yoast SEO plugin. -->","yoast_head_json":{"title":"Qui sommes-nous ? - UFICT des services publics","robots":{"index":"index","follow":"follow","max-snippet":"max-snippet:-1","max-image-preview":"max-image-preview:large","max-video-preview":"max-video-preview:-1"},"canonical":"https:\/\/syndicoop.fr\/ufictsp\/qui-sommes-nous\/","og_locale":"fr_FR","og_type":"article","og_title":"Qui sommes-nous ? - UFICT des services publics","og_description":"Lire aussi : L&rsquo;UFICT CGT des services publics, qui sommes nous &#8211; Guide 857 &nbsp; L\u2019Ufict Cgt des services publics Les transformations du salariat, l\u2019essor du travail qualifi\u00e9, la r\u00e9alit\u00e9 des \u00ab\u00a0contradictions hi\u00e9rarchiques\u00a0\u00bb ont conduit la Cgt \u00e0 cr\u00e9er des organisations sp\u00e9cifiques au sein de l\u2019Union G\u00e9n\u00e9rale des Ing\u00e9nieurs Cadres et Techniciens (Ugict-Cgt). Les convergences [&hellip;]","og_url":"https:\/\/syndicoop.fr\/ufictsp\/qui-sommes-nous\/","og_site_name":"UFICT des services publics","og_image":[{"url":"http:\/\/ufictsp.reference-syndicale.fr\/files\/2018\/05\/Logoufictnational-300x204.png","type":"","width":"","height":""}],"twitter_card":"summary_large_image","twitter_misc":{"Dur\u00e9e de lecture estim\u00e9e":"4 minutes"},"schema":{"@context":"https:\/\/schema.org","@graph":[{"@type":"WebPage","@id":"https:\/\/syndicoop.fr\/ufictsp\/qui-sommes-nous\/","url":"https:\/\/syndicoop.fr\/ufictsp\/qui-sommes-nous\/","name":"Qui sommes-nous ? - UFICT des services publics","isPartOf":{"@id":"https:\/\/syndicoop.fr\/ufictsp\/#website"},"primaryImageOfPage":{"@id":"https:\/\/syndicoop.fr\/ufictsp\/qui-sommes-nous\/#primaryimage"},"image":{"@id":"https:\/\/syndicoop.fr\/ufictsp\/qui-sommes-nous\/#primaryimage"},"thumbnailUrl":"http:\/\/ufictsp.reference-syndicale.fr\/files\/2018\/05\/Logoufictnational-300x204.png","datePublished":"2017-03-22T14:01:41+00:00","breadcrumb":{"@id":"https:\/\/syndicoop.fr\/ufictsp\/qui-sommes-nous\/#breadcrumb"},"inLanguage":"fr-FR","potentialAction":[{"@type":"ReadAction","target":["https:\/\/syndicoop.fr\/ufictsp\/qui-sommes-nous\/"]}]},{"@type":"ImageObject","inLanguage":"fr-FR","@id":"https:\/\/syndicoop.fr\/ufictsp\/qui-sommes-nous\/#primaryimage","url":"http:\/\/ufictsp.reference-syndicale.fr\/files\/2018\/05\/Logoufictnational-300x204.png","contentUrl":"http:\/\/ufictsp.reference-syndicale.fr\/files\/2018\/05\/Logoufictnational-300x204.png"},{"@type":"BreadcrumbList","@id":"https:\/\/syndicoop.fr\/ufictsp\/qui-sommes-nous\/#breadcrumb","itemListElement":[{"@type":"ListItem","position":1,"name":"Accueil","item":"https:\/\/syndicoop.fr\/ufictsp\/"},{"@type":"ListItem","position":2,"name":"Qui sommes-nous&#160;?"}]},{"@type":"WebSite","@id":"https:\/\/syndicoop.fr\/ufictsp\/#website","url":"https:\/\/syndicoop.fr\/ufictsp\/","name":"UFICT CGT des services publics","description":"Avec Syndicoop - la plateforme syndicale et coop\u00e9rative","publisher":{"@id":"https:\/\/syndicoop.fr\/ufictsp\/#organization"},"potentialAction":[{"@type":"SearchAction","target":{"@type":"EntryPoint","urlTemplate":"https:\/\/syndicoop.fr\/ufictsp\/?s={search_term_string}"},"query-input":{"@type":"PropertyValueSpecification","valueRequired":true,"valueName":"search_term_string"}}],"inLanguage":"fr-FR"},{"@type":"Organization","@id":"https:\/\/syndicoop.fr\/ufictsp\/#organization","name":"UFICT CGT des Services publics","url":"https:\/\/syndicoop.fr\/ufictsp\/","logo":{"@type":"ImageObject","inLanguage":"fr-FR","@id":"https:\/\/syndicoop.fr\/ufictsp\/#\/schema\/logo\/image\/","url":"https:\/\/syndicoop.fr\/ufictsp\/wp-content\/uploads\/sites\/35\/2019\/12\/Logoufictnational.png","contentUrl":"https:\/\/syndicoop.fr\/ufictsp\/wp-content\/uploads\/sites\/35\/2019\/12\/Logoufictnational.png","width":684,"height":464,"caption":"UFICT CGT des Services publics"},"image":{"@id":"https:\/\/syndicoop.fr\/ufictsp\/#\/schema\/logo\/image\/"}}]}},"_links":{"self":[{"href":"https:\/\/syndicoop.fr\/ufictsp\/wp-json\/wp\/v2\/pages\/363","targetHints":{"allow":["GET"]}}],"collection":[{"href":"https:\/\/syndicoop.fr\/ufictsp\/wp-json\/wp\/v2\/pages"}],"about":[{"href":"https:\/\/syndicoop.fr\/ufictsp\/wp-json\/wp\/v2\/types\/page"}],"author":[{"embeddable":true,"href":"https:\/\/syndicoop.fr\/ufictsp\/wp-json\/wp\/v2\/users\/1"}],"replies":[{"embeddable":true,"href":"https:\/\/syndicoop.fr\/ufictsp\/wp-json\/wp\/v2\/comments?post=363"}],"version-history":[{"count":0,"href":"https:\/\/syndicoop.fr\/ufictsp\/wp-json\/wp\/v2\/pages\/363\/revisions"}],"wp:attachment":[{"href":"https:\/\/syndicoop.fr\/ufictsp\/wp-json\/wp\/v2\/media?parent=363"}],"curies":[{"name":"wp","href":"https:\/\/api.w.org\/{rel}","templated":true}]}}