{"id":650,"date":"2018-05-17T19:34:39","date_gmt":"2018-05-17T17:34:39","guid":{"rendered":"http:\/\/ufictsp.reference-syndicale.fr\/?page_id=650"},"modified":"2018-05-17T19:34:39","modified_gmt":"2018-05-17T17:34:39","slug":"histoire-de-lufict-de-1948-a-aujourdhui","status":"publish","type":"page","link":"https:\/\/syndicoop.fr\/ufictsp\/histoire-de-lufict-de-1948-a-aujourdhui\/","title":{"rendered":"Histoire de l&rsquo;UFICT de 1948 \u00e0 aujourd&rsquo;hui"},"content":{"rendered":"<p><img decoding=\"async\" class=\"alignnone size-medium wp-image-43 aligncenter lazyload\" data-src=\"http:\/\/ufictsp.reference-syndicale.fr\/files\/2014\/09\/charte-des-cadres-300x153.jpg\" alt=\"\" width=\"300\" height=\"153\" data-srcset=\"https:\/\/syndicoop.fr\/ufictsp\/wp-content\/uploads\/sites\/35\/2014\/09\/charte-des-cadres-300x153.jpg 300w, https:\/\/syndicoop.fr\/ufictsp\/wp-content\/uploads\/sites\/35\/2014\/09\/charte-des-cadres-768x392.jpg 768w, https:\/\/syndicoop.fr\/ufictsp\/wp-content\/uploads\/sites\/35\/2014\/09\/charte-des-cadres-1024x522.jpg 1024w\" data-sizes=\"(max-width: 300px) 100vw, 300px\" src=\"data:image\/svg+xml;base64,PHN2ZyB3aWR0aD0iMSIgaGVpZ2h0PSIxIiB4bWxucz0iaHR0cDovL3d3dy53My5vcmcvMjAwMC9zdmciPjwvc3ZnPg==\" style=\"--smush-placeholder-width: 300px; --smush-placeholder-aspect-ratio: 300\/153;\" \/><\/p>\n<p>En 1958 a lieu la cr\u00e9ation d\u2019un syndicat national des cadres sup\u00e9rieurs des services publics et de sant\u00e9 par des secr\u00e9taires g\u00e9n\u00e9raux de mairie de la banlieue parisienne et de quelques villes de province de grande et moyenne importance, des cadres sup\u00e9rieurs de la ville de Paris et du d\u00e9partement-pr\u00e9fecture de la Seine, ainsi que des directeurs et \u00e9conomes d&rsquo;\u00e9tablissements hospitaliers<\/p>\n<p>En 1952 est cr\u00e9\u00e9 le \u00ab\u00a0Statut\u00a0\u00bb du personnel communal (livre IV du code des communes).<\/p>\n<p>Lire la suite: <a href=\"http:\/\/ufictsp.reference-syndicale.fr\/files\/2018\/05\/Historique-UFICT-SP-1948-2016.pdf\">Historique UFICT SP 1948 &#8211; 2016<\/a><\/p>\n<p>Voir aussi le <a href=\"https:\/\/syndicoop.fr\/empreintes\/\" target=\"_blank\" rel=\"noopener\">blog EMPREINTES de l&rsquo;Institut d&rsquo;Histoire Sociale (IHS UGICT)<\/a><\/p>\n","protected":false},"excerpt":{"rendered":"<p>En 1958 a lieu la cr\u00e9ation d\u2019un syndicat national des cadres sup\u00e9rieurs des services publics et de sant\u00e9 par des secr\u00e9taires g\u00e9n\u00e9raux de mairie de la banlieue parisienne et de quelques villes de province de grande et moyenne importance, des cadres sup\u00e9rieurs de la ville de Paris et du d\u00e9partement-pr\u00e9fecture de la Seine, ainsi que [&hellip;]<\/p>\n","protected":false},"author":1,"featured_media":0,"parent":0,"menu_order":0,"comment_status":"closed","ping_status":"closed","template":"","meta":{"_acf_changed":false,"footnotes":""},"class_list":["post-650","page","type-page","status-publish","hentry"],"acf":[],"yoast_head":"<!-- This site is optimized with the Yoast SEO plugin v26.3 - https:\/\/yoast.com\/wordpress\/plugins\/seo\/ -->\n<title>Histoire de l&#039;UFICT de 1948 \u00e0 aujourd&#039;hui - UFICT des services publics<\/title>\n<meta name=\"robots\" content=\"index, follow, max-snippet:-1, max-image-preview:large, max-video-preview:-1\" \/>\n<link rel=\"canonical\" href=\"https:\/\/syndicoop.fr\/ufictsp\/histoire-de-lufict-de-1948-a-aujourdhui\/\" \/>\n<meta property=\"og:locale\" content=\"fr_FR\" \/>\n<meta property=\"og:type\" content=\"article\" \/>\n<meta property=\"og:title\" content=\"Histoire de l&#039;UFICT de 1948 \u00e0 aujourd&#039;hui - UFICT des services publics\" \/>\n<meta property=\"og:description\" content=\"En 1958 a lieu la cr\u00e9ation d\u2019un syndicat national des cadres sup\u00e9rieurs des services publics et de sant\u00e9 par des secr\u00e9taires g\u00e9n\u00e9raux de mairie de la banlieue parisienne et de quelques villes de province de grande et moyenne importance, des cadres sup\u00e9rieurs de la ville de Paris et du d\u00e9partement-pr\u00e9fecture de la Seine, ainsi que [&hellip;]\" \/>\n<meta property=\"og:url\" content=\"https:\/\/syndicoop.fr\/ufictsp\/histoire-de-lufict-de-1948-a-aujourdhui\/\" \/>\n<meta property=\"og:site_name\" content=\"UFICT des services publics\" \/>\n<meta property=\"og:image\" content=\"http:\/\/ufictsp.reference-syndicale.fr\/files\/2014\/09\/charte-des-cadres-300x153.jpg\" \/>\n<meta name=\"twitter:card\" content=\"summary_large_image\" \/>\n<meta name=\"twitter:label1\" content=\"Dur\u00e9e de lecture estim\u00e9e\" \/>\n\t<meta name=\"twitter:data1\" content=\"1 minute\" \/>\n<script type=\"application\/ld+json\" class=\"yoast-schema-graph\">{\"@context\":\"https:\/\/schema.org\",\"@graph\":[{\"@type\":\"WebPage\",\"@id\":\"https:\/\/syndicoop.fr\/ufictsp\/histoire-de-lufict-de-1948-a-aujourdhui\/\",\"url\":\"https:\/\/syndicoop.fr\/ufictsp\/histoire-de-lufict-de-1948-a-aujourdhui\/\",\"name\":\"Histoire de l'UFICT de 1948 \u00e0 aujourd'hui - UFICT des services publics\",\"isPartOf\":{\"@id\":\"https:\/\/syndicoop.fr\/ufictsp\/#website\"},\"primaryImageOfPage\":{\"@id\":\"https:\/\/syndicoop.fr\/ufictsp\/histoire-de-lufict-de-1948-a-aujourdhui\/#primaryimage\"},\"image\":{\"@id\":\"https:\/\/syndicoop.fr\/ufictsp\/histoire-de-lufict-de-1948-a-aujourdhui\/#primaryimage\"},\"thumbnailUrl\":\"http:\/\/ufictsp.reference-syndicale.fr\/files\/2014\/09\/charte-des-cadres-300x153.jpg\",\"datePublished\":\"2018-05-17T17:34:39+00:00\",\"breadcrumb\":{\"@id\":\"https:\/\/syndicoop.fr\/ufictsp\/histoire-de-lufict-de-1948-a-aujourdhui\/#breadcrumb\"},\"inLanguage\":\"fr-FR\",\"potentialAction\":[{\"@type\":\"ReadAction\",\"target\":[\"https:\/\/syndicoop.fr\/ufictsp\/histoire-de-lufict-de-1948-a-aujourdhui\/\"]}]},{\"@type\":\"ImageObject\",\"inLanguage\":\"fr-FR\",\"@id\":\"https:\/\/syndicoop.fr\/ufictsp\/histoire-de-lufict-de-1948-a-aujourdhui\/#primaryimage\",\"url\":\"http:\/\/ufictsp.reference-syndicale.fr\/files\/2014\/09\/charte-des-cadres-300x153.jpg\",\"contentUrl\":\"http:\/\/ufictsp.reference-syndicale.fr\/files\/2014\/09\/charte-des-cadres-300x153.jpg\"},{\"@type\":\"BreadcrumbList\",\"@id\":\"https:\/\/syndicoop.fr\/ufictsp\/histoire-de-lufict-de-1948-a-aujourdhui\/#breadcrumb\",\"itemListElement\":[{\"@type\":\"ListItem\",\"position\":1,\"name\":\"Accueil\",\"item\":\"https:\/\/syndicoop.fr\/ufictsp\/\"},{\"@type\":\"ListItem\",\"position\":2,\"name\":\"Histoire de l&#8217;UFICT de 1948 \u00e0 aujourd&#8217;hui\"}]},{\"@type\":\"WebSite\",\"@id\":\"https:\/\/syndicoop.fr\/ufictsp\/#website\",\"url\":\"https:\/\/syndicoop.fr\/ufictsp\/\",\"name\":\"UFICT CGT des services publics\",\"description\":\"Avec Syndicoop - la plateforme syndicale et coop\u00e9rative\",\"publisher\":{\"@id\":\"https:\/\/syndicoop.fr\/ufictsp\/#organization\"},\"potentialAction\":[{\"@type\":\"SearchAction\",\"target\":{\"@type\":\"EntryPoint\",\"urlTemplate\":\"https:\/\/syndicoop.fr\/ufictsp\/?s={search_term_string}\"},\"query-input\":{\"@type\":\"PropertyValueSpecification\",\"valueRequired\":true,\"valueName\":\"search_term_string\"}}],\"inLanguage\":\"fr-FR\"},{\"@type\":\"Organization\",\"@id\":\"https:\/\/syndicoop.fr\/ufictsp\/#organization\",\"name\":\"UFICT CGT des Services publics\",\"url\":\"https:\/\/syndicoop.fr\/ufictsp\/\",\"logo\":{\"@type\":\"ImageObject\",\"inLanguage\":\"fr-FR\",\"@id\":\"https:\/\/syndicoop.fr\/ufictsp\/#\/schema\/logo\/image\/\",\"url\":\"https:\/\/syndicoop.fr\/ufictsp\/wp-content\/uploads\/sites\/35\/2019\/12\/Logoufictnational.png\",\"contentUrl\":\"https:\/\/syndicoop.fr\/ufictsp\/wp-content\/uploads\/sites\/35\/2019\/12\/Logoufictnational.png\",\"width\":684,\"height\":464,\"caption\":\"UFICT CGT des Services publics\"},\"image\":{\"@id\":\"https:\/\/syndicoop.fr\/ufictsp\/#\/schema\/logo\/image\/\"}}]}<\/script>\n<!-- \/ Yoast SEO plugin. -->","yoast_head_json":{"title":"Histoire de l'UFICT de 1948 \u00e0 aujourd'hui - UFICT des services publics","robots":{"index":"index","follow":"follow","max-snippet":"max-snippet:-1","max-image-preview":"max-image-preview:large","max-video-preview":"max-video-preview:-1"},"canonical":"https:\/\/syndicoop.fr\/ufictsp\/histoire-de-lufict-de-1948-a-aujourdhui\/","og_locale":"fr_FR","og_type":"article","og_title":"Histoire de l'UFICT de 1948 \u00e0 aujourd'hui - UFICT des services publics","og_description":"En 1958 a lieu la cr\u00e9ation d\u2019un syndicat national des cadres sup\u00e9rieurs des services publics et de sant\u00e9 par des secr\u00e9taires g\u00e9n\u00e9raux de mairie de la banlieue parisienne et de quelques villes de province de grande et moyenne importance, des cadres sup\u00e9rieurs de la ville de Paris et du d\u00e9partement-pr\u00e9fecture de la Seine, ainsi que [&hellip;]","og_url":"https:\/\/syndicoop.fr\/ufictsp\/histoire-de-lufict-de-1948-a-aujourdhui\/","og_site_name":"UFICT des services publics","og_image":[{"url":"http:\/\/ufictsp.reference-syndicale.fr\/files\/2014\/09\/charte-des-cadres-300x153.jpg","type":"","width":"","height":""}],"twitter_card":"summary_large_image","twitter_misc":{"Dur\u00e9e de lecture estim\u00e9e":"1 minute"},"schema":{"@context":"https:\/\/schema.org","@graph":[{"@type":"WebPage","@id":"https:\/\/syndicoop.fr\/ufictsp\/histoire-de-lufict-de-1948-a-aujourdhui\/","url":"https:\/\/syndicoop.fr\/ufictsp\/histoire-de-lufict-de-1948-a-aujourdhui\/","name":"Histoire de l'UFICT de 1948 \u00e0 aujourd'hui - UFICT des services publics","isPartOf":{"@id":"https:\/\/syndicoop.fr\/ufictsp\/#website"},"primaryImageOfPage":{"@id":"https:\/\/syndicoop.fr\/ufictsp\/histoire-de-lufict-de-1948-a-aujourdhui\/#primaryimage"},"image":{"@id":"https:\/\/syndicoop.fr\/ufictsp\/histoire-de-lufict-de-1948-a-aujourdhui\/#primaryimage"},"thumbnailUrl":"http:\/\/ufictsp.reference-syndicale.fr\/files\/2014\/09\/charte-des-cadres-300x153.jpg","datePublished":"2018-05-17T17:34:39+00:00","breadcrumb":{"@id":"https:\/\/syndicoop.fr\/ufictsp\/histoire-de-lufict-de-1948-a-aujourdhui\/#breadcrumb"},"inLanguage":"fr-FR","potentialAction":[{"@type":"ReadAction","target":["https:\/\/syndicoop.fr\/ufictsp\/histoire-de-lufict-de-1948-a-aujourdhui\/"]}]},{"@type":"ImageObject","inLanguage":"fr-FR","@id":"https:\/\/syndicoop.fr\/ufictsp\/histoire-de-lufict-de-1948-a-aujourdhui\/#primaryimage","url":"http:\/\/ufictsp.reference-syndicale.fr\/files\/2014\/09\/charte-des-cadres-300x153.jpg","contentUrl":"http:\/\/ufictsp.reference-syndicale.fr\/files\/2014\/09\/charte-des-cadres-300x153.jpg"},{"@type":"BreadcrumbList","@id":"https:\/\/syndicoop.fr\/ufictsp\/histoire-de-lufict-de-1948-a-aujourdhui\/#breadcrumb","itemListElement":[{"@type":"ListItem","position":1,"name":"Accueil","item":"https:\/\/syndicoop.fr\/ufictsp\/"},{"@type":"ListItem","position":2,"name":"Histoire de l&#8217;UFICT de 1948 \u00e0 aujourd&#8217;hui"}]},{"@type":"WebSite","@id":"https:\/\/syndicoop.fr\/ufictsp\/#website","url":"https:\/\/syndicoop.fr\/ufictsp\/","name":"UFICT CGT des services publics","description":"Avec Syndicoop - la plateforme syndicale et coop\u00e9rative","publisher":{"@id":"https:\/\/syndicoop.fr\/ufictsp\/#organization"},"potentialAction":[{"@type":"SearchAction","target":{"@type":"EntryPoint","urlTemplate":"https:\/\/syndicoop.fr\/ufictsp\/?s={search_term_string}"},"query-input":{"@type":"PropertyValueSpecification","valueRequired":true,"valueName":"search_term_string"}}],"inLanguage":"fr-FR"},{"@type":"Organization","@id":"https:\/\/syndicoop.fr\/ufictsp\/#organization","name":"UFICT CGT des Services publics","url":"https:\/\/syndicoop.fr\/ufictsp\/","logo":{"@type":"ImageObject","inLanguage":"fr-FR","@id":"https:\/\/syndicoop.fr\/ufictsp\/#\/schema\/logo\/image\/","url":"https:\/\/syndicoop.fr\/ufictsp\/wp-content\/uploads\/sites\/35\/2019\/12\/Logoufictnational.png","contentUrl":"https:\/\/syndicoop.fr\/ufictsp\/wp-content\/uploads\/sites\/35\/2019\/12\/Logoufictnational.png","width":684,"height":464,"caption":"UFICT CGT des Services publics"},"image":{"@id":"https:\/\/syndicoop.fr\/ufictsp\/#\/schema\/logo\/image\/"}}]}},"_links":{"self":[{"href":"https:\/\/syndicoop.fr\/ufictsp\/wp-json\/wp\/v2\/pages\/650","targetHints":{"allow":["GET"]}}],"collection":[{"href":"https:\/\/syndicoop.fr\/ufictsp\/wp-json\/wp\/v2\/pages"}],"about":[{"href":"https:\/\/syndicoop.fr\/ufictsp\/wp-json\/wp\/v2\/types\/page"}],"author":[{"embeddable":true,"href":"https:\/\/syndicoop.fr\/ufictsp\/wp-json\/wp\/v2\/users\/1"}],"replies":[{"embeddable":true,"href":"https:\/\/syndicoop.fr\/ufictsp\/wp-json\/wp\/v2\/comments?post=650"}],"version-history":[{"count":0,"href":"https:\/\/syndicoop.fr\/ufictsp\/wp-json\/wp\/v2\/pages\/650\/revisions"}],"wp:attachment":[{"href":"https:\/\/syndicoop.fr\/ufictsp\/wp-json\/wp\/v2\/media?parent=650"}],"curies":[{"name":"wp","href":"https:\/\/api.w.org\/{rel}","templated":true}]}}