{"id":655,"date":"2018-05-17T20:07:47","date_gmt":"2018-05-17T18:07:47","guid":{"rendered":"http:\/\/ufictsp.reference-syndicale.fr\/?page_id=655"},"modified":"2018-05-17T20:07:47","modified_gmt":"2018-05-17T18:07:47","slug":"pourquoi-une-ufict-au-sein-de-la-federation-cgt-des-services-publics","status":"publish","type":"page","link":"https:\/\/syndicoop.fr\/ufictsp\/pourquoi-une-ufict-au-sein-de-la-federation-cgt-des-services-publics\/","title":{"rendered":"Pourquoi une UFICT au sein de la F\u00e9d\u00e9ration CGT des Services publics  ?"},"content":{"rendered":"<p><img decoding=\"async\" class=\"alignnone size-medium wp-image-20 aligncenter lazyload\" data-src=\"http:\/\/ufictsp.reference-syndicale.fr\/files\/2014\/09\/jeune-megaphone-300x228.jpg\" alt=\"\" width=\"300\" height=\"228\" data-srcset=\"https:\/\/syndicoop.fr\/ufictsp\/wp-content\/uploads\/sites\/35\/2014\/09\/jeune-megaphone-300x228.jpg 300w, https:\/\/syndicoop.fr\/ufictsp\/wp-content\/uploads\/sites\/35\/2014\/09\/jeune-megaphone-768x583.jpg 768w, https:\/\/syndicoop.fr\/ufictsp\/wp-content\/uploads\/sites\/35\/2014\/09\/jeune-megaphone.jpg 1000w\" data-sizes=\"(max-width: 300px) 100vw, 300px\" src=\"data:image\/svg+xml;base64,PHN2ZyB3aWR0aD0iMSIgaGVpZ2h0PSIxIiB4bWxucz0iaHR0cDovL3d3dy53My5vcmcvMjAwMC9zdmciPjwvc3ZnPg==\" style=\"--smush-placeholder-width: 300px; --smush-placeholder-aspect-ratio: 300\/228;\" \/><\/p>\n<p><strong>Lire aussi l&rsquo;article <a href=\"http:\/\/www.ugict.cgt.fr\/ugict\/orientations\/introduction-les-enjeux-de-notre-syndicalisme-specifique\" target=\"_blank\" rel=\"noopener\">Les enjeux de notre syndicalisme sp\u00e9cifique\u00a0 (introduction des orientations de l&rsquo;Ugict)<\/a><\/strong><\/p>\n<p><strong>T\u00e9l\u00e9charger le diaporama <a href=\"http:\/\/ufictsp.reference-syndicale.fr\/files\/2018\/11\/Les-enjeux-de-la-syndicalisation-des-ICTAM-.ppt\">Les enjeux de la syndicalisation des ICTAM<\/a><\/strong><\/p>\n<h2>Quelle est la place de l&rsquo;UFICT dans\u00a0la CGT ?<\/h2>\n<p>L&rsquo;existence d&rsquo;une UFICT au sein de la F\u00e9d\u00e9ration CGT des services publics constitue une orientation f\u00e9d\u00e9rale valid\u00e9e par ses diff\u00e9rents congr\u00e8s.<\/p>\n<h4>D\u00e9cision 19 du 11 congr\u00e8s de la F\u00e9d\u00e9ration CGT des services publics<\/h4>\n<p>Le 11<sup>\u00e8me<\/sup> congr\u00e8s d\u00e9cide :<\/p>\n<ul>\n<li>par un travail crois\u00e9 de la F\u00e9d\u00e9ration avec son UFICT d\u2019organiser les agents relevant des cat\u00e9gories ICTAM dans des structures appropri\u00e9es, notamment en faisant conna\u00eetre et vivre la charte.<\/li>\n<li>La r\u00e9flexion doit \u00eatre poursuivie sur la structuration la plus pertinente concernant la syndicalisation des cadres et l\u2019activit\u00e9 CGT. Ce sont donc bien les syndiqu\u00e9-e-s concern\u00e9-e-s qui doivent \u00eatre concert\u00e9-es et largement associ\u00e9-e-s \u00e0 la r\u00e9flexion sur l\u2019organisation revendicative et de vie syndicale adapt\u00e9e \u00e0 leur \u00e9tablissement ou collectivit\u00e9. Le congr\u00e8s d\u00e9cide d\u2019une large consultation des syndicats dans lesquels se trouvent des syndiqu\u00e9-e-s ICTAM affili\u00e9- e-s ou non \u00e0 l\u2019UFICT.<\/li>\n<li>de cr\u00e9er les conditions pour organiser un collectif ICTAM dans les CSD ;<\/li>\n<li>que la ou le secr\u00e9taire g\u00e9n\u00e9ral-e de l\u2019UFICT soit invit\u00e9-e aux r\u00e9unions de la CEF.<\/li>\n<\/ul>\n<p>L&rsquo;existence d&rsquo;un syndicalisme cadre sp\u00e9cifique est \u00e9galement une orientation conf\u00e9d\u00e9rale.<\/p>\n<h4>R\u00e9solution n\u00b01 du 51\u00e8me congr\u00e8s conf\u00e9d\u00e9ral (extraits)<\/h4>\n<p align=\"LEFT\">La CGT et ses syndicats s&rsquo;engagent notre syndicalisation envers les cadres, et travailler avec eux leurs revendicati ons sp\u00e9cifi ques, en cr\u00e9ant, en d\u00e9veloppant et en utilisant les structures et les outils sp\u00e9cifiques que sont les unions f\u00e9d\u00e9rales et l\u2019UGICT CGT ;<\/p>\n<h4>R\u00e9solution n\u00b02 du 51\u00e8me congr\u00e8s conf\u00e9d\u00e9ral (extraits)<\/h4>\n<p align=\"LEFT\">La CGT et ses syndicats s&rsquo;engagent \u00e0 d\u00e9velopper l\u2019activit\u00e9 sp\u00e9cifique partout o\u00f9 se trouvent des ICT. L\u2019Ugict-CGT et les organisati ons sp\u00e9cifiques professionnelles et territoriales, leurs travaux revendicatifs, sont \u00e0 la disposition de toute la CGT pour aider \u00e0 organiser ce d\u00e9ploiement et ce renforcement parmi les ICT qui repr\u00e9sentent 47 % du salariat.<\/p>\n<h2>Pourquoi traiter les cadres \u00e0 part\u00a0?<\/h2>\n<p>Les salari\u00e9s attendent du syndicalisme les moyens d\u2019agir sur leur r\u00e9alit\u00e9. La r\u00e9alit\u00e9 des ICT c\u2019est leur place dans le travail, leur formation, la mise en \u0153uvre de d\u00e9cisions auxquelles ils ne sont, en g\u00e9n\u00e9ral, pas associ\u00e9s. Ils expriment des revendications diff\u00e9rentes : reconnaissance de leur qualification, moyens d\u2019exercer leurs responsabilit\u00e9s&#8230;<\/p>\n<p>Parfois les rapports hi\u00e9rarchiques peuvent les opposer aux autres cat\u00e9gories.<\/p>\n<p>L\u2019organisation sp\u00e9cifique de la CGT, l\u2019UFICT, a un double objectif :<\/p>\n<ul>\n<li>rassembler les ICT pour faire avancer les revendications qui naissent de leur situation particuli\u00e8re ;<\/li>\n<li>les unir aux autres salari\u00e9s pour faire avancer les revendications d\u2019ensemble.<\/li>\n<\/ul>\n<p><iframe title=\"1 - Les revendications de la CGT pour les ing\u00e9s cadres techs\" width=\"500\" height=\"281\" data-src=\"https:\/\/www.youtube.com\/embed\/JzWu44Bs9ho?feature=oembed\" frameborder=\"0\" allow=\"accelerometer; autoplay; clipboard-write; encrypted-media; gyroscope; picture-in-picture; web-share\" referrerpolicy=\"strict-origin-when-cross-origin\" allowfullscreen src=\"data:image\/svg+xml;base64,PHN2ZyB3aWR0aD0iMSIgaGVpZ2h0PSIxIiB4bWxucz0iaHR0cDovL3d3dy53My5vcmcvMjAwMC9zdmciPjwvc3ZnPg==\" class=\"lazyload\" data-load-mode=\"1\"><\/iframe><\/p>\n<p>&nbsp;<\/p>\n<h2>Pourquoi regrouper les cadres\u00a0?<\/h2>\n<p>Parfois charg\u00e9s d\u2019encadrement, parfois cantonn\u00e9s \u00e0 l\u2019ex\u00e9cution, les techniciens se d\u00e9finissent comme ni&#8230; ni&#8230; (ni ouvriers, ni cadres) ; ils ont du mal \u00e0 trouver leur place dans l\u2019organisation du travail. Ils aspirent \u00e0 \u00eatre reconnus, \u00e0 b\u00e9n\u00e9ficier d\u2019un vrai d\u00e9roulement de carri\u00e8re, \u00e0 obtenir les moyens d\u2019exercer leurs responsabilit\u00e9s. Malgr\u00e9 des diff\u00e9rences de niveau d\u2019expertise, de responsabilit\u00e9 et d\u2019autonomie, les techniciens et agents de ma\u00eetrise partagent les m\u00eames contenus de travail que les ing\u00e9nieurs et cadres. C\u2019est l\u2019organisation sp\u00e9cifique qui est la mieux plac\u00e9e pour traiter de ces probl\u00e8mes directement li\u00e9s \u00e0 l\u2019activit\u00e9. R\u00e9unir cadres et professions interm\u00e9diaires aide \u00e0 d\u00e9passer ainsi un certain nombre de contradictions qui isolent les uns par rapport aux autres et conduit le plus souvent les uns et les autres au repli cat\u00e9goriel, \u00e0 l\u2019isolement, \u00e0 l\u2019inaction. Souvent isol\u00e9s dans leurs activit\u00e9s professionnelles ils peuvent l&rsquo;\u00eatre aussi dans le syndicat et ont besoin de confronter et d&rsquo;\u00e9changer leurs points de vue pour construire leurs revendications. A ce titre, il est indispensable de combattre l&rsquo;isolement des syndiqu\u00e9s et regrouper les syndiqu\u00e9s d&rsquo;une m\u00eame profession sur un m\u00eame territoire.<\/p>\n<p><img decoding=\"async\" class=\"alignnone size-medium wp-image-25 aligncenter lazyload\" data-src=\"http:\/\/ufictsp.reference-syndicale.fr\/files\/2014\/09\/cadre-ecrase-300x200.jpg\" alt=\"\" width=\"300\" height=\"200\" data-srcset=\"https:\/\/syndicoop.fr\/ufictsp\/wp-content\/uploads\/sites\/35\/2014\/09\/cadre-ecrase-300x200.jpg 300w, https:\/\/syndicoop.fr\/ufictsp\/wp-content\/uploads\/sites\/35\/2014\/09\/cadre-ecrase-768x512.jpg 768w, https:\/\/syndicoop.fr\/ufictsp\/wp-content\/uploads\/sites\/35\/2014\/09\/cadre-ecrase.jpg 1000w\" data-sizes=\"(max-width: 300px) 100vw, 300px\" src=\"data:image\/svg+xml;base64,PHN2ZyB3aWR0aD0iMSIgaGVpZ2h0PSIxIiB4bWxucz0iaHR0cDovL3d3dy53My5vcmcvMjAwMC9zdmciPjwvc3ZnPg==\" style=\"--smush-placeholder-width: 300px; --smush-placeholder-aspect-ratio: 300\/200;\" \/><\/p>\n<h2>Activit\u00e9 sp\u00e9cifique oui, mais pourquoi une organisation sp\u00e9cifique ?<\/h2>\n<p>Une activit\u00e9 sp\u00e9cifique quotidienne et inscrite dans la dur\u00e9e, \u00e7a s\u2019organise, notamment pour \u00e9viter le ris- que d\u2019une activit\u00e9 globalisante qui ne traite pas les probl\u00e8mes des ICT. Trop souvent encore, la CGT est consid\u00e9r\u00e9e comme un syndicalisme qui n\u2019est pas fait pour eux. En cr\u00e9ant un espace permanent d\u2019\u00e9changes sur leur v\u00e9cu professionnel, les ICT, peuvent mieux s\u2019identifier au syndicalisme CGT. La structure sp\u00e9cifique, d\u00e9cid\u00e9e dans sa forme par les syndiqu\u00e9s ICT, est le moyen de garantir une vie d\u00e9mocratique permanente : r\u00e9unions, formations, choix de leur direction, de leurs candidats aux \u00e9lections&#8230;<\/p>\n<p><iframe title=\"2 - La CGT doit adapter ses structures au monde du travail\" width=\"500\" height=\"281\" data-src=\"https:\/\/www.youtube.com\/embed\/vVFtxBiw1gA?feature=oembed\" frameborder=\"0\" allow=\"accelerometer; autoplay; clipboard-write; encrypted-media; gyroscope; picture-in-picture; web-share\" referrerpolicy=\"strict-origin-when-cross-origin\" allowfullscreen src=\"data:image\/svg+xml;base64,PHN2ZyB3aWR0aD0iMSIgaGVpZ2h0PSIxIiB4bWxucz0iaHR0cDovL3d3dy53My5vcmcvMjAwMC9zdmciPjwvc3ZnPg==\" class=\"lazyload\" data-load-mode=\"1\"><\/iframe><\/p>\n<p>&nbsp;<\/p>\n<h2>\u00a0Qu&rsquo;apporte l&rsquo;Ufict \u00e0 l&rsquo;adh\u00e9rent ?<\/h2>\n<p>Elle lui offre la possibilit\u00e9 d\u2019\u00eatre acteur de la vie syndicale \u00e0 partir de ce qui lui est sp\u00e9cifique, de se faire entendre sans s\u2019opposer aux autres cat\u00e9gories.<\/p>\n<p>C\u2019est ce qui se traduit par le droit de d\u00e9cider de la constitution de son organisation sp\u00e9cifique, \u00e0 l\u2019entre- prise, ou, s\u2019il se trouve isol\u00e9, au plan de la zone, du site (par profession ou de fa\u00e7on multiprofessionnelle), de ses revendications et des actions \u00e0 partir de la place dans le travail et de ses besoins.<\/p>\n<h2>\u00a0Comment construire les convergences ?<\/h2>\n<p>Nous avons besoin d\u2019\u00e9lever le rapport de forces en construisant des convergences entre ICT, y compris pour \u00e9viter les impasses cat\u00e9gorielles. Les convergences entre toutes les cat\u00e9gories ne se d\u00e9cr\u00e8tent pas, mais l\u00e0 encore s\u2019organisent. Que ce soit sur le temps de travail, la qualification, c\u2019est en partant de la perception de chaque cat\u00e9gorie et du contenu solidaire qu\u2019on pourra tisser les convergences et non en partant de slogans uniformisants.<\/p>\n<p><img decoding=\"async\" class=\"size-medium wp-image-53 aligncenter lazyload\" data-src=\"http:\/\/ufictsp.reference-syndicale.fr\/files\/2015\/03\/poings-combat-blocage-300x210.jpg\" alt=\"\" width=\"300\" height=\"210\" data-srcset=\"https:\/\/syndicoop.fr\/ufictsp\/wp-content\/uploads\/sites\/35\/2015\/03\/poings-combat-blocage-300x210.jpg 300w, https:\/\/syndicoop.fr\/ufictsp\/wp-content\/uploads\/sites\/35\/2015\/03\/poings-combat-blocage-768x538.jpg 768w, https:\/\/syndicoop.fr\/ufictsp\/wp-content\/uploads\/sites\/35\/2015\/03\/poings-combat-blocage.jpg 1000w\" data-sizes=\"(max-width: 300px) 100vw, 300px\" src=\"data:image\/svg+xml;base64,PHN2ZyB3aWR0aD0iMSIgaGVpZ2h0PSIxIiB4bWxucz0iaHR0cDovL3d3dy53My5vcmcvMjAwMC9zdmciPjwvc3ZnPg==\" style=\"--smush-placeholder-width: 300px; --smush-placeholder-aspect-ratio: 300\/210;\" \/><\/p>\n<h2>\u00a0N&rsquo;y-a-t&rsquo;il pas un danger \u00e0 multiplier les structures ?<\/h2>\n<p>Sous pr\u00e9texte d\u2019efficacit\u00e9, de manque de moyens militants, il est tentant de regrouper les forces dans une seule structure. Tr\u00e8s souvent les ICT syndiqu\u00e9s sont alors \u00ab aspir\u00e9s \u00bb par l\u2019activit\u00e9 g\u00e9n\u00e9rale et ne se tournent pas ou pas suffisamment vers leurs coll\u00e8gues. La structuration sp\u00e9cifique est le moyen d\u2019\u00eatre plus efficace en incitant en permanence \u00e0 traiter le v\u00e9cu professionnel des ICT. Des coop\u00e9rations permanentes avec les syndicats ouvriers et employ\u00e9s favorisent les convergences et les compl\u00e9mentarit\u00e9s.<\/p>\n<p><iframe title=\"3  - Comment de\u0301velopper la CGT via l&#039;Ugict ?\" width=\"500\" height=\"281\" data-src=\"https:\/\/www.youtube.com\/embed\/r_ab1BudA8c?feature=oembed\" frameborder=\"0\" allow=\"accelerometer; autoplay; clipboard-write; encrypted-media; gyroscope; picture-in-picture; web-share\" referrerpolicy=\"strict-origin-when-cross-origin\" allowfullscreen src=\"data:image\/svg+xml;base64,PHN2ZyB3aWR0aD0iMSIgaGVpZ2h0PSIxIiB4bWxucz0iaHR0cDovL3d3dy53My5vcmcvMjAwMC9zdmciPjwvc3ZnPg==\" class=\"lazyload\" data-load-mode=\"1\"><\/iframe><\/p>\n<h2>\u00a0L&rsquo;activit\u00e9 g\u00e9n\u00e9rale m&rsquo;int\u00e9resse !<\/h2>\n<p>L\u2019activit\u00e9 g\u00e9n\u00e9rale concerne tous les domaines qui int\u00e9ressent l\u2019ensemble des salari\u00e9s. Aucune cat\u00e9gorie en particulier n\u2019a vocation \u00e0 s\u2019exprimer pour les autres, aucune n\u2019est habilit\u00e9e \u00e0 le faire sans accord. L\u2019implication dans une activit\u00e9 g\u00e9n\u00e9rale est ouverte \u00e0 toutes celles et ceux qui le veulent. D\u2019autre part, chaque syndicat y compris sp\u00e9cifique est \u00e0 m\u00eame d\u2019aborder les questions les plus diverses, des plus particuli\u00e8res qui les concernent en propre, aux plus larges, au plus g\u00e9n\u00e9rales, de l\u2019entreprise, de la profession ou au plan interprofessionnel. Les d\u00e9cisions et expressions de la CGT sur chacun de ces niveaux sont du ressort de l\u2019organisation ou de toutes les organisations structur\u00e9es sur chacun de ces niveaux.<\/p>\n<h2>Qu&rsquo;est-ce que l&rsquo;Ugict-CGT, \u00e0 quoi \u00e7a sert, et pour qui ?<\/h2>\n<p><iframe title=\"4 ans avec l&#039;Ugict, les Ing\u00e9s Cadres et Techs CGT\" width=\"500\" height=\"281\" data-src=\"https:\/\/www.youtube.com\/embed\/aQyq99FDnGM?feature=oembed\" frameborder=\"0\" allow=\"accelerometer; autoplay; clipboard-write; encrypted-media; gyroscope; picture-in-picture; web-share\" referrerpolicy=\"strict-origin-when-cross-origin\" allowfullscreen src=\"data:image\/svg+xml;base64,PHN2ZyB3aWR0aD0iMSIgaGVpZ2h0PSIxIiB4bWxucz0iaHR0cDovL3d3dy53My5vcmcvMjAwMC9zdmciPjwvc3ZnPg==\" class=\"lazyload\" data-load-mode=\"1\"><\/iframe><\/p>\n<p>&nbsp;<\/p>\n<p><img decoding=\"async\" class=\"alignnone size-medium wp-image-240 aligncenter lazyload\" data-src=\"http:\/\/ufictsp.reference-syndicale.fr\/files\/2015\/03\/bulles-parole-expression-reseau-300x192.jpg\" alt=\"\" width=\"300\" height=\"192\" data-srcset=\"https:\/\/syndicoop.fr\/ufictsp\/wp-content\/uploads\/sites\/35\/2015\/03\/bulles-parole-expression-reseau-300x192.jpg 300w, https:\/\/syndicoop.fr\/ufictsp\/wp-content\/uploads\/sites\/35\/2015\/03\/bulles-parole-expression-reseau-768x492.jpg 768w, https:\/\/syndicoop.fr\/ufictsp\/wp-content\/uploads\/sites\/35\/2015\/03\/bulles-parole-expression-reseau.jpg 1000w\" data-sizes=\"(max-width: 300px) 100vw, 300px\" src=\"data:image\/svg+xml;base64,PHN2ZyB3aWR0aD0iMSIgaGVpZ2h0PSIxIiB4bWxucz0iaHR0cDovL3d3dy53My5vcmcvMjAwMC9zdmciPjwvc3ZnPg==\" style=\"--smush-placeholder-width: 300px; --smush-placeholder-aspect-ratio: 300\/192;\" \/><\/p>\n","protected":false},"excerpt":{"rendered":"<p>Lire aussi l&rsquo;article Les enjeux de notre syndicalisme sp\u00e9cifique\u00a0 (introduction des orientations de l&rsquo;Ugict) T\u00e9l\u00e9charger le diaporama Les enjeux de la syndicalisation des ICTAM Quelle est la place de l&rsquo;UFICT dans\u00a0la CGT ? L&rsquo;existence d&rsquo;une UFICT au sein de la F\u00e9d\u00e9ration CGT des services publics constitue une orientation f\u00e9d\u00e9rale valid\u00e9e par ses diff\u00e9rents congr\u00e8s. D\u00e9cision [&hellip;]<\/p>\n","protected":false},"author":1,"featured_media":0,"parent":0,"menu_order":0,"comment_status":"closed","ping_status":"closed","template":"","meta":{"_acf_changed":false,"footnotes":""},"class_list":["post-655","page","type-page","status-publish","hentry"],"acf":[],"yoast_head":"<!-- This site is optimized with the Yoast SEO plugin v26.3 - https:\/\/yoast.com\/wordpress\/plugins\/seo\/ -->\n<title>Pourquoi une UFICT au sein de la F\u00e9d\u00e9ration CGT des Services publics ? - UFICT des services publics<\/title>\n<meta name=\"robots\" content=\"index, follow, max-snippet:-1, max-image-preview:large, max-video-preview:-1\" \/>\n<link rel=\"canonical\" href=\"https:\/\/syndicoop.fr\/ufictsp\/pourquoi-une-ufict-au-sein-de-la-federation-cgt-des-services-publics\/\" \/>\n<meta property=\"og:locale\" content=\"fr_FR\" \/>\n<meta property=\"og:type\" content=\"article\" \/>\n<meta property=\"og:title\" content=\"Pourquoi une UFICT au sein de la F\u00e9d\u00e9ration CGT des Services publics ? - UFICT des services publics\" \/>\n<meta property=\"og:description\" content=\"Lire aussi l&rsquo;article Les enjeux de notre syndicalisme sp\u00e9cifique\u00a0 (introduction des orientations de l&rsquo;Ugict) T\u00e9l\u00e9charger le diaporama Les enjeux de la syndicalisation des ICTAM Quelle est la place de l&rsquo;UFICT dans\u00a0la CGT ? L&rsquo;existence d&rsquo;une UFICT au sein de la F\u00e9d\u00e9ration CGT des services publics constitue une orientation f\u00e9d\u00e9rale valid\u00e9e par ses diff\u00e9rents congr\u00e8s. D\u00e9cision [&hellip;]\" \/>\n<meta property=\"og:url\" content=\"https:\/\/syndicoop.fr\/ufictsp\/pourquoi-une-ufict-au-sein-de-la-federation-cgt-des-services-publics\/\" \/>\n<meta property=\"og:site_name\" content=\"UFICT des services publics\" \/>\n<meta property=\"og:image\" content=\"http:\/\/ufictsp.reference-syndicale.fr\/files\/2014\/09\/jeune-megaphone-300x228.jpg\" \/>\n<meta name=\"twitter:card\" content=\"summary_large_image\" \/>\n<meta name=\"twitter:label1\" content=\"Dur\u00e9e de lecture estim\u00e9e\" \/>\n\t<meta name=\"twitter:data1\" content=\"6 minutes\" \/>\n<script type=\"application\/ld+json\" class=\"yoast-schema-graph\">{\"@context\":\"https:\/\/schema.org\",\"@graph\":[{\"@type\":\"WebPage\",\"@id\":\"https:\/\/syndicoop.fr\/ufictsp\/pourquoi-une-ufict-au-sein-de-la-federation-cgt-des-services-publics\/\",\"url\":\"https:\/\/syndicoop.fr\/ufictsp\/pourquoi-une-ufict-au-sein-de-la-federation-cgt-des-services-publics\/\",\"name\":\"Pourquoi une UFICT au sein de la F\u00e9d\u00e9ration CGT des Services publics ? - UFICT des services publics\",\"isPartOf\":{\"@id\":\"https:\/\/syndicoop.fr\/ufictsp\/#website\"},\"primaryImageOfPage\":{\"@id\":\"https:\/\/syndicoop.fr\/ufictsp\/pourquoi-une-ufict-au-sein-de-la-federation-cgt-des-services-publics\/#primaryimage\"},\"image\":{\"@id\":\"https:\/\/syndicoop.fr\/ufictsp\/pourquoi-une-ufict-au-sein-de-la-federation-cgt-des-services-publics\/#primaryimage\"},\"thumbnailUrl\":\"http:\/\/ufictsp.reference-syndicale.fr\/files\/2014\/09\/jeune-megaphone-300x228.jpg\",\"datePublished\":\"2018-05-17T18:07:47+00:00\",\"breadcrumb\":{\"@id\":\"https:\/\/syndicoop.fr\/ufictsp\/pourquoi-une-ufict-au-sein-de-la-federation-cgt-des-services-publics\/#breadcrumb\"},\"inLanguage\":\"fr-FR\",\"potentialAction\":[{\"@type\":\"ReadAction\",\"target\":[\"https:\/\/syndicoop.fr\/ufictsp\/pourquoi-une-ufict-au-sein-de-la-federation-cgt-des-services-publics\/\"]}]},{\"@type\":\"ImageObject\",\"inLanguage\":\"fr-FR\",\"@id\":\"https:\/\/syndicoop.fr\/ufictsp\/pourquoi-une-ufict-au-sein-de-la-federation-cgt-des-services-publics\/#primaryimage\",\"url\":\"http:\/\/ufictsp.reference-syndicale.fr\/files\/2014\/09\/jeune-megaphone-300x228.jpg\",\"contentUrl\":\"http:\/\/ufictsp.reference-syndicale.fr\/files\/2014\/09\/jeune-megaphone-300x228.jpg\"},{\"@type\":\"BreadcrumbList\",\"@id\":\"https:\/\/syndicoop.fr\/ufictsp\/pourquoi-une-ufict-au-sein-de-la-federation-cgt-des-services-publics\/#breadcrumb\",\"itemListElement\":[{\"@type\":\"ListItem\",\"position\":1,\"name\":\"Accueil\",\"item\":\"https:\/\/syndicoop.fr\/ufictsp\/\"},{\"@type\":\"ListItem\",\"position\":2,\"name\":\"Pourquoi une UFICT au sein de la F\u00e9d\u00e9ration CGT des Services publics &#160;?\"}]},{\"@type\":\"WebSite\",\"@id\":\"https:\/\/syndicoop.fr\/ufictsp\/#website\",\"url\":\"https:\/\/syndicoop.fr\/ufictsp\/\",\"name\":\"UFICT CGT des services publics\",\"description\":\"Avec Syndicoop - la plateforme syndicale et coop\u00e9rative\",\"publisher\":{\"@id\":\"https:\/\/syndicoop.fr\/ufictsp\/#organization\"},\"potentialAction\":[{\"@type\":\"SearchAction\",\"target\":{\"@type\":\"EntryPoint\",\"urlTemplate\":\"https:\/\/syndicoop.fr\/ufictsp\/?s={search_term_string}\"},\"query-input\":{\"@type\":\"PropertyValueSpecification\",\"valueRequired\":true,\"valueName\":\"search_term_string\"}}],\"inLanguage\":\"fr-FR\"},{\"@type\":\"Organization\",\"@id\":\"https:\/\/syndicoop.fr\/ufictsp\/#organization\",\"name\":\"UFICT CGT des Services publics\",\"url\":\"https:\/\/syndicoop.fr\/ufictsp\/\",\"logo\":{\"@type\":\"ImageObject\",\"inLanguage\":\"fr-FR\",\"@id\":\"https:\/\/syndicoop.fr\/ufictsp\/#\/schema\/logo\/image\/\",\"url\":\"https:\/\/syndicoop.fr\/ufictsp\/wp-content\/uploads\/sites\/35\/2019\/12\/Logoufictnational.png\",\"contentUrl\":\"https:\/\/syndicoop.fr\/ufictsp\/wp-content\/uploads\/sites\/35\/2019\/12\/Logoufictnational.png\",\"width\":684,\"height\":464,\"caption\":\"UFICT CGT des Services publics\"},\"image\":{\"@id\":\"https:\/\/syndicoop.fr\/ufictsp\/#\/schema\/logo\/image\/\"}}]}<\/script>\n<!-- \/ Yoast SEO plugin. -->","yoast_head_json":{"title":"Pourquoi une UFICT au sein de la F\u00e9d\u00e9ration CGT des Services publics ? - UFICT des services publics","robots":{"index":"index","follow":"follow","max-snippet":"max-snippet:-1","max-image-preview":"max-image-preview:large","max-video-preview":"max-video-preview:-1"},"canonical":"https:\/\/syndicoop.fr\/ufictsp\/pourquoi-une-ufict-au-sein-de-la-federation-cgt-des-services-publics\/","og_locale":"fr_FR","og_type":"article","og_title":"Pourquoi une UFICT au sein de la F\u00e9d\u00e9ration CGT des Services publics ? - UFICT des services publics","og_description":"Lire aussi l&rsquo;article Les enjeux de notre syndicalisme sp\u00e9cifique\u00a0 (introduction des orientations de l&rsquo;Ugict) T\u00e9l\u00e9charger le diaporama Les enjeux de la syndicalisation des ICTAM Quelle est la place de l&rsquo;UFICT dans\u00a0la CGT ? L&rsquo;existence d&rsquo;une UFICT au sein de la F\u00e9d\u00e9ration CGT des services publics constitue une orientation f\u00e9d\u00e9rale valid\u00e9e par ses diff\u00e9rents congr\u00e8s. D\u00e9cision [&hellip;]","og_url":"https:\/\/syndicoop.fr\/ufictsp\/pourquoi-une-ufict-au-sein-de-la-federation-cgt-des-services-publics\/","og_site_name":"UFICT des services publics","og_image":[{"url":"http:\/\/ufictsp.reference-syndicale.fr\/files\/2014\/09\/jeune-megaphone-300x228.jpg","type":"","width":"","height":""}],"twitter_card":"summary_large_image","twitter_misc":{"Dur\u00e9e de lecture estim\u00e9e":"6 minutes"},"schema":{"@context":"https:\/\/schema.org","@graph":[{"@type":"WebPage","@id":"https:\/\/syndicoop.fr\/ufictsp\/pourquoi-une-ufict-au-sein-de-la-federation-cgt-des-services-publics\/","url":"https:\/\/syndicoop.fr\/ufictsp\/pourquoi-une-ufict-au-sein-de-la-federation-cgt-des-services-publics\/","name":"Pourquoi une UFICT au sein de la F\u00e9d\u00e9ration CGT des Services publics ? - UFICT des services publics","isPartOf":{"@id":"https:\/\/syndicoop.fr\/ufictsp\/#website"},"primaryImageOfPage":{"@id":"https:\/\/syndicoop.fr\/ufictsp\/pourquoi-une-ufict-au-sein-de-la-federation-cgt-des-services-publics\/#primaryimage"},"image":{"@id":"https:\/\/syndicoop.fr\/ufictsp\/pourquoi-une-ufict-au-sein-de-la-federation-cgt-des-services-publics\/#primaryimage"},"thumbnailUrl":"http:\/\/ufictsp.reference-syndicale.fr\/files\/2014\/09\/jeune-megaphone-300x228.jpg","datePublished":"2018-05-17T18:07:47+00:00","breadcrumb":{"@id":"https:\/\/syndicoop.fr\/ufictsp\/pourquoi-une-ufict-au-sein-de-la-federation-cgt-des-services-publics\/#breadcrumb"},"inLanguage":"fr-FR","potentialAction":[{"@type":"ReadAction","target":["https:\/\/syndicoop.fr\/ufictsp\/pourquoi-une-ufict-au-sein-de-la-federation-cgt-des-services-publics\/"]}]},{"@type":"ImageObject","inLanguage":"fr-FR","@id":"https:\/\/syndicoop.fr\/ufictsp\/pourquoi-une-ufict-au-sein-de-la-federation-cgt-des-services-publics\/#primaryimage","url":"http:\/\/ufictsp.reference-syndicale.fr\/files\/2014\/09\/jeune-megaphone-300x228.jpg","contentUrl":"http:\/\/ufictsp.reference-syndicale.fr\/files\/2014\/09\/jeune-megaphone-300x228.jpg"},{"@type":"BreadcrumbList","@id":"https:\/\/syndicoop.fr\/ufictsp\/pourquoi-une-ufict-au-sein-de-la-federation-cgt-des-services-publics\/#breadcrumb","itemListElement":[{"@type":"ListItem","position":1,"name":"Accueil","item":"https:\/\/syndicoop.fr\/ufictsp\/"},{"@type":"ListItem","position":2,"name":"Pourquoi une UFICT au sein de la F\u00e9d\u00e9ration CGT des Services publics &#160;?"}]},{"@type":"WebSite","@id":"https:\/\/syndicoop.fr\/ufictsp\/#website","url":"https:\/\/syndicoop.fr\/ufictsp\/","name":"UFICT CGT des services publics","description":"Avec Syndicoop - la plateforme syndicale et coop\u00e9rative","publisher":{"@id":"https:\/\/syndicoop.fr\/ufictsp\/#organization"},"potentialAction":[{"@type":"SearchAction","target":{"@type":"EntryPoint","urlTemplate":"https:\/\/syndicoop.fr\/ufictsp\/?s={search_term_string}"},"query-input":{"@type":"PropertyValueSpecification","valueRequired":true,"valueName":"search_term_string"}}],"inLanguage":"fr-FR"},{"@type":"Organization","@id":"https:\/\/syndicoop.fr\/ufictsp\/#organization","name":"UFICT CGT des Services publics","url":"https:\/\/syndicoop.fr\/ufictsp\/","logo":{"@type":"ImageObject","inLanguage":"fr-FR","@id":"https:\/\/syndicoop.fr\/ufictsp\/#\/schema\/logo\/image\/","url":"https:\/\/syndicoop.fr\/ufictsp\/wp-content\/uploads\/sites\/35\/2019\/12\/Logoufictnational.png","contentUrl":"https:\/\/syndicoop.fr\/ufictsp\/wp-content\/uploads\/sites\/35\/2019\/12\/Logoufictnational.png","width":684,"height":464,"caption":"UFICT CGT des Services publics"},"image":{"@id":"https:\/\/syndicoop.fr\/ufictsp\/#\/schema\/logo\/image\/"}}]}},"_links":{"self":[{"href":"https:\/\/syndicoop.fr\/ufictsp\/wp-json\/wp\/v2\/pages\/655","targetHints":{"allow":["GET"]}}],"collection":[{"href":"https:\/\/syndicoop.fr\/ufictsp\/wp-json\/wp\/v2\/pages"}],"about":[{"href":"https:\/\/syndicoop.fr\/ufictsp\/wp-json\/wp\/v2\/types\/page"}],"author":[{"embeddable":true,"href":"https:\/\/syndicoop.fr\/ufictsp\/wp-json\/wp\/v2\/users\/1"}],"replies":[{"embeddable":true,"href":"https:\/\/syndicoop.fr\/ufictsp\/wp-json\/wp\/v2\/comments?post=655"}],"version-history":[{"count":0,"href":"https:\/\/syndicoop.fr\/ufictsp\/wp-json\/wp\/v2\/pages\/655\/revisions"}],"wp:attachment":[{"href":"https:\/\/syndicoop.fr\/ufictsp\/wp-json\/wp\/v2\/media?parent=655"}],"curies":[{"name":"wp","href":"https:\/\/api.w.org\/{rel}","templated":true}]}}