{"id":687,"date":"2018-05-22T12:09:45","date_gmt":"2018-05-22T10:09:45","guid":{"rendered":"http:\/\/ufictsp.reference-syndicale.fr\/?page_id=687"},"modified":"2018-05-22T12:09:45","modified_gmt":"2018-05-22T10:09:45","slug":"lufict-en-territoires","status":"publish","type":"page","link":"https:\/\/syndicoop.fr\/ufictsp\/lufict-en-territoires\/","title":{"rendered":"L&rsquo;UFICT en territoires"},"content":{"rendered":"<p>&nbsp;<\/p>\n<h2>Sites des syndicats et sections de l&rsquo;UFICT<\/h2>\n<p><a href=\"http:\/\/cg92.reference-syndicale.fr\/category\/cadres\/\">UFICT- CGT du Conseil d\u00e9partemental 92<\/a><\/p>\n<p><a href=\"http:\/\/cg93.reference-syndicale.fr\/\">UFICT &#8211; CGT du Conseil d\u00e9partemental 93<\/a><\/p>\n<p><a href=\"http:\/\/ufictgrandreims.reference-syndicale.fr\/\">UFICT- CGT du Grand Reims<\/a><\/p>\n<p><a href=\"http:\/\/www.cgt-mel.fr\/category\/cadres\/\">UFICT &#8211; CGT M\u00e9tropole europ\u00e9enne de Lille<\/a><\/p>\n<p><a href=\"http:\/\/cgt-metropoledelyon.reference-syndicale.fr\/\">UFICT-CGT M\u00e9tropole de Lyon<\/a><\/p>\n<p><a href=\"http:\/\/bagnolet.reference-syndicale.fr\/category\/syndicats\/ufict\/\">UFICT-CGT Ville de Bagnolet<\/a><\/p>\n<p><a href=\"http:\/\/cgt-nantes.fr\/spip.php?rubrique23\">UFICT &#8211; CGT Ville de Nantes<\/a><\/p>\n<p><a href=\"http:\/\/rennesmetropole.reference-syndicale.fr\/\" rel=\"home\">UGICT-CGT Ville de Rennes, ses \u00e9tablissements et Rennes M\u00e9tropole<\/a><\/p>\n<p>Voir \u00e9galement:<\/p>\n<ul>\n<li><a href=\"http:\/\/ufictsp.reference-syndicale.fr\/category\/publications-des-syndicats-ufict\/\">Publications des syndicats UFICT<\/a><\/li>\n<li><a href=\"http:\/\/ufictsp.reference-syndicale.fr\/category\/tracts-des-syndicats-ufict\/\">Tracts des syndicats UFICT<\/a><\/li>\n<\/ul>\n<h2>Les correspondants r\u00e9gionaux de l&rsquo;UFICT<\/h2>\n<p>&nbsp;<\/p>\n<p><strong>Bretagne<\/strong><br \/>\nDANIEL Adeline<br \/>\nLEBLANC Hugues<\/p>\n<p><strong>Pays de Loire<\/strong><br \/>\nLECLERC Franc\u0327ois<br \/>\nPOLEZ Emmanuelle<\/p>\n<p><strong>Nouvelle Aquitaine\u00a0<\/strong><strong>(Aquitaine + Poitou-Charentes + Limousin)<\/strong><br \/>\nFAUCON Laurence<br \/>\nBAK Marianne<br \/>\nNORMAND Corinne<\/p>\n<p><strong>Occitanie (Midi-Pyrenne\u0301es + Languedoc Roussillon)<\/strong><br \/>\nDUFOUR Eric<br \/>\nBOUZAT Corinne<br \/>\nLARONCE Jean Luc<\/p>\n<p><strong>Paca + Corse<\/strong><br \/>\nAUBERT Fabrice<br \/>\nMANCA Didier<br \/>\nLOUAFIA Tedjina<\/p>\n<p><strong>Rho\u0302ne-Alpes\/Auvergne<\/strong><br \/>\nGEA Yvon<br \/>\nTERRAT Dominique<br \/>\nYVRAY Brigitte<\/p>\n<p><strong>Bourgogne\/ Franche-Comte\u0301<\/strong><br \/>\nGARDERE Jean Marc<br \/>\nGOUJON Marie Pierre<\/p>\n<p><strong>Centre\/val de Loire<\/strong><br \/>\nBEYLAT Bruno<br \/>\nROSSIGNOL Evelyne<\/p>\n<p><strong>Grand-Est\u00a0<\/strong><strong>( Alsace\/Lorraine+ Champagne \/Ardennes )<br \/>\n<\/strong>DELAYE Jean Michel<br \/>\nKAUFFER Miche\u0300le<\/p>\n<p><strong>Hauts de France\u00a0<\/strong><strong>( Nord\/Pas de Calais + Picardie )<br \/>\n<\/strong>PARISOT Frederic<br \/>\nPOLEZ Emmanuelle<br \/>\nVANSPEYBROECK Isabelle<\/p>\n<p><strong>Ile de France<br \/>\n<\/strong>DE CARLOS Jesus<br \/>\nDESSIEUX Vale\u0301rie<br \/>\nLOISEL Herve\u0301<br \/>\nPATRUNO Sabino<\/p>\n<p><strong>Normandie<\/strong><br \/>\nSOLAIRE Christine QUEMY Sylvie<\/p>\n","protected":false},"excerpt":{"rendered":"<p>&nbsp; Sites des syndicats et sections de l&rsquo;UFICT UFICT- CGT du Conseil d\u00e9partemental 92 UFICT &#8211; CGT du Conseil d\u00e9partemental 93 UFICT- CGT du Grand Reims UFICT &#8211; CGT M\u00e9tropole europ\u00e9enne de Lille UFICT-CGT M\u00e9tropole de Lyon UFICT-CGT Ville de Bagnolet UFICT &#8211; CGT Ville de Nantes UGICT-CGT Ville de Rennes, ses \u00e9tablissements et Rennes [&hellip;]<\/p>\n","protected":false},"author":1,"featured_media":688,"parent":0,"menu_order":0,"comment_status":"closed","ping_status":"closed","template":"","meta":{"_acf_changed":false,"footnotes":""},"class_list":["post-687","page","type-page","status-publish","has-post-thumbnail","hentry"],"acf":[],"yoast_head":"<!-- This site is optimized with the Yoast SEO plugin v26.3 - https:\/\/yoast.com\/wordpress\/plugins\/seo\/ -->\n<title>L&#039;UFICT en territoires - UFICT des services publics<\/title>\n<meta name=\"robots\" content=\"index, follow, max-snippet:-1, max-image-preview:large, max-video-preview:-1\" \/>\n<link rel=\"canonical\" href=\"https:\/\/syndicoop.fr\/ufictsp\/lufict-en-territoires\/\" \/>\n<meta property=\"og:locale\" content=\"fr_FR\" \/>\n<meta property=\"og:type\" content=\"article\" \/>\n<meta property=\"og:title\" content=\"L&#039;UFICT en territoires - UFICT des services publics\" \/>\n<meta property=\"og:description\" content=\"&nbsp; Sites des syndicats et sections de l&rsquo;UFICT UFICT- CGT du Conseil d\u00e9partemental 92 UFICT &#8211; CGT du Conseil d\u00e9partemental 93 UFICT- CGT du Grand Reims UFICT &#8211; CGT M\u00e9tropole europ\u00e9enne de Lille UFICT-CGT M\u00e9tropole de Lyon UFICT-CGT Ville de Bagnolet UFICT &#8211; CGT Ville de Nantes UGICT-CGT Ville de Rennes, ses \u00e9tablissements et Rennes [&hellip;]\" \/>\n<meta property=\"og:url\" content=\"https:\/\/syndicoop.fr\/ufictsp\/lufict-en-territoires\/\" \/>\n<meta property=\"og:site_name\" content=\"UFICT des services publics\" \/>\n<meta property=\"og:image\" content=\"https:\/\/syndicoop.fr\/ufictsp\/wp-content\/uploads\/sites\/35\/2018\/05\/carte-France.png\" \/>\n\t<meta property=\"og:image:width\" content=\"672\" \/>\n\t<meta property=\"og:image:height\" content=\"358\" \/>\n\t<meta property=\"og:image:type\" content=\"image\/png\" \/>\n<meta name=\"twitter:card\" content=\"summary_large_image\" \/>\n<meta name=\"twitter:label1\" content=\"Dur\u00e9e de lecture estim\u00e9e\" \/>\n\t<meta name=\"twitter:data1\" content=\"1 minute\" \/>\n<script type=\"application\/ld+json\" class=\"yoast-schema-graph\">{\"@context\":\"https:\/\/schema.org\",\"@graph\":[{\"@type\":\"WebPage\",\"@id\":\"https:\/\/syndicoop.fr\/ufictsp\/lufict-en-territoires\/\",\"url\":\"https:\/\/syndicoop.fr\/ufictsp\/lufict-en-territoires\/\",\"name\":\"L'UFICT en territoires - UFICT des services publics\",\"isPartOf\":{\"@id\":\"https:\/\/syndicoop.fr\/ufictsp\/#website\"},\"primaryImageOfPage\":{\"@id\":\"https:\/\/syndicoop.fr\/ufictsp\/lufict-en-territoires\/#primaryimage\"},\"image\":{\"@id\":\"https:\/\/syndicoop.fr\/ufictsp\/lufict-en-territoires\/#primaryimage\"},\"thumbnailUrl\":\"https:\/\/syndicoop.fr\/ufictsp\/wp-content\/uploads\/sites\/35\/2018\/05\/carte-France.png\",\"datePublished\":\"2018-05-22T10:09:45+00:00\",\"breadcrumb\":{\"@id\":\"https:\/\/syndicoop.fr\/ufictsp\/lufict-en-territoires\/#breadcrumb\"},\"inLanguage\":\"fr-FR\",\"potentialAction\":[{\"@type\":\"ReadAction\",\"target\":[\"https:\/\/syndicoop.fr\/ufictsp\/lufict-en-territoires\/\"]}]},{\"@type\":\"ImageObject\",\"inLanguage\":\"fr-FR\",\"@id\":\"https:\/\/syndicoop.fr\/ufictsp\/lufict-en-territoires\/#primaryimage\",\"url\":\"https:\/\/syndicoop.fr\/ufictsp\/wp-content\/uploads\/sites\/35\/2018\/05\/carte-France.png\",\"contentUrl\":\"https:\/\/syndicoop.fr\/ufictsp\/wp-content\/uploads\/sites\/35\/2018\/05\/carte-France.png\",\"width\":672,\"height\":358},{\"@type\":\"BreadcrumbList\",\"@id\":\"https:\/\/syndicoop.fr\/ufictsp\/lufict-en-territoires\/#breadcrumb\",\"itemListElement\":[{\"@type\":\"ListItem\",\"position\":1,\"name\":\"Accueil\",\"item\":\"https:\/\/syndicoop.fr\/ufictsp\/\"},{\"@type\":\"ListItem\",\"position\":2,\"name\":\"L&#8217;UFICT en territoires\"}]},{\"@type\":\"WebSite\",\"@id\":\"https:\/\/syndicoop.fr\/ufictsp\/#website\",\"url\":\"https:\/\/syndicoop.fr\/ufictsp\/\",\"name\":\"UFICT CGT des services publics\",\"description\":\"Avec Syndicoop - la plateforme syndicale et coop\u00e9rative\",\"publisher\":{\"@id\":\"https:\/\/syndicoop.fr\/ufictsp\/#organization\"},\"potentialAction\":[{\"@type\":\"SearchAction\",\"target\":{\"@type\":\"EntryPoint\",\"urlTemplate\":\"https:\/\/syndicoop.fr\/ufictsp\/?s={search_term_string}\"},\"query-input\":{\"@type\":\"PropertyValueSpecification\",\"valueRequired\":true,\"valueName\":\"search_term_string\"}}],\"inLanguage\":\"fr-FR\"},{\"@type\":\"Organization\",\"@id\":\"https:\/\/syndicoop.fr\/ufictsp\/#organization\",\"name\":\"UFICT CGT des Services publics\",\"url\":\"https:\/\/syndicoop.fr\/ufictsp\/\",\"logo\":{\"@type\":\"ImageObject\",\"inLanguage\":\"fr-FR\",\"@id\":\"https:\/\/syndicoop.fr\/ufictsp\/#\/schema\/logo\/image\/\",\"url\":\"https:\/\/syndicoop.fr\/ufictsp\/wp-content\/uploads\/sites\/35\/2019\/12\/Logoufictnational.png\",\"contentUrl\":\"https:\/\/syndicoop.fr\/ufictsp\/wp-content\/uploads\/sites\/35\/2019\/12\/Logoufictnational.png\",\"width\":684,\"height\":464,\"caption\":\"UFICT CGT des Services publics\"},\"image\":{\"@id\":\"https:\/\/syndicoop.fr\/ufictsp\/#\/schema\/logo\/image\/\"}}]}<\/script>\n<!-- \/ Yoast SEO plugin. -->","yoast_head_json":{"title":"L'UFICT en territoires - UFICT des services publics","robots":{"index":"index","follow":"follow","max-snippet":"max-snippet:-1","max-image-preview":"max-image-preview:large","max-video-preview":"max-video-preview:-1"},"canonical":"https:\/\/syndicoop.fr\/ufictsp\/lufict-en-territoires\/","og_locale":"fr_FR","og_type":"article","og_title":"L'UFICT en territoires - UFICT des services publics","og_description":"&nbsp; Sites des syndicats et sections de l&rsquo;UFICT UFICT- CGT du Conseil d\u00e9partemental 92 UFICT &#8211; CGT du Conseil d\u00e9partemental 93 UFICT- CGT du Grand Reims UFICT &#8211; CGT M\u00e9tropole europ\u00e9enne de Lille UFICT-CGT M\u00e9tropole de Lyon UFICT-CGT Ville de Bagnolet UFICT &#8211; CGT Ville de Nantes UGICT-CGT Ville de Rennes, ses \u00e9tablissements et Rennes [&hellip;]","og_url":"https:\/\/syndicoop.fr\/ufictsp\/lufict-en-territoires\/","og_site_name":"UFICT des services publics","og_image":[{"width":672,"height":358,"url":"https:\/\/syndicoop.fr\/ufictsp\/wp-content\/uploads\/sites\/35\/2018\/05\/carte-France.png","type":"image\/png"}],"twitter_card":"summary_large_image","twitter_misc":{"Dur\u00e9e de lecture estim\u00e9e":"1 minute"},"schema":{"@context":"https:\/\/schema.org","@graph":[{"@type":"WebPage","@id":"https:\/\/syndicoop.fr\/ufictsp\/lufict-en-territoires\/","url":"https:\/\/syndicoop.fr\/ufictsp\/lufict-en-territoires\/","name":"L'UFICT en territoires - UFICT des services publics","isPartOf":{"@id":"https:\/\/syndicoop.fr\/ufictsp\/#website"},"primaryImageOfPage":{"@id":"https:\/\/syndicoop.fr\/ufictsp\/lufict-en-territoires\/#primaryimage"},"image":{"@id":"https:\/\/syndicoop.fr\/ufictsp\/lufict-en-territoires\/#primaryimage"},"thumbnailUrl":"https:\/\/syndicoop.fr\/ufictsp\/wp-content\/uploads\/sites\/35\/2018\/05\/carte-France.png","datePublished":"2018-05-22T10:09:45+00:00","breadcrumb":{"@id":"https:\/\/syndicoop.fr\/ufictsp\/lufict-en-territoires\/#breadcrumb"},"inLanguage":"fr-FR","potentialAction":[{"@type":"ReadAction","target":["https:\/\/syndicoop.fr\/ufictsp\/lufict-en-territoires\/"]}]},{"@type":"ImageObject","inLanguage":"fr-FR","@id":"https:\/\/syndicoop.fr\/ufictsp\/lufict-en-territoires\/#primaryimage","url":"https:\/\/syndicoop.fr\/ufictsp\/wp-content\/uploads\/sites\/35\/2018\/05\/carte-France.png","contentUrl":"https:\/\/syndicoop.fr\/ufictsp\/wp-content\/uploads\/sites\/35\/2018\/05\/carte-France.png","width":672,"height":358},{"@type":"BreadcrumbList","@id":"https:\/\/syndicoop.fr\/ufictsp\/lufict-en-territoires\/#breadcrumb","itemListElement":[{"@type":"ListItem","position":1,"name":"Accueil","item":"https:\/\/syndicoop.fr\/ufictsp\/"},{"@type":"ListItem","position":2,"name":"L&#8217;UFICT en territoires"}]},{"@type":"WebSite","@id":"https:\/\/syndicoop.fr\/ufictsp\/#website","url":"https:\/\/syndicoop.fr\/ufictsp\/","name":"UFICT CGT des services publics","description":"Avec Syndicoop - la plateforme syndicale et coop\u00e9rative","publisher":{"@id":"https:\/\/syndicoop.fr\/ufictsp\/#organization"},"potentialAction":[{"@type":"SearchAction","target":{"@type":"EntryPoint","urlTemplate":"https:\/\/syndicoop.fr\/ufictsp\/?s={search_term_string}"},"query-input":{"@type":"PropertyValueSpecification","valueRequired":true,"valueName":"search_term_string"}}],"inLanguage":"fr-FR"},{"@type":"Organization","@id":"https:\/\/syndicoop.fr\/ufictsp\/#organization","name":"UFICT CGT des Services publics","url":"https:\/\/syndicoop.fr\/ufictsp\/","logo":{"@type":"ImageObject","inLanguage":"fr-FR","@id":"https:\/\/syndicoop.fr\/ufictsp\/#\/schema\/logo\/image\/","url":"https:\/\/syndicoop.fr\/ufictsp\/wp-content\/uploads\/sites\/35\/2019\/12\/Logoufictnational.png","contentUrl":"https:\/\/syndicoop.fr\/ufictsp\/wp-content\/uploads\/sites\/35\/2019\/12\/Logoufictnational.png","width":684,"height":464,"caption":"UFICT CGT des Services publics"},"image":{"@id":"https:\/\/syndicoop.fr\/ufictsp\/#\/schema\/logo\/image\/"}}]}},"_links":{"self":[{"href":"https:\/\/syndicoop.fr\/ufictsp\/wp-json\/wp\/v2\/pages\/687","targetHints":{"allow":["GET"]}}],"collection":[{"href":"https:\/\/syndicoop.fr\/ufictsp\/wp-json\/wp\/v2\/pages"}],"about":[{"href":"https:\/\/syndicoop.fr\/ufictsp\/wp-json\/wp\/v2\/types\/page"}],"author":[{"embeddable":true,"href":"https:\/\/syndicoop.fr\/ufictsp\/wp-json\/wp\/v2\/users\/1"}],"replies":[{"embeddable":true,"href":"https:\/\/syndicoop.fr\/ufictsp\/wp-json\/wp\/v2\/comments?post=687"}],"version-history":[{"count":0,"href":"https:\/\/syndicoop.fr\/ufictsp\/wp-json\/wp\/v2\/pages\/687\/revisions"}],"wp:featuredmedia":[{"embeddable":true,"href":"https:\/\/syndicoop.fr\/ufictsp\/wp-json\/wp\/v2\/media\/688"}],"wp:attachment":[{"href":"https:\/\/syndicoop.fr\/ufictsp\/wp-json\/wp\/v2\/media?parent=687"}],"curies":[{"name":"wp","href":"https:\/\/api.w.org\/{rel}","templated":true}]}}